{"id":237,"date":"2026-04-15T12:15:57","date_gmt":"2026-04-15T09:15:57","guid":{"rendered":"https:\/\/sites.utu.fi\/corporate-forest\/?page_id=237"},"modified":"2026-04-15T12:23:16","modified_gmt":"2026-04-15T09:23:16","slug":"ajankohtaista","status":"publish","type":"page","link":"https:\/\/sites.utu.fi\/corporate-forest\/ajankohtaista\/","title":{"rendered":"Ajankohtaista"},"content":{"rendered":"<style>.kt-post-loop237_4c1148-3f .kadence-post-image{padding-top:0px;padding-right:0px;padding-bottom:0px;padding-left:0px;}.kt-post-loop237_4c1148-3f .kt-post-grid-wrap{gap:30px 20px;}.kt-post-loop237_4c1148-3f .kt-blocks-post-grid-item{border-top-left-radius:0px;border-top-right-radius:0px;border-bottom-right-radius:0px;border-bottom-left-radius:0px;overflow:hidden;}.kt-post-loop237_4c1148-3f .kt-blocks-post-grid-item .kt-blocks-post-grid-item-inner{padding-top:15px;padding-right:5px;padding-bottom:25px;padding-left:5px;}.kt-post-loop237_4c1148-3f .kt-blocks-post-grid-item header{padding-top:0px;padding-right:0px;padding-bottom:10px;padding-left:0px;margin-top:0px;margin-right:0px;margin-bottom:0px;margin-left:0px;}.kt-post-loop237_4c1148-3f .kt-blocks-post-grid-item .entry-title{padding-top:10px;padding-right:0px;padding-bottom:5px;padding-left:0px;margin-top:0px;margin-right:0px;margin-bottom:0px;margin-left:0px;font-size:var(--global-kb-font-size-md, 1.25rem);line-height:30px;}.kt-post-loop237_4c1148-3f .kt-blocks-post-grid-item .kt-blocks-post-top-meta{color:#777777;}.kt-post-loop237_4c1148-3f .kt-blocks-post-grid-item .kt-blocks-post-top-meta a{color:#777777;}.kt-post-loop237_4c1148-3f .kt-blocks-post-grid-item .kt-blocks-post-top-meta a:hover{color:#444444;}.kt-post-loop237_4c1148-3f .entry-content{padding-top:0px;padding-right:0px;padding-bottom:0px;padding-left:0px;margin-top:0px;margin-right:0px;margin-bottom:0px;margin-left:0px;}.kt-post-loop237_4c1148-3f .kt-blocks-post-footer{color:#777777;border-top-width:0px;border-right-width:0px;border-bottom-width:0px;border-left-width:0px;padding-top:0px;padding-right:0px;padding-bottom:0px;padding-left:0px;margin-top:0px;margin-right:0px;margin-bottom:0px;margin-left:0px;font-size:12px;line-height:20px;}.kt-post-loop237_4c1148-3f .entry-content:after{height:0px;}.kt-post-loop237_4c1148-3f .kt-blocks-post-footer a{color:#777777;}.kt-post-loop237_4c1148-3f .kt-blocks-post-footer a:hover{color:#444444;}.kt-post-loop237_4c1148-3f .kb-filter-item{border-top-width:0px;border-right-width:0px;border-bottom-width:2px;border-left-width:0px;padding-top:5px;padding-right:8px;padding-bottom:5px;padding-left:8px;margin-top:0px;margin-right:10px;margin-bottom:0px;margin-left:0px;}<\/style><div class=\"wp-block-kadence-postgrid kt-blocks-post-loop-block alignnone kt-post-loop237_4c1148-3f kt-post-grid-layout-grid \"><div class=\"kt-post-grid-layout-grid-wrap kt-post-grid-wrap\" data-columns-xxl=\"3\" data-columns-xl=\"3\" data-columns-md=\"3\" data-columns-sm=\"2\" data-columns-xs=\"1\" data-columns-ss=\"1\"data-item-selector=\".kt-post-masonry-item\" aria-label=\"Post Carousel\"><article class=\"kt-blocks-post-grid-item post-386 post type-post status-publish format-standard has-post-thumbnail hentry category-uutinen\"><div class=\"kt-blocks-post-grid-item-inner-wrap kt-feat-image-align-top kt-feat-image-mobile-align-top\"><div class=\"kadence-post-image\"><div class=\"kadence-post-image-intrisic kt-image-ratio-66-67\" style=\"padding-bottom:66.67%;\"><div class=\"kadence-post-image-inner-intrisic\"><a aria-hidden=\"true\" tabindex=\"-1\" role=\"presentation\" href=\"https:\/\/sites.utu.fi\/corporate-forest\/tutkimushanke-kaynnistyy\/\" aria-label=\"Corporate Forest -hankeelle l\u00e4hes 400 000 euron rahoitus Koneen S\u00e4\u00e4ti\u00f6lt\u00e4\" class=\"kadence-post-image-inner-wrap\"><img loading=\"lazy\" decoding=\"async\" width=\"1024\" height=\"576\" src=\"https:\/\/sites.utu.fi\/corporate-forest\/wp-content\/uploads\/sites\/1566\/2026\/05\/WhatsApp-Image-2026-05-04-at-22.22.06-1024x576.jpeg\" class=\"attachment-large size-large wp-post-image\" alt=\"\" srcset=\"https:\/\/sites.utu.fi\/corporate-forest\/wp-content\/uploads\/sites\/1566\/2026\/05\/WhatsApp-Image-2026-05-04-at-22.22.06-1024x576.jpeg 1024w, https:\/\/sites.utu.fi\/corporate-forest\/wp-content\/uploads\/sites\/1566\/2026\/05\/WhatsApp-Image-2026-05-04-at-22.22.06-300x169.jpeg 300w, https:\/\/sites.utu.fi\/corporate-forest\/wp-content\/uploads\/sites\/1566\/2026\/05\/WhatsApp-Image-2026-05-04-at-22.22.06-768x432.jpeg 768w, https:\/\/sites.utu.fi\/corporate-forest\/wp-content\/uploads\/sites\/1566\/2026\/05\/WhatsApp-Image-2026-05-04-at-22.22.06-1536x864.jpeg 1536w, https:\/\/sites.utu.fi\/corporate-forest\/wp-content\/uploads\/sites\/1566\/2026\/05\/WhatsApp-Image-2026-05-04-at-22.22.06-168x95.jpeg 168w, https:\/\/sites.utu.fi\/corporate-forest\/wp-content\/uploads\/sites\/1566\/2026\/05\/WhatsApp-Image-2026-05-04-at-22.22.06-190x107.jpeg 190w, https:\/\/sites.utu.fi\/corporate-forest\/wp-content\/uploads\/sites\/1566\/2026\/05\/WhatsApp-Image-2026-05-04-at-22.22.06.jpeg 1600w\" sizes=\"auto, (max-width: 1024px) 100vw, 1024px\" \/><\/a><\/div><\/div><\/div><div class=\"kt-blocks-post-grid-item-inner\"><header><div class=\"kt-blocks-above-categories\"><a href=\"https:\/\/sites.utu.fi\/corporate-forest\/category\/uutinen\/\" rel=\"category tag\">Uutinen<\/a><\/div><h2 class=\"entry-title\"><a href=\"https:\/\/sites.utu.fi\/corporate-forest\/tutkimushanke-kaynnistyy\/\">Corporate Forest -hankeelle l\u00e4hes 400 000 euron rahoitus Koneen S\u00e4\u00e4ti\u00f6lt\u00e4<\/a><\/h2><div class=\"kt-blocks-post-top-meta\"><div class=\"kt-blocks-post-author\"><span class=\"kt-blocks-post-author-link fn\">Marjaana Sj\u00f6lund<\/span><\/div><\/div><\/header><div class=\"entry-content\">Yliopistonlehtori Hanna Malik ty\u00f6ryhmineen on saanut Koneen S\u00e4\u00e4ti\u00f6n nelivuotisen Mets\u00e4n puolella -rahoituksen. Suuruudeltaan 399 00&#8230;<\/div><footer class=\"kt-blocks-post-footer\"><div class=\"kt-blocks-post-footer-left\"><\/div><div class=\"kt-blocks-post-footer-right\"><\/div><\/footer><\/div><\/div><\/article><\/div><\/div><!-- .wp-block-kadence-postgrid -->","protected":false},"excerpt":{"rendered":"","protected":false},"author":3,"featured_media":0,"parent":0,"menu_order":0,"comment_status":"closed","ping_status":"closed","template":"","meta":{"_acf_changed":false,"_kad_blocks_custom_css":"","_kad_blocks_head_custom_js":"","_kad_blocks_body_custom_js":"","_kad_blocks_footer_custom_js":"","_kad_post_transparent":"","_kad_post_title":"","_kad_post_layout":"normal","_kad_post_sidebar_id":"","_kad_post_content_style":"","_kad_post_vertical_padding":"","_kad_post_feature":"","_kad_post_feature_position":"","_kad_post_header":false,"_kad_post_footer":false,"_kad_post_classname":"","footnotes":""},"class_list":["post-237","page","type-page","status-publish","hentry"],"acf":[],"lang":"fi","translations":{"fi":237},"taxonomy_info":[],"featured_image_src_large":false,"author_info":{"display_name":"utuwebmaster","author_link":"https:\/\/sites.utu.fi\/corporate-forest\/author\/utuwebmaster\/"},"comment_info":0,"pll_sync_post":[],"_links":{"self":[{"href":"https:\/\/sites.utu.fi\/corporate-forest\/wp-json\/wp\/v2\/pages\/237","targetHints":{"allow":["GET"]}}],"collection":[{"href":"https:\/\/sites.utu.fi\/corporate-forest\/wp-json\/wp\/v2\/pages"}],"about":[{"href":"https:\/\/sites.utu.fi\/corporate-forest\/wp-json\/wp\/v2\/types\/page"}],"author":[{"embeddable":true,"href":"https:\/\/sites.utu.fi\/corporate-forest\/wp-json\/wp\/v2\/users\/3"}],"replies":[{"embeddable":true,"href":"https:\/\/sites.utu.fi\/corporate-forest\/wp-json\/wp\/v2\/comments?post=237"}],"version-history":[{"count":5,"href":"https:\/\/sites.utu.fi\/corporate-forest\/wp-json\/wp\/v2\/pages\/237\/revisions"}],"predecessor-version":[{"id":244,"href":"https:\/\/sites.utu.fi\/corporate-forest\/wp-json\/wp\/v2\/pages\/237\/revisions\/244"}],"wp:attachment":[{"href":"https:\/\/sites.utu.fi\/corporate-forest\/wp-json\/wp\/v2\/media?parent=237"}],"curies":[{"name":"wp","href":"https:\/\/api.w.org\/{rel}","templated":true}]}}