{"id":9,"date":"2024-01-22T11:38:13","date_gmt":"2024-01-22T11:38:13","guid":{"rendered":"https:\/\/sites.utu.fi\/demokratia\/?page_id=9"},"modified":"2026-03-10T13:48:58","modified_gmt":"2026-03-10T11:48:58","slug":"etusivu","status":"publish","type":"page","link":"https:\/\/sites.utu.fi\/demokratia\/","title":{"rendered":"Etusivu"},"content":{"rendered":"<style>.kb-row-layout-wrap.wp-block-kadence-rowlayout.kb-row-layout-id9_48a42c-4c{margin-top:0px;margin-bottom:var(--global-kb-spacing-md, 2rem);}.kb-row-layout-id9_48a42c-4c > .kt-row-column-wrap{align-content:center;}:where(.kb-row-layout-id9_48a42c-4c > .kt-row-column-wrap) > .wp-block-kadence-column{justify-content:center;}.kb-row-layout-id9_48a42c-4c > .kt-row-column-wrap{column-gap:var(--global-kb-gap-lg, 4rem);row-gap:var(--global-kb-gap-md, 2rem);max-width:var( --global-content-width, 1440px );padding-left:var(--global-content-edge-padding);padding-right:var(--global-content-edge-padding);padding-top:0px;padding-right:0px;padding-bottom:0px;padding-left:var(--global-kb-spacing-lg, 3rem);grid-template-columns:minmax(0, calc(50% - ((var(--global-kb-gap-lg, 4rem) * 1 )\/2)))minmax(0, calc(50% - ((var(--global-kb-gap-lg, 4rem) * 1 )\/2)));}.kb-row-layout-id9_48a42c-4c > .kt-row-layout-overlay{opacity:0.30;}@media all and (max-width: 1024px){.kb-row-layout-id9_48a42c-4c > .kt-row-column-wrap{column-gap:var(--global-kb-gap-md, 2rem);grid-template-columns:repeat(2, minmax(0, 1fr));}}@media all and (max-width: 767px){.kb-row-layout-id9_48a42c-4c > .kt-row-column-wrap{row-gap:var(--global-kb-gap-sm, 1rem);padding-top:0px;padding-right:var(--global-kb-spacing-xxs, 0.5rem);padding-left:var(--global-kb-spacing-xxs, 0.5rem);grid-template-columns:minmax(0, 1fr);}}<\/style><div class=\"kb-row-layout-wrap kb-row-layout-id9_48a42c-4c alignwide has-theme-palette8-background-color kt-row-has-bg wp-block-kadence-rowlayout\"><div class=\"kt-row-column-wrap kt-has-2-columns kt-row-layout-equal kt-tab-layout-inherit kt-mobile-layout-row kt-row-valign-middle kt-inner-column-height-full kb-theme-content-width\">\n<style>.kadence-column9_e95f0e-be > .kt-inside-inner-col{padding-top:var(--global-kb-spacing-xs, 1rem);padding-bottom:var(--global-kb-spacing-xs, 1rem);}.kadence-column9_e95f0e-be > .kt-inside-inner-col,.kadence-column9_e95f0e-be > .kt-inside-inner-col:before{border-top-left-radius:0px;border-top-right-radius:0px;border-bottom-right-radius:0px;border-bottom-left-radius:0px;}.kadence-column9_e95f0e-be > .kt-inside-inner-col{column-gap:var(--global-kb-gap-sm, 1rem);}.kadence-column9_e95f0e-be > .kt-inside-inner-col{flex-direction:column;}.kadence-column9_e95f0e-be > .kt-inside-inner-col > .aligncenter{width:100%;}.kadence-column9_e95f0e-be > .kt-inside-inner-col:before{opacity:0.3;}.kadence-column9_e95f0e-be{text-align:left;}.kadence-column9_e95f0e-be{position:relative;}@media all and (max-width: 1024px){.kadence-column9_e95f0e-be > .kt-inside-inner-col{flex-direction:column;justify-content:center;}}@media all and (max-width: 767px){.kadence-column9_e95f0e-be > .kt-inside-inner-col{padding-right:0px;padding-left:0px;flex-direction:column;justify-content:center;}.kadence-column9_e95f0e-be, .kt-inside-inner-col > .kadence-column9_e95f0e-be:not(.specificity){margin-left:0px;}}<\/style>\n<div class=\"wp-block-kadence-column kadence-column9_e95f0e-be kb-section-dir-vertical inner-column-2\"><div class=\"kt-inside-inner-col\">\n<p class=\"has-large-font-size\"><strong>Demokratiatutkimusta<\/strong> <strong>Turun yliopistossa<\/strong><br><\/p>\n\n\n<style>.wp-block-kadence-advancedheading.kt-adv-heading9_f88725-bd, .wp-block-kadence-advancedheading.kt-adv-heading9_f88725-bd[data-kb-block=\"kb-adv-heading9_f88725-bd\"]{padding-top:0px;padding-bottom:var(--global-kb-spacing-sm, 1.5rem);margin-top:0px;margin-bottom:0px;font-style:normal;}.wp-block-kadence-advancedheading.kt-adv-heading9_f88725-bd mark.kt-highlight, .wp-block-kadence-advancedheading.kt-adv-heading9_f88725-bd[data-kb-block=\"kb-adv-heading9_f88725-bd\"] mark.kt-highlight{font-style:normal;color:#f76a0c;-webkit-box-decoration-break:clone;box-decoration-break:clone;padding-top:0px;padding-right:0px;padding-bottom:0px;padding-left:0px;}.wp-block-kadence-advancedheading.kt-adv-heading9_f88725-bd img.kb-inline-image, .wp-block-kadence-advancedheading.kt-adv-heading9_f88725-bd[data-kb-block=\"kb-adv-heading9_f88725-bd\"] img.kb-inline-image{width:150px;vertical-align:baseline;}<\/style>\n<p class=\"kt-adv-heading9_f88725-bd wp-block-kadence-advancedheading has-theme-palette-3-color has-text-color\" data-kb-block=\"kb-adv-heading9_f88725-bd\">Tutkimme kansalaisosallistumista ja demokratiainnovaatioita, eli erilaisia uusia kansalaisosallistumisen ja -keskustelun k\u00e4yt\u00e4nt\u00f6j\u00e4. <\/p>\n\n\n<style>.wp-block-kadence-advancedbtn.kb-btns9_fc6a79-48{gap:var(--global-kb-gap-xs, 0.5rem );justify-content:flex-start;align-items:center;}.kt-btns9_fc6a79-48 .kt-button{font-weight:normal;font-style:normal;}<\/style>\n<div class=\"wp-block-kadence-advancedbtn kb-buttons-wrap kb-btns9_fc6a79-48\"><style>ul.menu .wp-block-kadence-advancedbtn .kb-btn9_c92973-cd.kb-button{width:initial;}.wp-block-kadence-advancedbtn .kb-btn9_c92973-cd.kb-button:hover, .wp-block-kadence-advancedbtn .kb-btn9_c92973-cd.kb-button:focus{border-top-color:var(--global-palette1, #3182CE);border-top-style:solid;border-right-color:var(--global-palette1, #3182CE);border-right-style:solid;border-bottom-color:var(--global-palette1, #3182CE);border-bottom-style:solid;border-left-color:var(--global-palette1, #3182CE);border-left-style:solid;}@media all and (max-width: 1024px){.wp-block-kadence-advancedbtn .kb-btn9_c92973-cd.kb-button:hover, .wp-block-kadence-advancedbtn .kb-btn9_c92973-cd.kb-button:focus{border-top-color:var(--global-palette1, #3182CE);border-top-style:solid;border-right-color:var(--global-palette1, #3182CE);border-right-style:solid;border-bottom-color:var(--global-palette1, #3182CE);border-bottom-style:solid;border-left-color:var(--global-palette1, #3182CE);border-left-style:solid;}}@media all and (max-width: 767px){.wp-block-kadence-advancedbtn .kb-btn9_c92973-cd.kb-button:hover, .wp-block-kadence-advancedbtn .kb-btn9_c92973-cd.kb-button:focus{border-top-color:var(--global-palette1, #3182CE);border-top-style:solid;border-right-color:var(--global-palette1, #3182CE);border-right-style:solid;border-bottom-color:var(--global-palette1, #3182CE);border-bottom-style:solid;border-left-color:var(--global-palette1, #3182CE);border-left-style:solid;}}<\/style><a class=\"kb-button kt-button button kb-btn9_c92973-cd kt-btn-size-standard kt-btn-width-type-auto kb-btn-global-inherit  kt-btn-has-text-true kt-btn-has-svg-true  wp-block-button__link wp-block-kadence-singlebtn\" href=\"https:\/\/sites.utu.fi\/demokratia\/tutkimus\/\"><span class=\"kt-btn-inner-text\">Lue lis\u00e4\u00e4<\/span><span class=\"kb-svg-icon-wrap kb-svg-icon-fas_arrow-right kt-btn-icon-side-right\"><svg viewBox=\"0 0 448 512\"  fill=\"currentColor\" xmlns=\"http:\/\/www.w3.org\/2000\/svg\"  aria-hidden=\"true\"><path d=\"M190.5 66.9l22.2-22.2c9.4-9.4 24.6-9.4 33.9 0L441 239c9.4 9.4 9.4 24.6 0 33.9L246.6 467.3c-9.4 9.4-24.6 9.4-33.9 0l-22.2-22.2c-9.5-9.5-9.3-25 .4-34.3L311.4 296H24c-13.3 0-24-10.7-24-24v-32c0-13.3 10.7-24 24-24h287.4L190.9 101.2c-9.8-9.3-10-24.8-.4-34.3z\"\/><\/svg><\/span><\/a><\/div>\n<\/div><\/div>\n\n\n<style>.kadence-column9_acc107-b6 > .kt-inside-inner-col{min-height:550px;}.kadence-column9_acc107-b6 > .kt-inside-inner-col,.kadence-column9_acc107-b6 > .kt-inside-inner-col:before{border-top-left-radius:0px;border-top-right-radius:0px;border-bottom-right-radius:0px;border-bottom-left-radius:0px;}.kadence-column9_acc107-b6 > .kt-inside-inner-col{column-gap:var(--global-kb-gap-sm, 1rem);}.kadence-column9_acc107-b6 > .kt-inside-inner-col{flex-direction:column;}.kadence-column9_acc107-b6 > .kt-inside-inner-col > .aligncenter{width:100%;}.kadence-column9_acc107-b6 > .kt-inside-inner-col{background-image:url('https:\/\/sites.utu.fi\/demokratia\/wp-content\/uploads\/sites\/1545\/2026\/02\/Suihkulahteet_SuviHarvinsalo.jpg');background-size:cover;background-position:37% 21%;background-attachment:scroll;background-repeat:no-repeat;}.kadence-column9_acc107-b6 > .kt-inside-inner-col:before{opacity:0.3;}.kadence-column9_acc107-b6{position:relative;}@media all and (max-width: 1024px){.kadence-column9_acc107-b6 > .kt-inside-inner-col{min-height:550px;flex-direction:column;justify-content:center;}}@media all and (max-width: 767px){.kadence-column9_acc107-b6 > .kt-inside-inner-col{flex-direction:column;justify-content:center;}}<\/style>\n<div class=\"wp-block-kadence-column kadence-column9_acc107-b6 kb-section-dir-vertical kb-section-md-dir-vertical inner-column-2\"><div class=\"kt-inside-inner-col\"><\/div><\/div>\n\n<\/div><\/div>\n\n<style>.kb-row-layout-id9_f540d5-5c > .kt-row-column-wrap{align-content:start;}:where(.kb-row-layout-id9_f540d5-5c > .kt-row-column-wrap) > .wp-block-kadence-column{justify-content:start;}.kb-row-layout-id9_f540d5-5c > .kt-row-column-wrap{column-gap:var(--global-kb-gap-md, 2rem);row-gap:var(--global-kb-gap-md, 2rem);max-width:var( --global-content-width, 1440px );padding-left:var(--global-content-edge-padding);padding-right:var(--global-content-edge-padding);padding-top:var(--global-kb-spacing-sm, 1.5rem);padding-bottom:var(--global-kb-spacing-md, 2rem);grid-template-columns:minmax(0, 1fr);}.kb-row-layout-id9_f540d5-5c > .kt-row-layout-overlay{opacity:0.30;}@media all and (max-width: 1024px){.kb-row-layout-id9_f540d5-5c > .kt-row-column-wrap{grid-template-columns:minmax(0, 1fr);}}@media all and (max-width: 767px){.kb-row-layout-id9_f540d5-5c > .kt-row-column-wrap{grid-template-columns:minmax(0, 1fr);}}<\/style><div class=\"kb-row-layout-wrap kb-row-layout-id9_f540d5-5c alignfull wp-block-kadence-rowlayout\"><div class=\"kt-row-column-wrap kt-has-1-columns kt-row-layout-equal kt-tab-layout-inherit kt-mobile-layout-row kt-row-valign-top kb-theme-content-width\">\n<style>.kadence-column9_fc792d-06 > .kt-inside-inner-col,.kadence-column9_fc792d-06 > .kt-inside-inner-col:before{border-top-left-radius:0px;border-top-right-radius:0px;border-bottom-right-radius:0px;border-bottom-left-radius:0px;}.kadence-column9_fc792d-06 > .kt-inside-inner-col{column-gap:var(--global-kb-gap-sm, 1rem);}.kadence-column9_fc792d-06 > .kt-inside-inner-col{flex-direction:column;}.kadence-column9_fc792d-06 > .kt-inside-inner-col > .aligncenter{width:100%;}.kadence-column9_fc792d-06 > .kt-inside-inner-col:before{opacity:0.3;}.kadence-column9_fc792d-06{position:relative;}@media all and (max-width: 1024px){.kadence-column9_fc792d-06 > .kt-inside-inner-col{flex-direction:column;justify-content:center;}}@media all and (max-width: 767px){.kadence-column9_fc792d-06 > .kt-inside-inner-col{flex-direction:column;justify-content:center;}}<\/style>\n<div class=\"wp-block-kadence-column kadence-column9_fc792d-06\"><div class=\"kt-inside-inner-col\">\n<h2 class=\"wp-block-heading alignfull has-text-align-center\">Ajankohtaista<\/h2>\n\n\n<style>.kb-posts-id-9_ee65fa-52 .loop-entry{background:transparent;box-shadow:none;}.kb-posts-id-9_ee65fa-52 .loop-entry > .entry-content-wrap{padding:0px;}.kb-posts-id-9_ee65fa-52 .loop-entry .post-thumbnail{margin-bottom:1em;}.kb-posts-id-9_ee65fa-52 .kb-post-list-item{display:grid;}<\/style><ul class=\"wp-block-kadence-posts kb-posts kadence-posts-list kb-posts-id-9_ee65fa-52 content-wrap grid-cols kb-posts-style-unboxed grid-sm-col-2 grid-lg-col-3 item-image-style-above\"><li class=\"kb-post-list-item\">\n\t<article class=\"entry content-bg loop-entry post-157 post type-post status-publish format-standard has-post-thumbnail hentry category-uutinen\">\n\t\t\t\t<a aria-hidden=\"true\" tabindex=\"-1\" role=\"presentation\" class=\"post-thumbnail kadence-thumbnail-ratio-2-3\" href=\"https:\/\/sites.utu.fi\/demokratia\/testi-3\/\" aria-label=\"Turun yliopiston opiskelija, osallistu Opiskelijapuntari-tutkimukseen!\">\n\t\t\t<div class=\"post-thumbnail-inner\">\n\t\t\t\t<img loading=\"lazy\" decoding=\"async\" width=\"720\" height=\"405\" src=\"https:\/\/sites.utu.fi\/demokratia\/wp-content\/uploads\/sites\/1545\/2026\/02\/Intrauutinen1.png\" class=\"attachment-medium_large size-medium_large wp-post-image\" alt=\"Turun yliopiston opiskelija, osallistu Opiskelijapuntari-tutkimukseen!\" srcset=\"https:\/\/sites.utu.fi\/demokratia\/wp-content\/uploads\/sites\/1545\/2026\/02\/Intrauutinen1.png 720w, https:\/\/sites.utu.fi\/demokratia\/wp-content\/uploads\/sites\/1545\/2026\/02\/Intrauutinen1-300x169.png 300w, https:\/\/sites.utu.fi\/demokratia\/wp-content\/uploads\/sites\/1545\/2026\/02\/Intrauutinen1-168x95.png 168w, https:\/\/sites.utu.fi\/demokratia\/wp-content\/uploads\/sites\/1545\/2026\/02\/Intrauutinen1-190x107.png 190w\" sizes=\"auto, (max-width: 720px) 100vw, 720px\" \/>\t\t\t<\/div>\n\t\t<\/a><!-- .post-thumbnail -->\n\t\t\t\t<div class=\"entry-content-wrap\">\n\t\t\t<header class=\"entry-header\">\n\t\t<div class=\"entry-taxonomies\">\n\t\t<span class=\"category-links term-links category-style-normal\">\n\t\t\t<a href=\"https:\/\/sites.utu.fi\/demokratia\/category\/uutinen\/\" class=\"category-link-uutinen\" rel=\"tag\">Ajankohtaista<\/a>\t\t<\/span>\n\t<\/div><!-- .entry-taxonomies -->\n\t<h3 class=\"entry-title\"><a href=\"https:\/\/sites.utu.fi\/demokratia\/testi-3\/\" rel=\"bookmark\">Turun yliopiston opiskelija, osallistu Opiskelijapuntari-tutkimukseen!<\/a><\/h3><\/header><!-- .entry-header -->\n\t<div class=\"entry-summary\">\n\t\t<p>Kutsumme kev\u00e4\u00e4ll\u00e4 2025 Turun yliopiston perustutkinto-opiskelijat mukaan Opiskelijapuntari-tutkimukseen, joka selvitt\u00e4\u00e4&#8230;<\/p>\n\t<\/div><!-- .entry-summary -->\n\t<footer class=\"entry-footer\">\n\t\t\t<div class=\"entry-actions\">\n\t\t\t<p class=\"more-link-wrap\">\n\t\t\t\t<a href=\"https:\/\/sites.utu.fi\/demokratia\/testi-3\/\" class=\"post-more-link\">\n\t\t\t\t\tLue lis\u00e4\u00e4<span class=\"screen-reader-text\"> Turun yliopiston opiskelija, osallistu Opiskelijapuntari-tutkimukseen!<\/span><span class=\"kadence-svg-iconset svg-baseline\"><svg aria-hidden=\"true\" class=\"kadence-svg-icon kadence-arrow-right-alt-svg\" fill=\"currentColor\" version=\"1.1\" xmlns=\"http:\/\/www.w3.org\/2000\/svg\" width=\"27\" height=\"28\" viewBox=\"0 0 27 28\"><title>Continue<\/title><path d=\"M27 13.953c0 0.141-0.063 0.281-0.156 0.375l-6 5.531c-0.156 0.141-0.359 0.172-0.547 0.094-0.172-0.078-0.297-0.25-0.297-0.453v-3.5h-19.5c-0.281 0-0.5-0.219-0.5-0.5v-3c0-0.281 0.219-0.5 0.5-0.5h19.5v-3.5c0-0.203 0.109-0.375 0.297-0.453s0.391-0.047 0.547 0.078l6 5.469c0.094 0.094 0.156 0.219 0.156 0.359v0z\"><\/path>\n\t\t\t<\/svg><\/span>\t\t\t\t<\/a>\n\t\t\t<\/p>\n\t\t<\/div><!-- .entry-actions -->\n\t\t<\/footer><!-- .entry-footer -->\t\t<\/div>\n\t<\/article>\n<\/li>\n<li class=\"kb-post-list-item\">\n\t<article class=\"entry content-bg loop-entry post-154 post type-post status-publish format-standard has-post-thumbnail hentry category-uutinen\">\n\t\t\t\t<a aria-hidden=\"true\" tabindex=\"-1\" role=\"presentation\" class=\"post-thumbnail kadence-thumbnail-ratio-2-3\" href=\"https:\/\/sites.utu.fi\/demokratia\/testi-2\/\" aria-label=\"Maija Set\u00e4l\u00e4n tutkimusryhm\u00e4lle Turun yliopiston vaikuttavuustekopalkinto\">\n\t\t\t<div class=\"post-thumbnail-inner\">\n\t\t\t\t<img loading=\"lazy\" decoding=\"async\" width=\"768\" height=\"512\" src=\"https:\/\/sites.utu.fi\/demokratia\/wp-content\/uploads\/sites\/1545\/2026\/02\/Akatemiatalo-lippu-768x512.jpg\" class=\"attachment-medium_large size-medium_large wp-post-image\" alt=\"Maija Set\u00e4l\u00e4n tutkimusryhm\u00e4lle Turun yliopiston vaikuttavuustekopalkinto\" srcset=\"https:\/\/sites.utu.fi\/demokratia\/wp-content\/uploads\/sites\/1545\/2026\/02\/Akatemiatalo-lippu-768x512.jpg 768w, https:\/\/sites.utu.fi\/demokratia\/wp-content\/uploads\/sites\/1545\/2026\/02\/Akatemiatalo-lippu-300x200.jpg 300w, https:\/\/sites.utu.fi\/demokratia\/wp-content\/uploads\/sites\/1545\/2026\/02\/Akatemiatalo-lippu-168x112.jpg 168w, https:\/\/sites.utu.fi\/demokratia\/wp-content\/uploads\/sites\/1545\/2026\/02\/Akatemiatalo-lippu-190x127.jpg 190w, https:\/\/sites.utu.fi\/demokratia\/wp-content\/uploads\/sites\/1545\/2026\/02\/Akatemiatalo-lippu.jpg 1000w\" sizes=\"auto, (max-width: 768px) 100vw, 768px\" \/>\t\t\t<\/div>\n\t\t<\/a><!-- .post-thumbnail -->\n\t\t\t\t<div class=\"entry-content-wrap\">\n\t\t\t<header class=\"entry-header\">\n\t\t<div class=\"entry-taxonomies\">\n\t\t<span class=\"category-links term-links category-style-normal\">\n\t\t\t<a href=\"https:\/\/sites.utu.fi\/demokratia\/category\/uutinen\/\" class=\"category-link-uutinen\" rel=\"tag\">Ajankohtaista<\/a>\t\t<\/span>\n\t<\/div><!-- .entry-taxonomies -->\n\t<h3 class=\"entry-title\"><a href=\"https:\/\/sites.utu.fi\/demokratia\/testi-2\/\" rel=\"bookmark\">Maija Set\u00e4l\u00e4n tutkimusryhm\u00e4lle Turun yliopiston vaikuttavuustekopalkinto<\/a><\/h3><\/header><!-- .entry-header -->\n\t<div class=\"entry-summary\">\n\t\t<p>Maija Set\u00e4l\u00e4n tutkimusryhm\u00e4n ty\u00f6 kansalaisten ja p\u00e4\u00e4tt\u00e4jien v\u00e4lisen vuoropuhelun lis\u00e4\u00e4miseksi&#8230;<\/p>\n\t<\/div><!-- .entry-summary -->\n\t<footer class=\"entry-footer\">\n\t\t\t<div class=\"entry-actions\">\n\t\t\t<p class=\"more-link-wrap\">\n\t\t\t\t<a href=\"https:\/\/sites.utu.fi\/demokratia\/testi-2\/\" class=\"post-more-link\">\n\t\t\t\t\tLue lis\u00e4\u00e4<span class=\"screen-reader-text\"> Maija Set\u00e4l\u00e4n tutkimusryhm\u00e4lle Turun yliopiston vaikuttavuustekopalkinto<\/span><span class=\"kadence-svg-iconset svg-baseline\"><svg aria-hidden=\"true\" class=\"kadence-svg-icon kadence-arrow-right-alt-svg\" fill=\"currentColor\" version=\"1.1\" xmlns=\"http:\/\/www.w3.org\/2000\/svg\" width=\"27\" height=\"28\" viewBox=\"0 0 27 28\"><title>Continue<\/title><path d=\"M27 13.953c0 0.141-0.063 0.281-0.156 0.375l-6 5.531c-0.156 0.141-0.359 0.172-0.547 0.094-0.172-0.078-0.297-0.25-0.297-0.453v-3.5h-19.5c-0.281 0-0.5-0.219-0.5-0.5v-3c0-0.281 0.219-0.5 0.5-0.5h19.5v-3.5c0-0.203 0.109-0.375 0.297-0.453s0.391-0.047 0.547 0.078l6 5.469c0.094 0.094 0.156 0.219 0.156 0.359v0z\"><\/path>\n\t\t\t<\/svg><\/span>\t\t\t\t<\/a>\n\t\t\t<\/p>\n\t\t<\/div><!-- .entry-actions -->\n\t\t<\/footer><!-- .entry-footer -->\t\t<\/div>\n\t<\/article>\n<\/li>\n<li class=\"kb-post-list-item\">\n\t<article class=\"entry content-bg loop-entry post-1 post type-post status-publish format-standard has-post-thumbnail hentry category-uutinen\">\n\t\t\t\t<a aria-hidden=\"true\" tabindex=\"-1\" role=\"presentation\" class=\"post-thumbnail kadence-thumbnail-ratio-2-3\" href=\"https:\/\/sites.utu.fi\/demokratia\/hello-world\/\" aria-label=\"Kuhmon kansalaisraati selvitti nuorten n\u00e4kemyksi\u00e4 kaupungin kehitt\u00e4miseen\">\n\t\t\t<div class=\"post-thumbnail-inner\">\n\t\t\t\t<img loading=\"lazy\" decoding=\"async\" width=\"768\" height=\"432\" src=\"https:\/\/sites.utu.fi\/demokratia\/wp-content\/uploads\/sites\/1545\/2024\/01\/Turun-yliopisto-Kuhmon-kansalaisraati-108-768x432.jpg\" class=\"attachment-medium_large size-medium_large wp-post-image\" alt=\"Kuhmon kansalaisraati selvitti nuorten n\u00e4kemyksi\u00e4 kaupungin kehitt\u00e4miseen\" srcset=\"https:\/\/sites.utu.fi\/demokratia\/wp-content\/uploads\/sites\/1545\/2024\/01\/Turun-yliopisto-Kuhmon-kansalaisraati-108-768x432.jpg 768w, https:\/\/sites.utu.fi\/demokratia\/wp-content\/uploads\/sites\/1545\/2024\/01\/Turun-yliopisto-Kuhmon-kansalaisraati-108-300x169.jpg 300w, https:\/\/sites.utu.fi\/demokratia\/wp-content\/uploads\/sites\/1545\/2024\/01\/Turun-yliopisto-Kuhmon-kansalaisraati-108-1024x576.jpg 1024w, https:\/\/sites.utu.fi\/demokratia\/wp-content\/uploads\/sites\/1545\/2024\/01\/Turun-yliopisto-Kuhmon-kansalaisraati-108-168x94.jpg 168w, https:\/\/sites.utu.fi\/demokratia\/wp-content\/uploads\/sites\/1545\/2024\/01\/Turun-yliopisto-Kuhmon-kansalaisraati-108-190x107.jpg 190w, https:\/\/sites.utu.fi\/demokratia\/wp-content\/uploads\/sites\/1545\/2024\/01\/Turun-yliopisto-Kuhmon-kansalaisraati-108.jpg 1145w\" sizes=\"auto, (max-width: 768px) 100vw, 768px\" \/>\t\t\t<\/div>\n\t\t<\/a><!-- .post-thumbnail -->\n\t\t\t\t<div class=\"entry-content-wrap\">\n\t\t\t<header class=\"entry-header\">\n\t\t<div class=\"entry-taxonomies\">\n\t\t<span class=\"category-links term-links category-style-normal\">\n\t\t\t<a href=\"https:\/\/sites.utu.fi\/demokratia\/category\/uutinen\/\" class=\"category-link-uutinen\" rel=\"tag\">Ajankohtaista<\/a>\t\t<\/span>\n\t<\/div><!-- .entry-taxonomies -->\n\t<h3 class=\"entry-title\"><a href=\"https:\/\/sites.utu.fi\/demokratia\/hello-world\/\" rel=\"bookmark\">Kuhmon kansalaisraati selvitti nuorten n\u00e4kemyksi\u00e4 kaupungin kehitt\u00e4miseen<\/a><\/h3><\/header><!-- .entry-header -->\n\t<div class=\"entry-summary\">\n\t\t<p>Turun yliopisto ja Kuhmon kaupunki ovat selvitt\u00e4neet syksyn aikana kyselyn&#8230;<\/p>\n\t<\/div><!-- .entry-summary -->\n\t<footer class=\"entry-footer\">\n\t\t\t<div class=\"entry-actions\">\n\t\t\t<p class=\"more-link-wrap\">\n\t\t\t\t<a href=\"https:\/\/sites.utu.fi\/demokratia\/hello-world\/\" class=\"post-more-link\">\n\t\t\t\t\tLue lis\u00e4\u00e4<span class=\"screen-reader-text\"> Kuhmon kansalaisraati selvitti nuorten n\u00e4kemyksi\u00e4 kaupungin kehitt\u00e4miseen<\/span><span class=\"kadence-svg-iconset svg-baseline\"><svg aria-hidden=\"true\" class=\"kadence-svg-icon kadence-arrow-right-alt-svg\" fill=\"currentColor\" version=\"1.1\" xmlns=\"http:\/\/www.w3.org\/2000\/svg\" width=\"27\" height=\"28\" viewBox=\"0 0 27 28\"><title>Continue<\/title><path d=\"M27 13.953c0 0.141-0.063 0.281-0.156 0.375l-6 5.531c-0.156 0.141-0.359 0.172-0.547 0.094-0.172-0.078-0.297-0.25-0.297-0.453v-3.5h-19.5c-0.281 0-0.5-0.219-0.5-0.5v-3c0-0.281 0.219-0.5 0.5-0.5h19.5v-3.5c0-0.203 0.109-0.375 0.297-0.453s0.391-0.047 0.547 0.078l6 5.469c0.094 0.094 0.156 0.219 0.156 0.359v0z\"><\/path>\n\t\t\t<\/svg><\/span>\t\t\t\t<\/a>\n\t\t\t<\/p>\n\t\t<\/div><!-- .entry-actions -->\n\t\t<\/footer><!-- .entry-footer -->\t\t<\/div>\n\t<\/article>\n<\/li>\n<\/ul><\/div><\/div>\n\n<\/div><\/div>\n\n\n<p><\/p>\n","protected":false},"excerpt":{"rendered":"<p>Demokratiatutkimusta Turun yliopistossa Tutkimme kansalaisosallistumista ja demokratiainnovaatioita, eli erilaisia uusia kansalaisosallistumisen ja -keskustelun k\u00e4yt\u00e4nt\u00f6j\u00e4. Ajankohtaista<\/p>\n","protected":false},"author":3,"featured_media":0,"parent":0,"menu_order":0,"comment_status":"closed","ping_status":"closed","template":"","meta":{"_acf_changed":false,"_kad_blocks_custom_css":"","_kad_blocks_head_custom_js":"","_kad_blocks_body_custom_js":"","_kad_blocks_footer_custom_js":"","_kad_post_transparent":"default","_kad_post_title":"hide","_kad_post_layout":"default","_kad_post_sidebar_id":"","_kad_post_content_style":"default","_kad_post_vertical_padding":"default","_kad_post_feature":"","_kad_post_feature_position":"","_kad_post_header":false,"_kad_post_footer":false,"_kad_post_classname":"","footnotes":""},"class_list":["post-9","page","type-page","status-publish","hentry"],"acf":[],"lang":"fi","translations":{"fi":9,"en":707},"taxonomy_info":[],"featured_image_src_large":false,"author_info":{"display_name":"utuwebmaster","author_link":"https:\/\/sites.utu.fi\/demokratia\/author\/utuwebmaster\/"},"comment_info":0,"pll_sync_post":[],"_links":{"self":[{"href":"https:\/\/sites.utu.fi\/demokratia\/wp-json\/wp\/v2\/pages\/9","targetHints":{"allow":["GET"]}}],"collection":[{"href":"https:\/\/sites.utu.fi\/demokratia\/wp-json\/wp\/v2\/pages"}],"about":[{"href":"https:\/\/sites.utu.fi\/demokratia\/wp-json\/wp\/v2\/types\/page"}],"author":[{"embeddable":true,"href":"https:\/\/sites.utu.fi\/demokratia\/wp-json\/wp\/v2\/users\/3"}],"replies":[{"embeddable":true,"href":"https:\/\/sites.utu.fi\/demokratia\/wp-json\/wp\/v2\/comments?post=9"}],"version-history":[{"count":42,"href":"https:\/\/sites.utu.fi\/demokratia\/wp-json\/wp\/v2\/pages\/9\/revisions"}],"predecessor-version":[{"id":941,"href":"https:\/\/sites.utu.fi\/demokratia\/wp-json\/wp\/v2\/pages\/9\/revisions\/941"}],"wp:attachment":[{"href":"https:\/\/sites.utu.fi\/demokratia\/wp-json\/wp\/v2\/media?parent=9"}],"curies":[{"name":"wp","href":"https:\/\/api.w.org\/{rel}","templated":true}]}}