{"id":448,"date":"2025-01-10T13:08:02","date_gmt":"2025-01-10T11:08:02","guid":{"rendered":"https:\/\/sites.utu.fi\/esitystekniikka\/?page_id=448"},"modified":"2025-01-21T09:48:13","modified_gmt":"2025-01-21T07:48:13","slug":"ukk","status":"publish","type":"page","link":"https:\/\/sites.utu.fi\/esitystekniikka\/ukk\/","title":{"rendered":"UKK"},"content":{"rendered":"<style>.wp-block-kadence-column.kb-section-dir-horizontal > .kt-inside-inner-col > .kt-info-box448_4ab3b1-49 .kt-blocks-info-box-link-wrap{max-width:unset;}.kt-info-box448_4ab3b1-49 .kt-blocks-info-box-link-wrap{background:var(--global-palette9, #ffffff);padding-top:var(--global-kb-spacing-xs, 1rem);padding-right:var(--global-kb-spacing-xs, 1rem);padding-bottom:var(--global-kb-spacing-xs, 1rem);padding-left:var(--global-kb-spacing-xs, 1rem);}.kt-info-box448_4ab3b1-49 .kadence-info-box-icon-container .kt-info-svg-icon, .kt-info-box448_4ab3b1-49 .kt-info-svg-icon-flip, .kt-info-box448_4ab3b1-49 .kt-blocks-info-box-number{font-size:50px;}.kt-info-box448_4ab3b1-49 .kt-blocks-info-box-media{border-top-width:0px;border-right-width:0px;border-bottom-width:0px;border-left-width:0px;padding-top:10px;padding-right:10px;padding-bottom:10px;padding-left:10px;}.kt-info-box448_4ab3b1-49 .kt-blocks-info-box-media-container{margin-top:0px;margin-right:15px;margin-bottom:0px;margin-left:15px;}.kt-info-box448_4ab3b1-49 .kt-infobox-textcontent .kt-blocks-info-box-text{color:var(--global-palette4, #2D3748);}.wp-block-kadence-infobox.kt-info-box448_4ab3b1-49 .kt-blocks-info-box-text{font-size:25px;}.kt-info-box448_4ab3b1-49 .kt-blocks-info-box-learnmore{background:transparent;border-width:0px 0px 0px 0px;padding-top:4px;padding-right:8px;padding-bottom:4px;padding-left:8px;margin-top:10px;margin-right:0px;margin-bottom:10px;margin-left:0px;}<\/style>\n<div class=\"wp-block-kadence-infobox kt-info-box448_4ab3b1-49\"><span class=\"kt-blocks-info-box-link-wrap info-box-link kt-blocks-info-box-media-align-top kt-info-halign-center\"><div class=\"kt-infobox-textcontent\"><h2 class=\"kt-blocks-info-box-title\">TILAKOHTAISET OHJEET<\/h2><p class=\"kt-blocks-info-box-text\">Jos et l\u00f6yt\u00e4nyt sivuilta hakemaasi ohjetta tai ratkaisua, voit katsella ja ladata PDF-muodossa tilakohtaisia ohjeita&nbsp;<a href=\"http:\/\/www.utu.fi\/esitystekniikkaohjeet\" target=\"_blank\" rel=\"noreferrer noopener\">t\u00e4\u00e4ll\u00e4<\/a>.<\/p><\/div><\/span><\/div>\n\n\n<style>.wp-block-kadence-advancedheading.kt-adv-heading448_4f35fb-36, .wp-block-kadence-advancedheading.kt-adv-heading448_4f35fb-36[data-kb-block=\"kb-adv-heading448_4f35fb-36\"]{text-align:center;font-style:normal;}.wp-block-kadence-advancedheading.kt-adv-heading448_4f35fb-36 mark.kt-highlight, .wp-block-kadence-advancedheading.kt-adv-heading448_4f35fb-36[data-kb-block=\"kb-adv-heading448_4f35fb-36\"] mark.kt-highlight{font-style:normal;color:#f76a0c;-webkit-box-decoration-break:clone;box-decoration-break:clone;padding-top:0px;padding-right:0px;padding-bottom:0px;padding-left:0px;}.wp-block-kadence-advancedheading.kt-adv-heading448_4f35fb-36 img.kb-inline-image, .wp-block-kadence-advancedheading.kt-adv-heading448_4f35fb-36[data-kb-block=\"kb-adv-heading448_4f35fb-36\"] img.kb-inline-image{width:150px;vertical-align:baseline;}<\/style>\n<h2 class=\"kt-adv-heading448_4f35fb-36 wp-block-kadence-advancedheading\" data-kb-block=\"kb-adv-heading448_4f35fb-36\"><mark style=\"background-color:rgba(0, 0, 0, 0)\" class=\"has-inline-color has-theme-palette-1-color\">KUVAONGELMAT<\/mark><\/h2>\n\n\n\n<ul class=\"wp-block-list\">\n<li><mark style=\"background-color:rgba(0, 0, 0, 0)\" class=\"has-inline-color has-theme-palette-1-color\">Miksi kuva ei n\u00e4y?<\/mark>\n<ul class=\"wp-block-list\">\n<li>Tarkista ett\u00e4 tarvittavat laitteet ovat p\u00e4\u00e4ll\u00e4<\/li>\n\n\n\n<li>Varmista ett\u00e4 n\u00e4yt\u00f6st\u00e4 on oikea kuvanl\u00e4hde valittuna<\/li>\n\n\n\n<li>Jos tilassa on kuvanjakaja tai ohjauspaneeli, varmista ett\u00e4 valittuna on oikea kuval\u00e4hde (Input)<\/li>\n\n\n\n<li>Tarkista kuval\u00e4hteen kytkenn\u00e4t.<br><\/li>\n<\/ul>\n<\/li>\n\n\n\n<li><mark style=\"background-color:rgba(0, 0, 0, 0)\" class=\"has-inline-color has-theme-palette-1-color\">Mit\u00e4 tarkoittaa Windowsin ruudunjakovalikossa (WIN+P) kohta \u201dDuplicate\u201d?<\/mark>\n<ul class=\"wp-block-list\">\n<li>Duplicate toistaa tietokoneen ty\u00f6p\u00f6yd\u00e4n n\u00e4kym\u00e4n sellaisenaan toiselle (esim. tilan) n\u00e4yt\u00f6lle.<br><\/li>\n<\/ul>\n<\/li>\n\n\n\n<li><mark style=\"background-color:rgba(0, 0, 0, 0)\" class=\"has-inline-color has-theme-palette-1-color\">Mit\u00e4 tarkoittaa Windowsin ruudunjakovalikossa (WIN+P) kohta \u201dExtend\u201d?<\/mark>\n<ul class=\"wp-block-list\">\n<li>Extend on ty\u00f6p\u00f6yd\u00e4n laajennus, jota k\u00e4ytet\u00e4\u00e4n yleens\u00e4 jos halutaan esimerkiksi toistaa eri kuvaa kannettavan n\u00e4yt\u00f6ll\u00e4 kuin tilan n\u00e4yt\u00f6ll\u00e4. Voidaan k\u00e4ytt\u00e4\u00e4 my\u00f6s jos halutaan n\u00e4ytt\u00e4\u00e4 eri kuvia useammilla n\u00e4yt\u00f6ill\u00e4 tai kun on enemm\u00e4n kuin kaksi.<\/li>\n<\/ul>\n<\/li>\n<\/ul>\n\n\n<style>.wp-block-kadence-spacer.kt-block-spacer-448_b99827-9f .kt-block-spacer{height:60px;}.wp-block-kadence-spacer.kt-block-spacer-448_b99827-9f .kt-divider{border-top-width:1px;height:1px;border-top-color:#eee;width:80%;border-top-style:solid;}<\/style>\n<div class=\"wp-block-kadence-spacer aligncenter kt-block-spacer-448_b99827-9f\"><div class=\"kt-block-spacer kt-block-spacer-halign-center\"><hr class=\"kt-divider\"\/><\/div><\/div>\n\n\n<style>.wp-block-kadence-advancedheading.kt-adv-heading448_ba6f9a-eb, .wp-block-kadence-advancedheading.kt-adv-heading448_ba6f9a-eb[data-kb-block=\"kb-adv-heading448_ba6f9a-eb\"]{text-align:center;font-style:normal;}.wp-block-kadence-advancedheading.kt-adv-heading448_ba6f9a-eb mark.kt-highlight, .wp-block-kadence-advancedheading.kt-adv-heading448_ba6f9a-eb[data-kb-block=\"kb-adv-heading448_ba6f9a-eb\"] mark.kt-highlight{font-style:normal;color:#f76a0c;-webkit-box-decoration-break:clone;box-decoration-break:clone;padding-top:0px;padding-right:0px;padding-bottom:0px;padding-left:0px;}.wp-block-kadence-advancedheading.kt-adv-heading448_ba6f9a-eb img.kb-inline-image, .wp-block-kadence-advancedheading.kt-adv-heading448_ba6f9a-eb[data-kb-block=\"kb-adv-heading448_ba6f9a-eb\"] img.kb-inline-image{width:150px;vertical-align:baseline;}<\/style>\n<h2 class=\"kt-adv-heading448_ba6f9a-eb wp-block-kadence-advancedheading\" data-kb-block=\"kb-adv-heading448_ba6f9a-eb\"><mark style=\"background-color:rgba(0, 0, 0, 0)\" class=\"has-inline-color has-theme-palette-1-color\">\u00c4\u00c4NIONGELMAT<\/mark><\/h2>\n\n\n\n<ul class=\"wp-block-list\">\n<li><mark style=\"background-color:rgba(0, 0, 0, 0)\" class=\"has-inline-color has-theme-palette-1-color\">Miksi \u00e4\u00e4ni ei kuulu tai se kuuluu v\u00e4\u00e4r\u00e4st\u00e4 laitteesta?<\/mark>\n<ul class=\"wp-block-list\">\n<li>Tarkista ett\u00e4 tarvittavat laitteet ovat p\u00e4\u00e4ll\u00e4<\/li>\n\n\n\n<li>Tarkista ett\u00e4 tietokoneen \u00e4\u00e4nenvoimakkuus ei ole mykistetty tai liian alhainen<\/li>\n\n\n\n<li>Jos tilassa on kuvanjakaja tai ohjauspaneeli, varmista ett\u00e4 valittuna on oikea kuva-\/\u00e4\u00e4nil\u00e4hde (Input\/Line-in)<\/li>\n\n\n\n<li>Tarkista \u00e4\u00e4nil\u00e4hteen kytkenn\u00e4t ja ett\u00e4 haluttu \u00e4\u00e4nentoistolaite on valittuna tietokoneella<\/li>\n<\/ul>\n<\/li>\n<\/ul>\n\n\n\n<ul class=\"wp-block-list\">\n<li><mark style=\"background-color:rgba(0, 0, 0, 0)\" class=\"has-inline-color has-theme-palette-1-color\">\u00c4\u00e4nentoistolaitteen valinta tietokoneella:<\/mark>\n<ul class=\"wp-block-list\">\n<li>\u00c4\u00e4niasetukset \u2013 Windows\n<ul class=\"wp-block-list\">\n<li>Klikkaa \u00e4\u00e4nenvoimakkuus-painiketta teht\u00e4v\u00e4palkin oikeasta reunasta\n<ul class=\"wp-block-list\">\n<li>Klikkaa aukeavan valikon oikeasta yl\u00e4kulmasta nuolta<\/li>\n\n\n\n<li>Valitse aukeavasta valikosta haluttu \u00e4\u00e4nentoistolaite<\/li>\n<\/ul>\n<\/li>\n<\/ul>\n<\/li>\n\n\n\n<li>\u00c4\u00e4niasetukset \u2013 Mac\n<ul class=\"wp-block-list\">\n<li>Klikkaa \u00e4\u00e4nenvoimakkuus-painiketta valikkorivill\u00e4\n<ul class=\"wp-block-list\">\n<li>Valitse aukeavasta valikosta haluttu \u00e4\u00e4nentoistolaite<\/li>\n<\/ul>\n<\/li>\n\n\n\n<li>Mik\u00e4li \u00e4\u00e4nenvoimakkuuspainiketta ei ole valikkorivill\u00e4, avaa J\u00e4rjestelm\u00e4asetukset\n<ul class=\"wp-block-list\">\n<li>Valitse \u00c4\u00e4ni ja klikkaa \u00c4\u00e4nil\u00e4ht\u00f6 -v\u00e4lilehte\u00e4<\/li>\n\n\n\n<li>Valitse haluttu \u00e4\u00e4nentoistolaite.<\/li>\n<\/ul>\n<\/li>\n<\/ul>\n<\/li>\n<\/ul>\n<\/li>\n<\/ul>\n\n\n\n<ul class=\"wp-block-list\">\n<li><mark style=\"background-color:rgba(0, 0, 0, 0)\" class=\"has-inline-color has-theme-palette-1-color\">Miksi mikrofoni ei toimi?<\/mark>\n<ul class=\"wp-block-list\">\n<li>Tarkista ett\u00e4 mikrofoni ja sen vastaanotin ovat p\u00e4\u00e4ll\u00e4\n<ul class=\"wp-block-list\">\n<li>Tarkista, ett\u00e4 mikrofonin tai sen vastaanottimen paristot tai akut eiv\u00e4t ole loppu<\/li>\n<\/ul>\n<\/li>\n\n\n\n<li>Tarkista tilan ohjauspaneelista tai mikserist\u00e4 ett\u00e4 valittuna on oikea \u00e4\u00e4nil\u00e4hde (Mic-in)\n<ul class=\"wp-block-list\">\n<li>Varmista ett\u00e4 mikrofoni ei ole mykistetty ja \u00e4\u00e4nenvoimakkuus on s\u00e4\u00e4detty oikein<\/li>\n<\/ul>\n<\/li>\n\n\n\n<li>Tarkista mikrofonin kytkenn\u00e4t.<\/li>\n<\/ul>\n<\/li>\n<\/ul>\n\n\n\n<ul class=\"wp-block-list\">\n<li><mark style=\"background-color:rgba(0, 0, 0, 0)\" class=\"has-inline-color has-theme-palette-1-color\">Miksi \u00e4\u00e4ni s\u00e4risee, kohisee tai kiert\u00e4\u00e4?<\/mark>\n<ul class=\"wp-block-list\">\n<li>Mikrofonin \u00e4\u00e4nen s\u00e4rin\u00e4 saattaa johtua heikoista tai viallisista kytkenn\u00f6ist\u00e4 tai kaapeleista joko mikrofonissa tai kaiuttimissa\n<ul class=\"wp-block-list\">\n<li>Tarkista mikrofonin kytkenn\u00e4t ja tarvittaessa ota yhteys Helpdeskiin<\/li>\n\n\n\n<li>Tarkista ett\u00e4 mikrofonin \u00e4\u00e4nenvoimakkuus ei ole liian kovalla<\/li>\n<\/ul>\n<\/li>\n\n\n\n<li>Mikrofonin kohina saattaa johtua liian suuresta vahvistustehosta\n<ul class=\"wp-block-list\">\n<li>Esiintyj\u00e4\u00e4 voi pyyt\u00e4\u00e4 pit\u00e4m\u00e4\u00e4n mikrofonia l\u00e4hemp\u00e4n\u00e4 itse\u00e4\u00e4n, jolloin ei tarvita niin suurta vahvistusta<\/li>\n<\/ul>\n<\/li>\n\n\n\n<li>Mik\u00e4li mikrofonin \u00e4\u00e4ni kiert\u00e4\u00e4\n<ul class=\"wp-block-list\">\n<li>Suuntaa mikrofoni poisp\u00e4in kaiuttimista<\/li>\n\n\n\n<li>Tarkista ettei mikrofoni ole liian l\u00e4hell\u00e4 kaiuttimia<\/li>\n\n\n\n<li>Varmista ettei tilassa ole muita aktiivisia mikrofoneja (esim. kannettava tietokone et\u00e4yhteyksiss\u00e4)<\/li>\n\n\n\n<li>Esiintyj\u00e4\u00e4 voi pyyt\u00e4\u00e4 pit\u00e4m\u00e4\u00e4n mikrofonia l\u00e4hemp\u00e4n\u00e4 itse\u00e4\u00e4n, jolloin ei tarvita niin suurta vahvistusta.<\/li>\n<\/ul>\n<\/li>\n<\/ul>\n<\/li>\n<\/ul>\n","protected":false},"excerpt":{"rendered":"<p>KUVAONGELMAT \u00c4\u00c4NIONGELMAT<\/p>\n","protected":false},"author":3,"featured_media":0,"parent":0,"menu_order":0,"comment_status":"closed","ping_status":"closed","template":"","meta":{"_acf_changed":false,"_kad_blocks_custom_css":"","_kad_blocks_head_custom_js":"","_kad_blocks_body_custom_js":"","_kad_blocks_footer_custom_js":"","_kad_post_transparent":"","_kad_post_title":"hide","_kad_post_layout":"","_kad_post_sidebar_id":"","_kad_post_content_style":"","_kad_post_vertical_padding":"","_kad_post_feature":"","_kad_post_feature_position":"","_kad_post_header":false,"_kad_post_footer":false,"_kad_post_classname":"","footnotes":""},"class_list":["post-448","page","type-page","status-publish","hentry"],"acf":[],"lang":"fi","translations":{"fi":448,"en":706},"taxonomy_info":[],"featured_image_src_large":false,"author_info":{"display_name":"utuwebmaster","author_link":"https:\/\/sites.utu.fi\/esitystekniikka\/author\/utuwebmaster\/"},"comment_info":0,"pll_sync_post":[],"_links":{"self":[{"href":"https:\/\/sites.utu.fi\/esitystekniikka\/wp-json\/wp\/v2\/pages\/448","targetHints":{"allow":["GET"]}}],"collection":[{"href":"https:\/\/sites.utu.fi\/esitystekniikka\/wp-json\/wp\/v2\/pages"}],"about":[{"href":"https:\/\/sites.utu.fi\/esitystekniikka\/wp-json\/wp\/v2\/types\/page"}],"author":[{"embeddable":true,"href":"https:\/\/sites.utu.fi\/esitystekniikka\/wp-json\/wp\/v2\/users\/3"}],"replies":[{"embeddable":true,"href":"https:\/\/sites.utu.fi\/esitystekniikka\/wp-json\/wp\/v2\/comments?post=448"}],"version-history":[{"count":6,"href":"https:\/\/sites.utu.fi\/esitystekniikka\/wp-json\/wp\/v2\/pages\/448\/revisions"}],"predecessor-version":[{"id":632,"href":"https:\/\/sites.utu.fi\/esitystekniikka\/wp-json\/wp\/v2\/pages\/448\/revisions\/632"}],"wp:attachment":[{"href":"https:\/\/sites.utu.fi\/esitystekniikka\/wp-json\/wp\/v2\/media?parent=448"}],"curies":[{"name":"wp","href":"https:\/\/api.w.org\/{rel}","templated":true}]}}