{"id":451,"date":"2025-01-10T13:08:18","date_gmt":"2025-01-10T11:08:18","guid":{"rendered":"https:\/\/sites.utu.fi\/esitystekniikka\/?page_id=451"},"modified":"2025-01-21T09:47:17","modified_gmt":"2025-01-21T07:47:17","slug":"palvelupyynto","status":"publish","type":"page","link":"https:\/\/sites.utu.fi\/esitystekniikka\/palvelupyynto\/","title":{"rendered":"Palvelupyynt\u00f6"},"content":{"rendered":"<style>.wp-block-kadence-advancedheading.kt-adv-heading451_15472a-fa, .wp-block-kadence-advancedheading.kt-adv-heading451_15472a-fa[data-kb-block=\"kb-adv-heading451_15472a-fa\"]{text-align:center;font-style:normal;}.wp-block-kadence-advancedheading.kt-adv-heading451_15472a-fa mark.kt-highlight, .wp-block-kadence-advancedheading.kt-adv-heading451_15472a-fa[data-kb-block=\"kb-adv-heading451_15472a-fa\"] mark.kt-highlight{font-style:normal;color:#f76a0c;-webkit-box-decoration-break:clone;box-decoration-break:clone;padding-top:0px;padding-right:0px;padding-bottom:0px;padding-left:0px;}.wp-block-kadence-advancedheading.kt-adv-heading451_15472a-fa img.kb-inline-image, .wp-block-kadence-advancedheading.kt-adv-heading451_15472a-fa[data-kb-block=\"kb-adv-heading451_15472a-fa\"] img.kb-inline-image{width:150px;vertical-align:baseline;}<\/style>\n<h2 class=\"kt-adv-heading451_15472a-fa wp-block-kadence-advancedheading\" data-kb-block=\"kb-adv-heading451_15472a-fa\">OPETUSTILAN PALVELUPYYNT\u00d6<\/h2>\n\n\n<style>.kb-row-layout-id451_b09c96-a7 > .kt-row-column-wrap{align-content:start;}:where(.kb-row-layout-id451_b09c96-a7 > .kt-row-column-wrap) > .wp-block-kadence-column{justify-content:start;}.kb-row-layout-id451_b09c96-a7 > .kt-row-column-wrap{column-gap:var(--global-kb-gap-md, 2rem);row-gap:var(--global-kb-gap-md, 2rem);padding-top:var(--global-kb-spacing-sm, 1.5rem);padding-bottom:var(--global-kb-spacing-sm, 1.5rem);grid-template-columns:minmax(0, 1fr) minmax(0, 2fr);}.kb-row-layout-id451_b09c96-a7 > .kt-row-layout-overlay{opacity:0.30;}@media all and (max-width: 1024px){.kb-row-layout-id451_b09c96-a7 > .kt-row-column-wrap{grid-template-columns:minmax(0, 1fr) minmax(0, 2fr);}}@media all and (max-width: 767px){.kb-row-layout-id451_b09c96-a7 > .kt-row-column-wrap{grid-template-columns:minmax(0, 1fr);}}<\/style><div class=\"kb-row-layout-wrap kb-row-layout-id451_b09c96-a7 alignnone wp-block-kadence-rowlayout\"><div class=\"kt-row-column-wrap kt-has-2-columns kt-row-layout-right-golden kt-tab-layout-inherit kt-mobile-layout-row kt-row-valign-top\">\n<style>.kadence-column451_a28e7b-a7 > .kt-inside-inner-col,.kadence-column451_a28e7b-a7 > .kt-inside-inner-col:before{border-top-left-radius:0px;border-top-right-radius:0px;border-bottom-right-radius:0px;border-bottom-left-radius:0px;}.kadence-column451_a28e7b-a7 > .kt-inside-inner-col{column-gap:var(--global-kb-gap-sm, 1rem);}.kadence-column451_a28e7b-a7 > .kt-inside-inner-col{flex-direction:column;}.kadence-column451_a28e7b-a7 > .kt-inside-inner-col > .aligncenter{width:100%;}.kadence-column451_a28e7b-a7 > .kt-inside-inner-col:before{opacity:0.3;}.kadence-column451_a28e7b-a7{position:relative;}@media all and (max-width: 1024px){.kadence-column451_a28e7b-a7 > .kt-inside-inner-col{flex-direction:column;justify-content:center;}}@media all and (max-width: 767px){.kadence-column451_a28e7b-a7 > .kt-inside-inner-col{flex-direction:column;justify-content:center;}}<\/style>\n<div class=\"wp-block-kadence-column kadence-column451_a28e7b-a7\"><div class=\"kt-inside-inner-col\">\n<figure class=\"wp-block-image size-full\"><img loading=\"lazy\" decoding=\"async\" width=\"570\" height=\"350\" src=\"https:\/\/sites.utu.fi\/esitystekniikka\/wp-content\/uploads\/sites\/1424\/2025\/01\/Dokumentti_Dokumentti.png\" alt=\"\" class=\"wp-image-626\" srcset=\"https:\/\/sites.utu.fi\/esitystekniikka\/wp-content\/uploads\/sites\/1424\/2025\/01\/Dokumentti_Dokumentti.png 570w, https:\/\/sites.utu.fi\/esitystekniikka\/wp-content\/uploads\/sites\/1424\/2025\/01\/Dokumentti_Dokumentti-360x221.png 360w\" sizes=\"auto, (max-width: 570px) 100vw, 570px\" \/><\/figure>\n<\/div><\/div>\n\n\n<style>.kadence-column451_f90874-6f > .kt-inside-inner-col,.kadence-column451_f90874-6f > .kt-inside-inner-col:before{border-top-left-radius:0px;border-top-right-radius:0px;border-bottom-right-radius:0px;border-bottom-left-radius:0px;}.kadence-column451_f90874-6f > .kt-inside-inner-col{column-gap:var(--global-kb-gap-sm, 1rem);}.kadence-column451_f90874-6f > .kt-inside-inner-col{flex-direction:column;}.kadence-column451_f90874-6f > .kt-inside-inner-col > .aligncenter{width:100%;}.kadence-column451_f90874-6f > .kt-inside-inner-col:before{opacity:0.3;}.kadence-column451_f90874-6f{position:relative;}@media all and (max-width: 1024px){.kadence-column451_f90874-6f > .kt-inside-inner-col{flex-direction:column;justify-content:center;}}@media all and (max-width: 767px){.kadence-column451_f90874-6f > .kt-inside-inner-col{flex-direction:column;justify-content:center;}}<\/style>\n<div class=\"wp-block-kadence-column kadence-column451_f90874-6f\"><div class=\"kt-inside-inner-col\">\n<p>Palvelupyynt\u00f6lomakkeen avulla voit ilmoittaa ei-kiireellisist\u00e4 opetustiloihin ja -tekniikkaan liittyvist\u00e4 puutteista ja ongelmatilanteista.<\/p>\n\n\n\n<p class=\"has-medium-font-size\"><mark style=\"background-color:rgba(0, 0, 0, 0)\" class=\"has-inline-color has-theme-palette-1-color\">T\u00e4llaisia voivat olla esimerkiksi:<\/mark><\/p>\n\n\n\n<ul style=\"padding-top:0;padding-bottom:0\" class=\"wp-block-list\">\n<li>Tilan tekniikkaan liittyv\u00e4t ongelmat ja puutteet<\/li>\n\n\n\n<li>Puutteet ohjeistuksessa tai yhteystiedoissa<\/li>\n\n\n\n<li>Talotekniikkaan liittyv\u00e4t ongelmat mm. valaistus, lukitus- ja kulkuoikeudet, ilmastointi<\/li>\n\n\n\n<li>Rikkin\u00e4iset tai puuttuvat kalusteet<\/li>\n\n\n\n<li>Siivous.<\/li>\n<\/ul>\n\n\n\n<p><strong><a href=\"https:\/\/forms.utu.fi\/public\/opetustila\/?lang=fi\" target=\"_blank\" rel=\"noreferrer noopener\">Palvelupyynt\u00f6lomakkeelle p\u00e4\u00e4set t\u00e4st\u00e4<\/a><\/strong><\/p>\n<\/div><\/div>\n\n<\/div><\/div>","protected":false},"excerpt":{"rendered":"<p>OPETUSTILAN PALVELUPYYNT\u00d6 Palvelupyynt\u00f6lomakkeen avulla voit ilmoittaa ei-kiireellisist\u00e4 opetustiloihin ja -tekniikkaan liittyvist\u00e4 puutteista ja ongelmatilanteista. T\u00e4llaisia voivat olla esimerkiksi: Palvelupyynt\u00f6lomakkeelle p\u00e4\u00e4set t\u00e4st\u00e4<\/p>\n","protected":false},"author":3,"featured_media":0,"parent":0,"menu_order":0,"comment_status":"closed","ping_status":"closed","template":"","meta":{"_acf_changed":false,"_kad_blocks_custom_css":"","_kad_blocks_head_custom_js":"","_kad_blocks_body_custom_js":"","_kad_blocks_footer_custom_js":"","_kad_post_transparent":"","_kad_post_title":"hide","_kad_post_layout":"","_kad_post_sidebar_id":"","_kad_post_content_style":"","_kad_post_vertical_padding":"","_kad_post_feature":"","_kad_post_feature_position":"","_kad_post_header":false,"_kad_post_footer":false,"_kad_post_classname":"","footnotes":""},"class_list":["post-451","page","type-page","status-publish","hentry"],"acf":[],"lang":"fi","translations":{"fi":451,"en":709},"taxonomy_info":[],"featured_image_src_large":false,"author_info":{"display_name":"utuwebmaster","author_link":"https:\/\/sites.utu.fi\/esitystekniikka\/author\/utuwebmaster\/"},"comment_info":0,"pll_sync_post":[],"_links":{"self":[{"href":"https:\/\/sites.utu.fi\/esitystekniikka\/wp-json\/wp\/v2\/pages\/451","targetHints":{"allow":["GET"]}}],"collection":[{"href":"https:\/\/sites.utu.fi\/esitystekniikka\/wp-json\/wp\/v2\/pages"}],"about":[{"href":"https:\/\/sites.utu.fi\/esitystekniikka\/wp-json\/wp\/v2\/types\/page"}],"author":[{"embeddable":true,"href":"https:\/\/sites.utu.fi\/esitystekniikka\/wp-json\/wp\/v2\/users\/3"}],"replies":[{"embeddable":true,"href":"https:\/\/sites.utu.fi\/esitystekniikka\/wp-json\/wp\/v2\/comments?post=451"}],"version-history":[{"count":3,"href":"https:\/\/sites.utu.fi\/esitystekniikka\/wp-json\/wp\/v2\/pages\/451\/revisions"}],"predecessor-version":[{"id":630,"href":"https:\/\/sites.utu.fi\/esitystekniikka\/wp-json\/wp\/v2\/pages\/451\/revisions\/630"}],"wp:attachment":[{"href":"https:\/\/sites.utu.fi\/esitystekniikka\/wp-json\/wp\/v2\/media?parent=451"}],"curies":[{"name":"wp","href":"https:\/\/api.w.org\/{rel}","templated":true}]}}