{"id":35,"date":"2025-05-09T13:14:09","date_gmt":"2025-05-09T10:14:09","guid":{"rendered":"https:\/\/sites.utu.fi\/esskysely\/?page_id=35"},"modified":"2025-08-19T09:11:17","modified_gmt":"2025-08-19T06:11:17","slug":"startsida","status":"publish","type":"page","link":"https:\/\/sites.utu.fi\/esskysely\/sv\/","title":{"rendered":"V\u00e4rderingar och \u00e5sikter i Finland"},"content":{"rendered":"\n<p>V\u00e4lkommen till unders\u00f6kningen V\u00e4rderingar och \u00e5sikter i Finland.<\/p>\n\n\n\n<p><strong>Hur du deltar<\/strong><\/p>\n\n\n\n<p>F\u00f6r att b\u00f6rja enk\u00e4ten, klicka p\u00e5 \u2019Starta enk\u00e4ten\u2019 knappen nedan som f\u00f6r dig vidare till en inloggningssida d\u00e4r du sedan matar in din svarskod.<\/p>\n\n\n<style>.wp-block-kadence-advancedbtn.kb-btns35_4b5e4b-e6{gap:var(--global-kb-gap-xs, 0.5rem );justify-content:flex-start;align-items:center;}.kt-btns35_4b5e4b-e6 .kt-button{font-weight:normal;font-style:normal;}<\/style>\n<div class=\"wp-block-kadence-advancedbtn kb-buttons-wrap kb-btns35_4b5e4b-e6\"><style>ul.menu .wp-block-kadence-advancedbtn .kb-btn35_09841b-a7.kb-button{width:initial;}.wp-block-kadence-advancedbtn .kb-btn35_09841b-a7.kb-button{border-top-left-radius:0px;border-top-right-radius:0px;border-bottom-right-radius:0px;border-bottom-left-radius:0px;padding-top:var(--global-kb-spacing-xs, 1rem);padding-right:var(--global-kb-spacing-xs, 1rem);padding-bottom:var(--global-kb-spacing-xs, 1rem);padding-left:var(--global-kb-spacing-xs, 1rem);}.wp-block-kadence-advancedbtn .kb-btn35_09841b-a7.kb-button:hover, .wp-block-kadence-advancedbtn .kb-btn35_09841b-a7.kb-button:focus{border-top-color:var(--global-palette1, #3182CE);border-top-style:solid;border-right-color:var(--global-palette1, #3182CE);border-right-style:solid;border-bottom-color:var(--global-palette1, #3182CE);border-bottom-style:solid;border-left-color:var(--global-palette1, #3182CE);border-left-style:solid;}@media all and (max-width: 1024px){.wp-block-kadence-advancedbtn .kb-btn35_09841b-a7.kb-button:hover, .wp-block-kadence-advancedbtn .kb-btn35_09841b-a7.kb-button:focus{border-top-color:var(--global-palette1, #3182CE);border-top-style:solid;border-right-color:var(--global-palette1, #3182CE);border-right-style:solid;border-bottom-color:var(--global-palette1, #3182CE);border-bottom-style:solid;border-left-color:var(--global-palette1, #3182CE);border-left-style:solid;}}@media all and (max-width: 767px){.wp-block-kadence-advancedbtn .kb-btn35_09841b-a7.kb-button:hover, .wp-block-kadence-advancedbtn .kb-btn35_09841b-a7.kb-button:focus{border-top-color:var(--global-palette1, #3182CE);border-top-style:solid;border-right-color:var(--global-palette1, #3182CE);border-right-style:solid;border-bottom-color:var(--global-palette1, #3182CE);border-bottom-style:solid;border-left-color:var(--global-palette1, #3182CE);border-left-style:solid;}}<\/style><a class=\"kb-button kt-button button kb-btn35_09841b-a7 kt-btn-size-standard kt-btn-width-type-auto kb-btn-global-fill  kt-btn-has-text-true kt-btn-has-svg-true  wp-block-kadence-singlebtn\" href=\"https:\/\/questionnaires.ess12.centerdata.nl\/essr12_main_1486_Finland?lang=sv_FI\" rel=\"noopener\"><span class=\"kt-btn-inner-text\">Starta enk\u00e4ten<\/span><span class=\"kb-svg-icon-wrap kb-svg-icon-fe_arrowRight kt-btn-icon-side-right\"><svg viewBox=\"0 0 24 24\"  fill=\"none\" stroke=\"currentColor\" stroke-width=\"2\" stroke-linecap=\"round\" stroke-linejoin=\"round\" xmlns=\"http:\/\/www.w3.org\/2000\/svg\"  aria-hidden=\"true\"><line x1=\"5\" y1=\"12\" x2=\"19\" y2=\"12\"\/><polyline points=\"12 5 19 12 12 19\"\/><\/svg><\/span><\/a><\/div>\n\n\n\n<p><strong>Om unders\u00f6kningen<\/strong><\/p>\n\n\n\n<p>Unders\u00f6kningen V\u00e4rderingar och \u00e5sikter i Finland \u00e4r en unders\u00f6kning om sociala attityder, \u00f6vertygelser och beteenden av m\u00e4nniskor fr\u00e5n olika l\u00e4nder i Europa. Detta \u00e5r fr\u00e5gar vi dig om din syn p\u00e5 exempelvis ditt bostadsomr\u00e5de, hur v\u00e4l regeringen utf\u00f6r sitt arbete, och milj\u00f6n.<\/p>\n\n\n\n<p><strong>Beh\u00f6ver du hj\u00e4lp?<\/strong><\/p>\n\n\n\n<p>Ifall du har n\u00e5gra fr\u00e5gor kan du kontakta oss via 050 412 4944 eller per e-post ess-fi@utu.fi.<\/p>\n\n\n\n<p><strong>Skydd av dina uppgifter<\/strong><\/p>\n\n\n\n<p>Som det st\u00e5r i dataskyddsformul\u00e4ret har du r\u00e4tt att inv\u00e4nda mot behandlingen av dina personuppgifter, att beg\u00e4ra korrigering av felaktigheter i de personuppgifter som vi besitter och att beg\u00e4ra att dina personuppgifter raderas. Du har ocks\u00e5 r\u00e4tt att beg\u00e4ra information om vilka uppgifter vi har om dig, f\u00f6rutsatt att vi kan identifiera dig. Du har dessutom r\u00e4tt beg\u00e4ra att behandlingen av dina personuppgifter begr\u00e4nsas, dvs. att beg\u00e4ra att vi avbryter behandlingen medan uppgifternas korrekthet kontrolleras. Du har r\u00e4tt att l\u00e4mna in ett klagom\u00e5l till dataombudsmannens byr\u00e5 i F\u00f6renade kungariket eller dataombudsmannens byr\u00e5 i Finland.<\/p>\n\n\n\n<p><strong>Vill du veta mer om unders\u00f6kningen?<\/strong><\/p>\n\n\n\n<p>F\u00f6r att f\u00e5 mer information om unders\u00f6kningen kan du bes\u00f6ka <a href=\"https:\/\/stat.fi\/kyselyt\/ess\" rel=\"noopener\">https:\/\/stat.fi\/kyselyt\/ess<\/a>, <a href=\"http:\/\/utu.fi\/europeansocialsurvey\" rel=\"noopener\">utu.fi\/europeansocialsurvey<\/a> och <a href=\"http:\/\/www.europeansocialsurvey.org\" rel=\"noopener\">www.europeansocialsurvey.org<\/a>. Du kan ocks\u00e5 l\u00e4sa integritetsmeddelandet f\u00f6r enk\u00e4tens deltagare <a href=\"https:\/\/sites.utu.fi\/europeansocialsurvey\/wp-content\/uploads\/sites\/567\/2025\/08\/ESS12_SC_tietosuojaesite_A4_ruotsi_paino.pdf\">h\u00e4r<\/a>.<\/p>\n","protected":false},"excerpt":{"rendered":"<p>V\u00e4lkommen till unders\u00f6kningen V\u00e4rderingar och \u00e5sikter i Finland. Hur du deltar F\u00f6r att b\u00f6rja enk\u00e4ten, klicka p\u00e5 \u2019Starta enk\u00e4ten\u2019 knappen nedan som f\u00f6r dig vidare till en inloggningssida d\u00e4r du sedan matar in din svarskod. Om unders\u00f6kningen Unders\u00f6kningen V\u00e4rderingar och \u00e5sikter i Finland \u00e4r en unders\u00f6kning om sociala attityder, \u00f6vertygelser och beteenden av m\u00e4nniskor fr\u00e5n&#8230;<\/p>\n","protected":false},"author":3,"featured_media":0,"parent":0,"menu_order":0,"comment_status":"closed","ping_status":"closed","template":"","meta":{"_acf_changed":false,"_kad_blocks_custom_css":"","_kad_blocks_head_custom_js":"","_kad_blocks_body_custom_js":"","_kad_blocks_footer_custom_js":"","_kad_post_transparent":"","_kad_post_title":"","_kad_post_layout":"","_kad_post_sidebar_id":"","_kad_post_content_style":"","_kad_post_vertical_padding":"","_kad_post_feature":"","_kad_post_feature_position":"","_kad_post_header":false,"_kad_post_footer":false,"_kad_post_classname":"","footnotes":""},"class_list":["post-35","page","type-page","status-publish","hentry"],"acf":[],"lang":"sv","translations":{"sv":35,"fi":9},"taxonomy_info":[],"featured_image_src_large":false,"author_info":{"display_name":"utuwebmaster","author_link":"https:\/\/sites.utu.fi\/esskysely\/author\/utuwebmaster\/"},"comment_info":0,"pll_sync_post":[],"_links":{"self":[{"href":"https:\/\/sites.utu.fi\/esskysely\/wp-json\/wp\/v2\/pages\/35","targetHints":{"allow":["GET"]}}],"collection":[{"href":"https:\/\/sites.utu.fi\/esskysely\/wp-json\/wp\/v2\/pages"}],"about":[{"href":"https:\/\/sites.utu.fi\/esskysely\/wp-json\/wp\/v2\/types\/page"}],"author":[{"embeddable":true,"href":"https:\/\/sites.utu.fi\/esskysely\/wp-json\/wp\/v2\/users\/3"}],"replies":[{"embeddable":true,"href":"https:\/\/sites.utu.fi\/esskysely\/wp-json\/wp\/v2\/comments?post=35"}],"version-history":[{"count":7,"href":"https:\/\/sites.utu.fi\/esskysely\/wp-json\/wp\/v2\/pages\/35\/revisions"}],"predecessor-version":[{"id":80,"href":"https:\/\/sites.utu.fi\/esskysely\/wp-json\/wp\/v2\/pages\/35\/revisions\/80"}],"wp:attachment":[{"href":"https:\/\/sites.utu.fi\/esskysely\/wp-json\/wp\/v2\/media?parent=35"}],"curies":[{"name":"wp","href":"https:\/\/api.w.org\/{rel}","templated":true}]}}