{"id":9,"date":"2024-01-22T11:38:13","date_gmt":"2024-01-22T11:38:13","guid":{"rendered":"https:\/\/sites.utu.fi\/esskysely\/?page_id=9"},"modified":"2025-08-18T17:30:36","modified_gmt":"2025-08-18T14:30:36","slug":"etusivu","status":"publish","type":"page","link":"https:\/\/sites.utu.fi\/esskysely\/","title":{"rendered":"Arvot ja mielipiteet Suomessa"},"content":{"rendered":"\n<p>Tervetuloa  Arvot ja mielipiteet Suomessa -tutkimukseen!<\/p>\n\n\n\n<p><strong>N\u00e4in osallistut<\/strong><\/p>\n\n\n\n<p>Aloita kysely painamalla allaolevaa painiketta ja sy\u00f6tt\u00e4m\u00e4ll\u00e4 henkil\u00f6kohtainen vastauskoodisi.<\/p>\n\n\n<style>.wp-block-kadence-advancedbtn.kb-btns9_e035eb-68{gap:var(--global-kb-gap-xs, 0.5rem );justify-content:flex-start;align-items:center;}.kt-btns9_e035eb-68 .kt-button{font-weight:normal;font-style:normal;}<\/style>\n<div class=\"wp-block-kadence-advancedbtn kb-buttons-wrap kb-btns9_e035eb-68\"><style>ul.menu .wp-block-kadence-advancedbtn .kb-btn9_67deef-44.kb-button{width:initial;}.wp-block-kadence-advancedbtn .kb-btn9_67deef-44.kb-button{border-top-left-radius:0px;border-top-right-radius:0px;border-bottom-right-radius:0px;border-bottom-left-radius:0px;padding-top:var(--global-kb-spacing-xs, 1rem);padding-right:var(--global-kb-spacing-xs, 1rem);padding-bottom:var(--global-kb-spacing-xs, 1rem);padding-left:var(--global-kb-spacing-xs, 1rem);}.wp-block-kadence-advancedbtn .kb-btn9_67deef-44.kb-button:hover, .wp-block-kadence-advancedbtn .kb-btn9_67deef-44.kb-button:focus{border-top-color:var(--global-palette1, #3182CE);border-top-style:solid;border-right-color:var(--global-palette1, #3182CE);border-right-style:solid;border-bottom-color:var(--global-palette1, #3182CE);border-bottom-style:solid;border-left-color:var(--global-palette1, #3182CE);border-left-style:solid;}@media all and (max-width: 1024px){.wp-block-kadence-advancedbtn .kb-btn9_67deef-44.kb-button:hover, .wp-block-kadence-advancedbtn .kb-btn9_67deef-44.kb-button:focus{border-top-color:var(--global-palette1, #3182CE);border-top-style:solid;border-right-color:var(--global-palette1, #3182CE);border-right-style:solid;border-bottom-color:var(--global-palette1, #3182CE);border-bottom-style:solid;border-left-color:var(--global-palette1, #3182CE);border-left-style:solid;}}@media all and (max-width: 767px){.wp-block-kadence-advancedbtn .kb-btn9_67deef-44.kb-button:hover, .wp-block-kadence-advancedbtn .kb-btn9_67deef-44.kb-button:focus{border-top-color:var(--global-palette1, #3182CE);border-top-style:solid;border-right-color:var(--global-palette1, #3182CE);border-right-style:solid;border-bottom-color:var(--global-palette1, #3182CE);border-bottom-style:solid;border-left-color:var(--global-palette1, #3182CE);border-left-style:solid;}}<\/style><a class=\"kb-button kt-button button kb-btn9_67deef-44 kt-btn-size-standard kt-btn-width-type-auto kb-btn-global-fill  kt-btn-has-text-true kt-btn-has-svg-true  wp-block-kadence-singlebtn\" href=\"https:\/\/questionnaires.ess12.centerdata.nl\/essr12_main_1486_Finland?lang=fi_FI\" rel=\"noopener\"><span class=\"kt-btn-inner-text\">Aloita kysely<\/span><span class=\"kb-svg-icon-wrap kb-svg-icon-fe_arrowRight kt-btn-icon-side-right\"><svg viewBox=\"0 0 24 24\"  fill=\"none\" stroke=\"currentColor\" stroke-width=\"2\" stroke-linecap=\"round\" stroke-linejoin=\"round\" xmlns=\"http:\/\/www.w3.org\/2000\/svg\"  aria-hidden=\"true\"><line x1=\"5\" y1=\"12\" x2=\"19\" y2=\"12\"\/><polyline points=\"12 5 19 12 12 19\"\/><\/svg><\/span><\/a><\/div>\n\n\n\n<p><strong>Mit\u00e4 kysely koskee?<\/strong><\/p>\n\n\n\n<p>Arvot ja mielipiteet Suomessa -kysely kartoittaa ihmisten arvoja, asenteita ja mielipiteit\u00e4 useissa Euroopan maissa. T\u00e4m\u00e4nkertaisessa tutkimuksessa kysyt\u00e4\u00e4n mielipiteit\u00e4si monista asioista, kuten asuinalueestasi, hallituksen toiminnasta ja ymp\u00e4rist\u00f6st\u00e4.<\/p>\n\n\n\n<p><strong>Tarvitsetko apua?<\/strong><\/p>\n\n\n\n<p>Jos sinulla on kysytt\u00e4v\u00e4\u00e4, voit ottaa tutkimusryhm\u00e4\u00e4mme yhteytt\u00e4 s\u00e4hk\u00f6postitse ess-fi@utu.fi tai puhelimitse numeroon 050 412 4944.<\/p>\n\n\n\n<p><strong>Huolehdimme tietosuojastasi<\/strong><\/p>\n\n\n\n<p>Kuten saamassasi tietosuojaesitteess\u00e4 on kerrottu, sinulla on oikeus vastustaa henkil\u00f6tietojesi k\u00e4sittely\u00e4, pyyt\u00e4\u00e4 hallussamme olevien henkil\u00f6tietojen virheiden korjaamista tai henkil\u00f6tietojen poistamista ja kysy\u00e4 mit\u00e4 henkil\u00f6tietojasi meill\u00e4 on hallussamme. Sinulla on n\u00e4m\u00e4 oikeudet niin kauan kuin pystymme tunnistamaan sinut aineistosta. Sinulla on my\u00f6s oikeus pyyt\u00e4\u00e4 henkil\u00f6tietojesi k\u00e4sittelyn rajoittamista, eli pyyt\u00e4\u00e4 meit\u00e4 lopettamaan k\u00e4sittely ajaksi, jolloin niiden paikkansa pit\u00e4vyys tarkistetaan. Lis\u00e4ksi sinulla on oikeus tehd\u00e4 valitus Yhdistyneen kuningaskunnan tietosuojavaltuutetun toimistoon tai Suomen tietosuojavaltuutetun toimistoon.<\/p>\n\n\n\n<p><strong>Haluatko lis\u00e4tietoja?<\/strong><\/p>\n\n\n\n<p>Voit tutustua tutkimukseen my\u00f6s sivustoilla <a href=\"http:\/\/www.stat.fi\/kyselyt\/ess\" rel=\"noopener\">www.stat.fi\/kyselyt\/ess<\/a> ja <a href=\"http:\/\/utu.fi\/europeansocialsurvey\" rel=\"noopener\">utu.fi\/europeansocialsurvey<\/a> sek\u00e4 englanniksi osoitteessa <a href=\"http:\/\/www.europeansocialsurvey.org\" rel=\"noopener\">www.europeansocialsurvey.org<\/a>. Henkil\u00f6tietojen k\u00e4sittelyst\u00e4 l\u00f6yd\u00e4t lis\u00e4tietoja saamastasi tietosuojaesitteest\u00e4, jonka voit lukea my\u00f6s <a href=\"https:\/\/sites.utu.fi\/europeansocialsurvey\/wp-content\/uploads\/sites\/567\/2025\/08\/ESS12_SC_tietosuojaesite_A4_suomi_paino.pdf\">t\u00e4st\u00e4 linkist\u00e4<\/a>.<\/p>\n\n\n\n<p><\/p>\n","protected":false},"excerpt":{"rendered":"<p>Tervetuloa Arvot ja mielipiteet Suomessa -tutkimukseen! N\u00e4in osallistut Aloita kysely painamalla allaolevaa painiketta ja sy\u00f6tt\u00e4m\u00e4ll\u00e4 henkil\u00f6kohtainen vastauskoodisi. Mit\u00e4 kysely koskee? Arvot ja mielipiteet Suomessa -kysely kartoittaa ihmisten arvoja, asenteita ja mielipiteit\u00e4 useissa Euroopan maissa. T\u00e4m\u00e4nkertaisessa tutkimuksessa kysyt\u00e4\u00e4n mielipiteit\u00e4si monista asioista, kuten asuinalueestasi, hallituksen toiminnasta ja ymp\u00e4rist\u00f6st\u00e4. Tarvitsetko apua? Jos sinulla on kysytt\u00e4v\u00e4\u00e4, voit ottaa tutkimusryhm\u00e4\u00e4mme&#8230;<\/p>\n","protected":false},"author":3,"featured_media":0,"parent":0,"menu_order":0,"comment_status":"closed","ping_status":"closed","template":"","meta":{"_acf_changed":false,"_kad_blocks_custom_css":"","_kad_blocks_head_custom_js":"","_kad_blocks_body_custom_js":"","_kad_blocks_footer_custom_js":"","_kad_post_transparent":"default","_kad_post_title":"default","_kad_post_layout":"default","_kad_post_sidebar_id":"","_kad_post_content_style":"default","_kad_post_vertical_padding":"default","_kad_post_feature":"","_kad_post_feature_position":"","_kad_post_header":false,"_kad_post_footer":false,"_kad_post_classname":"","footnotes":""},"class_list":["post-9","page","type-page","status-publish","hentry"],"acf":[],"lang":"fi","translations":{"fi":9,"sv":35},"taxonomy_info":[],"featured_image_src_large":false,"author_info":{"display_name":"utuwebmaster","author_link":"https:\/\/sites.utu.fi\/esskysely\/author\/utuwebmaster\/"},"comment_info":0,"pll_sync_post":[],"_links":{"self":[{"href":"https:\/\/sites.utu.fi\/esskysely\/wp-json\/wp\/v2\/pages\/9","targetHints":{"allow":["GET"]}}],"collection":[{"href":"https:\/\/sites.utu.fi\/esskysely\/wp-json\/wp\/v2\/pages"}],"about":[{"href":"https:\/\/sites.utu.fi\/esskysely\/wp-json\/wp\/v2\/types\/page"}],"author":[{"embeddable":true,"href":"https:\/\/sites.utu.fi\/esskysely\/wp-json\/wp\/v2\/users\/3"}],"replies":[{"embeddable":true,"href":"https:\/\/sites.utu.fi\/esskysely\/wp-json\/wp\/v2\/comments?post=9"}],"version-history":[{"count":17,"href":"https:\/\/sites.utu.fi\/esskysely\/wp-json\/wp\/v2\/pages\/9\/revisions"}],"predecessor-version":[{"id":78,"href":"https:\/\/sites.utu.fi\/esskysely\/wp-json\/wp\/v2\/pages\/9\/revisions\/78"}],"wp:attachment":[{"href":"https:\/\/sites.utu.fi\/esskysely\/wp-json\/wp\/v2\/media?parent=9"}],"curies":[{"name":"wp","href":"https:\/\/api.w.org\/{rel}","templated":true}]}}