{"id":414,"date":"2026-01-22T13:49:45","date_gmt":"2026-01-22T11:49:45","guid":{"rendered":"https:\/\/sites.utu.fi\/europeansocialsurvey\/?page_id=414"},"modified":"2026-02-23T12:20:50","modified_gmt":"2026-02-23T10:20:50","slug":"mika-on-ess","status":"publish","type":"page","link":"https:\/\/sites.utu.fi\/europeansocialsurvey\/mika-on-ess\/","title":{"rendered":"Mik\u00e4 on ESS?"},"content":{"rendered":"<style>.kb-row-layout-wrap.wp-block-kadence-rowlayout.kb-row-layout-id414_d8e0af-6c{margin-top:0px;margin-bottom:var(--global-kb-spacing-lg, 3rem);}.kb-row-layout-id414_d8e0af-6c > .kt-row-column-wrap{align-content:center;}:where(.kb-row-layout-id414_d8e0af-6c > .kt-row-column-wrap) > .wp-block-kadence-column{justify-content:center;}.kb-row-layout-id414_d8e0af-6c > .kt-row-column-wrap{column-gap:var(--global-kb-gap-none, 0rem );row-gap:var(--global-kb-gap-none, 0rem );max-width:var( --global-content-width, 1440px );padding-left:var(--global-content-edge-padding);padding-right:var(--global-content-edge-padding);padding-top:2%;padding-right:0%;padding-bottom:2%;padding-left:5%;min-height:200px;grid-template-columns:minmax(0, 1fr);}.kb-row-layout-id414_d8e0af-6c{background-image:url('https:\/\/sites.utu.fi\/europeansocialsurvey\/wp-content\/uploads\/sites\/1528\/2026\/01\/ESS_FI_web_fp_herosection_600x600px.jpeg');background-size:cover;background-position:50% 61%;background-attachment:scroll;background-repeat:no-repeat;}.kb-row-layout-id414_d8e0af-6c > .kt-row-layout-overlay{opacity:0.30;}.kb-row-layout-id414_d8e0af-6c .kt-row-layout-bottom-sep{height:100px;}.kb-row-layout-id414_d8e0af-6c .kt-row-layout-bottom-sep svg{width:100%;}.kb-row-layout-id414_d8e0af-6c .kt-row-layout-bottom-sep svg{fill:#ffffff!important;}.kb-row-layout-id414_d8e0af-6c .kt-row-layout-top-sep{height:65px;}.kb-row-layout-id414_d8e0af-6c .kt-row-layout-top-sep svg{width:100%;}.kb-row-layout-id414_d8e0af-6c .kt-row-layout-top-sep svg{fill:var(--global-palette9, #ffffff)!important;}@media all and (max-width: 1024px){.kb-row-layout-id414_d8e0af-6c > .kt-row-column-wrap{column-gap:var(--global-kb-gap-md, 2rem);grid-template-columns:minmax(0, 1fr);}}@media all and (max-width: 1024px){.kb-row-layout-id414_d8e0af-6c .kt-row-layout-bottom-sep{height:px;}}@media all and (max-width: 1024px){.kb-row-layout-id414_d8e0af-6c .kt-row-layout-bottom-sep svg{width:%;}}@media all and (max-width: 767px){.kb-row-layout-id414_d8e0af-6c > .kt-row-column-wrap{row-gap:var(--global-kb-gap-sm, 1rem);padding-top:0%;padding-right:var(--global-kb-spacing-xxs, 0.5rem);padding-left:var(--global-kb-spacing-xxs, 0.5rem);grid-template-columns:minmax(0, 1fr);}.kb-row-layout-id414_d8e0af-6c .kt-row-layout-bottom-sep{height:px;}.kb-row-layout-id414_d8e0af-6c .kt-row-layout-bottom-sep svg{width:%;}}.kb-row-layout-id414_d8e0af-6c {max-height: 600px;}<\/style><div class=\"kb-row-layout-wrap kb-row-layout-id414_d8e0af-6c alignwide has-theme-palette3-background-color kt-row-has-bg wp-block-kadence-rowlayout\"><div class=\"kt-row-layout-bottom-sep kt-row-sep-type-waves\"><svg viewBox=\"0 0 1000 100\" preserveAspectRatio=\"none\"><path d=\"M1000,40c0,0 -120.077,-38.076 -250,-38c-129.923,0.076 -345.105,78 -500,78c-154.895,0 -250,-30 -250,-30l0,50l1000,0l0,-60Z\" \/><path d=\"M1000,40c0,0 -120.077,-38.076 -250,-38c-129.923,0.076 -345.105,73 -500,73c-154.895,0 -250,-45 -250,-45l0,70l1000,0l0,-60Z\" style=\"opacity: 0.4\" \/><path d=\"M1000,40c0,0 -120.077,-38.076 -250,-38c-129.923,0.076 -345.105,68 -500,68c-154.895,0 -250,-65 -250,-65l0,95l1000,0l0,-60Z\" style=\"opacity: 0.4\" \/><\/svg><\/div><div class=\"kt-row-column-wrap kt-has-1-columns kt-row-layout-equal kt-tab-layout-inherit kt-mobile-layout-row kt-row-valign-middle kb-theme-content-width\">\n<style>.kadence-column414_96ff1c-6e > .kt-inside-inner-col{display:flex;}.kadence-column414_96ff1c-6e > .kt-inside-inner-col{padding-top:var(--global-kb-spacing-xs, 1rem);padding-right:var(--global-kb-spacing-xs, 1rem);padding-bottom:var(--global-kb-spacing-xs, 1rem);padding-left:var(--global-kb-spacing-xs, 1rem);}.kadence-column414_96ff1c-6e > .kt-inside-inner-col,.kadence-column414_96ff1c-6e > .kt-inside-inner-col:before{border-top-left-radius:0px;border-top-right-radius:0px;border-bottom-right-radius:0px;border-bottom-left-radius:0px;}.kadence-column414_96ff1c-6e > .kt-inside-inner-col{row-gap:var(--global-kb-gap-none, 0rem );column-gap:var(--global-kb-gap-sm, 1rem);}.kadence-column414_96ff1c-6e > .kt-inside-inner-col{flex-direction:column;justify-content:space-evenly;align-items:flex-start;}.kadence-column414_96ff1c-6e > .kt-inside-inner-col > .kb-image-is-ratio-size{align-self:stretch;}.kadence-column414_96ff1c-6e > .kt-inside-inner-col > .wp-block-kadence-advancedgallery{align-self:stretch;}.kadence-column414_96ff1c-6e > .kt-inside-inner-col > .aligncenter{width:100%;}.kt-row-column-wrap > .kadence-column414_96ff1c-6e{align-self:center;}.kt-inner-column-height-full:not(.kt-has-1-columns) > .wp-block-kadence-column.kadence-column414_96ff1c-6e{align-self:auto;}.kt-inner-column-height-full:not(.kt-has-1-columns) > .wp-block-kadence-column.kadence-column414_96ff1c-6e > .kt-inside-inner-col{flex-direction:column;justify-content:space-evenly;}.kadence-column414_96ff1c-6e > .kt-inside-inner-col:before{opacity:0.3;}.kadence-column414_96ff1c-6e{text-align:left;}.kadence-column414_96ff1c-6e, .kadence-column414_96ff1c-6e h1, .kadence-column414_96ff1c-6e h2, .kadence-column414_96ff1c-6e h3, .kadence-column414_96ff1c-6e h4, .kadence-column414_96ff1c-6e h5, .kadence-column414_96ff1c-6e h6{color:var(--global-palette9, #ffffff);}.kadence-column414_96ff1c-6e{position:relative;}.kadence-column414_96ff1c-6e, .kt-inside-inner-col > .kadence-column414_96ff1c-6e:not(.specificity){margin-top:0px;margin-right:var(--global-kb-spacing-xs, 1rem);margin-bottom:0px;margin-left:0px;}@media all and (max-width: 1024px){.kt-row-column-wrap > .kadence-column414_96ff1c-6e{align-self:center;}}@media all and (max-width: 1024px){.kt-inner-column-height-full:not(.kt-has-1-columns) > .wp-block-kadence-column.kadence-column414_96ff1c-6e{align-self:auto;}}@media all and (max-width: 1024px){.kt-inner-column-height-full:not(.kt-has-1-columns) > .wp-block-kadence-column.kadence-column414_96ff1c-6e > .kt-inside-inner-col{flex-direction:column;justify-content:space-evenly;}}@media all and (max-width: 1024px){.kadence-column414_96ff1c-6e > .kt-inside-inner-col{flex-direction:column;justify-content:space-evenly;align-items:flex-start;}}@media all and (max-width: 767px){.kadence-column414_96ff1c-6e > .kt-inside-inner-col{padding-right:0px;padding-left:0px;flex-direction:column;justify-content:space-evenly;align-items:flex-start;}.kt-row-column-wrap > .kadence-column414_96ff1c-6e{align-self:center;}.kt-inner-column-height-full:not(.kt-has-1-columns) > .wp-block-kadence-column.kadence-column414_96ff1c-6e{align-self:auto;}.kt-inner-column-height-full:not(.kt-has-1-columns) > .wp-block-kadence-column.kadence-column414_96ff1c-6e > .kt-inside-inner-col{flex-direction:column;justify-content:space-evenly;}.kadence-column414_96ff1c-6e, .kt-inside-inner-col > .kadence-column414_96ff1c-6e:not(.specificity){margin-left:0px;}}<\/style>\n<div class=\"wp-block-kadence-column kadence-column414_96ff1c-6e kb-section-dir-vertical inner-column-2\"><div class=\"kt-inside-inner-col\"><style>.wp-block-kadence-advancedheading.kt-adv-heading414_ebfcfc-d6, .wp-block-kadence-advancedheading.kt-adv-heading414_ebfcfc-d6[data-kb-block=\"kb-adv-heading414_ebfcfc-d6\"]{text-align:left;font-size:var(--global-kb-font-size-lg, 2rem);font-weight:400;font-style:normal;}.wp-block-kadence-advancedheading.kt-adv-heading414_ebfcfc-d6 mark.kt-highlight, .wp-block-kadence-advancedheading.kt-adv-heading414_ebfcfc-d6[data-kb-block=\"kb-adv-heading414_ebfcfc-d6\"] mark.kt-highlight{font-style:normal;color:#f76a0c;-webkit-box-decoration-break:clone;box-decoration-break:clone;padding-top:0px;padding-right:0px;padding-bottom:0px;padding-left:0px;}.wp-block-kadence-advancedheading.kt-adv-heading414_ebfcfc-d6 img.kb-inline-image, .wp-block-kadence-advancedheading.kt-adv-heading414_ebfcfc-d6[data-kb-block=\"kb-adv-heading414_ebfcfc-d6\"] img.kb-inline-image{width:150px;vertical-align:baseline;}<\/style>\n<p class=\"kt-adv-heading414_ebfcfc-d6 wp-block-kadence-advancedheading\" data-kb-block=\"kb-adv-heading414_ebfcfc-d6\"><strong>Mik\u00e4 on European Social Survey?<\/strong><\/p>\n<\/div><\/div>\n\n<\/div><\/div>\n\n<style>.kb-row-layout-wrap.wp-block-kadence-rowlayout.kb-row-layout-id414_522a8f-46{margin-top:0px;margin-bottom:0px;}.kb-row-layout-id414_522a8f-46 > .kt-row-column-wrap{align-content:start;}:where(.kb-row-layout-id414_522a8f-46 > .kt-row-column-wrap) > .wp-block-kadence-column{justify-content:start;}.kb-row-layout-id414_522a8f-46 > .kt-row-column-wrap{column-gap:var(--global-kb-gap-none, 0rem );row-gap:var(--global-kb-gap-none, 0rem );padding-top:0px;padding-right:0px;padding-bottom:0px;padding-left:0px;grid-template-columns:minmax(0, 1fr) minmax(0, 2fr);}.kb-row-layout-id414_522a8f-46 > .kt-row-layout-overlay{opacity:0.30;}@media all and (max-width: 1024px){.kb-row-layout-id414_522a8f-46 > .kt-row-column-wrap{grid-template-columns:minmax(0, 1fr) minmax(0, 2fr);}}@media all and (max-width: 767px){.kb-row-layout-id414_522a8f-46 > .kt-row-column-wrap{grid-template-columns:minmax(0, 1fr);}}<\/style><div class=\"kb-row-layout-wrap kb-row-layout-id414_522a8f-46 alignnone has-theme-palette9-background-color kt-row-has-bg wp-block-kadence-rowlayout\"><div class=\"kt-row-column-wrap kt-has-2-columns kt-row-layout-right-golden kt-tab-layout-inherit kt-mobile-layout-row kt-row-valign-top\">\n<style>.kadence-column414_a22192-ad > .kt-inside-inner-col{display:flex;}.kadence-column414_a22192-ad > .kt-inside-inner-col{padding-top:20px;padding-right:20px;padding-bottom:20px;padding-left:20px;}.kadence-column414_a22192-ad > .kt-inside-inner-col{border-top:0px solid var(--global-palette3, #1A202C);border-right:0px dotted var(--global-palette3, #1A202C);border-bottom:0px solid var(--global-palette3, #1A202C);border-left:0px solid var(--global-palette3, #1A202C);}.kadence-column414_a22192-ad > .kt-inside-inner-col,.kadence-column414_a22192-ad > .kt-inside-inner-col:before{border-top-left-radius:0px;border-top-right-radius:0px;border-bottom-right-radius:0px;border-bottom-left-radius:0px;}.kadence-column414_a22192-ad > .kt-inside-inner-col{column-gap:var(--global-kb-gap-sm, 1rem);}.kadence-column414_a22192-ad > .kt-inside-inner-col{flex-direction:column;justify-content:flex-start;}.kadence-column414_a22192-ad > .kt-inside-inner-col > .aligncenter{width:100%;}.kt-row-column-wrap > .kadence-column414_a22192-ad{align-self:flex-start;}.kt-inner-column-height-full:not(.kt-has-1-columns) > .wp-block-kadence-column.kadence-column414_a22192-ad{align-self:auto;}.kt-inner-column-height-full:not(.kt-has-1-columns) > .wp-block-kadence-column.kadence-column414_a22192-ad > .kt-inside-inner-col{flex-direction:column;justify-content:flex-start;}.kadence-column414_a22192-ad > .kt-inside-inner-col:before{opacity:0.3;}.kadence-column414_a22192-ad{position:relative;}.kadence-column414_a22192-ad, .kt-inside-inner-col > .kadence-column414_a22192-ad:not(.specificity){margin-top:0px;margin-right:0px;margin-bottom:0px;margin-left:0px;}@media all and (max-width: 1024px){.kadence-column414_a22192-ad > .kt-inside-inner-col{border-top:0px solid var(--global-palette3, #1A202C);border-right:0px dotted var(--global-palette3, #1A202C);border-bottom:0px solid var(--global-palette3, #1A202C);border-left:0px solid var(--global-palette3, #1A202C);flex-direction:column;justify-content:flex-start;}}@media all and (max-width: 1024px){.kt-row-column-wrap > .kadence-column414_a22192-ad{align-self:flex-start;}}@media all and (max-width: 1024px){.kt-inner-column-height-full:not(.kt-has-1-columns) > .wp-block-kadence-column.kadence-column414_a22192-ad{align-self:auto;}}@media all and (max-width: 1024px){.kt-inner-column-height-full:not(.kt-has-1-columns) > .wp-block-kadence-column.kadence-column414_a22192-ad > .kt-inside-inner-col{flex-direction:column;justify-content:flex-start;}}@media all and (max-width: 767px){.kadence-column414_a22192-ad > .kt-inside-inner-col{border-top:0px solid var(--global-palette3, #1A202C);border-right:0px dotted var(--global-palette3, #1A202C);border-bottom:0px solid var(--global-palette3, #1A202C);border-left:0px solid var(--global-palette3, #1A202C);flex-direction:column;justify-content:flex-start;}.kt-row-column-wrap > .kadence-column414_a22192-ad{align-self:flex-start;}.kt-inner-column-height-full:not(.kt-has-1-columns) > .wp-block-kadence-column.kadence-column414_a22192-ad{align-self:auto;}.kt-inner-column-height-full:not(.kt-has-1-columns) > .wp-block-kadence-column.kadence-column414_a22192-ad > .kt-inside-inner-col{flex-direction:column;justify-content:flex-start;}}<\/style>\n<div class=\"wp-block-kadence-column kadence-column414_a22192-ad\"><div class=\"kt-inside-inner-col\">\n<p><iframe loading=\"lazy\" src=\"https:\/\/echo360.org.uk\/media\/b62781a7-f2ed-46ea-aabe-e11bbc59ec59\/public?autoplay=false&amp;automute=false\" width=\"600\" height=\"360\" frameborder=\"0\" allowfullscreen=\"allowfullscreen\"><\/iframe><\/p>\n\n\n\n<p class=\"has-md-font-size has-theme-palette-3-color has-text-color has-link-color has-small-font-size wp-elements-42e35ffd6fbb8b0a469cc890855ae68c\"><em>ESS:n kansallinen koordinaattori, professori Heikki Ervasti esitteli ESS-aineistoa European Social Surveyn, FIN-CLARINin, SHARE-Finlandin ja Tietoarkiston j\u00e4rjest\u00e4m\u00e4ss\u00e4 webinaarissa 4.11.2020.<\/em><\/p>\n\n\n\n<p class=\"has-theme-palette-3-color has-text-color has-link-color wp-elements-d85692406fa1a148a87c9da32b0f33b0\"><a href=\"https:\/\/www.youtube.com\/watch?v=LI8jf9kKZXs\" rel=\"noopener\"><strong>Katso my\u00f6s ESS:n kansainv\u00e4linen esittelyvideo YouTubessa<\/strong><\/a><\/p>\n<\/div><\/div>\n\n\n<style>.kadence-column414_670b2e-0a > .kt-inside-inner-col{padding-right:var(--global-kb-spacing-xs, 1rem);padding-bottom:var(--global-kb-spacing-sm, 1.5rem);padding-left:var(--global-kb-spacing-md, 2rem);}.kadence-column414_670b2e-0a > .kt-inside-inner-col,.kadence-column414_670b2e-0a > .kt-inside-inner-col:before{border-top-left-radius:0px;border-top-right-radius:0px;border-bottom-right-radius:0px;border-bottom-left-radius:0px;}.kadence-column414_670b2e-0a > .kt-inside-inner-col{column-gap:var(--global-kb-gap-sm, 1rem);}.kadence-column414_670b2e-0a > .kt-inside-inner-col{flex-direction:column;}.kadence-column414_670b2e-0a > .kt-inside-inner-col > .aligncenter{width:100%;}.kadence-column414_670b2e-0a > .kt-inside-inner-col:before{opacity:0.3;}.kadence-column414_670b2e-0a{position:relative;}.kadence-column414_670b2e-0a, .kt-inside-inner-col > .kadence-column414_670b2e-0a:not(.specificity){margin-top:-50px;}@media all and (max-width: 1024px){.kadence-column414_670b2e-0a > .kt-inside-inner-col{flex-direction:column;justify-content:center;}}@media all and (max-width: 767px){.kadence-column414_670b2e-0a > .kt-inside-inner-col{flex-direction:column;justify-content:center;}}<\/style>\n<div class=\"wp-block-kadence-column kadence-column414_670b2e-0a\"><div class=\"kt-inside-inner-col\">\n<p class=\"has-theme-palette-3-color has-text-color has-link-color wp-elements-66d5c8034f59da7664b751e08045a72b\">European Social Survey on tieteellisist\u00e4 l\u00e4ht\u00f6kohdista toteutettava vertaileva kyselytutkimus, joka kattaa yli 30 Euroopan ja l\u00e4hialueiden maata. ESS kartoittaa Euroopan maiden yhteiskunnallisen muutoksen ja v\u00e4est\u00f6n asenteiden, uskomusten ja k\u00e4ytt\u00e4ytymisen v\u00e4lisi\u00e4 suhteita. Kyselylomake koostuu sa\u200bmanlaisena toistuvasta ydinmoduulista sek\u00e4 vaihtuvista moduuleista, jotka suunnitellaan joka kierrokselle erikseen. Lis\u00e4ksi ns. lis\u00e4lomakkeen avulla seurataan arvojen muutoksia sek\u00e4 toteutetaan menetelm\u00e4llisi\u00e4 kokeita.<\/p>\n\n\n\n<p class=\"has-theme-palette-3-color has-text-color has-link-color wp-elements-dc89cd4ce90a7480c0c12dc88dbbeaff\">ESS:ss\u00e4 on kiinnitetty erityisesti huomiota menetelmien korkealaatuisuuteen ja aineiston helppok\u00e4ytt\u00f6isyyteen. Esimerkiksi otannan osalta ESS:ss\u00e4 k\u00e4ytet\u00e4\u00e4n pelk\u00e4st\u00e4\u00e4n yksinkertaista satunnaisotantaa ilman kiinti\u00f6intej\u00e4 ja tiedonkeruu toteutetaan ainoastaan k\u00e4yntihaastatteluilla. Kyselylomakkeen k\u00e4\u00e4nt\u00e4minen perustuu tiimity\u00f6n\u00e4 toteutettavaan TRAPD -menetelm\u00e4\u00e4n. Otosten koot vaihtelevat maittain yleens\u00e4 1200 ja 3000 havainnon v\u00e4lill\u00e4. Aineisto arkistoidaan helppok\u00e4ytt\u00f6iseen muotoon kaikkien tutkijoiden saataville. ESS \u2013aineisto on ker\u00e4tty kahden vuoden v\u00e4lein vuodesta 2002 l\u00e4htien.&nbsp; Vuodesta 2013 l\u00e4htien ESS on ollut Eurooppalainen tutkimusinfrastruktuurikonsortio, ESS ERIC.<\/p>\n\n\n\n<p class=\"has-theme-palette-3-color has-text-color has-link-color wp-elements-6b44fc6d5b6add6745f98b1df9828fb9\">ESS:n kansainv\u00e4lisen organisaation johtajana toimii professori Rory Fitzgerald (City St. George&#8217;s, University of London). Suomi on osallistunut ESS:\u00e4\u00e4n vuoden 2002 ensimm\u00e4isest\u00e4 kierroksesta l\u00e4htien. Suomen osalta ESS:\u00e4\u00e4 koordinoidaan Turun yliopiston sosiaalitieteiden laitoksella, ja kansallisena koordinaattorina on alusta alkaen toiminut sosiaalipolitiikan professori&nbsp;<a href=\"https:\/\/www.utu.fi\/fi\/ihmiset\/heikki-ervasti\" rel=\"noopener\"><strong>Heikki Ervasti<\/strong><\/a>. Kentt\u00e4ty\u00f6n Suomessa on jokaisella kierroksella toteuttanut Tilastokeskus, ja Suomen kansallista hanketta rahoittaa Suomen Akatemia.<\/p>\n\n\n\n<p class=\"has-theme-palette-3-color has-text-color has-link-color wp-elements-cbacd09608ba341174556202f40201fe\">Suomessa on yli 4000 ESS:n k\u00e4ytt\u00e4j\u00e4\u00e4. Aineistoa on Suomessa k\u00e4ytetty lukuisissa tieteellisiss\u00e4 artikkeleissa, graduissa ja v\u00e4it\u00f6skirjoissa. Yhteens\u00e4 eri puolilla maailmaa on yli 260 000 ESS-k\u00e4ytt\u00e4j\u00e4\u00e4 (tilanne tammikuussa 2025).<\/p>\n\n\n<style>.wp-block-kadence-advancedbtn.kb-btns414_bccee3-c0{gap:var(--global-kb-gap-xs, 0.5rem );justify-content:center;align-items:center;}.kt-btns414_bccee3-c0 .kt-button{font-weight:normal;font-style:normal;}.kt-btns414_bccee3-c0 .kt-btn-wrap-0{margin-right:5px;}.wp-block-kadence-advancedbtn.kt-btns414_bccee3-c0 .kt-btn-wrap-0 .kt-button{color:#555555;border-color:#555555;}.wp-block-kadence-advancedbtn.kt-btns414_bccee3-c0 .kt-btn-wrap-0 .kt-button:hover, .wp-block-kadence-advancedbtn.kt-btns414_bccee3-c0 .kt-btn-wrap-0 .kt-button:focus{color:#ffffff;border-color:#444444;}.wp-block-kadence-advancedbtn.kt-btns414_bccee3-c0 .kt-btn-wrap-0 .kt-button::before{display:none;}.wp-block-kadence-advancedbtn.kt-btns414_bccee3-c0 .kt-btn-wrap-0 .kt-button:hover, .wp-block-kadence-advancedbtn.kt-btns414_bccee3-c0 .kt-btn-wrap-0 .kt-button:focus{background:#444444;}<\/style>\n<div class=\"wp-block-kadence-advancedbtn kb-buttons-wrap kb-btns414_bccee3-c0\"><style>ul.menu .wp-block-kadence-advancedbtn .kb-btn414_8ffc5c-d7.kb-button{width:initial;}.wp-block-kadence-advancedbtn .kb-btn414_8ffc5c-d7.kb-button:hover, .wp-block-kadence-advancedbtn .kb-btn414_8ffc5c-d7.kb-button:focus{border-top-color:var(--global-palette1, #3182CE);border-top-style:solid;border-right-color:var(--global-palette1, #3182CE);border-right-style:solid;border-bottom-color:var(--global-palette1, #3182CE);border-bottom-style:solid;border-left-color:var(--global-palette1, #3182CE);border-left-style:solid;}@media all and (max-width: 1024px){.wp-block-kadence-advancedbtn .kb-btn414_8ffc5c-d7.kb-button:hover, .wp-block-kadence-advancedbtn .kb-btn414_8ffc5c-d7.kb-button:focus{border-top-color:var(--global-palette1, #3182CE);border-top-style:solid;border-right-color:var(--global-palette1, #3182CE);border-right-style:solid;border-bottom-color:var(--global-palette1, #3182CE);border-bottom-style:solid;border-left-color:var(--global-palette1, #3182CE);border-left-style:solid;}}@media all and (max-width: 767px){.wp-block-kadence-advancedbtn .kb-btn414_8ffc5c-d7.kb-button:hover, .wp-block-kadence-advancedbtn .kb-btn414_8ffc5c-d7.kb-button:focus{border-top-color:var(--global-palette1, #3182CE);border-top-style:solid;border-right-color:var(--global-palette1, #3182CE);border-right-style:solid;border-bottom-color:var(--global-palette1, #3182CE);border-bottom-style:solid;border-left-color:var(--global-palette1, #3182CE);border-left-style:solid;}}<\/style><a class=\"kb-button kt-button button kb-btn414_8ffc5c-d7 kt-btn-size-standard kt-btn-width-type-auto kb-btn-global-inherit  kt-btn-has-text-true kt-btn-has-svg-true  wp-block-button__link wp-block-kadence-singlebtn\" href=\"https:\/\/sites.utu.fi\/europeansocialsurvey\/suomen-rooli\/\"><span class=\"kt-btn-inner-text\">Suomen rooli ESS:ss\u00e4<\/span><span class=\"kb-svg-icon-wrap kb-svg-icon-fas_arrow-right kt-btn-icon-side-right\"><svg viewBox=\"0 0 448 512\"  fill=\"currentColor\" xmlns=\"http:\/\/www.w3.org\/2000\/svg\"  aria-hidden=\"true\"><path d=\"M190.5 66.9l22.2-22.2c9.4-9.4 24.6-9.4 33.9 0L441 239c9.4 9.4 9.4 24.6 0 33.9L246.6 467.3c-9.4 9.4-24.6 9.4-33.9 0l-22.2-22.2c-9.5-9.5-9.3-25 .4-34.3L311.4 296H24c-13.3 0-24-10.7-24-24v-32c0-13.3 10.7-24 24-24h287.4L190.9 101.2c-9.8-9.3-10-24.8-.4-34.3z\"\/><\/svg><\/span><\/a><\/div>\n\n\n<style>.wp-block-kadence-advancedheading.kt-adv-heading414_3e5eed-70, .wp-block-kadence-advancedheading.kt-adv-heading414_3e5eed-70[data-kb-block=\"kb-adv-heading414_3e5eed-70\"]{font-style:normal;}.wp-block-kadence-advancedheading.kt-adv-heading414_3e5eed-70 mark.kt-highlight, .wp-block-kadence-advancedheading.kt-adv-heading414_3e5eed-70[data-kb-block=\"kb-adv-heading414_3e5eed-70\"] mark.kt-highlight{font-style:normal;color:#f76a0c;-webkit-box-decoration-break:clone;box-decoration-break:clone;padding-top:0px;padding-right:0px;padding-bottom:0px;padding-left:0px;}.wp-block-kadence-advancedheading.kt-adv-heading414_3e5eed-70 img.kb-inline-image, .wp-block-kadence-advancedheading.kt-adv-heading414_3e5eed-70[data-kb-block=\"kb-adv-heading414_3e5eed-70\"] img.kb-inline-image{width:150px;vertical-align:baseline;}<\/style>\n<h4 class=\"kt-adv-heading414_3e5eed-70 wp-block-kadence-advancedheading has-theme-palette-3-color has-text-color\" data-kb-block=\"kb-adv-heading414_3e5eed-70\">Suomen ESS-tiimi:<\/h4>\n\n\n\n<p class=\"has-theme-palette-3-color has-text-color has-link-color wp-elements-0fb35919f0d917b7a1043b2e01d024b9\">ESS:n kansallinen koordinaattori, Turun yliopiston sosiaalipolitiikan professori Heikki Ervasti johtaa Suomen ESS-tiimi\u00e4. Tiimin j\u00e4senet ovat: <\/p>\n\n\n\n<ul class=\"wp-block-list\">\n<li class=\"has-theme-palette-3-color has-text-color has-link-color wp-elements-ae0546a80b2b97fc905d5e640178d02e\">Professori Heikki Ervasti<\/li>\n\n\n\n<li class=\"has-theme-palette-3-color has-text-color has-link-color wp-elements-afe06962ade26cac729fc8931d39b27c\">Erikoistutkija Takis Venetoklis<\/li>\n\n\n\n<li class=\"has-theme-palette-3-color has-text-color has-link-color wp-elements-33bc6063dc868e0b1c9fb8b85422f509\">Projektitutkija Sami Mustikkamaa<\/li>\n\n\n\n<li class=\"has-theme-palette-3-color has-text-color has-link-color wp-elements-779dee38239ec7614c0d635b6eea1c47\">Projektitutkija Mari Anttila<\/li>\n\n\n\n<li class=\"has-theme-palette-3-color has-text-color has-link-color wp-elements-ca239da8ba445a3086eda03a436fa169\">Projektitutkija Santeri Ahtikari<\/li>\n\n\n\n<li class=\"has-theme-palette-3-color has-text-color has-link-color wp-elements-f5c8dfa34f35b239acbe732d9242dd93\">Tutkimusavustaja Ilari T\u00f6r\u00f6nen<\/li>\n<\/ul>\n\n\n\n<p class=\"has-theme-palette-3-color has-text-color has-link-color wp-elements-46ac319f4a6b7d3b6a9f7c11dd81c439\">ESS:n Suomen osuutta koskevat tiedustelut voi osoittaa Suomen ESS-tiimille s\u00e4hk\u00f6postitse: ess-fi@utu.fi.<\/p>\n<\/div><\/div>\n\n<\/div><\/div>","protected":false},"excerpt":{"rendered":"<p>Mik\u00e4 on European Social Survey? ESS:n kansallinen koordinaattori, professori Heikki Ervasti esitteli ESS-aineistoa European Social Surveyn, FIN-CLARINin, SHARE-Finlandin ja Tietoarkiston j\u00e4rjest\u00e4m\u00e4ss\u00e4 webinaarissa 4.11.2020. Katso my\u00f6s ESS:n kansainv\u00e4linen esittelyvideo YouTubessa European Social Survey on tieteellisist\u00e4 l\u00e4ht\u00f6kohdista toteutettava vertaileva kyselytutkimus, joka kattaa yli 30 Euroopan ja l\u00e4hialueiden maata. ESS kartoittaa Euroopan maiden yhteiskunnallisen muutoksen ja v\u00e4est\u00f6n asenteiden,&#8230;<\/p>\n","protected":false},"author":4893,"featured_media":0,"parent":0,"menu_order":0,"comment_status":"closed","ping_status":"closed","template":"","meta":{"_acf_changed":false,"_kad_blocks_custom_css":"","_kad_blocks_head_custom_js":"","_kad_blocks_body_custom_js":"","_kad_blocks_footer_custom_js":"","_kad_post_transparent":"default","_kad_post_title":"hide","_kad_post_layout":"normal","_kad_post_sidebar_id":"","_kad_post_content_style":"default","_kad_post_vertical_padding":"default","_kad_post_feature":"","_kad_post_feature_position":"","_kad_post_header":false,"_kad_post_footer":false,"_kad_post_classname":"","footnotes":""},"class_list":["post-414","page","type-page","status-publish","hentry"],"acf":[],"lang":"fi","translations":{"fi":414},"taxonomy_info":[],"featured_image_src_large":false,"author_info":{"display_name":"Ilari T\u00f6r\u00f6nen","author_link":"https:\/\/sites.utu.fi\/europeansocialsurvey\/author\/iltoroutufi\/"},"comment_info":0,"pll_sync_post":[],"_links":{"self":[{"href":"https:\/\/sites.utu.fi\/europeansocialsurvey\/wp-json\/wp\/v2\/pages\/414","targetHints":{"allow":["GET"]}}],"collection":[{"href":"https:\/\/sites.utu.fi\/europeansocialsurvey\/wp-json\/wp\/v2\/pages"}],"about":[{"href":"https:\/\/sites.utu.fi\/europeansocialsurvey\/wp-json\/wp\/v2\/types\/page"}],"author":[{"embeddable":true,"href":"https:\/\/sites.utu.fi\/europeansocialsurvey\/wp-json\/wp\/v2\/users\/4893"}],"replies":[{"embeddable":true,"href":"https:\/\/sites.utu.fi\/europeansocialsurvey\/wp-json\/wp\/v2\/comments?post=414"}],"version-history":[{"count":23,"href":"https:\/\/sites.utu.fi\/europeansocialsurvey\/wp-json\/wp\/v2\/pages\/414\/revisions"}],"predecessor-version":[{"id":823,"href":"https:\/\/sites.utu.fi\/europeansocialsurvey\/wp-json\/wp\/v2\/pages\/414\/revisions\/823"}],"wp:attachment":[{"href":"https:\/\/sites.utu.fi\/europeansocialsurvey\/wp-json\/wp\/v2\/media?parent=414"}],"curies":[{"name":"wp","href":"https:\/\/api.w.org\/{rel}","templated":true}]}}