{"id":843,"date":"2026-03-18T14:24:08","date_gmt":"2026-03-18T12:24:08","guid":{"rendered":"https:\/\/sites.utu.fi\/europeansocialsurvey\/?page_id=843"},"modified":"2026-03-18T14:27:16","modified_gmt":"2026-03-18T12:27:16","slug":"jatkotutkimus","status":"publish","type":"page","link":"https:\/\/sites.utu.fi\/europeansocialsurvey\/jatkotutkimus\/","title":{"rendered":"Arvot ja mielipiteet Suomessa -jatkotutkimus"},"content":{"rendered":"<style>.kb-row-layout-wrap.wp-block-kadence-rowlayout.kb-row-layout-id843_047472-20{margin-top:0px;margin-bottom:var(--global-kb-spacing-lg, 3rem);}.kb-row-layout-id843_047472-20 > .kt-row-column-wrap{align-content:center;}:where(.kb-row-layout-id843_047472-20 > .kt-row-column-wrap) > .wp-block-kadence-column{justify-content:center;}.kb-row-layout-id843_047472-20 > .kt-row-column-wrap{column-gap:var(--global-kb-gap-none, 0rem );row-gap:var(--global-kb-gap-none, 0rem );max-width:var( --global-content-width, 1440px );padding-left:var(--global-content-edge-padding);padding-right:var(--global-content-edge-padding);padding-top:2%;padding-right:0%;padding-bottom:2%;padding-left:5%;min-height:200px;grid-template-columns:minmax(0, 1fr);}.kb-row-layout-id843_047472-20{background-image:url('https:\/\/sites.utu.fi\/europeansocialsurvey\/wp-content\/uploads\/sites\/1528\/2026\/01\/ESS_FI_web_fp_herosection_600x600px.jpeg');background-size:cover;background-position:50% 61%;background-attachment:scroll;background-repeat:no-repeat;}.kb-row-layout-id843_047472-20 > .kt-row-layout-overlay{opacity:0.30;}.kb-row-layout-id843_047472-20 .kt-row-layout-bottom-sep{height:100px;}.kb-row-layout-id843_047472-20 .kt-row-layout-bottom-sep svg{width:100%;}.kb-row-layout-id843_047472-20 .kt-row-layout-bottom-sep svg{fill:#ffffff!important;}.kb-row-layout-id843_047472-20 .kt-row-layout-top-sep{height:65px;}.kb-row-layout-id843_047472-20 .kt-row-layout-top-sep svg{width:100%;}.kb-row-layout-id843_047472-20 .kt-row-layout-top-sep svg{fill:var(--global-palette9, #ffffff)!important;}@media all and (max-width: 1024px){.kb-row-layout-id843_047472-20 > .kt-row-column-wrap{column-gap:var(--global-kb-gap-md, 2rem);grid-template-columns:minmax(0, 1fr);}}@media all and (max-width: 1024px){.kb-row-layout-id843_047472-20 .kt-row-layout-bottom-sep{height:px;}}@media all and (max-width: 1024px){.kb-row-layout-id843_047472-20 .kt-row-layout-bottom-sep svg{width:%;}}@media all and (max-width: 767px){.kb-row-layout-id843_047472-20 > .kt-row-column-wrap{row-gap:var(--global-kb-gap-sm, 1rem);padding-top:0%;padding-right:var(--global-kb-spacing-xxs, 0.5rem);padding-left:var(--global-kb-spacing-xxs, 0.5rem);grid-template-columns:minmax(0, 1fr);}.kb-row-layout-id843_047472-20 .kt-row-layout-bottom-sep{height:px;}.kb-row-layout-id843_047472-20 .kt-row-layout-bottom-sep svg{width:%;}}.kb-row-layout-id843_047472-20 {max-height: 600px;}<\/style><div class=\"kb-row-layout-wrap kb-row-layout-id843_047472-20 alignwide has-theme-palette3-background-color kt-row-has-bg wp-block-kadence-rowlayout\"><div class=\"kt-row-layout-bottom-sep kt-row-sep-type-waves\"><svg viewBox=\"0 0 1000 100\" preserveAspectRatio=\"none\"><path d=\"M1000,40c0,0 -120.077,-38.076 -250,-38c-129.923,0.076 -345.105,78 -500,78c-154.895,0 -250,-30 -250,-30l0,50l1000,0l0,-60Z\" \/><path d=\"M1000,40c0,0 -120.077,-38.076 -250,-38c-129.923,0.076 -345.105,73 -500,73c-154.895,0 -250,-45 -250,-45l0,70l1000,0l0,-60Z\" style=\"opacity: 0.4\" \/><path d=\"M1000,40c0,0 -120.077,-38.076 -250,-38c-129.923,0.076 -345.105,68 -500,68c-154.895,0 -250,-65 -250,-65l0,95l1000,0l0,-60Z\" style=\"opacity: 0.4\" \/><\/svg><\/div><div class=\"kt-row-column-wrap kt-has-1-columns kt-row-layout-equal kt-tab-layout-inherit kt-mobile-layout-row kt-row-valign-middle kb-theme-content-width\">\n<style>.kadence-column843_12d102-f8 > .kt-inside-inner-col{display:flex;}.kadence-column843_12d102-f8 > .kt-inside-inner-col{padding-top:var(--global-kb-spacing-xs, 1rem);padding-right:var(--global-kb-spacing-xs, 1rem);padding-bottom:var(--global-kb-spacing-xs, 1rem);padding-left:var(--global-kb-spacing-xs, 1rem);}.kadence-column843_12d102-f8 > .kt-inside-inner-col,.kadence-column843_12d102-f8 > .kt-inside-inner-col:before{border-top-left-radius:0px;border-top-right-radius:0px;border-bottom-right-radius:0px;border-bottom-left-radius:0px;}.kadence-column843_12d102-f8 > .kt-inside-inner-col{row-gap:var(--global-kb-gap-none, 0rem );column-gap:var(--global-kb-gap-sm, 1rem);}.kadence-column843_12d102-f8 > .kt-inside-inner-col{flex-direction:column;justify-content:space-evenly;align-items:flex-start;}.kadence-column843_12d102-f8 > .kt-inside-inner-col > .kb-image-is-ratio-size{align-self:stretch;}.kadence-column843_12d102-f8 > .kt-inside-inner-col > .wp-block-kadence-advancedgallery{align-self:stretch;}.kadence-column843_12d102-f8 > .kt-inside-inner-col > .aligncenter{width:100%;}.kt-row-column-wrap > .kadence-column843_12d102-f8{align-self:center;}.kt-inner-column-height-full:not(.kt-has-1-columns) > .wp-block-kadence-column.kadence-column843_12d102-f8{align-self:auto;}.kt-inner-column-height-full:not(.kt-has-1-columns) > .wp-block-kadence-column.kadence-column843_12d102-f8 > .kt-inside-inner-col{flex-direction:column;justify-content:space-evenly;}.kadence-column843_12d102-f8 > .kt-inside-inner-col:before{opacity:0.3;}.kadence-column843_12d102-f8{text-align:left;}.kadence-column843_12d102-f8, .kadence-column843_12d102-f8 h1, .kadence-column843_12d102-f8 h2, .kadence-column843_12d102-f8 h3, .kadence-column843_12d102-f8 h4, .kadence-column843_12d102-f8 h5, .kadence-column843_12d102-f8 h6{color:var(--global-palette9, #ffffff);}.kadence-column843_12d102-f8{position:relative;}.kadence-column843_12d102-f8, .kt-inside-inner-col > .kadence-column843_12d102-f8:not(.specificity){margin-top:0px;margin-right:var(--global-kb-spacing-xs, 1rem);margin-bottom:0px;margin-left:0px;}@media all and (max-width: 1024px){.kt-row-column-wrap > .kadence-column843_12d102-f8{align-self:center;}}@media all and (max-width: 1024px){.kt-inner-column-height-full:not(.kt-has-1-columns) > .wp-block-kadence-column.kadence-column843_12d102-f8{align-self:auto;}}@media all and (max-width: 1024px){.kt-inner-column-height-full:not(.kt-has-1-columns) > .wp-block-kadence-column.kadence-column843_12d102-f8 > .kt-inside-inner-col{flex-direction:column;justify-content:space-evenly;}}@media all and (max-width: 1024px){.kadence-column843_12d102-f8 > .kt-inside-inner-col{flex-direction:column;justify-content:space-evenly;align-items:flex-start;}}@media all and (max-width: 767px){.kadence-column843_12d102-f8 > .kt-inside-inner-col{padding-right:0px;padding-left:0px;flex-direction:column;justify-content:space-evenly;align-items:flex-start;}.kt-row-column-wrap > .kadence-column843_12d102-f8{align-self:center;}.kt-inner-column-height-full:not(.kt-has-1-columns) > .wp-block-kadence-column.kadence-column843_12d102-f8{align-self:auto;}.kt-inner-column-height-full:not(.kt-has-1-columns) > .wp-block-kadence-column.kadence-column843_12d102-f8 > .kt-inside-inner-col{flex-direction:column;justify-content:space-evenly;}.kadence-column843_12d102-f8, .kt-inside-inner-col > .kadence-column843_12d102-f8:not(.specificity){margin-left:0px;}}<\/style>\n<div class=\"wp-block-kadence-column kadence-column843_12d102-f8 kb-section-dir-vertical inner-column-2\"><div class=\"kt-inside-inner-col\"><style>.wp-block-kadence-advancedheading.kt-adv-heading843_916a35-06, .wp-block-kadence-advancedheading.kt-adv-heading843_916a35-06[data-kb-block=\"kb-adv-heading843_916a35-06\"]{text-align:left;font-size:var(--global-kb-font-size-lg, 2rem);font-weight:400;font-style:normal;}.wp-block-kadence-advancedheading.kt-adv-heading843_916a35-06 mark.kt-highlight, .wp-block-kadence-advancedheading.kt-adv-heading843_916a35-06[data-kb-block=\"kb-adv-heading843_916a35-06\"] mark.kt-highlight{font-style:normal;color:#f76a0c;-webkit-box-decoration-break:clone;box-decoration-break:clone;padding-top:0px;padding-right:0px;padding-bottom:0px;padding-left:0px;}.wp-block-kadence-advancedheading.kt-adv-heading843_916a35-06 img.kb-inline-image, .wp-block-kadence-advancedheading.kt-adv-heading843_916a35-06[data-kb-block=\"kb-adv-heading843_916a35-06\"] img.kb-inline-image{width:150px;vertical-align:baseline;}<\/style>\n<p class=\"kt-adv-heading843_916a35-06 wp-block-kadence-advancedheading\" data-kb-block=\"kb-adv-heading843_916a35-06\"><strong>Arvot ja mielipiteet Suomessa -jatkotutkimus<\/strong><\/p>\n<\/div><\/div>\n\n<\/div><\/div>\n\n<style>.kb-row-layout-wrap.wp-block-kadence-rowlayout.kb-row-layout-id843_410f5c-35{margin-top:0px;margin-bottom:0px;}.kb-row-layout-id843_410f5c-35 > .kt-row-column-wrap{align-content:start;}:where(.kb-row-layout-id843_410f5c-35 > .kt-row-column-wrap) > .wp-block-kadence-column{justify-content:start;}.kb-row-layout-id843_410f5c-35 > .kt-row-column-wrap{column-gap:var(--global-kb-gap-none, 0rem );row-gap:var(--global-kb-gap-none, 0rem );padding-top:0px;padding-right:var(--global-kb-spacing-3xl, 6.5rem);padding-bottom:0px;padding-left:var(--global-kb-spacing-3xl, 6.5rem);grid-template-columns:minmax(0, 1fr);}.kb-row-layout-id843_410f5c-35 > .kt-row-layout-overlay{opacity:0.30;}@media all and (max-width: 1024px){.kb-row-layout-id843_410f5c-35 > .kt-row-column-wrap{grid-template-columns:minmax(0, 1fr);}}@media all and (max-width: 767px){.kb-row-layout-id843_410f5c-35 > .kt-row-column-wrap{grid-template-columns:minmax(0, 1fr);}}<\/style><div class=\"kb-row-layout-wrap kb-row-layout-id843_410f5c-35 alignnone has-theme-palette9-background-color kt-row-has-bg wp-block-kadence-rowlayout\"><div class=\"kt-row-column-wrap kt-has-1-columns kt-row-layout-equal kt-tab-layout-inherit kt-mobile-layout-row kt-row-valign-top\">\n<style>.kadence-column843_9b6270-30 > .kt-inside-inner-col{padding-right:var(--global-kb-spacing-xs, 1rem);padding-bottom:var(--global-kb-spacing-sm, 1.5rem);padding-left:var(--global-kb-spacing-md, 2rem);}.kadence-column843_9b6270-30 > .kt-inside-inner-col,.kadence-column843_9b6270-30 > .kt-inside-inner-col:before{border-top-left-radius:0px;border-top-right-radius:0px;border-bottom-right-radius:0px;border-bottom-left-radius:0px;}.kadence-column843_9b6270-30 > .kt-inside-inner-col{column-gap:var(--global-kb-gap-sm, 1rem);}.kadence-column843_9b6270-30 > .kt-inside-inner-col{flex-direction:column;}.kadence-column843_9b6270-30 > .kt-inside-inner-col > .aligncenter{width:100%;}.kadence-column843_9b6270-30 > .kt-inside-inner-col:before{opacity:0.3;}.kadence-column843_9b6270-30{position:relative;}.kadence-column843_9b6270-30, .kt-inside-inner-col > .kadence-column843_9b6270-30:not(.specificity){margin-top:0px;}@media all and (max-width: 1024px){.kadence-column843_9b6270-30 > .kt-inside-inner-col{flex-direction:column;justify-content:center;}}@media all and (max-width: 767px){.kadence-column843_9b6270-30 > .kt-inside-inner-col{flex-direction:column;justify-content:center;}}<\/style>\n<div class=\"wp-block-kadence-column kadence-column843_9b6270-30\"><div class=\"kt-inside-inner-col\">\n<p class=\"has-theme-palette-3-color has-text-color has-link-color wp-elements-3715e45263505a7f697dc20f9ce3e1c1\">Arvot ja mielipiteet Suomessa \u2013jatkotutkimus kartoittaa suomalaisten arvoja ja asenteita laajalti eri aihealueista, esimerkiksi ty\u00f6el\u00e4m\u00e4st\u00e4 ja koulutuksesta, ymp\u00e4rist\u00f6st\u00e4, terveydest\u00e4, digitalisaatiosta sek\u00e4 tasa-arvosta. Tutkimukseen osallistuvat on valittu tilastollisen otannan perusteella. Tutkimus tuottaa uutta tietoa yhteiskunnasta tutkijoiden ja p\u00e4\u00e4t\u00f6ksentekij\u00f6iden k\u00e4ytt\u00f6\u00f6n.<\/p>\n\n\n<style>.kb-image843_df2031-e9 .kb-image-has-overlay:after{opacity:0.3;}<\/style>\n<figure class=\"wp-block-kadence-image kb-image843_df2031-e9 size-full\"><img loading=\"lazy\" decoding=\"async\" width=\"958\" height=\"151\" src=\"https:\/\/sites.utu.fi\/europeansocialsurvey\/wp-content\/uploads\/sites\/1528\/2026\/03\/cronos3_kuvat.png\" alt=\"cronos3_kuvat\" class=\"kb-img wp-image-844\" srcset=\"https:\/\/sites.utu.fi\/europeansocialsurvey\/wp-content\/uploads\/sites\/1528\/2026\/03\/cronos3_kuvat.png 958w, https:\/\/sites.utu.fi\/europeansocialsurvey\/wp-content\/uploads\/sites\/1528\/2026\/03\/cronos3_kuvat-300x47.png 300w, https:\/\/sites.utu.fi\/europeansocialsurvey\/wp-content\/uploads\/sites\/1528\/2026\/03\/cronos3_kuvat-768x121.png 768w, https:\/\/sites.utu.fi\/europeansocialsurvey\/wp-content\/uploads\/sites\/1528\/2026\/03\/cronos3_kuvat-168x26.png 168w, https:\/\/sites.utu.fi\/europeansocialsurvey\/wp-content\/uploads\/sites\/1528\/2026\/03\/cronos3_kuvat-190x30.png 190w\" sizes=\"auto, (max-width: 958px) 100vw, 958px\" \/><\/figure>\n\n\n\n<p class=\"has-theme-palette-3-color has-text-color has-link-color wp-elements-9f78c33b88d3aca00bd39ae4a1d03637\">Tutkimus k\u00e4sitt\u00e4\u00e4 korkeintaan kahdeksan 30 minuutin mittaista kysely\u00e4 seuraavan kahden vuoden aikana. Kyselyt toteutetaan noin kahden kuukauden v\u00e4lein syyskuusta 2024 alkaen. Osallistujat saavat kiitokseksi viiden euron arvoisen lahjakortin jokaista kysely\u00e4 kohtaan.<\/p>\n\n\n<style>.kb-image843_14854e-c1 .kb-image-has-overlay:after{opacity:0.3;}<\/style>\n<figure class=\"wp-block-kadence-image kb-image843_14854e-c1 size-full\"><img loading=\"lazy\" decoding=\"async\" width=\"1741\" height=\"479\" src=\"https:\/\/sites.utu.fi\/europeansocialsurvey\/wp-content\/uploads\/sites\/1528\/2026\/03\/cronos_infokuva.png\" alt=\"cronos_infokuva\" class=\"kb-img wp-image-845\" srcset=\"https:\/\/sites.utu.fi\/europeansocialsurvey\/wp-content\/uploads\/sites\/1528\/2026\/03\/cronos_infokuva.png 1741w, https:\/\/sites.utu.fi\/europeansocialsurvey\/wp-content\/uploads\/sites\/1528\/2026\/03\/cronos_infokuva-300x83.png 300w, https:\/\/sites.utu.fi\/europeansocialsurvey\/wp-content\/uploads\/sites\/1528\/2026\/03\/cronos_infokuva-1024x282.png 1024w, https:\/\/sites.utu.fi\/europeansocialsurvey\/wp-content\/uploads\/sites\/1528\/2026\/03\/cronos_infokuva-768x211.png 768w, https:\/\/sites.utu.fi\/europeansocialsurvey\/wp-content\/uploads\/sites\/1528\/2026\/03\/cronos_infokuva-1536x423.png 1536w, https:\/\/sites.utu.fi\/europeansocialsurvey\/wp-content\/uploads\/sites\/1528\/2026\/03\/cronos_infokuva-168x46.png 168w, https:\/\/sites.utu.fi\/europeansocialsurvey\/wp-content\/uploads\/sites\/1528\/2026\/03\/cronos_infokuva-190x52.png 190w\" sizes=\"auto, (max-width: 1741px) 100vw, 1741px\" \/><\/figure>\n\n\n\n<p class=\"has-theme-palette-3-color has-text-color has-link-color wp-elements-2eb523dc52cb8778a4ad68f464ad3daa\">Jokaiseen kyselykierrokseen osallistuminen on t\u00e4ysin vapaaehtoista. Osallistujat voivat valita mihin kyselyihin ja kysymyksiin haluavat vastata, ja voivat j\u00e4tt\u00e4yty\u00e4 pois tutkimuksesta miss\u00e4 vaiheessa tahansa.<\/p>\n\n\n\n<p class=\"has-theme-palette-3-color has-text-color has-link-color wp-elements-ee3051c369314ffec6de4ae2a1b2b7f0\">Tietojasi k\u00e4sitell\u00e4\u00e4n ehdottoman luottamuksellisesti ja EU:n yleisen tietosuoja-asetuksen (GDPR), Yhdistyneen kuningaskunnan GDPR:n ja Suomen kansallisen tietosuojalains\u00e4\u00e4d\u00e4nn\u00f6n mukaisesti. K\u00e4yt\u00e4mme henkil\u00f6kohtaisia yhteystietojasi (esim. s\u00e4hk\u00f6postiosoitetta tai puhelinnumeroa) vain ottaaksemme sinuun yhteytt\u00e4 tutkimuksen tiimoilta. Lis\u00e4tietoja henkil\u00f6tietojesi k\u00e4sittelyst\u00e4 l\u00f6yd\u00e4t tietoturvaselosteesta.<\/p>\n\n\n\n<p class=\"has-theme-palette-3-color has-text-color has-link-color wp-elements-db7ae14620d36a069da1369fc78f44dd\">Halutessasi voit ottaa meihin yhteytt\u00e4 s\u00e4hk\u00f6postitse ess-fi@utu.fi tai puhelimitse 050 4124944.<\/p>\n<\/div><\/div>\n\n<\/div><\/div>","protected":false},"excerpt":{"rendered":"<p>Arvot ja mielipiteet Suomessa -jatkotutkimus Arvot ja mielipiteet Suomessa \u2013jatkotutkimus kartoittaa suomalaisten arvoja ja asenteita laajalti eri aihealueista, esimerkiksi ty\u00f6el\u00e4m\u00e4st\u00e4 ja koulutuksesta, ymp\u00e4rist\u00f6st\u00e4, terveydest\u00e4, digitalisaatiosta sek\u00e4 tasa-arvosta. Tutkimukseen osallistuvat on valittu tilastollisen otannan perusteella. Tutkimus tuottaa uutta tietoa yhteiskunnasta tutkijoiden ja p\u00e4\u00e4t\u00f6ksentekij\u00f6iden k\u00e4ytt\u00f6\u00f6n. Tutkimus k\u00e4sitt\u00e4\u00e4 korkeintaan kahdeksan 30 minuutin mittaista kysely\u00e4 seuraavan kahden vuoden aikana&#8230;.<\/p>\n","protected":false},"author":4893,"featured_media":0,"parent":0,"menu_order":0,"comment_status":"closed","ping_status":"closed","template":"","meta":{"_acf_changed":false,"_kad_blocks_custom_css":"","_kad_blocks_head_custom_js":"","_kad_blocks_body_custom_js":"","_kad_blocks_footer_custom_js":"","_kad_post_transparent":"default","_kad_post_title":"hide","_kad_post_layout":"normal","_kad_post_sidebar_id":"","_kad_post_content_style":"default","_kad_post_vertical_padding":"default","_kad_post_feature":"","_kad_post_feature_position":"","_kad_post_header":false,"_kad_post_footer":false,"_kad_post_classname":"","footnotes":""},"class_list":["post-843","page","type-page","status-publish","hentry"],"acf":[],"lang":"fi","translations":{"fi":843},"taxonomy_info":[],"featured_image_src_large":false,"author_info":{"display_name":"Ilari T\u00f6r\u00f6nen","author_link":"https:\/\/sites.utu.fi\/europeansocialsurvey\/author\/iltoroutufi\/"},"comment_info":0,"pll_sync_post":[],"_links":{"self":[{"href":"https:\/\/sites.utu.fi\/europeansocialsurvey\/wp-json\/wp\/v2\/pages\/843","targetHints":{"allow":["GET"]}}],"collection":[{"href":"https:\/\/sites.utu.fi\/europeansocialsurvey\/wp-json\/wp\/v2\/pages"}],"about":[{"href":"https:\/\/sites.utu.fi\/europeansocialsurvey\/wp-json\/wp\/v2\/types\/page"}],"author":[{"embeddable":true,"href":"https:\/\/sites.utu.fi\/europeansocialsurvey\/wp-json\/wp\/v2\/users\/4893"}],"replies":[{"embeddable":true,"href":"https:\/\/sites.utu.fi\/europeansocialsurvey\/wp-json\/wp\/v2\/comments?post=843"}],"version-history":[{"count":2,"href":"https:\/\/sites.utu.fi\/europeansocialsurvey\/wp-json\/wp\/v2\/pages\/843\/revisions"}],"predecessor-version":[{"id":849,"href":"https:\/\/sites.utu.fi\/europeansocialsurvey\/wp-json\/wp\/v2\/pages\/843\/revisions\/849"}],"wp:attachment":[{"href":"https:\/\/sites.utu.fi\/europeansocialsurvey\/wp-json\/wp\/v2\/media?parent=843"}],"curies":[{"name":"wp","href":"https:\/\/api.w.org\/{rel}","templated":true}]}}