{"id":9813,"date":"2025-04-11T18:16:38","date_gmt":"2025-04-11T15:16:38","guid":{"rendered":"https:\/\/sites.utu.fi\/exe\/?page_id=9813"},"modified":"2025-04-11T18:16:40","modified_gmt":"2025-04-11T15:16:40","slug":"tietosuojaseloste","status":"publish","type":"page","link":"https:\/\/sites.utu.fi\/exe\/tietosuojaseloste\/","title":{"rendered":"TIETOSUOJASELOSTE"},"content":{"rendered":"<style>.wp-block-kadence-advancedheading.kt-adv-heading9813_88ac4b-b3, .wp-block-kadence-advancedheading.kt-adv-heading9813_88ac4b-b3[data-kb-block=\"kb-adv-heading9813_88ac4b-b3\"]{font-style:normal;}.wp-block-kadence-advancedheading.kt-adv-heading9813_88ac4b-b3 mark.kt-highlight, .wp-block-kadence-advancedheading.kt-adv-heading9813_88ac4b-b3[data-kb-block=\"kb-adv-heading9813_88ac4b-b3\"] mark.kt-highlight{font-style:normal;color:#f76a0c;-webkit-box-decoration-break:clone;box-decoration-break:clone;padding-top:0px;padding-right:0px;padding-bottom:0px;padding-left:0px;}.wp-block-kadence-advancedheading.kt-adv-heading9813_88ac4b-b3 img.kb-inline-image, .wp-block-kadence-advancedheading.kt-adv-heading9813_88ac4b-b3[data-kb-block=\"kb-adv-heading9813_88ac4b-b3\"] img.kb-inline-image{width:150px;vertical-align:baseline;}<\/style>\n<p class=\"kt-adv-heading9813_88ac4b-b3 wp-block-kadence-advancedheading\" data-kb-block=\"kb-adv-heading9813_88ac4b-b3\"><strong>\u00a0\u00a0\u00a0\u00a0\u00a0\u00a0\u00a0\u00a0\u00a0\u00a0\u00a0\u00a0\u00a0\u00a0\u00a0\u00a0\u00a0\u00a0\u00a0\u00a0\u00a0\u00a0\u00a0\u00a0\u00a0\u00a0\u00a0\u00a0\u00a0\u00a0\u00a0\u00a0\u00a0\u00a0\u00a0\u00a0\u00a0\u00a0\u00a0\u00a0\u00a0\u00a0\u00a0\u00a0\u00a0\u00a0\u00a0\u00a0\u00a0\u00a0\u00a0\u00a0\u00a0\u00a0\u00a0\u00a0\u00a0\u00a0\u00a0\u00a0\u00a0\u00a0\u00a0\u00a0\u00a0\u00a0\u00a0\u00a0\u00a0\u00a0\u00a0\u00a0\u00a0\u00a0\u00a0\u00a0\u00a0\u00a0\u00a0\u00a0\u00a0\u00a0\u00a0\u00a0\u00a0\u00a0\u00a0\u00a0\u00a0\u00a0\u00a0\u00a0\u00a0\u00a0\u00a0\u00a0\u00a0\u00a0\u00a0\u00a0\u00a0\u00a0\u00a0\u00a0\u00a0\u00a0\u00a0\u00a0\u00a0\u00a0\u00a0\u00a0\u00a0\u00a0\u00a0\u00a0\u00a0\u00a0\u00a0\u00a0\u00a0\u00a0\u00a0\u00a0\u00a0\u00a0\u00a0\u00a0\u00a0\u00a0\u00a0\u00a0\u00a0\u00a0 \u00a0\u00a0\u00a0\u00a0\u00a0\u00a0\u00a0\u00a0\u00a0\u00a0\u00a0\u00a0\u00a0\u00a0\u00a0\u00a0\u00a0\u00a0\u00a0\u00a0\u00a0\u00a0\u00a0\u00a0\u00a0\u00a0 \u00a0\u00a0\u00a0\u00a0\u00a0\u00a0\u00a0\u00a0\u00a0\u00a0\u00a0\u00a0\u00a0\u00a0\u00a0\u00a0\u00a0\u00a0\u00a0\u00a0\u00a0\u00a0\u00a0\u00a0\u00a0\u00a0\u00a0\u00a0\u00a0\u00a0\u00a0\u00a0\u00a0\u00a0\u00a0\u00a0\u00a0\u00a0\u00a0\u00a0\u00a0\u00a0\u00a0\u00a0\u00a0\u00a0\u00a0\u00a0\u00a0\u00a0\u00a0\u00a0\u00a0 \u00a0\u00a0\u00a0\u00a0 01.04.2025<\/strong><br><strong>\u00a0<\/strong><br><strong>TIETOSUOJASELOSTE\u00a0\u00a0\u00a0\u00a0\u00a0\u00a0\u00a0\u00a0\u00a0\u00a0\u00a0\u00a0\u00a0\u00a0\u00a0\u00a0\u00a0<\/strong><br>EU:n yleinen tietosuoja-asetus, artiklat 13 ja 14<br>\u00a0<br><strong>1. Rekisterin nimi<\/strong> \u00a0\u00a0\u00a0\u00a0\u00a0\u00a0\u00a0\u00a0\u00a0\u00a0\u00a0\u00a0\u00a0\u00a0\u00a0\u00a0\u00a0\u00a0\u00a0\u00a0\u00a0\u00a0\u00a0\u00a0\u00a0\u00a0\u00a0\u00a0\u00a0\u00a0\u00a0\u00a0\u00a0\u00a0\u00a0\u00a0\u00a0\u00a0\u00a0\u00a0\u00a0\u00a0\u00a0\u00a0\u00a0\u00a0\u00a0\u00a0\u00a0\u00a0\u00a0\u00a0\u00a0\u00a0\u00a0\u00a0\u00a0\u00a0\u00a0\u00a0\u00a0\u00a0\u00a0\u00a0\u00a0\u00a0\u00a0\u00a0\u00a0\u00a0\u00a0\u00a0\u00a0\u00a0<br>\u00a0\u00a0\u00a0\u00a0\u00a0\u00a0\u00a0\u00a0\u00a0\u00a0\u00a0\u00a0\u00a0\u00a0\u00a0\u00a0\u00a0\u00a0\u00a0\u00a0\u00a0\u00a0\u00a0\u00a0\u00a0\u00a0<br>TSE EXE:n (Turun yliopiston johtamiskoulutusyksikk\u00f6, TSE exe Executive Education and Development) markkinointi- ja asiakkuushallinta rekisteri<br>\u00a0<br><strong>2. Rekisterinpit\u00e4j\u00e4n identiteetti ja yhteystiedot<\/strong><br>\u00a0\u00a0\u00a0\u00a0\u00a0\u00a0\u00a0\u00a0\u00a0\u00a0\u00a0\u00a0\u00a0\u00a0\u00a0\u00a0\u00a0\u00a0\u00a0\u00a0\u00a0\u00a0\u00a0\u00a0\u00a0\u00a0<br>TSE EXE, Turun yliopisto<br>Postiosoite: Turun yliopisto, FIN-20014 TURUN YLIOPISTO<br>S\u00e4hk\u00f6posti: tse-exe@utu.fi \/ puhelin: +358 29 450 5000 (vaihde)<br>\u00a0<br><strong>3. Tietosuojavastaavan yhteystiedot<br>\u00a0\u00a0\u00a0\u00a0\u00a0\u00a0\u00a0\u00a0\u00a0\u00a0\u00a0\u00a0\u00a0\u00a0\u00a0\u00a0\u00a0\u00a0\u00a0\u00a0\u00a0\u00a0\u00a0\u00a0\u00a0\u00a0<\/strong><br>TSE EXE, Turun yliopisto<br>Ulla Heinonen, johtaja TSE EXE<br>Puhelin: +358 50 5917199<br>\u00a0<br><strong>4. Henkil\u00f6tietojen k\u00e4sittelyntarkoitus ja oikeusperuste<\/strong><br>\u00a0\u00a0\u00a0\u00a0\u00a0\u00a0\u00a0\u00a0\u00a0\u00a0\u00a0\u00a0\u00a0\u00a0\u00a0\u00a0\u00a0\u00a0\u00a0\u00a0\u00a0\u00a0\u00a0\u00a0\u00a0\u00a0<br>Henkil\u00f6tietojen k\u00e4sittelyn tarkoitus on hallinnoida TSE EXE:n johtamiskoulutuspalveluiden markkinointia ja myynti\u00e4, sis\u00e4lt\u00e4en mm. toimintoja kuten<br>\u00a0\u00a0\u00a0\u00a0\u00a0\u00a0\u00a0\u00a0\u00a0\u00a0\u00a0\u00a0\u00a0\u00a0\u00a0\u00a0\u00a0\u00a0\u00a0\u00a0\u00a0\u00a0\u00a0\u00a0\u00a0\u00a0 -TSE EXE:n palveluiden toteuttaminen, hallinta, markkinointi ja myynti<br>\u00a0\u00a0\u00a0\u00a0\u00a0\u00a0\u00a0\u00a0\u00a0\u00a0\u00a0\u00a0\u00a0\u00a0\u00a0\u00a0\u00a0\u00a0\u00a0\u00a0\u00a0\u00a0\u00a0\u00a0\u00a0\u00a0 -asiakassuhteiden hoito ja asiakasyhteydet<br>\u00a0\u00a0\u00a0\u00a0\u00a0\u00a0\u00a0\u00a0\u00a0\u00a0\u00a0\u00a0\u00a0\u00a0\u00a0\u00a0\u00a0\u00a0\u00a0\u00a0\u00a0\u00a0\u00a0\u00a0\u00a0\u00a0 -tarjonnan kohdistaminen ja suoramarkkinointi<br>\u00a0\u00a0\u00a0\u00a0\u00a0\u00a0\u00a0\u00a0\u00a0\u00a0\u00a0\u00a0\u00a0\u00a0\u00a0\u00a0\u00a0\u00a0\u00a0\u00a0\u00a0\u00a0\u00a0\u00a0\u00a0\u00a0 -tapahtumat ja kutsut<br>\u00a0\u00a0\u00a0\u00a0\u00a0\u00a0\u00a0\u00a0\u00a0\u00a0\u00a0\u00a0\u00a0\u00a0\u00a0\u00a0\u00a0\u00a0\u00a0\u00a0\u00a0\u00a0\u00a0\u00a0\u00a0\u00a0 -liiketoiminnan kehitt\u00e4minen<br>\u00a0\u00a0\u00a0\u00a0\u00a0\u00a0\u00a0\u00a0\u00a0\u00a0\u00a0\u00a0\u00a0\u00a0\u00a0\u00a0\u00a0\u00a0\u00a0\u00a0\u00a0\u00a0\u00a0\u00a0\u00a0\u00a0 -johtamiskoulutusohjelmien osallistujat (asiakasyritykset ja asiakkaat)<br>\u00a0\u00a0\u00a0\u00a0\u00a0\u00a0\u00a0\u00a0\u00a0\u00a0\u00a0\u00a0\u00a0\u00a0\u00a0\u00a0\u00a0\u00a0\u00a0\u00a0\u00a0\u00a0\u00a0\u00a0\u00a0\u00a0<br>Tavoitteena on toimia asiakasl\u00e4ht\u00f6isesti, yksil\u00f6idysti asiakasyrityksen ja asiakkaan erilaiset johtamisosaamisen ja liiketoiminnan kehitt\u00e4misen tarpeet huomioiden.<br>\u00a0<br><strong>5. Kyseess\u00e4 olevat henkil\u00f6tietoryhm\u00e4t<\/strong><br>\u00a0<br><strong>Henkil\u00f6tiedot (ty\u00f6tiedot)<\/strong><br>\u2022 nimi (etunimi, sukunimi)<br>\u2022 yritys<br>\u2022 ty\u00f6puhelinnumero, puhelinnumero<br>\u2022 ty\u00f6s\u00e4hk\u00f6postiosoite (+haluttaessa hl\u00f6kohtainen s\u00e4hk\u00f6postiosoite)<br>\u2022 ty\u00f6postiosoite<br>\u2022 titteli, ty\u00f6teht\u00e4v\u00e4<br>\u00a0<br>Asiakkaan nimi- ja yhteystietoja voidaan p\u00e4ivitt\u00e4\u00e4 suoramarkkinointipalvelun tarjoajan palvelun my\u00f6t\u00e4. Suoramarkkinointi kielto ja postituskielto tallennetaan asiakkaan ilmoituksen perusteella asiakasrekisteriin.<br><strong>\u00a0<\/strong><br><strong>Muut tiedot<\/strong><br>\u2022 Mahdolliset lis\u00e4tiedot (koulutustausta, allergiat)<br>\u2022 Osallistumiset johtamiskoulutuksiin<br>\u00a0<br><strong>6. Henkil\u00f6tietojen vastaanottajat ja vastaanottajaryhm\u00e4t<br><\/strong><br>Johtamiskoulutustietojen k\u00e4sittely- ja k\u00e4ytt\u00f6oikeudet on rajattu ainoastaan TSE EXE:n henkil\u00f6st\u00f6n ty\u00f6teht\u00e4vien hoidossa tarpeellisiin tietoihin.<br>\u00a0<br><strong>7. Tiedot tietojen siirrosta kolmansiin maihin<\/strong><br>\u00a0<br>Johtamiskoulutuksien markkinointiin ja myyntiin liittyvien rekisterien tietoja ei siirret\u00e4 tai luovuteta EU:n eik\u00e4 Euroopan talousalueen ulkopuolelle.<br><strong>\u00a0<\/strong><br><strong>8. Henkil\u00f6tietojen s\u00e4ilytt\u00e4misaika<\/strong>\u00a0\u00a0\u00a0\u00a0\u00a0\u00a0\u00a0\u00a0\u00a0\u00a0\u00a0\u00a0\u00a0\u00a0\u00a0\u00a0\u00a0\u00a0<br>\u00a0\u00a0\u00a0\u00a0\u00a0\u00a0\u00a0\u00a0\u00a0\u00a0\u00a0\u00a0\u00a0\u00a0\u00a0\u00a0\u00a0\u00a0\u00a0\u00a0\u00a0\u00a0\u00a0\u00a0\u00a0\u00a0<br>Asiakasrekisteri\u00e4 p\u00e4ivitet\u00e4\u00e4n p\u00e4ivitt\u00e4isten kontaktointien puitteissa. Suoramarkkinointitarkoituksiin p\u00e4ivityksi\u00e4 tehd\u00e4\u00e4n tarvittaessa, jolloin henkil\u00f6tiedot p\u00e4ivittyv\u00e4t automaattisesti.<br>\u00a0<br>Johtamiskoulutuksien osallistujatiedot ja niiden sis\u00e4lt\u00e4m\u00e4t henkil\u00f6tiedot s\u00e4ilytet\u00e4\u00e4n rekisteriss\u00e4 tiedons\u00e4ilytysvelvoitteiden t\u00e4ytt\u00e4misen edellytt\u00e4m\u00e4n ajan.<br>\u00a0<br><strong>9. Rekister\u00f6idyn oikeudet<\/strong><br>\u00a0<br>Rekister\u00f6idyll\u00e4 on oikeus pyyt\u00e4\u00e4 p\u00e4\u00e4sy h\u00e4nt\u00e4 itse\u00e4\u00e4n koskeviin henkil\u00f6tietoihin sek\u00e4 oikeus pyyt\u00e4\u00e4 tietojensa oikaisemista. Rekister\u00f6idyll\u00e4 ei ole oikeutta vaatia tietojensa poistamista tai oikeutta vastustaa niiden k\u00e4sittely\u00e4 yliopiston tiedons\u00e4ilytysvelvoitteen vuoksi.<br>Rekister\u00f6idyll\u00e4 on oikeus tehd\u00e4 kantelu valvontaviranomaiselle.<br>Yhteyshenkil\u00f6 rekister\u00f6idyn oikeuksiin ja velvollisuuksiin liittyviss\u00e4 asioissa on tietosuojavastaava. Tietosuojavastaavan yhteystiedot ovat t\u00e4m\u00e4n ilmoituksen alussa.<br>\u00a0<br><strong>10. Onko henkil\u00f6tietojen antaminen lakis\u00e4\u00e4teinen tai sopimukseen perustuva<\/strong><br>\u00a0<br>Henkil\u00f6tietojen antamisen kielt\u00e4minen est\u00e4\u00e4 TSE EXE:\u00e4 j\u00e4rjest\u00e4m\u00e4st\u00e4 rekister\u00f6idyn osalta lakis\u00e4\u00e4teist\u00e4 velvoitettaan. TSE exe ei v\u00e4ltt\u00e4m\u00e4tt\u00e4 voi t\u00e4llaisessa tapauksessa tarjota kyseiselle henkil\u00f6lle johtamiskoulutuksen palveluita tai yll\u00e4pit\u00e4\u00e4 h\u00e4nt\u00e4 koskevien kontaktointien mahdollisuutta.<br>\u00a0<br>Mik\u00e4li rekister\u00f6ity ei toimita pyydettyj\u00e4 tietoja silt\u00e4 osin kuin tiedot liittyv\u00e4t koulutukseen osallistumiseen, rekisterinpit\u00e4j\u00e4 ei voi ottaa vastaan rekister\u00f6idyn ilmoittautumista eik\u00e4 sitoutua koulutukseen osallistumista koskevaan rekisterinpit\u00e4j\u00e4n ja rekister\u00f6idyn v\u00e4liseen sopimukseen.<br>\u00a0<br><strong>11. Tiedot siit\u00e4 mist\u00e4 henkil\u00f6tiedot on saatu<br><\/strong><br>Henkil\u00f6tiedot saadaan suoramarkkinointipalvelun tarjoajalta sek\u00e4 TSE EXE:n johtamiskoulutuksiin, tapahtumiin ja tilaisuuksiin osallistuvilta yrityksilt\u00e4 sek\u00e4 rekister\u00f6idyilt\u00e4 henkil\u00f6ilt\u00e4 itselt\u00e4\u00e4n.<br>\u00a0<br><strong>12. Tiedot automaattisen p\u00e4\u00e4t\u00f6ksenteon ml. profiloinnin olemassaolosta<\/strong><br><strong>\u00a0<\/strong><br>Rekisterin tietoja saatetaan k\u00e4ytt\u00e4\u00e4 automaattisen toiminnallisuuden tai profiloinnin tekemiseen.<br>\u00a0<br><strong>13. Rekisterin suojauksen periaatteet<\/strong><br>\u00a0<br>Rekisteritiedot s\u00e4ilytet\u00e4\u00e4n parhaiden k\u00e4yt\u00e4nt\u00f6jen, hyv\u00e4n tietoturvallisuuden ja lains\u00e4\u00e4d\u00e4nn\u00f6n vaatimusten mukaisesti ulkopuolisilta suojattuina. Rekisteri on suojattu k\u00e4ytt\u00e4j\u00e4tunnuksin,<br>salasanoin sek\u00e4 toiminto- ja ryhm\u00e4kohtaisin valtuuksin. \u00a0Henkil\u00f6rekistereihin on p\u00e4\u00e4sy ainoastaan niill\u00e4 henkil\u00f6kuntaan kuuluvilla, jotka tarvitsevat tietoja ty\u00f6teht\u00e4viens\u00e4 hoitamiseen.<br>J\u00e4rjestelm\u00e4\u00e4n on p\u00e4\u00e4sy vain suojatulla verkkoyhteydell\u00e4. J\u00e4rjestelm\u00e4toimittajan (Elisa Oyj) kanssa on laadittu EU:n yleisen tietosuoja-asetuksen vaatimukset huomioiva sopimus henkil\u00f6tietojen k\u00e4sittelyn ehdoista.<br>\u00a0<br>\u00a0<br><a href=\"http:\/\/www.utu.fi\/exe\" rel=\"noopener\">www.utu.fi\/exe<\/a><br>\u00a0<br>\u00a0<br>\u00a0<br><strong>\u00a0<\/strong><\/p>\n","protected":false},"excerpt":{"rendered":"<p>\u00a0\u00a0\u00a0\u00a0\u00a0\u00a0\u00a0\u00a0\u00a0\u00a0\u00a0\u00a0\u00a0\u00a0\u00a0\u00a0\u00a0\u00a0\u00a0\u00a0\u00a0\u00a0\u00a0\u00a0\u00a0\u00a0\u00a0\u00a0\u00a0\u00a0\u00a0\u00a0\u00a0\u00a0\u00a0\u00a0\u00a0\u00a0\u00a0\u00a0\u00a0\u00a0\u00a0\u00a0\u00a0\u00a0\u00a0\u00a0\u00a0\u00a0\u00a0\u00a0\u00a0\u00a0\u00a0\u00a0\u00a0\u00a0\u00a0\u00a0\u00a0\u00a0\u00a0\u00a0\u00a0\u00a0\u00a0\u00a0\u00a0\u00a0\u00a0\u00a0\u00a0\u00a0\u00a0\u00a0\u00a0\u00a0\u00a0\u00a0\u00a0\u00a0\u00a0\u00a0\u00a0\u00a0\u00a0\u00a0\u00a0\u00a0\u00a0\u00a0\u00a0\u00a0\u00a0\u00a0\u00a0\u00a0\u00a0\u00a0\u00a0\u00a0\u00a0\u00a0\u00a0\u00a0\u00a0\u00a0\u00a0\u00a0\u00a0\u00a0\u00a0\u00a0\u00a0\u00a0\u00a0\u00a0\u00a0\u00a0\u00a0\u00a0\u00a0\u00a0\u00a0\u00a0\u00a0\u00a0\u00a0\u00a0\u00a0\u00a0\u00a0\u00a0 \u00a0\u00a0\u00a0\u00a0\u00a0\u00a0\u00a0\u00a0\u00a0\u00a0\u00a0\u00a0\u00a0\u00a0\u00a0\u00a0\u00a0\u00a0\u00a0\u00a0\u00a0\u00a0\u00a0\u00a0\u00a0\u00a0 \u00a0\u00a0\u00a0\u00a0\u00a0\u00a0\u00a0\u00a0\u00a0\u00a0\u00a0\u00a0\u00a0\u00a0\u00a0\u00a0\u00a0\u00a0\u00a0\u00a0\u00a0\u00a0\u00a0\u00a0\u00a0\u00a0\u00a0\u00a0\u00a0\u00a0\u00a0\u00a0\u00a0\u00a0\u00a0\u00a0\u00a0\u00a0\u00a0\u00a0\u00a0\u00a0\u00a0\u00a0\u00a0\u00a0\u00a0\u00a0\u00a0\u00a0\u00a0\u00a0\u00a0 \u00a0\u00a0\u00a0\u00a0 01.04.2025\u00a0TIETOSUOJASELOSTE\u00a0\u00a0\u00a0\u00a0\u00a0\u00a0\u00a0\u00a0\u00a0\u00a0\u00a0\u00a0\u00a0\u00a0\u00a0\u00a0\u00a0EU:n yleinen tietosuoja-asetus, artiklat 13 ja 14\u00a01. Rekisterin nimi \u00a0\u00a0\u00a0\u00a0\u00a0\u00a0\u00a0\u00a0\u00a0\u00a0\u00a0\u00a0\u00a0\u00a0\u00a0\u00a0\u00a0\u00a0\u00a0\u00a0\u00a0\u00a0\u00a0\u00a0\u00a0\u00a0\u00a0\u00a0\u00a0\u00a0\u00a0\u00a0\u00a0\u00a0\u00a0\u00a0\u00a0\u00a0\u00a0\u00a0\u00a0\u00a0\u00a0\u00a0\u00a0\u00a0\u00a0\u00a0\u00a0\u00a0\u00a0\u00a0\u00a0\u00a0\u00a0\u00a0\u00a0\u00a0\u00a0\u00a0\u00a0\u00a0\u00a0\u00a0\u00a0\u00a0\u00a0\u00a0\u00a0\u00a0\u00a0\u00a0\u00a0\u00a0\u00a0\u00a0\u00a0\u00a0\u00a0\u00a0\u00a0\u00a0\u00a0\u00a0\u00a0\u00a0\u00a0\u00a0\u00a0\u00a0\u00a0\u00a0\u00a0\u00a0\u00a0\u00a0\u00a0\u00a0\u00a0\u00a0TSE EXE:n (Turun yliopiston johtamiskoulutusyksikk\u00f6, TSE exe Executive Education and Development) markkinointi- ja asiakkuushallinta rekisteri\u00a02. Rekisterinpit\u00e4j\u00e4n identiteetti ja yhteystiedot\u00a0\u00a0\u00a0\u00a0\u00a0\u00a0\u00a0\u00a0\u00a0\u00a0\u00a0\u00a0\u00a0\u00a0\u00a0\u00a0\u00a0\u00a0\u00a0\u00a0\u00a0\u00a0\u00a0\u00a0\u00a0\u00a0TSE EXE, Turun yliopistoPostiosoite: Turun yliopisto, FIN-20014 TURUN YLIOPISTOS\u00e4hk\u00f6posti: tse-exe@utu.fi \/ puhelin: +358 29 450 5000 (vaihde)\u00a03. Tietosuojavastaavan yhteystiedot\u00a0\u00a0\u00a0\u00a0\u00a0\u00a0\u00a0\u00a0\u00a0\u00a0\u00a0\u00a0\u00a0\u00a0\u00a0\u00a0\u00a0\u00a0\u00a0\u00a0\u00a0\u00a0\u00a0\u00a0\u00a0\u00a0TSE EXE, Turun yliopistoUlla Heinonen, johtaja&#8230;<\/p>\n","protected":false},"author":4771,"featured_media":0,"parent":0,"menu_order":0,"comment_status":"closed","ping_status":"closed","template":"","meta":{"_acf_changed":false,"_kad_blocks_custom_css":"","_kad_blocks_head_custom_js":"","_kad_blocks_body_custom_js":"","_kad_blocks_footer_custom_js":"","_kad_post_transparent":"","_kad_post_title":"","_kad_post_layout":"","_kad_post_sidebar_id":"","_kad_post_content_style":"","_kad_post_vertical_padding":"","_kad_post_feature":"","_kad_post_feature_position":"","_kad_post_header":false,"_kad_post_footer":false,"_kad_post_classname":"","footnotes":""},"class_list":["post-9813","page","type-page","status-publish","hentry"],"acf":[],"lang":"fi","translations":{"fi":9813,"en":9987},"taxonomy_info":[],"featured_image_src_large":false,"author_info":{"display_name":"emlkauutufi","author_link":"https:\/\/sites.utu.fi\/exe\/author\/emlkauutufi\/"},"comment_info":0,"pll_sync_post":[],"_links":{"self":[{"href":"https:\/\/sites.utu.fi\/exe\/wp-json\/wp\/v2\/pages\/9813","targetHints":{"allow":["GET"]}}],"collection":[{"href":"https:\/\/sites.utu.fi\/exe\/wp-json\/wp\/v2\/pages"}],"about":[{"href":"https:\/\/sites.utu.fi\/exe\/wp-json\/wp\/v2\/types\/page"}],"author":[{"embeddable":true,"href":"https:\/\/sites.utu.fi\/exe\/wp-json\/wp\/v2\/users\/4771"}],"replies":[{"embeddable":true,"href":"https:\/\/sites.utu.fi\/exe\/wp-json\/wp\/v2\/comments?post=9813"}],"version-history":[{"count":1,"href":"https:\/\/sites.utu.fi\/exe\/wp-json\/wp\/v2\/pages\/9813\/revisions"}],"predecessor-version":[{"id":9815,"href":"https:\/\/sites.utu.fi\/exe\/wp-json\/wp\/v2\/pages\/9813\/revisions\/9815"}],"wp:attachment":[{"href":"https:\/\/sites.utu.fi\/exe\/wp-json\/wp\/v2\/media?parent=9813"}],"curies":[{"name":"wp","href":"https:\/\/api.w.org\/{rel}","templated":true}]}}