{"id":200,"date":"2020-12-14T08:39:58","date_gmt":"2020-12-14T06:39:58","guid":{"rendered":"https:\/\/sites.utu.fi\/template-site\/?page_id=200"},"modified":"2025-02-19T10:14:33","modified_gmt":"2025-02-19T08:14:33","slug":"etusivu","status":"publish","type":"page","link":"https:\/\/sites.utu.fi\/forac\/fi\/","title":{"rendered":"Ulkomaiset yritysostot ja poliittiset kostotoimet huoltovarmuuden uhkina strategisen irtautumisen aikakaudella"},"content":{"rendered":"<div>Suomen Akatemian rahoittama &#8221;Ulkomaiset yritysostot ja poliittiset kostotoimet huoltovarmuuden uhkina strategisen irtautumisen aikakaudella&#8221; (ForAc) -tutkimushanke k\u00e4ynnistyi vuoden 2020 lopulla. ForAc tutkii sit\u00e4, miten pienet avoimet taloudet voivat suojella huoltovarmuuden kannalta kriittisi\u00e4 yrityksi\u00e4\u00e4n ulkomaisilta yritysostoilta ja poliittisilta kostotoimilta, avoimen taloutensa s\u00e4ilytt\u00e4en.<\/div>\n<p>Kysymyksest\u00e4 on tullut eritt\u00e4in ajankohtainen, koska viime vuosina on n\u00e4hty valtioihin liittyvien organisaatioiden aktiivisia toimia kriittist\u00e4 teknologista osaamista omaavien, tai keskeisi\u00e4 kansallisia huoltovarmuusteht\u00e4vi\u00e4 hoitavien, ulkomaisten yritysten hankkimiseksi.<\/p>\n<p>Hanke yhdist\u00e4\u00e4 innovatiivisella ja poikkitieteellisell\u00e4 tavalla kolme tutkimusaluetta: huoltovarmuuden, taloudellisen valtiotaidon ja strategiset yritysostot. N\u00e4iden tutkimusalueiden v\u00e4limaastossa on kriittisi\u00e4 tietoaukkoja, joilla on kiireellisi\u00e4 politiikkaimplikaatioita, joihin t\u00e4m\u00e4 hanke tarjoaa vastauksia.<\/p>\n<p>&nbsp;<\/p>\n<hr \/>\n<p>&nbsp;<\/p>\n","protected":false},"excerpt":{"rendered":"<p>Suomen Akatemian rahoittama &#8221;Ulkomaiset yritysostot ja poliittiset kostotoimet huoltovarmuuden uhkina strategisen irtautumisen aikakaudella&#8221; (ForAc) -tutkimushanke k\u00e4ynnistyi vuoden 2020 lopulla. ForAc&#8230;<\/p>\n","protected":false},"author":1607,"featured_media":0,"parent":0,"menu_order":1,"comment_status":"closed","ping_status":"closed","template":"","meta":{"_acf_changed":false,"footnotes":""},"class_list":["post-200","page","type-page","status-publish","hentry"],"acf":[],"lang":"fi","translations":{"fi":200,"en":513},"pll_sync_post":[],"_links":{"self":[{"href":"https:\/\/sites.utu.fi\/forac\/wp-json\/wp\/v2\/pages\/200","targetHints":{"allow":["GET"]}}],"collection":[{"href":"https:\/\/sites.utu.fi\/forac\/wp-json\/wp\/v2\/pages"}],"about":[{"href":"https:\/\/sites.utu.fi\/forac\/wp-json\/wp\/v2\/types\/page"}],"author":[{"embeddable":true,"href":"https:\/\/sites.utu.fi\/forac\/wp-json\/wp\/v2\/users\/1607"}],"replies":[{"embeddable":true,"href":"https:\/\/sites.utu.fi\/forac\/wp-json\/wp\/v2\/comments?post=200"}],"version-history":[{"count":39,"href":"https:\/\/sites.utu.fi\/forac\/wp-json\/wp\/v2\/pages\/200\/revisions"}],"predecessor-version":[{"id":1358,"href":"https:\/\/sites.utu.fi\/forac\/wp-json\/wp\/v2\/pages\/200\/revisions\/1358"}],"wp:attachment":[{"href":"https:\/\/sites.utu.fi\/forac\/wp-json\/wp\/v2\/media?parent=200"}],"curies":[{"name":"wp","href":"https:\/\/api.w.org\/{rel}","templated":true}]}}