{"id":138,"date":"2025-05-13T13:43:23","date_gmt":"2025-05-13T10:43:23","guid":{"rendered":"https:\/\/sites.utu.fi\/kulttuurin-ja-terveyden-tutkimusyksikko\/?page_id=138"},"modified":"2026-01-21T14:54:56","modified_gmt":"2026-01-21T12:54:56","slug":"ihmiset","status":"publish","type":"page","link":"https:\/\/sites.utu.fi\/kulttuurin-ja-terveyden-tutkimusyksikko\/ihmiset\/","title":{"rendered":"Ihmiset"},"content":{"rendered":"\n<h3 class=\"wp-block-heading\">Henkil\u00f6kunta<\/h3>\n\n\n\n<p><a href=\"https:\/\/www.utu.fi\/fi\/ihmiset\/viola-capkova\" rel=\"noopener\">Viola Parente-\u010capkov\u00e1<\/a>, yksik\u00f6n johtaja<\/p>\n\n\n\n<h3 class=\"wp-block-heading\">Johtoryhm\u00e4<\/h3>\n\n\n\n<p><a href=\"https:\/\/www.utu.fi\/fi\/ihmiset\/kaisa-riitta-aho\" rel=\"noopener\">Kaisa Aho<\/a>, v\u00e4it\u00f6skirjatutkija<\/p>\n\n\n\n<p><a href=\"https:\/\/www.utu.fi\/fi\/ihmiset\/riitta-jytila\" rel=\"noopener\">Riitta Jytil\u00e4<\/a>, dosentti, humanistinen tiedekunta<\/p>\n\n\n\n<p><a href=\"https:\/\/www.utu.fi\/fi\/ihmiset\/elina-lammervo\" rel=\"noopener\">Elina Lammervo<\/a>, v\u00e4it\u00f6skirjatutkija<\/p>\n\n\n\n<p><a href=\"https:\/\/www.utu.fi\/fi\/ihmiset\/anu-laukkanen\" rel=\"noopener\">Anu Laukkanen<\/a>, suunnittelija, koulutusasiat<\/p>\n\n\n\n<p><a href=\"https:\/\/www.utu.fi\/fi\/ihmiset\/hanna-maijala\" rel=\"noopener\">Hanna Maijala<\/a>, yliopistonlehtori<\/p>\n\n\n\n<p><a href=\"https:\/\/www.utu.fi\/fi\/ihmiset\/minna-opas\" rel=\"noopener\">Minna Opas<\/a>, yliopistonlehtori<\/p>\n\n\n\n<p><a href=\"https:\/\/www.utu.fi\/fi\/ihmiset\/jenny-paananen\" rel=\"noopener\">Jenny Paananen<\/a>, akatemiatutkija<\/p>\n\n\n\n<p><a href=\"https:\/\/www.utu.fi\/fi\/ihmiset\/ranjana-saha\" rel=\"noopener\">Ranjana Saha<\/a>, MSCA COFUND TIES Fellow<\/p>\n\n\n\n<p><a href=\"https:\/\/www.utu.fi\/fi\/ihmiset\/katariina-seittenranta\" rel=\"noopener\">Katariina Seittenranta<\/a>, kliininen opettaja, kansanterveystiede<\/p>\n\n\n\n<p><a href=\"https:\/\/www.utu.fi\/fi\/ihmiset\/kirsi-tuohela\" rel=\"noopener\">Kirsi Tuohela<\/a>, dosentti, humanistinen tiedekunta<\/p>\n\n\n\n<p><a href=\"https:\/\/www.utu.fi\/fi\/ihmiset\/avril-tynan\" rel=\"noopener\">Avril Tynan<\/a>, Suomen Akatemiatutkija<\/p>\n\n\n\n<p><strong>Tutkimusassistentti<\/strong>:<\/p>\n\n\n\n<p><a href=\"https:\/\/www.utu.fi\/fi\/ihmiset\/matilda-kirvela\" rel=\"noopener\">Matilda Kirvel\u00e4,<\/a> v\u00e4it\u00f6skirjatutkija<\/p>\n","protected":false},"excerpt":{"rendered":"<p>Henkil\u00f6kunta Viola Parente-\u010capkov\u00e1, yksik\u00f6n johtaja Johtoryhm\u00e4 Kaisa Aho, v\u00e4it\u00f6skirjatutkija Riitta Jytil\u00e4, dosentti, humanistinen tiedekunta Elina Lammervo, v\u00e4it\u00f6skirjatutkija Anu Laukkanen, suunnittelija, koulutusasiat Hanna Maijala, yliopistonlehtori Minna Opas, yliopistonlehtori Jenny Paananen, akatemiatutkija Ranjana Saha, MSCA COFUND TIES Fellow Katariina Seittenranta, kliininen opettaja, kansanterveystiede Kirsi Tuohela, dosentti, humanistinen tiedekunta Avril Tynan, Suomen Akatemiatutkija Tutkimusassistentti: Matilda Kirvel\u00e4, v\u00e4it\u00f6skirjatutkija<\/p>\n","protected":false},"author":4885,"featured_media":0,"parent":0,"menu_order":0,"comment_status":"closed","ping_status":"closed","template":"","meta":{"_acf_changed":false,"_kad_blocks_custom_css":"","_kad_blocks_head_custom_js":"","_kad_blocks_body_custom_js":"","_kad_blocks_footer_custom_js":"","_kad_post_transparent":"","_kad_post_title":"","_kad_post_layout":"","_kad_post_sidebar_id":"","_kad_post_content_style":"","_kad_post_vertical_padding":"","_kad_post_feature":"","_kad_post_feature_position":"","_kad_post_header":false,"_kad_post_footer":false,"_kad_post_classname":"","footnotes":""},"class_list":["post-138","page","type-page","status-publish","hentry"],"acf":[],"lang":"fi","translations":{"fi":138,"en":245},"taxonomy_info":[],"featured_image_src_large":false,"author_info":{"display_name":"mlkirvutufi","author_link":"https:\/\/sites.utu.fi\/kulttuurin-ja-terveyden-tutkimusyksikko\/author\/mlkirvutufi\/"},"comment_info":0,"pll_sync_post":[],"_links":{"self":[{"href":"https:\/\/sites.utu.fi\/kulttuurin-ja-terveyden-tutkimusyksikko\/wp-json\/wp\/v2\/pages\/138","targetHints":{"allow":["GET"]}}],"collection":[{"href":"https:\/\/sites.utu.fi\/kulttuurin-ja-terveyden-tutkimusyksikko\/wp-json\/wp\/v2\/pages"}],"about":[{"href":"https:\/\/sites.utu.fi\/kulttuurin-ja-terveyden-tutkimusyksikko\/wp-json\/wp\/v2\/types\/page"}],"author":[{"embeddable":true,"href":"https:\/\/sites.utu.fi\/kulttuurin-ja-terveyden-tutkimusyksikko\/wp-json\/wp\/v2\/users\/4885"}],"replies":[{"embeddable":true,"href":"https:\/\/sites.utu.fi\/kulttuurin-ja-terveyden-tutkimusyksikko\/wp-json\/wp\/v2\/comments?post=138"}],"version-history":[{"count":11,"href":"https:\/\/sites.utu.fi\/kulttuurin-ja-terveyden-tutkimusyksikko\/wp-json\/wp\/v2\/pages\/138\/revisions"}],"predecessor-version":[{"id":835,"href":"https:\/\/sites.utu.fi\/kulttuurin-ja-terveyden-tutkimusyksikko\/wp-json\/wp\/v2\/pages\/138\/revisions\/835"}],"wp:attachment":[{"href":"https:\/\/sites.utu.fi\/kulttuurin-ja-terveyden-tutkimusyksikko\/wp-json\/wp\/v2\/media?parent=138"}],"curies":[{"name":"wp","href":"https:\/\/api.w.org\/{rel}","templated":true}]}}