{"id":142,"date":"2025-05-13T14:14:40","date_gmt":"2025-05-13T11:14:40","guid":{"rendered":"https:\/\/sites.utu.fi\/kulttuurin-ja-terveyden-tutkimusyksikko\/?page_id=142"},"modified":"2025-08-20T08:42:38","modified_gmt":"2025-08-20T05:42:38","slug":"yhteistyokumppanit","status":"publish","type":"page","link":"https:\/\/sites.utu.fi\/kulttuurin-ja-terveyden-tutkimusyksikko\/yhteistyokumppanit\/","title":{"rendered":"Yhteisty\u00f6kumppanit"},"content":{"rendered":"\n<p><strong>Teemme mielell\u00e4mme yhteisty\u00f6t\u00e4 tutkimushankkeiden, yhteisten kurssien ja koulutusten sek\u00e4 erilaisten tapahtumien muodossa.<\/strong><\/p>\n\n\n\n<p>Turun yliopiston Sote-akatemian alla toimiva Kulttuurin ja terveyden tutkimusverkosto kokoaa alan tutkijoita yhteen uusien tutkimusideoiden eteenp\u00e4in viemiseksi ja tutkimusyhteisty\u00f6n tiivist\u00e4miseksi. Jos haluat tutkimusverkostoon mukaan, ota yhteytt\u00e4&nbsp;<a href=\"https:\/\/www.utu.fi\/fi\/ihmiset\/viola-capkova\" rel=\"noopener\">Viola Parente-\u010capkov\u00e1an<\/a>.<\/p>\n\n\n\n<p>Muita yhteisty\u00f6kumppaneita ovat muun muassa<\/p>\n\n\n\n<ul class=\"wp-block-list\">\n<li><a href=\"https:\/\/sites.utu.fi\/sote\/\">Sote-akatemia<\/a>\n<ul class=\"wp-block-list\">\n<li><a href=\"https:\/\/sites.utu.fi\/sote\/tutkimus\/\">Sote-akatemian tutkimusverkostoihin<\/a>&nbsp;p\u00e4\u00e4see mukaan ottamalla yhteytt\u00e4&nbsp;<a href=\"https:\/\/www.utu.fi\/fi\/ihmiset\/miia-tuominen\" rel=\"noopener\">FT Miia Tuomiseen<\/a>.<\/li>\n<\/ul>\n<\/li>\n\n\n\n<li><a href=\"https:\/\/selmacentre.wordpress.com\/\" rel=\"noopener\">SELMA: Centre for the Study of Storytelling, Experientiality and Memory<\/a><\/li>\n\n\n\n<li><a href=\"https:\/\/blogit.utu.fi\/kultva\/\" rel=\"noopener\">KULTVA: Cultural Interaction Researcher Network<\/a>. Yhteyshenkil\u00f6n\u00e4 Turun yliopistossa toimii <a href=\"https:\/\/www.utu.fi\/fi\/ihmiset\/elina-lammervo\" rel=\"noopener\">Elina Lammervo<\/a>.<\/li>\n\n\n\n<li><a href=\"https:\/\/sites.utu.fi\/lawe\/\">Kielen ja hyvinvoinnin tutkimuskeskus LaWe<\/a><\/li>\n\n\n\n<li><a href=\"https:\/\/blogit.utu.fi\/unescochairinbioethics\/\" rel=\"noopener\">UNESCO Chair in Bioethics Finnish Unit<\/a><\/li>\n\n\n\n<li><a href=\"https:\/\/sites.utu.fi\/sotete\/\">Sanoja terveyden tekij\u00f6ille&nbsp;(SoTeTe)<\/a><\/li>\n<\/ul>\n\n\n\n<p>Toimimme yhteisty\u00f6ss\u00e4 my\u00f6s taiteen, kulttuurin ja hyvinvoinnin alan tutkijoiden, kouluttajien ja verkostojen kanssa:<\/p>\n\n\n\n<ul class=\"wp-block-list\">\n<li><a href=\"https:\/\/nordicartshealth.turkuamk.fi\/\" rel=\"noopener\">Nordic Arts &amp; Health Research Network<\/a><\/li>\n\n\n\n<li><a href=\"https:\/\/taikusydan.turkuamk.fi\/\" rel=\"noopener\">Taikusyd\u00e4n: taiteen ja hyvinvoinnin valtakunnallinen yhteyspiste<\/a><\/li>\n\n\n\n<li><a href=\"https:\/\/taikusydan.turkuamk.fi\/tutkijaverkosto\/tietoa\/\" rel=\"noopener\">Taikusyd\u00e4n-tutkijaverkosto<\/a>. Yhteyshenkil\u00f6n\u00e4 Turun yliopistossa toimii&nbsp;<a href=\"https:\/\/www.utu.fi\/fi\/ihmiset\/kirsi-tuohela\" rel=\"noopener\">FT Kirsi Tuohela<\/a>.<\/li>\n\n\n\n<li>Turun ammattikorkeakoulun&nbsp;<a href=\"http:\/\/www.turkuamk.fi\/fi\/tutkimus-kehitys-ja-innovaatiot\/tutkimusryhmat\/kulttuurihyvinvointi\/\" rel=\"noopener\">Kulttuurihyvinvoinnin tutkimusryhm\u00e4<\/a><\/li>\n\n\n\n<li>Taideyliopiston&nbsp;<a href=\"http:\/\/cerada.uniarts.fi\/\" rel=\"noopener\">Center for Educational Research and Academic Development in the Arts (CERADA)<\/a><\/li>\n<\/ul>\n\n\n\n<p>Yhteisty\u00f6kumppaneinamme ovat my\u00f6s <\/p>\n\n\n\n<ul class=\"wp-block-list\">\n<li><a href=\"https:\/\/www.daniellespencer.com\" rel=\"noopener\">Danielle Spencer<\/a> <\/li>\n<\/ul>\n\n\n\n<p><\/p>\n","protected":false},"excerpt":{"rendered":"<p>Teemme mielell\u00e4mme yhteisty\u00f6t\u00e4 tutkimushankkeiden, yhteisten kurssien ja koulutusten sek\u00e4 erilaisten tapahtumien muodossa. Turun yliopiston Sote-akatemian alla toimiva Kulttuurin ja terveyden tutkimusverkosto kokoaa alan tutkijoita yhteen uusien tutkimusideoiden eteenp\u00e4in viemiseksi ja tutkimusyhteisty\u00f6n tiivist\u00e4miseksi. Jos haluat tutkimusverkostoon mukaan, ota yhteytt\u00e4&nbsp;Viola Parente-\u010capkov\u00e1an. Muita yhteisty\u00f6kumppaneita ovat muun muassa Toimimme yhteisty\u00f6ss\u00e4 my\u00f6s taiteen, kulttuurin ja hyvinvoinnin alan tutkijoiden, kouluttajien ja&#8230;<\/p>\n","protected":false},"author":4885,"featured_media":0,"parent":0,"menu_order":0,"comment_status":"closed","ping_status":"closed","template":"","meta":{"_acf_changed":false,"_kad_blocks_custom_css":"","_kad_blocks_head_custom_js":"","_kad_blocks_body_custom_js":"","_kad_blocks_footer_custom_js":"","_kad_post_transparent":"","_kad_post_title":"","_kad_post_layout":"","_kad_post_sidebar_id":"","_kad_post_content_style":"","_kad_post_vertical_padding":"","_kad_post_feature":"","_kad_post_feature_position":"","_kad_post_header":false,"_kad_post_footer":false,"_kad_post_classname":"","footnotes":""},"class_list":["post-142","page","type-page","status-publish","hentry"],"acf":[],"lang":"fi","translations":{"fi":142,"en":247},"taxonomy_info":[],"featured_image_src_large":false,"author_info":{"display_name":"mlkirvutufi","author_link":"https:\/\/sites.utu.fi\/kulttuurin-ja-terveyden-tutkimusyksikko\/author\/mlkirvutufi\/"},"comment_info":0,"pll_sync_post":[],"_links":{"self":[{"href":"https:\/\/sites.utu.fi\/kulttuurin-ja-terveyden-tutkimusyksikko\/wp-json\/wp\/v2\/pages\/142","targetHints":{"allow":["GET"]}}],"collection":[{"href":"https:\/\/sites.utu.fi\/kulttuurin-ja-terveyden-tutkimusyksikko\/wp-json\/wp\/v2\/pages"}],"about":[{"href":"https:\/\/sites.utu.fi\/kulttuurin-ja-terveyden-tutkimusyksikko\/wp-json\/wp\/v2\/types\/page"}],"author":[{"embeddable":true,"href":"https:\/\/sites.utu.fi\/kulttuurin-ja-terveyden-tutkimusyksikko\/wp-json\/wp\/v2\/users\/4885"}],"replies":[{"embeddable":true,"href":"https:\/\/sites.utu.fi\/kulttuurin-ja-terveyden-tutkimusyksikko\/wp-json\/wp\/v2\/comments?post=142"}],"version-history":[{"count":6,"href":"https:\/\/sites.utu.fi\/kulttuurin-ja-terveyden-tutkimusyksikko\/wp-json\/wp\/v2\/pages\/142\/revisions"}],"predecessor-version":[{"id":519,"href":"https:\/\/sites.utu.fi\/kulttuurin-ja-terveyden-tutkimusyksikko\/wp-json\/wp\/v2\/pages\/142\/revisions\/519"}],"wp:attachment":[{"href":"https:\/\/sites.utu.fi\/kulttuurin-ja-terveyden-tutkimusyksikko\/wp-json\/wp\/v2\/media?parent=142"}],"curies":[{"name":"wp","href":"https:\/\/api.w.org\/{rel}","templated":true}]}}