{"id":147,"date":"2025-05-13T14:19:37","date_gmt":"2025-05-13T11:19:37","guid":{"rendered":"https:\/\/sites.utu.fi\/kulttuurin-ja-terveyden-tutkimusyksikko\/?page_id=147"},"modified":"2025-05-13T14:19:44","modified_gmt":"2025-05-13T11:19:44","slug":"hyodyllisia-linkkeja","status":"publish","type":"page","link":"https:\/\/sites.utu.fi\/kulttuurin-ja-terveyden-tutkimusyksikko\/hyodyllisia-linkkeja\/","title":{"rendered":"Hy\u00f6dyllisi\u00e4 linkkej\u00e4"},"content":{"rendered":"\n<p><strong>Kulttuurin ja terveyden suhdetta tutkitaan muun muassa kerronnallisessa l\u00e4\u00e4ketieteess\u00e4 sek\u00e4 medical humanities &#8211; ja health humanities -aloilla. T\u00e4h\u00e4n on koottu muutamia linkkej\u00e4 instituutioihin, tutkimusblogeihin ja tieteellisiin aikakauslehtiin.<\/strong><\/p>\n\n\n\n<p><a href=\"https:\/\/sites.utu.fi\/kipina\/\">KIPIN\u00c4 &#8211; Kulttuurin ja terveyden tutkimusyksik\u00f6n verkkojulkaisu (2017-2018)<\/a><\/p>\n\n\n\n<p><a href=\"http:\/\/www.euro.who.int\/en\/data-and-evidence\/cultural-contexts-of-health\/\" rel=\"noopener\">WHO: Cultural contexts of Health<\/a><\/p>\n\n\n\n<p><a href=\"https:\/\/www.dur.ac.uk\/imh\/\" rel=\"noopener\">Institute for Medical Humanities in Durham<\/a><\/p>\n\n\n\n<p><a href=\"http:\/\/www.instituteofmedicalethics.org\/website\/\" rel=\"noopener\">Institute of Medical Ethics (IME)<\/a><\/p>\n\n\n\n<p><a href=\"http:\/\/www.narrativemedicine.org\/\" rel=\"noopener\">Narrative Medicine (The Division of Narrative Medicine, Columbia University)<\/a><\/p>\n\n\n\n<p><a href=\"http:\/\/www.healthhumanities.org\/\" rel=\"noopener\">International Health Humanities Network<\/a><\/p>\n\n\n\n<p><a href=\"https:\/\/healthhumanitiesconsortium.com\/\" rel=\"noopener\">Health Humanities Consortium<\/a><\/p>\n\n\n\n<h3 class=\"wp-block-heading\">Blogeja<\/h3>\n\n\n\n<p><a href=\"https:\/\/ilmiomedia.fi\/\" rel=\"noopener\">Ilmi\u00f6<\/a><\/p>\n\n\n\n<p><a href=\"https:\/\/antroblogi.fi\/\" rel=\"noopener\">AntroBlogi<\/a><\/p>\n\n\n\n<p><a href=\"http:\/\/terveyttatieteesta.blogspot.com\/\" rel=\"noopener\">Turun yliopiston hoitotieteen Terveytt\u00e4 tieteest\u00e4 -blogi<\/a><\/p>\n\n\n\n<p><a href=\"http:\/\/trackthera.utu.fi\/author\/hamber\/\" rel=\"noopener\">Tracking the Therapeutic -hanke ja blogi<\/a><\/p>\n\n\n\n<p><a href=\"https:\/\/blogs.helsinki.fi\/luxhumana\/\" rel=\"noopener\">Lux Humana<\/a><\/p>\n\n\n\n<p><a href=\"https:\/\/blogs.bmj.com\/medical-humanities\/\" rel=\"noopener\">Medical Humanities<\/a><\/p>\n\n\n\n<p><a href=\"https:\/\/thepolyphony.org\/about\/\" rel=\"noopener\">Polyphony: Conversations Across Medical Humanities<\/a><\/p>\n\n\n\n<p><a href=\"https:\/\/blogit.utu.fi\/soteakatemia\/\" rel=\"noopener\">Sote-akatemian monialainen dialogiblogi<\/a><\/p>\n\n\n\n<p><a href=\"https:\/\/aeon.co\/\" rel=\"noopener\">AEON<\/a><\/p>\n\n\n\n<p><a href=\"https:\/\/blogs.bmj.com\/medical-ethics\/\" rel=\"noopener\">Journal of Medical Ethics<\/a><\/p>\n\n\n\n<h3 class=\"wp-block-heading\">Lehti\u00e4<\/h3>\n\n\n\n<p><a href=\"https:\/\/nordicartshealth.turkuamk.fi\/nordic-journal-of-arts-culture-and-health\/\" rel=\"noopener\">Nordic Journal of Arts, Culture and Health<\/a><\/p>\n","protected":false},"excerpt":{"rendered":"<p>Kulttuurin ja terveyden suhdetta tutkitaan muun muassa kerronnallisessa l\u00e4\u00e4ketieteess\u00e4 sek\u00e4 medical humanities &#8211; ja health humanities -aloilla. T\u00e4h\u00e4n on koottu muutamia linkkej\u00e4 instituutioihin, tutkimusblogeihin ja tieteellisiin aikakauslehtiin. KIPIN\u00c4 &#8211; Kulttuurin ja terveyden tutkimusyksik\u00f6n verkkojulkaisu (2017-2018) WHO: Cultural contexts of Health Institute for Medical Humanities in Durham Institute of Medical Ethics (IME) Narrative Medicine (The Division&#8230;<\/p>\n","protected":false},"author":4885,"featured_media":0,"parent":0,"menu_order":0,"comment_status":"closed","ping_status":"closed","template":"","meta":{"_acf_changed":false,"_kad_blocks_custom_css":"","_kad_blocks_head_custom_js":"","_kad_blocks_body_custom_js":"","_kad_blocks_footer_custom_js":"","_kad_post_transparent":"","_kad_post_title":"","_kad_post_layout":"","_kad_post_sidebar_id":"","_kad_post_content_style":"","_kad_post_vertical_padding":"","_kad_post_feature":"","_kad_post_feature_position":"","_kad_post_header":false,"_kad_post_footer":false,"_kad_post_classname":"","footnotes":""},"class_list":["post-147","page","type-page","status-publish","hentry"],"acf":[],"lang":"fi","translations":{"fi":147,"en":233},"taxonomy_info":[],"featured_image_src_large":false,"author_info":{"display_name":"mlkirvutufi","author_link":"https:\/\/sites.utu.fi\/kulttuurin-ja-terveyden-tutkimusyksikko\/author\/mlkirvutufi\/"},"comment_info":0,"pll_sync_post":[],"_links":{"self":[{"href":"https:\/\/sites.utu.fi\/kulttuurin-ja-terveyden-tutkimusyksikko\/wp-json\/wp\/v2\/pages\/147","targetHints":{"allow":["GET"]}}],"collection":[{"href":"https:\/\/sites.utu.fi\/kulttuurin-ja-terveyden-tutkimusyksikko\/wp-json\/wp\/v2\/pages"}],"about":[{"href":"https:\/\/sites.utu.fi\/kulttuurin-ja-terveyden-tutkimusyksikko\/wp-json\/wp\/v2\/types\/page"}],"author":[{"embeddable":true,"href":"https:\/\/sites.utu.fi\/kulttuurin-ja-terveyden-tutkimusyksikko\/wp-json\/wp\/v2\/users\/4885"}],"replies":[{"embeddable":true,"href":"https:\/\/sites.utu.fi\/kulttuurin-ja-terveyden-tutkimusyksikko\/wp-json\/wp\/v2\/comments?post=147"}],"version-history":[{"count":1,"href":"https:\/\/sites.utu.fi\/kulttuurin-ja-terveyden-tutkimusyksikko\/wp-json\/wp\/v2\/pages\/147\/revisions"}],"predecessor-version":[{"id":149,"href":"https:\/\/sites.utu.fi\/kulttuurin-ja-terveyden-tutkimusyksikko\/wp-json\/wp\/v2\/pages\/147\/revisions\/149"}],"wp:attachment":[{"href":"https:\/\/sites.utu.fi\/kulttuurin-ja-terveyden-tutkimusyksikko\/wp-json\/wp\/v2\/media?parent=147"}],"curies":[{"name":"wp","href":"https:\/\/api.w.org\/{rel}","templated":true}]}}