{"id":150,"date":"2025-05-13T14:26:00","date_gmt":"2025-05-13T11:26:00","guid":{"rendered":"https:\/\/sites.utu.fi\/kulttuurin-ja-terveyden-tutkimusyksikko\/?page_id=150"},"modified":"2025-05-14T10:54:35","modified_gmt":"2025-05-14T07:54:35","slug":"yhteystiedot","status":"publish","type":"page","link":"https:\/\/sites.utu.fi\/kulttuurin-ja-terveyden-tutkimusyksikko\/yhteystiedot\/","title":{"rendered":"Kulttuurin ja terveyden tutkimusyksik\u00f6n yhteystiedot"},"content":{"rendered":"\n<p><strong>K\u00e4yntiosoite<\/strong><br>Arcanum, Arcanuminkuja 4, Turku<\/p>\n\n\n\n<p><strong>Postiosoite<\/strong><br>Kulttuurin ja terveyden tutkimusyksikk\u00f6<br>20014 Turun yliopisto<\/p>\n\n\n\n<p><strong>S\u00e4hk\u00f6posti<\/strong><br>kultterveys@utu.fi <\/p>\n\n\n\n<p><strong>Yksik\u00f6n vastuuhenkil\u00f6<\/strong><br><a href=\"https:\/\/www.utu.fi\/fi\/ihmiset\/viola-capkova\" rel=\"noopener\">Viola Parente-\u010capkov\u00e1<\/a>, viocap@utu.fi<br>Professori, kirjallisuustieteet ja kirjoittaminen<\/p>\n","protected":false},"excerpt":{"rendered":"<p>K\u00e4yntiosoiteArcanum, Arcanuminkuja 4, Turku PostiosoiteKulttuurin ja terveyden tutkimusyksikk\u00f620014 Turun yliopisto S\u00e4hk\u00f6postikultterveys@utu.fi Yksik\u00f6n vastuuhenkil\u00f6Viola Parente-\u010capkov\u00e1, viocap@utu.fiProfessori, kirjallisuustieteet ja kirjoittaminen<\/p>\n","protected":false},"author":4885,"featured_media":0,"parent":0,"menu_order":0,"comment_status":"closed","ping_status":"closed","template":"","meta":{"_acf_changed":false,"_kad_blocks_custom_css":"","_kad_blocks_head_custom_js":"","_kad_blocks_body_custom_js":"","_kad_blocks_footer_custom_js":"","_kad_post_transparent":"","_kad_post_title":"","_kad_post_layout":"","_kad_post_sidebar_id":"","_kad_post_content_style":"","_kad_post_vertical_padding":"","_kad_post_feature":"","_kad_post_feature_position":"","_kad_post_header":false,"_kad_post_footer":false,"_kad_post_classname":"","footnotes":""},"class_list":["post-150","page","type-page","status-publish","hentry"],"acf":[],"lang":"fi","translations":{"fi":150,"en":236},"taxonomy_info":[],"featured_image_src_large":false,"author_info":{"display_name":"mlkirvutufi","author_link":"https:\/\/sites.utu.fi\/kulttuurin-ja-terveyden-tutkimusyksikko\/author\/mlkirvutufi\/"},"comment_info":0,"pll_sync_post":[],"_links":{"self":[{"href":"https:\/\/sites.utu.fi\/kulttuurin-ja-terveyden-tutkimusyksikko\/wp-json\/wp\/v2\/pages\/150","targetHints":{"allow":["GET"]}}],"collection":[{"href":"https:\/\/sites.utu.fi\/kulttuurin-ja-terveyden-tutkimusyksikko\/wp-json\/wp\/v2\/pages"}],"about":[{"href":"https:\/\/sites.utu.fi\/kulttuurin-ja-terveyden-tutkimusyksikko\/wp-json\/wp\/v2\/types\/page"}],"author":[{"embeddable":true,"href":"https:\/\/sites.utu.fi\/kulttuurin-ja-terveyden-tutkimusyksikko\/wp-json\/wp\/v2\/users\/4885"}],"replies":[{"embeddable":true,"href":"https:\/\/sites.utu.fi\/kulttuurin-ja-terveyden-tutkimusyksikko\/wp-json\/wp\/v2\/comments?post=150"}],"version-history":[{"count":6,"href":"https:\/\/sites.utu.fi\/kulttuurin-ja-terveyden-tutkimusyksikko\/wp-json\/wp\/v2\/pages\/150\/revisions"}],"predecessor-version":[{"id":168,"href":"https:\/\/sites.utu.fi\/kulttuurin-ja-terveyden-tutkimusyksikko\/wp-json\/wp\/v2\/pages\/150\/revisions\/168"}],"wp:attachment":[{"href":"https:\/\/sites.utu.fi\/kulttuurin-ja-terveyden-tutkimusyksikko\/wp-json\/wp\/v2\/media?parent=150"}],"curies":[{"name":"wp","href":"https:\/\/api.w.org\/{rel}","templated":true}]}}