{"id":233,"date":"2025-05-15T08:58:52","date_gmt":"2025-05-15T05:58:52","guid":{"rendered":"https:\/\/sites.utu.fi\/kulttuurin-ja-terveyden-tutkimusyksikko\/?page_id=233"},"modified":"2025-05-27T13:16:22","modified_gmt":"2025-05-27T10:16:22","slug":"useful-links","status":"publish","type":"page","link":"https:\/\/sites.utu.fi\/kulttuurin-ja-terveyden-tutkimusyksikko\/en\/useful-links\/","title":{"rendered":"Useful links"},"content":{"rendered":"\n<p><a href=\"https:\/\/sites.utu.fi\/kipina\/\">KIPIN\u00c4 &#8211; Centre for Culture and Health online journal (2017-2018: discontinued)<\/a><\/p>\n\n\n\n<p><a href=\"http:\/\/www.euro.who.int\/en\/data-and-evidence\/cultural-contexts-of-health\/\" rel=\"noopener\">WHO: Cultural contexts of Health<\/a><\/p>\n\n\n\n<p><a href=\"https:\/\/www.dur.ac.uk\/imh\/\" rel=\"noopener\">Institute for Medical Humanities in Durham<\/a><\/p>\n\n\n\n<p><a href=\"http:\/\/www.instituteofmedicalethics.org\/website\/\" rel=\"noopener\">Institute of Medical Ethics (IME)<\/a><\/p>\n\n\n\n<p><a href=\"http:\/\/www.narrativemedicine.org\/\" rel=\"noopener\">Narrative Medicine (The Division of Narrative Medicine, Columbia University)<\/a><\/p>\n\n\n\n<p><a href=\"http:\/\/www.healthhumanities.org\/\" rel=\"noopener\">International Health Humanities Network<\/a><\/p>\n\n\n\n<p><a href=\"https:\/\/healthhumanitiesconsortium.com\/\" rel=\"noopener\">Health Humanities Consortium<\/a><\/p>\n\n\n\n<h3 class=\"wp-block-heading\">Blogs<\/h3>\n\n\n\n<p><a href=\"https:\/\/ilmiomedia.fi\/\" rel=\"noopener\">Ilmi\u00f6<\/a> [Phenomenon]<\/p>\n\n\n\n<p><a href=\"https:\/\/antroblogi.fi\/\" rel=\"noopener\">AntroBlogi<\/a><\/p>\n\n\n\n<p><a href=\"http:\/\/terveyttatieteesta.blogspot.com\/\" rel=\"noopener\">Terveytt\u00e4 tieteest\u00e4 -blog<\/a> [Health from Science]<\/p>\n\n\n\n<p><a href=\"https:\/\/blogs.helsinki.fi\/luxhumana\/\" rel=\"noopener\">Lux Humana<\/a><\/p>\n\n\n\n<p><a href=\"https:\/\/blogs.bmj.com\/medical-humanities\/\" rel=\"noopener\">Medical Humanities<\/a><\/p>\n\n\n\n<p><a href=\"https:\/\/thepolyphony.org\/about\/\" rel=\"noopener\">Polyphony: Conversations Across Medical Humanities<\/a><\/p>\n\n\n\n<p><a href=\"https:\/\/blogit.utu.fi\/soteakatemia\/\" rel=\"noopener\">Dialogiblogi: Sote Academy Multidisciplinary Blog<\/a><\/p>\n\n\n\n<p><a href=\"https:\/\/aeon.co\/\" rel=\"noopener\">AEON<\/a><\/p>\n\n\n\n<h3 class=\"wp-block-heading\">Journals<\/h3>\n\n\n\n<p><a href=\"https:\/\/nordicartshealth.turkuamk.fi\/nordic-journal-of-arts-culture-and-health\/\" rel=\"noopener\">Nordic Journal of Arts, Culture and Health<\/a><\/p>\n\n\n\n<p><a href=\"https:\/\/blogs.bmj.com\/medical-ethics\/\" rel=\"noopener\">Journal of Medical Ethics<\/a><\/p>\n","protected":false},"excerpt":{"rendered":"<p>KIPIN\u00c4 &#8211; Centre for Culture and Health online journal (2017-2018: discontinued) WHO: Cultural contexts of Health Institute for Medical Humanities in Durham Institute of Medical Ethics (IME) Narrative Medicine (The Division of Narrative Medicine, Columbia University) International Health Humanities Network Health Humanities Consortium Blogs Ilmi\u00f6 [Phenomenon] AntroBlogi Terveytt\u00e4 tieteest\u00e4 -blog [Health from Science] Lux Humana&#8230;<\/p>\n","protected":false},"author":4885,"featured_media":0,"parent":0,"menu_order":0,"comment_status":"closed","ping_status":"closed","template":"","meta":{"_acf_changed":false,"_kad_blocks_custom_css":"","_kad_blocks_head_custom_js":"","_kad_blocks_body_custom_js":"","_kad_blocks_footer_custom_js":"","_kad_post_transparent":"","_kad_post_title":"","_kad_post_layout":"","_kad_post_sidebar_id":"","_kad_post_content_style":"","_kad_post_vertical_padding":"","_kad_post_feature":"","_kad_post_feature_position":"","_kad_post_header":false,"_kad_post_footer":false,"_kad_post_classname":"","footnotes":""},"class_list":["post-233","page","type-page","status-publish","hentry"],"acf":[],"lang":"en","translations":{"en":233,"fi":147},"taxonomy_info":[],"featured_image_src_large":false,"author_info":{"display_name":"mlkirvutufi","author_link":"https:\/\/sites.utu.fi\/kulttuurin-ja-terveyden-tutkimusyksikko\/author\/mlkirvutufi\/"},"comment_info":0,"pll_sync_post":[],"_links":{"self":[{"href":"https:\/\/sites.utu.fi\/kulttuurin-ja-terveyden-tutkimusyksikko\/wp-json\/wp\/v2\/pages\/233","targetHints":{"allow":["GET"]}}],"collection":[{"href":"https:\/\/sites.utu.fi\/kulttuurin-ja-terveyden-tutkimusyksikko\/wp-json\/wp\/v2\/pages"}],"about":[{"href":"https:\/\/sites.utu.fi\/kulttuurin-ja-terveyden-tutkimusyksikko\/wp-json\/wp\/v2\/types\/page"}],"author":[{"embeddable":true,"href":"https:\/\/sites.utu.fi\/kulttuurin-ja-terveyden-tutkimusyksikko\/wp-json\/wp\/v2\/users\/4885"}],"replies":[{"embeddable":true,"href":"https:\/\/sites.utu.fi\/kulttuurin-ja-terveyden-tutkimusyksikko\/wp-json\/wp\/v2\/comments?post=233"}],"version-history":[{"count":3,"href":"https:\/\/sites.utu.fi\/kulttuurin-ja-terveyden-tutkimusyksikko\/wp-json\/wp\/v2\/pages\/233\/revisions"}],"predecessor-version":[{"id":441,"href":"https:\/\/sites.utu.fi\/kulttuurin-ja-terveyden-tutkimusyksikko\/wp-json\/wp\/v2\/pages\/233\/revisions\/441"}],"wp:attachment":[{"href":"https:\/\/sites.utu.fi\/kulttuurin-ja-terveyden-tutkimusyksikko\/wp-json\/wp\/v2\/media?parent=233"}],"curies":[{"name":"wp","href":"https:\/\/api.w.org\/{rel}","templated":true}]}}