{"id":245,"date":"2025-05-15T09:15:25","date_gmt":"2025-05-15T06:15:25","guid":{"rendered":"https:\/\/sites.utu.fi\/kulttuurin-ja-terveyden-tutkimusyksikko\/?page_id=245"},"modified":"2026-01-21T14:52:34","modified_gmt":"2026-01-21T12:52:34","slug":"people","status":"publish","type":"page","link":"https:\/\/sites.utu.fi\/kulttuurin-ja-terveyden-tutkimusyksikko\/en\/people\/","title":{"rendered":"People"},"content":{"rendered":"\n<h3 class=\"wp-block-heading\">Director<\/h3>\n\n\n\n<p><a href=\"https:\/\/www.utu.fi\/en\/people\/viola-capkova\" rel=\"noopener\">Viola Parente-\u010capkov\u00e1<\/a>, Professor<\/p>\n\n\n\n<h3 class=\"wp-block-heading\">Board Members<\/h3>\n\n\n\n<div class=\"wp-block-group is-vertical is-layout-flex wp-container-core-group-is-layout-8cf370e7 wp-block-group-is-layout-flex\">\n<p><a href=\"https:\/\/www.utu.fi\/en\/people\/kaisa-riitta-aho\" rel=\"noopener\">Kaisa Aho<\/a>, Doctoral Researcher<\/p>\n\n\n\n<p><a href=\"https:\/\/www.utu.fi\/en\/people\/riitta-jytila\" rel=\"noopener\">Riitta Jytil\u00e4<\/a>, Docent, Faculty of Humanities<\/p>\n\n\n\n<p><a href=\"https:\/\/www.utu.fi\/en\/people\/elina-lammervo\" rel=\"noopener\">Elina Lammervo<\/a>, Doctoral Researcher <\/p>\n\n\n\n<p><a href=\"https:\/\/www.utu.fi\/en\/people\/anu-laukkanen\" rel=\"noopener\">Anu Laukkanen<\/a>, Planning Officer, Educational Matters<\/p>\n\n\n\n<p><a href=\"https:\/\/www.utu.fi\/en\/people\/hanna-maijala\" rel=\"noopener\">Hanna Maijala<\/a>, University Lecturer<\/p>\n\n\n\n<p><a href=\"https:\/\/www.utu.fi\/en\/people\/minna-opas\" rel=\"noopener\">Minna Opas<\/a>, University Lecturer<\/p>\n\n\n\n<p><a href=\"https:\/\/www.utu.fi\/en\/people\/jenny-paananen\" rel=\"noopener\">Jenny Paananen<\/a>, Academy Research Fellow<\/p>\n\n\n\n<p><a href=\"https:\/\/www.utu.fi\/en\/people\/ranjana-saha\" rel=\"noopener\">Ranjana Saha<\/a>, MSCA COFUND TIES Fellow<\/p>\n\n\n\n<p><a href=\"https:\/\/www.utu.fi\/fi\/ihmiset\/katariina-seittenranta\" rel=\"noopener\">Katariina Seittenranta<\/a>, Clinical Lecturer, Public Health<\/p>\n\n\n\n<p><a href=\"https:\/\/www.utu.fi\/en\/people\/kirsi-tuohela\" rel=\"noopener\">Kirsi Tuohela<\/a>, Docent, Faculty of Humanities<\/p>\n\n\n\n<p><a href=\"https:\/\/www.utu.fi\/en\/people\/avril-tynan\" rel=\"noopener\">Avril Tynan<\/a>, Research Council of Finland Fellow<\/p>\n\n\n\n<p><\/p>\n\n\n\n<p><strong>Research Assistant<\/strong><\/p>\n\n\n\n<p><a href=\"https:\/\/www.utu.fi\/en\/people\/matilda-kirvela\" rel=\"noopener\">Matilda Kirvel\u00e4<\/a>, Doctoral Researcher<br><br><\/p>\n<\/div>\n","protected":false},"excerpt":{"rendered":"<p>Director Viola Parente-\u010capkov\u00e1, Professor Board Members Kaisa Aho, Doctoral Researcher Riitta Jytil\u00e4, Docent, Faculty of Humanities Elina Lammervo, Doctoral Researcher Anu Laukkanen, Planning Officer, Educational Matters Hanna Maijala, University Lecturer Minna Opas, University Lecturer Jenny Paananen, Academy Research Fellow Ranjana Saha, MSCA COFUND TIES Fellow Katariina Seittenranta, Clinical Lecturer, Public Health Kirsi Tuohela, Docent, Faculty&#8230;<\/p>\n","protected":false},"author":4885,"featured_media":0,"parent":0,"menu_order":0,"comment_status":"closed","ping_status":"closed","template":"","meta":{"_acf_changed":false,"_kad_blocks_custom_css":"","_kad_blocks_head_custom_js":"","_kad_blocks_body_custom_js":"","_kad_blocks_footer_custom_js":"","_kad_post_transparent":"","_kad_post_title":"","_kad_post_layout":"","_kad_post_sidebar_id":"","_kad_post_content_style":"","_kad_post_vertical_padding":"","_kad_post_feature":"","_kad_post_feature_position":"","_kad_post_header":false,"_kad_post_footer":false,"_kad_post_classname":"","footnotes":""},"class_list":["post-245","page","type-page","status-publish","hentry"],"acf":[],"lang":"en","translations":{"en":245,"fi":138},"taxonomy_info":[],"featured_image_src_large":false,"author_info":{"display_name":"mlkirvutufi","author_link":"https:\/\/sites.utu.fi\/kulttuurin-ja-terveyden-tutkimusyksikko\/author\/mlkirvutufi\/"},"comment_info":0,"pll_sync_post":[],"_links":{"self":[{"href":"https:\/\/sites.utu.fi\/kulttuurin-ja-terveyden-tutkimusyksikko\/wp-json\/wp\/v2\/pages\/245","targetHints":{"allow":["GET"]}}],"collection":[{"href":"https:\/\/sites.utu.fi\/kulttuurin-ja-terveyden-tutkimusyksikko\/wp-json\/wp\/v2\/pages"}],"about":[{"href":"https:\/\/sites.utu.fi\/kulttuurin-ja-terveyden-tutkimusyksikko\/wp-json\/wp\/v2\/types\/page"}],"author":[{"embeddable":true,"href":"https:\/\/sites.utu.fi\/kulttuurin-ja-terveyden-tutkimusyksikko\/wp-json\/wp\/v2\/users\/4885"}],"replies":[{"embeddable":true,"href":"https:\/\/sites.utu.fi\/kulttuurin-ja-terveyden-tutkimusyksikko\/wp-json\/wp\/v2\/comments?post=245"}],"version-history":[{"count":12,"href":"https:\/\/sites.utu.fi\/kulttuurin-ja-terveyden-tutkimusyksikko\/wp-json\/wp\/v2\/pages\/245\/revisions"}],"predecessor-version":[{"id":833,"href":"https:\/\/sites.utu.fi\/kulttuurin-ja-terveyden-tutkimusyksikko\/wp-json\/wp\/v2\/pages\/245\/revisions\/833"}],"wp:attachment":[{"href":"https:\/\/sites.utu.fi\/kulttuurin-ja-terveyden-tutkimusyksikko\/wp-json\/wp\/v2\/media?parent=245"}],"curies":[{"name":"wp","href":"https:\/\/api.w.org\/{rel}","templated":true}]}}