{"id":92,"date":"2025-05-13T11:29:35","date_gmt":"2025-05-13T08:29:35","guid":{"rendered":"https:\/\/sites.utu.fi\/kulttuurin-ja-terveyden-tutkimusyksikko\/?page_id=92"},"modified":"2026-03-13T16:28:02","modified_gmt":"2026-03-13T14:28:02","slug":"tapahtumat","status":"publish","type":"page","link":"https:\/\/sites.utu.fi\/kulttuurin-ja-terveyden-tutkimusyksikko\/uutiset\/tapahtumat\/","title":{"rendered":"Tapahtumat"},"content":{"rendered":"\n<p>Onko sinulla tapahtuma- tai seminaari-idea? Ole yhteydess\u00e4 kultterveys@utu.fi!<\/p>\n\n\n\n<h3 class=\"wp-block-heading\">Tulevat tapahtumat<\/h3>\n\n\n\n<p><strong>23.3.2026 <a href=\"https:\/\/sites.utu.fi\/kulttuurin-ja-terveyden-tutkimusyksikko\/2026\/01\/29\/julkistamistilaisuus-empiirinen-kirjallisuuden-ja-lukemisen-tutkimus-menetelmia-ja-kaytantoja\/\">Julkistamistilaisuus: Empiirinen kirjallisuuden ja lukemisen tutkimus \u2013 Menetelmi\u00e4 ja k\u00e4yt\u00e4nt\u00f6j\u00e4 <\/a><\/strong>(14:15-17:00, Arcanumin luentosali A113)<\/p>\n\n\n\n<p><strong><a href=\"https:\/\/utu.zoom.us\/meeting\/register\/tpPbSSs1Qjyt3MhQ9UhBDA\" rel=\"noopener\">Julkistustilaisuutta voi seurata my\u00f6s et\u00e4n\u00e4! Ilmoittaudu t\u00e4ll\u00e4 lomakkeella, niin saat Zoom-linkin s\u00e4hk\u00f6postiisi<\/a><\/strong><\/p>\n\n\n\n<figure class=\"wp-block-image size-full\"><img loading=\"lazy\" decoding=\"async\" width=\"527\" height=\"801\" src=\"https:\/\/sites.utu.fi\/kulttuurin-ja-terveyden-tutkimusyksikko\/wp-content\/uploads\/sites\/1466\/2026\/01\/Kuva.jpg\" alt=\"\" class=\"wp-image-840\" srcset=\"https:\/\/sites.utu.fi\/kulttuurin-ja-terveyden-tutkimusyksikko\/wp-content\/uploads\/sites\/1466\/2026\/01\/Kuva.jpg 527w, https:\/\/sites.utu.fi\/kulttuurin-ja-terveyden-tutkimusyksikko\/wp-content\/uploads\/sites\/1466\/2026\/01\/Kuva-197x300.jpg 197w, https:\/\/sites.utu.fi\/kulttuurin-ja-terveyden-tutkimusyksikko\/wp-content\/uploads\/sites\/1466\/2026\/01\/Kuva-168x255.jpg 168w, https:\/\/sites.utu.fi\/kulttuurin-ja-terveyden-tutkimusyksikko\/wp-content\/uploads\/sites\/1466\/2026\/01\/Kuva-190x289.jpg 190w\" sizes=\"auto, (max-width: 527px) 100vw, 527px\" \/><\/figure>\n\n\n\n<p><s><a href=\"https:\/\/konsta.utu.fi\/fi-fi\/More\/Calendar\/UTU-Tapahtumakalenteri\/UTU-Tapahtumakalenteri-Sis%C3%A4sivu\/id\/23159\" rel=\"noopener\">4.12.2025&nbsp;Vierailuluento: Ulrika Maude. Torstai 4. joulukuuta,&nbsp;16:15-17:30<\/a>&nbsp;(A269 BlackBox)<\/s> &#8211; <strong>TAPAHTUMA ON SIIRRETTY ENSI VUODELLE. LIS\u00c4TIETO TULOSSA VUONNA 2026<\/strong><\/p>\n\n\n\n<p><\/p>\n\n\n\n<h3 class=\"wp-block-heading\">Menneet tapahtumat<\/h3>\n\n\n\n<p>23.2.2026 Kirjan kirjoittaminen: v\u00e4it\u00f6skirjasta kirjaksi, Meredith Carroll.<\/p>\n\n\n\n<p>10.12.2025 <a href=\"https:\/\/www.utu.fi\/fi\/ajankohtaista\/tapahtumat\/flash-seminar-centre-for-culture-and-health-selma\" rel=\"noopener\">Flash Seminar<\/a> (KTT:n &amp; SELMA:n j\u00e4rjest\u00e4m\u00e4 tilaisuus).<\/p>\n\n\n\n<p>9.12.2025 <a href=\"https:\/\/konsta.utu.fi\/fi-fi\/More\/Calendar\/UTU-Tapahtumakalenteri\/UTU-Tapahtumakalenteri-Sis%C3%A4sivu\/id\/23121\" rel=\"noopener\">Tutkijaseminaari: Arts &amp; Humanities in the Clinic. <\/a><\/p>\n\n\n\n<p>19.11.2025 <a href=\"https:\/\/sites.utu.fi\/kulttuurin-ja-terveyden-tutkimusyksikko\/current-intersections-of-culture-language-and-wellbeing-seminaarit\/\">Current Intersections -Seminaari. Mets\u00e4keskustelu. Zoomissa.<\/a><\/p>\n\n\n\n<p>4.11.2025 <a href=\"https:\/\/konsta.utu.fi\/fi-fi\/More\/Calendar\/UTU-Tapahtumakalenteri\/UTU-Tapahtumakalenteri-Sis%C3%A4sivu\/id\/23119\" rel=\"noopener\">Tutkijaseminaari. Kieli &amp; Kulttuuri (suomeksi).<\/a><\/p>\n\n\n\n<p>7.10.2025 <a href=\"https:\/\/www.utu.fi\/fi\/ajankohtaista\/tapahtumat\/centre-for-culture-and-health-research-seminar-kulttuurin-ja-terveyden\" rel=\"noopener\">Tutkijaseminaari: Trauma &amp; Testimony<\/a><\/p>\n\n\n\n<p>9.9.2025 <a href=\"https:\/\/www.utu.fi\/fi\/ajankohtaista\/tapahtumat\/centre-for-culture-and-health-meet-the-team-kulttuurin-ja-terveyden\" rel=\"noopener\">Kulttuurin ja terveyden tutkimusyksikk\u00f6: Infotilaisuus ja lukuvuoden avajaiset<\/a> <\/p>\n\n\n\n<p>3.6.2025-29.6.2025 <a href=\"https:\/\/sites.utu.fi\/kulttuurin-ja-terveyden-tutkimusyksikko\/en\/2025\/06\/02\/exhibition-modern-mothering-childhood-child-healthcare-gendered-scientised-ideas-material-cultures-experiences\/\">&#8217;Modern&#8217; Mothering, Childhood and Healthcare<\/a>. N\u00e4yttely. Turun p\u00e4\u00e4kirjasto.<\/p>\n\n\n\n<p>20.5.2025 <a href=\"https:\/\/www.utu.fi\/en\/news\/events\/autism-in-representations-and-social-interaction-a-current-intersections-seminar\" rel=\"noopener\">Current Intersections Seminar: Autism in Representations and Social Interaction<\/a><\/p>\n\n\n\n<p>9.5.2025 <a href=\"https:\/\/www.utu.fi\/en\/news\/events\/danielle-spencer-presents-narrative-medicine-and-metagnosis\" rel=\"noopener\">Danielle Spencer presents &#8221;Narrative Medicine and Metagnosis&#8221;<\/a><\/p>\n\n\n\n<p>5.2.2025&nbsp;<a href=\"https:\/\/sites.utu.fi\/lawe\/current-intersections-of-culture-language-and-wellbeing-jatkuu-5-2\/\">Current Intersections of Culture, Language and Wellbeing: Mental Health, Culture and Communication<\/a>&nbsp;(Zoom)<\/p>\n\n\n\n<p>12.11.2024&nbsp;<a href=\"https:\/\/sites.utu.fi\/lawe\/current-intersections-of-culture-language-and-wellbeing-12-11\/\">Current Intersections of Culture, Language and Wellbeing: Agency and Care in Literature and Film<\/a><\/p>\n\n\n\n<p>14.5.2024&nbsp;<a href=\"https:\/\/sites.utu.fi\/lawe\/current-intersections-of-culture-language-and-wellbeing-14-5\/\">Current Intersections of Culture, Language and Wellbeing: Mind and Body in Culture and Health<\/a><\/p>\n\n\n\n<p>12.4.2024<strong>&nbsp;<\/strong><a href=\"https:\/\/sites.utu.fi\/lawe\/current-intersections-of-culture-language-and-wellbeing-12-4\/\">Current Intersections of Culture, Language and Wellbeing: Structural racism and migration<\/a><\/p>\n\n\n\n<p>8.3<strong>.<\/strong>2024&nbsp;<a href=\"https:\/\/sites.utu.fi\/selma\/symposium-humanistinen-terveyden-ja-sairauden-tutkimus\/\">SELMA &amp; Kulttuurin ja terveyden tutkimusyksikk\u00f6: Symposium \u2013 Humanistinen terveyden ja sairauden tutkimus: l\u00e4hestymistapoja, menetelmi\u00e4, k\u00e4sitteit\u00e4.<\/a><\/p>\n\n\n\n<p>23.11.2023&nbsp;<a href=\"https:\/\/sites.utu.fi\/lawe\/current-intersections-of-culture-language-and-wellbeing-23-11\/\">Current Intersections of Culture, Language and Wellbeing: Linguistic inclusion in social and healthcare services<\/a><\/p>\n\n\n\n<p>12.10.2023&nbsp;<a href=\"https:\/\/sites.utu.fi\/lawe\/current-intersections-of-culture-language-and-wellbeing\/\">LaWen, KULTVAn sek\u00e4 Kulttuurin ja terveyden tutkimusyksik\u00f6n et\u00e4seminaarisarja, Current Intersections of Culture, Language and Wellbeing, seminaari: Narratives of Illness and Recovery<\/a><\/p>\n\n\n\n<p>11.5.2023&nbsp;<a href=\"https:\/\/sites.utu.fi\/lawe\/current-intersections-of-culture-language-and-wellbeing-etaseminaarisarjan-aloitus\/\">LaWen, KULTVAn sek\u00e4 Kulttuurin ja terveyden tutkimusyksik\u00f6n et\u00e4seminaarisarja, Current Intersections of Culture, Language and Wellbeing, ensimm\u00e4inen seminaari: Can we talk about death?<\/a>&nbsp;<\/p>\n","protected":false},"excerpt":{"rendered":"<p>Onko sinulla tapahtuma- tai seminaari-idea? Ole yhteydess\u00e4 kultterveys@utu.fi! Tulevat tapahtumat 23.3.2026 Julkistamistilaisuus: Empiirinen kirjallisuuden ja lukemisen tutkimus \u2013 Menetelmi\u00e4 ja k\u00e4yt\u00e4nt\u00f6j\u00e4 (14:15-17:00, Arcanumin luentosali A113) Julkistustilaisuutta voi seurata my\u00f6s et\u00e4n\u00e4! Ilmoittaudu t\u00e4ll\u00e4 lomakkeella, niin saat Zoom-linkin s\u00e4hk\u00f6postiisi 4.12.2025&nbsp;Vierailuluento: Ulrika Maude. Torstai 4. joulukuuta,&nbsp;16:15-17:30&nbsp;(A269 BlackBox) &#8211; TAPAHTUMA ON SIIRRETTY ENSI VUODELLE. LIS\u00c4TIETO TULOSSA VUONNA 2026 Menneet&#8230;<\/p>\n","protected":false},"author":4885,"featured_media":0,"parent":85,"menu_order":0,"comment_status":"closed","ping_status":"closed","template":"","meta":{"_acf_changed":false,"_kad_blocks_custom_css":"","_kad_blocks_head_custom_js":"","_kad_blocks_body_custom_js":"","_kad_blocks_footer_custom_js":"","_kad_post_transparent":"","_kad_post_title":"","_kad_post_layout":"","_kad_post_sidebar_id":"","_kad_post_content_style":"","_kad_post_vertical_padding":"","_kad_post_feature":"","_kad_post_feature_position":"","_kad_post_header":false,"_kad_post_footer":false,"_kad_post_classname":"","footnotes":""},"class_list":["post-92","page","type-page","status-publish","hentry"],"acf":[],"lang":"fi","translations":{"fi":92,"en":249},"taxonomy_info":[],"featured_image_src_large":false,"author_info":{"display_name":"mlkirvutufi","author_link":"https:\/\/sites.utu.fi\/kulttuurin-ja-terveyden-tutkimusyksikko\/author\/mlkirvutufi\/"},"comment_info":0,"pll_sync_post":[],"_links":{"self":[{"href":"https:\/\/sites.utu.fi\/kulttuurin-ja-terveyden-tutkimusyksikko\/wp-json\/wp\/v2\/pages\/92","targetHints":{"allow":["GET"]}}],"collection":[{"href":"https:\/\/sites.utu.fi\/kulttuurin-ja-terveyden-tutkimusyksikko\/wp-json\/wp\/v2\/pages"}],"about":[{"href":"https:\/\/sites.utu.fi\/kulttuurin-ja-terveyden-tutkimusyksikko\/wp-json\/wp\/v2\/types\/page"}],"author":[{"embeddable":true,"href":"https:\/\/sites.utu.fi\/kulttuurin-ja-terveyden-tutkimusyksikko\/wp-json\/wp\/v2\/users\/4885"}],"replies":[{"embeddable":true,"href":"https:\/\/sites.utu.fi\/kulttuurin-ja-terveyden-tutkimusyksikko\/wp-json\/wp\/v2\/comments?post=92"}],"version-history":[{"count":48,"href":"https:\/\/sites.utu.fi\/kulttuurin-ja-terveyden-tutkimusyksikko\/wp-json\/wp\/v2\/pages\/92\/revisions"}],"predecessor-version":[{"id":878,"href":"https:\/\/sites.utu.fi\/kulttuurin-ja-terveyden-tutkimusyksikko\/wp-json\/wp\/v2\/pages\/92\/revisions\/878"}],"up":[{"embeddable":true,"href":"https:\/\/sites.utu.fi\/kulttuurin-ja-terveyden-tutkimusyksikko\/wp-json\/wp\/v2\/pages\/85"}],"wp:attachment":[{"href":"https:\/\/sites.utu.fi\/kulttuurin-ja-terveyden-tutkimusyksikko\/wp-json\/wp\/v2\/media?parent=92"}],"curies":[{"name":"wp","href":"https:\/\/api.w.org\/{rel}","templated":true}]}}