{"id":95,"date":"2025-05-13T11:30:13","date_gmt":"2025-05-13T08:30:13","guid":{"rendered":"https:\/\/sites.utu.fi\/kulttuurin-ja-terveyden-tutkimusyksikko\/?page_id=95"},"modified":"2026-01-19T21:44:55","modified_gmt":"2026-01-19T19:44:55","slug":"tutkijaseminaarit","status":"publish","type":"page","link":"https:\/\/sites.utu.fi\/kulttuurin-ja-terveyden-tutkimusyksikko\/uutiset\/tutkijaseminaarit\/","title":{"rendered":"Tutkijaseminaarit"},"content":{"rendered":"\n<h2 class=\"wp-block-heading\">Kulttuuri ja terveys -tutkijaseminaari<\/h2>\n\n\n\n<p><strong>Kulttuuri ja terveys -tutkijaseminaari on tarkoitettu kaikille, jotka tekev\u00e4t tutkimusta kulttuuriin, taiteeseen, terveyteen, sairauteen ja\/tai hyvinvointiin liittyvist\u00e4 teemoista. Seminaari on monitieteinen ja edist\u00e4\u00e4 tieteidenv\u00e4list\u00e4 keskustelua. Seminaari tarjoaa osallistujille mahdollisuuden palautteen saamiseen, keskustelemiseen ja verkostoitumiseen.<\/strong><\/p>\n\n\n\n<h2 class=\"wp-block-heading\">Tutkijaseminaarit kev\u00e4t 2026<\/h2>\n\n\n\n<p>Saavutettava versio mainoksen alla.<\/p>\n\n\n\n<h2 class=\"wp-block-heading has-text-align-center\"><a href=\"https:\/\/utu.zoom.us\/j\/69021248129\" rel=\"noopener\">Liity tapahtumaan!<\/a><\/h2>\n\n\n\n<figure class=\"wp-block-image size-large\"><img loading=\"lazy\" decoding=\"async\" width=\"724\" height=\"1024\" src=\"https:\/\/sites.utu.fi\/kulttuurin-ja-terveyden-tutkimusyksikko\/wp-content\/uploads\/sites\/1466\/2026\/01\/Ohjelma2026_FI-4-724x1024.png\" alt=\"Tutkijaseminaarien ohjelma mainoksessa. \" class=\"wp-image-817\" srcset=\"https:\/\/sites.utu.fi\/kulttuurin-ja-terveyden-tutkimusyksikko\/wp-content\/uploads\/sites\/1466\/2026\/01\/Ohjelma2026_FI-4-724x1024.png 724w, https:\/\/sites.utu.fi\/kulttuurin-ja-terveyden-tutkimusyksikko\/wp-content\/uploads\/sites\/1466\/2026\/01\/Ohjelma2026_FI-4-212x300.png 212w, https:\/\/sites.utu.fi\/kulttuurin-ja-terveyden-tutkimusyksikko\/wp-content\/uploads\/sites\/1466\/2026\/01\/Ohjelma2026_FI-4-768x1086.png 768w, https:\/\/sites.utu.fi\/kulttuurin-ja-terveyden-tutkimusyksikko\/wp-content\/uploads\/sites\/1466\/2026\/01\/Ohjelma2026_FI-4-1086x1536.png 1086w, https:\/\/sites.utu.fi\/kulttuurin-ja-terveyden-tutkimusyksikko\/wp-content\/uploads\/sites\/1466\/2026\/01\/Ohjelma2026_FI-4-168x238.png 168w, https:\/\/sites.utu.fi\/kulttuurin-ja-terveyden-tutkimusyksikko\/wp-content\/uploads\/sites\/1466\/2026\/01\/Ohjelma2026_FI-4-190x269.png 190w, https:\/\/sites.utu.fi\/kulttuurin-ja-terveyden-tutkimusyksikko\/wp-content\/uploads\/sites\/1466\/2026\/01\/Ohjelma2026_FI-4.png 1414w\" sizes=\"auto, (max-width: 724px) 100vw, 724px\" \/><\/figure>\n\n\n\n<h2 class=\"wp-block-heading has-text-align-center\"><a href=\"https:\/\/utu.zoom.us\/j\/69021248129\" rel=\"noopener\">Liity tapahtumaan!<\/a><\/h2>\n\n\n\n<h2 class=\"wp-block-heading\">Ohjelma kev\u00e4\u00e4t 2026<\/h2>\n\n\n\n<p><strong>13. tammikuuta<\/strong><\/p>\n\n\n\n<p><strong>Shilpi Rajpal<\/strong>, University of Copenhagen, \u201cDecolonizing Mental Health: The Making of Modern Indian Psychiatry in India\u201d<\/p>\n\n\n\n<p><strong>Andrew Burchell<\/strong>, Uppsala University, \u201cChronic Consumers: Patient Organizations, Advertising, and the Negotiation of Diabetes in 20th-century Europe\u201d<\/p>\n\n\n\n<p><strong>17. helmikuuta<\/strong><\/p>\n\n\n\n<p><strong>Maria Teresa Marangoni<\/strong>, University of Exeter, \u201cCultures of Health and the Shape of Local Governance\u201d<\/p>\n\n\n\n<p><strong>Mikko Kemppainen<\/strong>, Tampere University, \u201cRunni Spa as a Scene of Natural Health Culture in Early 20th-century Finland\u201d<\/p>\n\n\n\n<p><strong>31. maaliskuuta<\/strong><\/p>\n\n\n\n<p><strong>Garima Shrivastava<\/strong>, Uppsala University, \u201cBeyond Access: Understanding Self-Managed Abortion Through Entanglements of Law, Body, and Technology\u201d<\/p>\n\n\n\n<p><strong>Sarah Howard<\/strong>, University of Bristol, \u201cChildcare and Health in Socialist Ethiopia\u201d<\/p>\n\n\n\n<p><strong>21. huhtikuuta<\/strong><\/p>\n\n\n\n<p><strong>Laure Pesquet<\/strong>, Sorbonne University, \u201cThe Medicalization of Maternity in Colonial and Postcolonial Egypt: State Politics and Women\u2019s Healthcare\u201d<\/p>\n\n\n\n<p><strong>Sara Villamar\u00edn-Freire<\/strong>, University of Santiago de Compostela, \u201cCan Illness Cure the Disembodied Father? Writing the Vulnerable Paternal Body in Contemporary Literature\u201d<\/p>\n\n\n\n<p><strong>12. toukokuuta<\/strong><\/p>\n\n\n\n<p><strong>Ivana Ze\u010devi\u0107<\/strong>, University of Groningen, \u201cExploring the Multiplicity of Childbirth Practices in Villa Maria (Uganda) and Mua (Malawi) Missions, 1900s-1980s\u201d<\/p>\n\n\n\n<p><strong>Jesper Vaczy Kragh<\/strong>, University of Southern Denmark, \u201cChild Psychiatry in the Clinic and Beyond\u201d<\/p>\n\n\n\n<h2 class=\"wp-block-heading\">Tutkijaseminaarit syksy 2026<\/h2>\n\n\n\n<div class=\"wp-block-group\"><div class=\"wp-block-group__inner-container is-layout-constrained wp-block-group-is-layout-constrained\">\n<p>Kulttuurin ja terveyden tutkimusyksik\u00f6n&nbsp;tutkijaseminaarit j\u00e4rjestet\u00e4\u00e4n my\u00f6s syyslukukaudella 2026, noin kerran kuussa. Jos olet kiinnostunut osallistumaan seuraaviin seminaareihin, ota rohkeasti yhteytt\u00e4 l\u00e4hett\u00e4m\u00e4ll\u00e4 s\u00e4hk\u00f6postia tutkijaseminaarin koordinaattoreihin&nbsp;<a href=\"https:\/\/www.utu.fi\/fi\/ihmiset\/avril-tynan\" rel=\"noopener\">Avril Tynaniin<\/a> (<a href=\"mailto:aatyna@utu.fi\">aatyna@utu.fi<\/a>)&nbsp;ja&nbsp;<a href=\"https:\/\/www.utu.fi\/fi\/ihmiset\/ranjana-saha\" rel=\"noopener\">Ranjana Sahaan<\/a>&nbsp;(<a href=\"mailto:ranjana.saha@utu.fi\">ranjana.saha@utu.fi<\/a>).<\/p>\n\n\n\n<p>Seminaareihin ovat etenkin tervetulleita kaikki sairauteen ja\/tai hyvinvointiin liittyvist\u00e4 teemoista kiinnostuneet v\u00e4it\u00f6skirjatutkijat sek\u00e4 muut nuoremmat tutkijat. Tutkimuksesi voi olla vasta alussa tai jo pidemm\u00e4ll\u00e4, ja esityskieli voi olla englanti tai suomi \u2013 tule esittelem\u00e4\u00e4n matalalla kynnyksell\u00e4.&nbsp;<\/p>\n\n\n\n<p><\/p>\n\n\n\n<div class=\"wp-block-buttons is-layout-flex wp-block-buttons-is-layout-flex\">\n<div class=\"wp-block-button\"><a class=\"wp-block-button__link wp-element-button\" href=\"https:\/\/sites.utu.fi\/kulttuurin-ja-terveyden-tutkimusyksikko\/menneet-tutkijaseminaarit\/\">Menneet tutkijaseminaarit<\/a><\/div>\n<\/div>\n\n\n\n<figure class=\"wp-block-image size-large\"><img loading=\"lazy\" decoding=\"async\" width=\"1024\" height=\"576\" src=\"https:\/\/sites.utu.fi\/kulttuurin-ja-terveyden-tutkimusyksikko\/wp-content\/uploads\/sites\/1466\/2025\/05\/KTT-Seminaari-logo-2-1024x576.png\" alt=\"\" class=\"wp-image-134\" srcset=\"https:\/\/sites.utu.fi\/kulttuurin-ja-terveyden-tutkimusyksikko\/wp-content\/uploads\/sites\/1466\/2025\/05\/KTT-Seminaari-logo-2-1024x576.png 1024w, https:\/\/sites.utu.fi\/kulttuurin-ja-terveyden-tutkimusyksikko\/wp-content\/uploads\/sites\/1466\/2025\/05\/KTT-Seminaari-logo-2-300x169.png 300w, https:\/\/sites.utu.fi\/kulttuurin-ja-terveyden-tutkimusyksikko\/wp-content\/uploads\/sites\/1466\/2025\/05\/KTT-Seminaari-logo-2-768x432.png 768w, https:\/\/sites.utu.fi\/kulttuurin-ja-terveyden-tutkimusyksikko\/wp-content\/uploads\/sites\/1466\/2025\/05\/KTT-Seminaari-logo-2-168x95.png 168w, https:\/\/sites.utu.fi\/kulttuurin-ja-terveyden-tutkimusyksikko\/wp-content\/uploads\/sites\/1466\/2025\/05\/KTT-Seminaari-logo-2-190x107.png 190w, https:\/\/sites.utu.fi\/kulttuurin-ja-terveyden-tutkimusyksikko\/wp-content\/uploads\/sites\/1466\/2025\/05\/KTT-Seminaari-logo-2.png 1120w\" sizes=\"auto, (max-width: 1024px) 100vw, 1024px\" \/><\/figure>\n<\/div><\/div>\n","protected":false},"excerpt":{"rendered":"<p>Kulttuuri ja terveys -tutkijaseminaari Kulttuuri ja terveys -tutkijaseminaari on tarkoitettu kaikille, jotka tekev\u00e4t tutkimusta kulttuuriin, taiteeseen, terveyteen, sairauteen ja\/tai hyvinvointiin liittyvist\u00e4 teemoista. Seminaari on monitieteinen ja edist\u00e4\u00e4 tieteidenv\u00e4list\u00e4 keskustelua. Seminaari tarjoaa osallistujille mahdollisuuden palautteen saamiseen, keskustelemiseen ja verkostoitumiseen. Tutkijaseminaarit kev\u00e4t 2026 Saavutettava versio mainoksen alla. Liity tapahtumaan! Liity tapahtumaan! Ohjelma kev\u00e4\u00e4t 2026 13. tammikuuta Shilpi&#8230;<\/p>\n","protected":false},"author":4885,"featured_media":0,"parent":85,"menu_order":0,"comment_status":"closed","ping_status":"closed","template":"","meta":{"_acf_changed":false,"_kad_blocks_custom_css":"","_kad_blocks_head_custom_js":"","_kad_blocks_body_custom_js":"","_kad_blocks_footer_custom_js":"","_kad_post_transparent":"","_kad_post_title":"","_kad_post_layout":"","_kad_post_sidebar_id":"","_kad_post_content_style":"","_kad_post_vertical_padding":"","_kad_post_feature":"","_kad_post_feature_position":"","_kad_post_header":false,"_kad_post_footer":false,"_kad_post_classname":"","footnotes":""},"class_list":["post-95","page","type-page","status-publish","hentry"],"acf":[],"lang":"fi","translations":{"fi":95},"taxonomy_info":[],"featured_image_src_large":false,"author_info":{"display_name":"mlkirvutufi","author_link":"https:\/\/sites.utu.fi\/kulttuurin-ja-terveyden-tutkimusyksikko\/author\/mlkirvutufi\/"},"comment_info":0,"pll_sync_post":[],"_links":{"self":[{"href":"https:\/\/sites.utu.fi\/kulttuurin-ja-terveyden-tutkimusyksikko\/wp-json\/wp\/v2\/pages\/95","targetHints":{"allow":["GET"]}}],"collection":[{"href":"https:\/\/sites.utu.fi\/kulttuurin-ja-terveyden-tutkimusyksikko\/wp-json\/wp\/v2\/pages"}],"about":[{"href":"https:\/\/sites.utu.fi\/kulttuurin-ja-terveyden-tutkimusyksikko\/wp-json\/wp\/v2\/types\/page"}],"author":[{"embeddable":true,"href":"https:\/\/sites.utu.fi\/kulttuurin-ja-terveyden-tutkimusyksikko\/wp-json\/wp\/v2\/users\/4885"}],"replies":[{"embeddable":true,"href":"https:\/\/sites.utu.fi\/kulttuurin-ja-terveyden-tutkimusyksikko\/wp-json\/wp\/v2\/comments?post=95"}],"version-history":[{"count":33,"href":"https:\/\/sites.utu.fi\/kulttuurin-ja-terveyden-tutkimusyksikko\/wp-json\/wp\/v2\/pages\/95\/revisions"}],"predecessor-version":[{"id":820,"href":"https:\/\/sites.utu.fi\/kulttuurin-ja-terveyden-tutkimusyksikko\/wp-json\/wp\/v2\/pages\/95\/revisions\/820"}],"up":[{"embeddable":true,"href":"https:\/\/sites.utu.fi\/kulttuurin-ja-terveyden-tutkimusyksikko\/wp-json\/wp\/v2\/pages\/85"}],"wp:attachment":[{"href":"https:\/\/sites.utu.fi\/kulttuurin-ja-terveyden-tutkimusyksikko\/wp-json\/wp\/v2\/media?parent=95"}],"curies":[{"name":"wp","href":"https:\/\/api.w.org\/{rel}","templated":true}]}}