{"id":251,"date":"2024-07-19T12:01:37","date_gmt":"2024-07-19T11:01:37","guid":{"rendered":"https:\/\/sites.utu.fi\/openutu\/?page_id=251"},"modified":"2024-07-19T12:06:21","modified_gmt":"2024-07-19T11:06:21","slug":"podcast","status":"publish","type":"page","link":"https:\/\/sites.utu.fi\/openutu\/podcast\/","title":{"rendered":"Podcast"},"content":{"rendered":"\n<p><strong>Vau, mik\u00e4 vaikutus!<\/strong> -podcastsarjassa k\u00e4sitell\u00e4\u00e4n tutkimuksen vaikuttavuutta useista eri n\u00e4k\u00f6kulmista useiden eri henkil\u00f6iden kertomana.<br><br>Vaikutu tutkimuksen vaikuttavuudesta yhdess\u00e4 Lauran ja Outin kanssa.<\/p>\n\n\n\n<figure class=\"wp-block-embed is-type-rich is-provider-soundcloud wp-block-embed-soundcloud\"><div class=\"wp-block-embed__wrapper\">\n<iframe loading=\"lazy\" title=\"Vau, mik\u00e4 vaikutus! by Turun yliopisto - University of Turku\" width=\"720\" height=\"450\" scrolling=\"no\" frameborder=\"no\" src=\"https:\/\/w.soundcloud.com\/player\/?visual=true&#038;url=https%3A%2F%2Fapi.soundcloud.com%2Fplaylists%2F1482250888&#038;show_artwork=true&#038;maxheight=1000&#038;maxwidth=720\"><\/iframe>\n<\/div><\/figure>\n\n\n\n<p>Lis\u00e4tietoja podcastista ja kaikkien jaksojen tekstivastineet l\u00f6ytyv\u00e4t Turun yliopiston www-sivuilta:<\/p>\n\n\n<style>.wp-block-kadence-advancedbtn.kb-btns251_c963a8-c0{gap:var(--global-kb-gap-xs, 0.5rem );justify-content:center;align-items:center;}.kt-btns251_c963a8-c0 .kt-button{font-weight:normal;font-style:normal;}.kt-btns251_c963a8-c0 .kt-btn-wrap-0{margin-right:5px;}.wp-block-kadence-advancedbtn.kt-btns251_c963a8-c0 .kt-btn-wrap-0 .kt-button{color:#555555;border-color:#555555;}.wp-block-kadence-advancedbtn.kt-btns251_c963a8-c0 .kt-btn-wrap-0 .kt-button:hover, .wp-block-kadence-advancedbtn.kt-btns251_c963a8-c0 .kt-btn-wrap-0 .kt-button:focus{color:#ffffff;border-color:#444444;}.wp-block-kadence-advancedbtn.kt-btns251_c963a8-c0 .kt-btn-wrap-0 .kt-button::before{display:none;}.wp-block-kadence-advancedbtn.kt-btns251_c963a8-c0 .kt-btn-wrap-0 .kt-button:hover, .wp-block-kadence-advancedbtn.kt-btns251_c963a8-c0 .kt-btn-wrap-0 .kt-button:focus{background:#444444;}<\/style>\n<div class=\"wp-block-kadence-advancedbtn kb-buttons-wrap kb-btns251_c963a8-c0\"><style>ul.menu .wp-block-kadence-advancedbtn .kb-btn251_5d871d-32.kb-button{width:initial;}.wp-block-kadence-advancedbtn .kb-btn251_5d871d-32.kb-button{color:var(--global-palette3, #1A202C);}<\/style><a class=\"kb-button kt-button button kb-btn251_5d871d-32 kt-btn-size-standard kt-btn-width-type-full kb-btn-global-outline  kt-btn-has-text-true kt-btn-has-svg-false  wp-block-kadence-singlebtn\" href=\"https:\/\/www.utu.fi\/fi\/ajankohtaista\/podcast\/vau-mika-vaikutus\" rel=\"noopener\"><span class=\"kt-btn-inner-text\">utu.fi\/vaumik\u00e4vaikutus<\/span><\/a><\/div>\n","protected":false},"excerpt":{"rendered":"<p>Vau, mik\u00e4 vaikutus! -podcastsarjassa k\u00e4sitell\u00e4\u00e4n tutkimuksen vaikuttavuutta useista eri n\u00e4k\u00f6kulmista useiden eri henkil\u00f6iden kertomana. Vaikutu tutkimuksen vaikuttavuudesta yhdess\u00e4 Lauran ja Outin kanssa. Lis\u00e4tietoja podcastista ja kaikkien jaksojen tekstivastineet l\u00f6ytyv\u00e4t Turun yliopiston www-sivuilta:<\/p>\n","protected":false},"author":3600,"featured_media":0,"parent":0,"menu_order":0,"comment_status":"closed","ping_status":"closed","template":"","meta":{"_acf_changed":false,"_kad_blocks_custom_css":"","_kad_blocks_head_custom_js":"","_kad_blocks_body_custom_js":"","_kad_blocks_footer_custom_js":"","_kad_post_transparent":"","_kad_post_title":"","_kad_post_layout":"","_kad_post_sidebar_id":"","_kad_post_content_style":"","_kad_post_vertical_padding":"","_kad_post_feature":"","_kad_post_feature_position":"","_kad_post_header":false,"_kad_post_footer":false,"_kad_post_classname":"","footnotes":""},"class_list":["post-251","page","type-page","status-publish","hentry"],"acf":[],"lang":"fi","translations":{"fi":251},"taxonomy_info":[],"featured_image_src_large":false,"author_info":{"display_name":"lakrnuutufi","author_link":"https:\/\/sites.utu.fi\/openutu\/author\/lakrnuutufi\/"},"comment_info":0,"pll_sync_post":[],"_links":{"self":[{"href":"https:\/\/sites.utu.fi\/openutu\/wp-json\/wp\/v2\/pages\/251","targetHints":{"allow":["GET"]}}],"collection":[{"href":"https:\/\/sites.utu.fi\/openutu\/wp-json\/wp\/v2\/pages"}],"about":[{"href":"https:\/\/sites.utu.fi\/openutu\/wp-json\/wp\/v2\/types\/page"}],"author":[{"embeddable":true,"href":"https:\/\/sites.utu.fi\/openutu\/wp-json\/wp\/v2\/users\/3600"}],"replies":[{"embeddable":true,"href":"https:\/\/sites.utu.fi\/openutu\/wp-json\/wp\/v2\/comments?post=251"}],"version-history":[{"count":4,"href":"https:\/\/sites.utu.fi\/openutu\/wp-json\/wp\/v2\/pages\/251\/revisions"}],"predecessor-version":[{"id":258,"href":"https:\/\/sites.utu.fi\/openutu\/wp-json\/wp\/v2\/pages\/251\/revisions\/258"}],"wp:attachment":[{"href":"https:\/\/sites.utu.fi\/openutu\/wp-json\/wp\/v2\/media?parent=251"}],"curies":[{"name":"wp","href":"https:\/\/api.w.org\/{rel}","templated":true}]}}