{"id":447,"date":"2024-08-30T12:16:59","date_gmt":"2024-08-30T11:16:59","guid":{"rendered":"https:\/\/sites.utu.fi\/openutu\/?page_id=447"},"modified":"2024-10-31T13:12:07","modified_gmt":"2024-10-31T13:12:07","slug":"ajankohtaista","status":"publish","type":"page","link":"https:\/\/sites.utu.fi\/openutu\/ajankohtaista\/","title":{"rendered":"Ajankohtaista"},"content":{"rendered":"\n<p>T\u00e4lle sivulle on koottu ajankohtaisia uutisia avoimesta tieteest\u00e4 ja vaikuttavuudesta.<\/p>\n\n\n<style>.kb-row-layout-id447_25528c-b1 > .kt-row-column-wrap{align-content:start;}:where(.kb-row-layout-id447_25528c-b1 > .kt-row-column-wrap) > .wp-block-kadence-column{justify-content:start;}.kb-row-layout-id447_25528c-b1 > .kt-row-column-wrap{column-gap:var(--global-kb-gap-md, 2rem);row-gap:var(--global-kb-gap-md, 2rem);padding-top:var(--global-kb-spacing-sm, 1.5rem);padding-bottom:var(--global-kb-spacing-sm, 1.5rem);grid-template-columns:minmax(0, 1fr);}.kb-row-layout-id447_25528c-b1 > .kt-row-layout-overlay{opacity:0.30;}@media all and (max-width: 1024px){.kb-row-layout-id447_25528c-b1 > .kt-row-column-wrap{grid-template-columns:minmax(0, 1fr);}}@media all and (max-width: 767px){.kb-row-layout-id447_25528c-b1 > .kt-row-column-wrap{grid-template-columns:minmax(0, 1fr);}}<\/style><div class=\"kb-row-layout-wrap kb-row-layout-id447_25528c-b1 alignwide wp-block-kadence-rowlayout\"><div class=\"kt-row-column-wrap kt-has-1-columns kt-row-layout-equal kt-tab-layout-inherit kt-mobile-layout-row kt-row-valign-top\">\n<style>.kadence-column447_7b70e0-f3 > .kt-inside-inner-col,.kadence-column447_7b70e0-f3 > .kt-inside-inner-col:before{border-top-left-radius:0px;border-top-right-radius:0px;border-bottom-right-radius:0px;border-bottom-left-radius:0px;}.kadence-column447_7b70e0-f3 > .kt-inside-inner-col{column-gap:var(--global-kb-gap-sm, 1rem);}.kadence-column447_7b70e0-f3 > .kt-inside-inner-col{flex-direction:column;}.kadence-column447_7b70e0-f3 > .kt-inside-inner-col > .aligncenter{width:100%;}.kadence-column447_7b70e0-f3 > .kt-inside-inner-col:before{opacity:0.3;}.kadence-column447_7b70e0-f3{position:relative;}@media all and (max-width: 1024px){.kadence-column447_7b70e0-f3 > .kt-inside-inner-col{flex-direction:column;justify-content:center;}}@media all and (max-width: 767px){.kadence-column447_7b70e0-f3 > .kt-inside-inner-col{flex-direction:column;justify-content:center;}}<\/style>\n<div class=\"wp-block-kadence-column kadence-column447_7b70e0-f3\"><div class=\"kt-inside-inner-col\"><style>.kt-post-loop447_e2973e-c0 .kadence-post-image{padding-top:0px;padding-right:0px;padding-bottom:0px;padding-left:0px;}.kt-post-loop447_e2973e-c0 .kt-post-grid-wrap{gap:30px 30px;}.kt-post-loop447_e2973e-c0 .kt-blocks-post-grid-item{border-top-left-radius:0px;border-top-right-radius:0px;border-bottom-right-radius:0px;border-bottom-left-radius:0px;border-top:0px solid currentColor;border-right:0px solid currentColor;border-bottom:0px solid currentColor;border-left:0px solid currentColor;overflow:hidden;}.kt-post-loop447_e2973e-c0 .kt-blocks-post-grid-item .kt-blocks-post-grid-item-inner{padding-top:15px;padding-right:25px;padding-bottom:25px;padding-left:25px;}.kt-post-loop447_e2973e-c0 .kt-blocks-post-grid-item header{padding-top:0px;padding-right:0px;padding-bottom:10px;padding-left:0px;margin-top:0px;margin-right:0px;margin-bottom:0px;margin-left:0px;}.kt-post-loop447_e2973e-c0 .kt-blocks-post-grid-item .entry-title{padding-top:10px;padding-right:0px;padding-bottom:5px;padding-left:0px;margin-top:0px;margin-right:0px;margin-bottom:0px;margin-left:0px;font-size:24px;line-height:30px;}.kt-post-loop447_e2973e-c0 .kt-blocks-post-grid-item .kt-blocks-post-top-meta{color:#777777;}.kt-post-loop447_e2973e-c0 .kt-blocks-post-grid-item .kt-blocks-post-top-meta a{color:#777777;}.kt-post-loop447_e2973e-c0 .kt-blocks-post-grid-item .kt-blocks-post-top-meta a:hover{color:#444444;}.kt-post-loop447_e2973e-c0 .entry-content{padding-top:0px;padding-right:0px;padding-bottom:0px;padding-left:0px;margin-top:0px;margin-right:0px;margin-bottom:0px;margin-left:0px;}.kt-post-loop447_e2973e-c0 .kt-blocks-post-footer{color:#777777;border-top-width:0px;border-right-width:0px;border-bottom-width:0px;border-left-width:0px;padding-top:0px;padding-right:0px;padding-bottom:0px;padding-left:0px;margin-top:0px;margin-right:0px;margin-bottom:0px;margin-left:0px;font-size:12px;line-height:20px;}.kt-post-loop447_e2973e-c0 .entry-content:after{height:0px;}.kt-post-loop447_e2973e-c0 .kt-blocks-post-footer a{color:#777777;}.kt-post-loop447_e2973e-c0 .kt-blocks-post-footer a:hover{color:#444444;}.kt-post-loop447_e2973e-c0 .kb-filter-item{border-top-width:0px;border-right-width:0px;border-bottom-width:2px;border-left-width:0px;padding-top:5px;padding-right:8px;padding-bottom:5px;padding-left:8px;margin-top:0px;margin-right:10px;margin-bottom:0px;margin-left:0px;}@media all and (max-width: 1024px){.kt-post-loop447_e2973e-c0 .kt-blocks-post-grid-item{border-top:0px solid currentColor;border-right:0px solid currentColor;border-bottom:0px solid currentColor;border-left:0px solid currentColor;}}@media all and (max-width: 767px){.kt-post-loop447_e2973e-c0 .kt-blocks-post-grid-item{border-top:0px solid currentColor;border-right:0px solid currentColor;border-bottom:0px solid currentColor;border-left:0px solid currentColor;}}<\/style><div class=\"wp-block-kadence-postgrid kt-blocks-post-loop-block alignnone kt-post-loop447_e2973e-c0 kt-post-grid-layout-grid \"><div class=\"kt-post-grid-layout-grid-wrap kt-post-grid-wrap\" data-columns-xxl=\"3\" data-columns-xl=\"3\" data-columns-md=\"3\" data-columns-sm=\"2\" data-columns-xs=\"1\" data-columns-ss=\"1\"data-item-selector=\".kt-post-masonry-item\" aria-label=\"Post Carousel\"><article class=\"kt-blocks-post-grid-item post-586 post type-post status-publish format-standard hentry category-uutinen\"><div class=\"kt-blocks-post-grid-item-inner-wrap kt-feat-image-align-none kt-feat-image-mobile-align-top\"><div class=\"kt-blocks-post-grid-item-inner\"><header><div class=\"kt-blocks-above-categories\"><a href=\"https:\/\/sites.utu.fi\/openutu\/category\/uutinen\/\" class=\"category-link-uutinen\" rel=\"tag\">Uutinen<\/a><\/div><h2 class=\"entry-title\"><a href=\"https:\/\/sites.utu.fi\/openutu\/2024\/10\/31\/save-the-date-open-science-impact-festival-14-5-2024-turussa\/\">Save the Date: Open Science &amp; Impact Festival 14.5.2024 Turussa<\/a><\/h2><div class=\"kt-blocks-post-top-meta\"><div class=\"kt-blocks-date\"><time datetime=\"2024-10-31T12:41:35+00:00\" class=\"kt-blocks-post-date\">31.10.2024<\/time><\/div><\/div><\/header><div class=\"entry-content\">Open Science &amp; Impact Festival tulee Turkuun! Turun yliopisto ja Turun yliopiston lippulaivat j\u00e4rjest\u00e4v\u00e4t yhteisty\u00f6ss\u00e4 toukokuussa 2024 avoimeen tieteeseen ja vaikuttavuuteen keskittyv\u00e4n festivaali p\u00e4iv\u00e4n. Merkkaa p\u00e4iv\u00e4 jo kalenteriisi ja lis\u00e4tietoja p\u00e4iv\u00e4st\u00e4 julkaistaan Avoimen tieteen kiihdytt\u00e4m\u00f6n sivulla pian!<\/div><footer class=\"kt-blocks-post-footer\"><div class=\"kt-blocks-post-footer-left\"><\/div><div class=\"kt-blocks-post-footer-right\"><\/div><\/footer><\/div><\/div><\/article><article class=\"kt-blocks-post-grid-item post-584 post type-post status-publish format-standard hentry category-uutinen\"><div class=\"kt-blocks-post-grid-item-inner-wrap kt-feat-image-align-none kt-feat-image-mobile-align-top\"><div class=\"kt-blocks-post-grid-item-inner\"><header><div class=\"kt-blocks-above-categories\"><a href=\"https:\/\/sites.utu.fi\/openutu\/category\/uutinen\/\" class=\"category-link-uutinen\" rel=\"tag\">Uutinen<\/a><\/div><h2 class=\"entry-title\"><a href=\"https:\/\/sites.utu.fi\/openutu\/2024\/10\/31\/kaikille-avoimia-tutkimusdatan-hallinnan-ja-avoimen-tieteen-koulutuksia-syksylla-2024\/\">Kaikille avoimia tutkimusdatan hallinnan ja avoimen tieteen koulutuksia syksyll\u00e4 2024<\/a><\/h2><div class=\"kt-blocks-post-top-meta\"><div class=\"kt-blocks-date\"><time datetime=\"2024-10-31T12:39:14+00:00\" class=\"kt-blocks-post-date\">31.10.2024<\/time><\/div><\/div><\/header><div class=\"entry-content\">Aalto-yliopiston data-agentit ja Aalto Open Research Network tarjoavat taas kaikille avoimia koulutuksia tutkimusdatan hallinnasta ja avoimesta tieteest\u00e4. Koulutukset sopivat tutkijoille, opiskelijoille ja yliopistojen palveluhenkil\u00f6st\u00f6lle. Huomaa, ett\u00e4 koulutuksiin osallistumisesta ei tarjota todistuksia tai opintopisteit\u00e4 (ellei toisin mainita). Osallistuminen on maksutonta eik\u00e4&#8230;<\/div><footer class=\"kt-blocks-post-footer\"><div class=\"kt-blocks-post-footer-left\"><\/div><div class=\"kt-blocks-post-footer-right\"><\/div><\/footer><\/div><\/div><\/article><\/div><\/div><!-- .wp-block-kadence-postgrid --><\/div><\/div>\n\n<\/div><\/div>","protected":false},"excerpt":{"rendered":"<p>T\u00e4lle sivulle on koottu ajankohtaisia uutisia avoimesta tieteest\u00e4 ja vaikuttavuudesta.<\/p>\n","protected":false},"author":3600,"featured_media":0,"parent":0,"menu_order":0,"comment_status":"closed","ping_status":"closed","template":"","meta":{"_acf_changed":false,"_kad_blocks_custom_css":"","_kad_blocks_head_custom_js":"","_kad_blocks_body_custom_js":"","_kad_blocks_footer_custom_js":"","_kad_post_transparent":"","_kad_post_title":"","_kad_post_layout":"","_kad_post_sidebar_id":"","_kad_post_content_style":"","_kad_post_vertical_padding":"","_kad_post_feature":"","_kad_post_feature_position":"","_kad_post_header":false,"_kad_post_footer":false,"_kad_post_classname":"","footnotes":""},"class_list":["post-447","page","type-page","status-publish","hentry"],"acf":[],"lang":"fi","translations":{"fi":447},"taxonomy_info":[],"featured_image_src_large":false,"author_info":{"display_name":"lakrnuutufi","author_link":"https:\/\/sites.utu.fi\/openutu\/author\/lakrnuutufi\/"},"comment_info":0,"pll_sync_post":[],"_links":{"self":[{"href":"https:\/\/sites.utu.fi\/openutu\/wp-json\/wp\/v2\/pages\/447","targetHints":{"allow":["GET"]}}],"collection":[{"href":"https:\/\/sites.utu.fi\/openutu\/wp-json\/wp\/v2\/pages"}],"about":[{"href":"https:\/\/sites.utu.fi\/openutu\/wp-json\/wp\/v2\/types\/page"}],"author":[{"embeddable":true,"href":"https:\/\/sites.utu.fi\/openutu\/wp-json\/wp\/v2\/users\/3600"}],"replies":[{"embeddable":true,"href":"https:\/\/sites.utu.fi\/openutu\/wp-json\/wp\/v2\/comments?post=447"}],"version-history":[{"count":10,"href":"https:\/\/sites.utu.fi\/openutu\/wp-json\/wp\/v2\/pages\/447\/revisions"}],"predecessor-version":[{"id":614,"href":"https:\/\/sites.utu.fi\/openutu\/wp-json\/wp\/v2\/pages\/447\/revisions\/614"}],"wp:attachment":[{"href":"https:\/\/sites.utu.fi\/openutu\/wp-json\/wp\/v2\/media?parent=447"}],"curies":[{"name":"wp","href":"https:\/\/api.w.org\/{rel}","templated":true}]}}