{"id":235,"date":"2025-09-01T09:30:31","date_gmt":"2025-09-01T06:30:31","guid":{"rendered":"https:\/\/sites.utu.fi\/scrfin\/?page_id=235"},"modified":"2025-09-01T09:30:33","modified_gmt":"2025-09-01T06:30:33","slug":"yhteystiedot","status":"publish","type":"page","link":"https:\/\/sites.utu.fi\/scrfin\/fi\/yhteystiedot\/","title":{"rendered":"Yhteystiedot"},"content":{"rendered":"<style>.kb-row-layout-id235_d5b89e-a8 > .kt-row-column-wrap{align-content:start;}:where(.kb-row-layout-id235_d5b89e-a8 > .kt-row-column-wrap) > .wp-block-kadence-column{justify-content:start;}.kb-row-layout-id235_d5b89e-a8 > .kt-row-column-wrap{column-gap:var(--global-kb-gap-md, 2rem);row-gap:var(--global-kb-gap-md, 2rem);padding-top:var(--global-kb-spacing-sm, 1.5rem);padding-bottom:var(--global-kb-spacing-sm, 1.5rem);grid-template-columns:minmax(0, 1fr) minmax(0, 2fr);}.kb-row-layout-id235_d5b89e-a8 > .kt-row-layout-overlay{opacity:0.30;}@media all and (max-width: 1024px){.kb-row-layout-id235_d5b89e-a8 > .kt-row-column-wrap{grid-template-columns:minmax(0, 1fr) minmax(0, 2fr);}}@media all and (max-width: 767px){.kb-row-layout-id235_d5b89e-a8 > .kt-row-column-wrap{grid-template-columns:minmax(0, 1fr);}}<\/style><div class=\"kb-row-layout-wrap kb-row-layout-id235_d5b89e-a8 alignnone wp-block-kadence-rowlayout\"><div class=\"kt-row-column-wrap kt-has-2-columns kt-row-layout-right-golden kt-tab-layout-inherit kt-mobile-layout-row kt-row-valign-top\">\n<style>.kadence-column235_ea5112-b6 > .kt-inside-inner-col,.kadence-column235_ea5112-b6 > .kt-inside-inner-col:before{border-top-left-radius:0px;border-top-right-radius:0px;border-bottom-right-radius:0px;border-bottom-left-radius:0px;}.kadence-column235_ea5112-b6 > .kt-inside-inner-col{column-gap:var(--global-kb-gap-sm, 1rem);}.kadence-column235_ea5112-b6 > .kt-inside-inner-col{flex-direction:column;}.kadence-column235_ea5112-b6 > .kt-inside-inner-col > .aligncenter{width:100%;}.kadence-column235_ea5112-b6 > .kt-inside-inner-col:before{opacity:0.3;}.kadence-column235_ea5112-b6{position:relative;}@media all and (max-width: 1024px){.kadence-column235_ea5112-b6 > .kt-inside-inner-col{flex-direction:column;justify-content:center;}}@media all and (max-width: 767px){.kadence-column235_ea5112-b6 > .kt-inside-inner-col{flex-direction:column;justify-content:center;}}<\/style>\n<div class=\"wp-block-kadence-column kadence-column235_ea5112-b6\"><div class=\"kt-inside-inner-col\"><style>.kb-image235_932de2-f4 .kb-image-has-overlay:after{opacity:0.3;}<\/style>\n<figure class=\"wp-block-kadence-image kb-image235_932de2-f4 size-large\"><img loading=\"lazy\" decoding=\"async\" width=\"960\" height=\"540\" src=\"https:\/\/sites.utu.fi\/scrfin\/wp-content\/uploads\/sites\/1482\/2025\/08\/professoriluennot-marras2024-isto-mattila-hero-edited-1.jpg\" alt=\"\" class=\"kb-img wp-image-195\" srcset=\"https:\/\/sites.utu.fi\/scrfin\/wp-content\/uploads\/sites\/1482\/2025\/08\/professoriluennot-marras2024-isto-mattila-hero-edited-1.jpg 960w, https:\/\/sites.utu.fi\/scrfin\/wp-content\/uploads\/sites\/1482\/2025\/08\/professoriluennot-marras2024-isto-mattila-hero-edited-1-300x169.jpg 300w, https:\/\/sites.utu.fi\/scrfin\/wp-content\/uploads\/sites\/1482\/2025\/08\/professoriluennot-marras2024-isto-mattila-hero-edited-1-768x432.jpg 768w, https:\/\/sites.utu.fi\/scrfin\/wp-content\/uploads\/sites\/1482\/2025\/08\/professoriluennot-marras2024-isto-mattila-hero-edited-1-168x95.jpg 168w, https:\/\/sites.utu.fi\/scrfin\/wp-content\/uploads\/sites\/1482\/2025\/08\/professoriluennot-marras2024-isto-mattila-hero-edited-1-190x107.jpg 190w\" sizes=\"auto, (max-width: 960px) 100vw, 960px\" \/><\/figure>\n<\/div><\/div>\n\n\n<style>.kadence-column235_546568-fe > .kt-inside-inner-col,.kadence-column235_546568-fe > .kt-inside-inner-col:before{border-top-left-radius:0px;border-top-right-radius:0px;border-bottom-right-radius:0px;border-bottom-left-radius:0px;}.kadence-column235_546568-fe > .kt-inside-inner-col{column-gap:var(--global-kb-gap-sm, 1rem);}.kadence-column235_546568-fe > .kt-inside-inner-col{flex-direction:column;}.kadence-column235_546568-fe > .kt-inside-inner-col > .aligncenter{width:100%;}.kadence-column235_546568-fe > .kt-inside-inner-col:before{opacity:0.3;}.kadence-column235_546568-fe{position:relative;}@media all and (max-width: 1024px){.kadence-column235_546568-fe > .kt-inside-inner-col{flex-direction:column;justify-content:center;}}@media all and (max-width: 767px){.kadence-column235_546568-fe > .kt-inside-inner-col{flex-direction:column;justify-content:center;}}<\/style>\n<div class=\"wp-block-kadence-column kadence-column235_546568-fe\"><div class=\"kt-inside-inner-col\">\n<h2 class=\"wp-block-heading\">Ota yhteytt\u00e4<\/h2>\n\n\n\n<p>Jos olet kiinnostunut osallistumaan toimintaan tai tekem\u00e4\u00e4n yhteisty\u00f6t\u00e4 Turvallisuustutkimuskeskuksen kanssa, ole yhteydess\u00e4:<\/p>\n\n\n\n<p><strong>Isto Mattila<\/strong>, professori<br>+358 40 588 1108<br><a href=\"mailto:isto.mattila@utu.fi\" target=\"_blank\" rel=\"noreferrer noopener\"><strong>isto.mattila@utu.fi<\/strong><\/a><\/p>\n<\/div><\/div>\n\n<\/div><\/div>\n\n<style>.kb-row-layout-id235_c0d3c0-b6 > .kt-row-column-wrap{align-content:start;}:where(.kb-row-layout-id235_c0d3c0-b6 > .kt-row-column-wrap) > .wp-block-kadence-column{justify-content:start;}.kb-row-layout-id235_c0d3c0-b6 > .kt-row-column-wrap{column-gap:var(--global-kb-gap-md, 2rem);row-gap:var(--global-kb-gap-md, 2rem);padding-top:var(--global-kb-spacing-sm, 1.5rem);padding-bottom:var(--global-kb-spacing-sm, 1.5rem);grid-template-columns:minmax(0, 1fr);}.kb-row-layout-id235_c0d3c0-b6 > .kt-row-layout-overlay{opacity:0.30;}@media all and (max-width: 1024px){.kb-row-layout-id235_c0d3c0-b6 > .kt-row-column-wrap{grid-template-columns:minmax(0, 1fr);}}@media all and (max-width: 767px){.kb-row-layout-id235_c0d3c0-b6 > .kt-row-column-wrap{grid-template-columns:minmax(0, 1fr);}}<\/style><div class=\"kb-row-layout-wrap kb-row-layout-id235_c0d3c0-b6 alignnone wp-block-kadence-rowlayout\"><div class=\"kt-row-column-wrap kt-has-1-columns kt-row-layout-equal kt-tab-layout-inherit kt-mobile-layout-row kt-row-valign-top\">\n<style>.kadence-column235_f0ac7a-ce > .kt-inside-inner-col,.kadence-column235_f0ac7a-ce > .kt-inside-inner-col:before{border-top-left-radius:0px;border-top-right-radius:0px;border-bottom-right-radius:0px;border-bottom-left-radius:0px;}.kadence-column235_f0ac7a-ce > .kt-inside-inner-col{column-gap:var(--global-kb-gap-sm, 1rem);}.kadence-column235_f0ac7a-ce > .kt-inside-inner-col{flex-direction:column;}.kadence-column235_f0ac7a-ce > .kt-inside-inner-col > .aligncenter{width:100%;}.kadence-column235_f0ac7a-ce > .kt-inside-inner-col:before{opacity:0.3;}.kadence-column235_f0ac7a-ce{position:relative;}@media all and (max-width: 1024px){.kadence-column235_f0ac7a-ce > .kt-inside-inner-col{flex-direction:column;justify-content:center;}}@media all and (max-width: 767px){.kadence-column235_f0ac7a-ce > .kt-inside-inner-col{flex-direction:column;justify-content:center;}}<\/style>\n<div class=\"wp-block-kadence-column kadence-column235_f0ac7a-ce\"><div class=\"kt-inside-inner-col\"><\/div><\/div>\n\n<\/div><\/div>","protected":false},"excerpt":{"rendered":"<p>Ota yhteytt\u00e4 Jos olet kiinnostunut osallistumaan toimintaan tai tekem\u00e4\u00e4n yhteisty\u00f6t\u00e4 Turvallisuustutkimuskeskuksen kanssa, ole yhteydess\u00e4: Isto Mattila, professori+358 40 588 1108isto.mattila@utu.fi<\/p>\n","protected":false},"author":23,"featured_media":0,"parent":0,"menu_order":0,"comment_status":"closed","ping_status":"closed","template":"","meta":{"_acf_changed":false,"_kad_blocks_custom_css":"","_kad_blocks_head_custom_js":"","_kad_blocks_body_custom_js":"","_kad_blocks_footer_custom_js":"","_kad_post_transparent":"disable","_kad_post_title":"show","_kad_post_layout":"normal","_kad_post_sidebar_id":"","_kad_post_content_style":"boxed","_kad_post_vertical_padding":"","_kad_post_feature":"","_kad_post_feature_position":"","_kad_post_header":false,"_kad_post_footer":false,"_kad_post_classname":"","footnotes":""},"class_list":["post-235","page","type-page","status-publish","hentry"],"acf":[],"lang":"fi","translations":{"fi":235,"en":68},"taxonomy_info":[],"featured_image_src_large":false,"author_info":{"display_name":"anttar","author_link":"https:\/\/sites.utu.fi\/scrfin\/author\/anttar\/"},"comment_info":0,"pll_sync_post":[],"_links":{"self":[{"href":"https:\/\/sites.utu.fi\/scrfin\/wp-json\/wp\/v2\/pages\/235","targetHints":{"allow":["GET"]}}],"collection":[{"href":"https:\/\/sites.utu.fi\/scrfin\/wp-json\/wp\/v2\/pages"}],"about":[{"href":"https:\/\/sites.utu.fi\/scrfin\/wp-json\/wp\/v2\/types\/page"}],"author":[{"embeddable":true,"href":"https:\/\/sites.utu.fi\/scrfin\/wp-json\/wp\/v2\/users\/23"}],"replies":[{"embeddable":true,"href":"https:\/\/sites.utu.fi\/scrfin\/wp-json\/wp\/v2\/comments?post=235"}],"version-history":[{"count":1,"href":"https:\/\/sites.utu.fi\/scrfin\/wp-json\/wp\/v2\/pages\/235\/revisions"}],"predecessor-version":[{"id":236,"href":"https:\/\/sites.utu.fi\/scrfin\/wp-json\/wp\/v2\/pages\/235\/revisions\/236"}],"wp:attachment":[{"href":"https:\/\/sites.utu.fi\/scrfin\/wp-json\/wp\/v2\/media?parent=235"}],"curies":[{"name":"wp","href":"https:\/\/api.w.org\/{rel}","templated":true}]}}