{"id":382,"date":"2025-02-19T14:47:19","date_gmt":"2025-02-19T12:47:19","guid":{"rendered":"https:\/\/sites.utu.fi\/seedling\/?page_id=382"},"modified":"2025-11-20T13:45:07","modified_gmt":"2025-11-20T11:45:07","slug":"publications","status":"publish","type":"page","link":"https:\/\/sites.utu.fi\/seedling\/en\/publications\/","title":{"rendered":"Publications"},"content":{"rendered":"<style>.kb-row-layout-id382_328878-e2 > .kt-row-column-wrap{align-content:center;}:where(.kb-row-layout-id382_328878-e2 > .kt-row-column-wrap) > .wp-block-kadence-column{justify-content:center;}.kb-row-layout-id382_328878-e2 > .kt-row-column-wrap{column-gap:var(--global-kb-gap-lg, 4rem);row-gap:var(--global-kb-gap-md, 2rem);max-width:var( --global-content-width, 1440px );padding-left:var(--global-content-edge-padding);padding-right:var(--global-content-edge-padding);padding-top:var(--global-kb-spacing-sm, 1.5rem);padding-bottom:var(--global-kb-spacing-sm, 1.5rem);grid-template-columns:minmax(0, calc(60% - ((var(--global-kb-gap-lg, 4rem) * 1 )\/2)))minmax(0, calc(40% - ((var(--global-kb-gap-lg, 4rem) * 1 )\/2)));}.kb-row-layout-id382_328878-e2 > .kt-row-layout-overlay{opacity:0.30;}@media all and (max-width: 1024px){.kb-row-layout-id382_328878-e2 > .kt-row-column-wrap{column-gap:var(--global-kb-gap-md, 2rem);padding-top:var(--global-kb-spacing-lg, 3rem);padding-right:var(--global-kb-spacing-lg, 3rem);padding-bottom:var(--global-kb-spacing-lg, 3rem);padding-left:var(--global-kb-spacing-lg, 3rem);grid-template-columns:minmax(0, 1fr);}}@media all and (max-width: 767px){.kb-row-layout-id382_328878-e2 > .kt-row-column-wrap{grid-template-columns:minmax(0, 1fr);}}<\/style><div class=\"kb-row-layout-wrap kb-row-layout-id382_328878-e2 alignwide has-theme-palette9-background-color kt-row-has-bg wp-block-kadence-rowlayout\"><div class=\"kt-row-column-wrap kt-has-2-columns kt-row-layout-equal kt-tab-layout-row kt-mobile-layout-row kt-row-valign-middle kb-theme-content-width\">\n<style>.kadence-column382_1ab41c-97 > .kt-inside-inner-col,.kadence-column382_1ab41c-97 > .kt-inside-inner-col:before{border-top-left-radius:0px;border-top-right-radius:0px;border-bottom-right-radius:0px;border-bottom-left-radius:0px;}.kadence-column382_1ab41c-97 > .kt-inside-inner-col{column-gap:0px;}.kadence-column382_1ab41c-97 > .kt-inside-inner-col{flex-direction:column;}.kadence-column382_1ab41c-97 > .kt-inside-inner-col > .aligncenter{width:100%;}.kadence-column382_1ab41c-97 > .kt-inside-inner-col:before{opacity:0.3;}.kadence-column382_1ab41c-97{text-align:left;}.kadence-column382_1ab41c-97{position:relative;}@media all and (max-width: 1024px){.kadence-column382_1ab41c-97 > .kt-inside-inner-col{flex-direction:column;justify-content:center;}}@media all and (max-width: 767px){.kt-row-column-wrap.kt-mobile-layout-three-grid > .kadence-column382_1ab41c-97, .kt-row-column-wrap.kt-mobile-layout-two-grid > .kadence-column382_1ab41c-97, .kt-row-column-wrap.kt-mobile-layout-row > .kadence-column382_1ab41c-97{order:0 !important;}.kadence-column382_1ab41c-97 > .kt-inside-inner-col{flex-direction:column;justify-content:center;}}<\/style>\n<div class=\"wp-block-kadence-column kadence-column382_1ab41c-97 kb-section-dir-vertical inner-column-2\"><div class=\"kt-inside-inner-col\"><div class=\"wp-block-image\">\n<figure class=\"aligncenter size-full\"><img loading=\"lazy\" decoding=\"async\" width=\"1024\" height=\"793\" src=\"https:\/\/sites.utu.fi\/seedling\/wp-content\/uploads\/sites\/1371\/2025\/02\/Kuvia-nettisivuille-8.png\" alt=\"\" class=\"wp-image-470\" srcset=\"https:\/\/sites.utu.fi\/seedling\/wp-content\/uploads\/sites\/1371\/2025\/02\/Kuvia-nettisivuille-8.png 1024w, https:\/\/sites.utu.fi\/seedling\/wp-content\/uploads\/sites\/1371\/2025\/02\/Kuvia-nettisivuille-8-300x232.png 300w, https:\/\/sites.utu.fi\/seedling\/wp-content\/uploads\/sites\/1371\/2025\/02\/Kuvia-nettisivuille-8-768x595.png 768w, https:\/\/sites.utu.fi\/seedling\/wp-content\/uploads\/sites\/1371\/2025\/02\/Kuvia-nettisivuille-8-168x130.png 168w, https:\/\/sites.utu.fi\/seedling\/wp-content\/uploads\/sites\/1371\/2025\/02\/Kuvia-nettisivuille-8-190x147.png 190w\" sizes=\"auto, (max-width: 1024px) 100vw, 1024px\" \/><figcaption class=\"wp-element-caption\">Photo: Salla-Riikka Kuusalu<\/figcaption><\/figure><\/div><\/div><\/div>\n\n\n<style>.kadence-column382_7724a6-56 > .kt-inside-inner-col{display:flex;}.kadence-column382_7724a6-56 > .kt-inside-inner-col,.kadence-column382_7724a6-56 > .kt-inside-inner-col:before{border-top-left-radius:0px;border-top-right-radius:0px;border-bottom-right-radius:0px;border-bottom-left-radius:0px;}.kadence-column382_7724a6-56 > .kt-inside-inner-col{column-gap:var(--global-kb-gap-sm, 1rem);}.kadence-column382_7724a6-56 > .kt-inside-inner-col{flex-direction:column;justify-content:center;}.kadence-column382_7724a6-56 > .kt-inside-inner-col > .aligncenter{width:100%;}.kt-row-column-wrap > .kadence-column382_7724a6-56{align-self:center;}.kt-inner-column-height-full:not(.kt-has-1-columns) > .wp-block-kadence-column.kadence-column382_7724a6-56{align-self:auto;}.kt-inner-column-height-full:not(.kt-has-1-columns) > .wp-block-kadence-column.kadence-column382_7724a6-56 > .kt-inside-inner-col{flex-direction:column;justify-content:center;}.kadence-column382_7724a6-56 > .kt-inside-inner-col:before{opacity:0.3;}.kadence-column382_7724a6-56{text-align:left;}.kadence-column382_7724a6-56{position:relative;}@media all and (max-width: 1024px){.kadence-column382_7724a6-56 > .kt-inside-inner-col{padding-top:0px;padding-right:0px;padding-bottom:0px;padding-left:0px;flex-direction:column;justify-content:center;}}@media all and (max-width: 1024px){.kt-row-column-wrap > .kadence-column382_7724a6-56{align-self:center;}}@media all and (max-width: 1024px){.kt-inner-column-height-full:not(.kt-has-1-columns) > .wp-block-kadence-column.kadence-column382_7724a6-56{align-self:auto;}}@media all and (max-width: 1024px){.kt-inner-column-height-full:not(.kt-has-1-columns) > .wp-block-kadence-column.kadence-column382_7724a6-56 > .kt-inside-inner-col{flex-direction:column;justify-content:center;}}@media all and (max-width: 767px){.kt-row-column-wrap > .kadence-column382_7724a6-56{align-self:center;}.kt-inner-column-height-full:not(.kt-has-1-columns) > .wp-block-kadence-column.kadence-column382_7724a6-56{align-self:auto;}.kt-inner-column-height-full:not(.kt-has-1-columns) > .wp-block-kadence-column.kadence-column382_7724a6-56 > .kt-inside-inner-col{flex-direction:column;justify-content:center;}.kt-row-column-wrap.kt-mobile-layout-three-grid > .kadence-column382_7724a6-56, .kt-row-column-wrap.kt-mobile-layout-two-grid > .kadence-column382_7724a6-56, .kt-row-column-wrap.kt-mobile-layout-row > .kadence-column382_7724a6-56{order:0 !important;}.kadence-column382_7724a6-56 > .kt-inside-inner-col{flex-direction:column;justify-content:center;}}<\/style>\n<div class=\"wp-block-kadence-column kadence-column382_7724a6-56 kb-section-dir-vertical inner-column-1\"><div class=\"kt-inside-inner-col\"><style>.kt-accordion-id382_e0af6a-57 .kt-accordion-inner-wrap{column-gap:var(--global-kb-gap-md, 2rem);row-gap:10px;}.kt-accordion-id382_e0af6a-57 .kt-accordion-panel-inner{border-top:0px solid transparent;border-right:0px solid transparent;border-bottom:0px solid transparent;border-left:0px solid transparent;padding-top:var(--global-kb-spacing-sm, 1.5rem);padding-right:var(--global-kb-spacing-sm, 1.5rem);padding-bottom:var(--global-kb-spacing-sm, 1.5rem);padding-left:var(--global-kb-spacing-sm, 1.5rem);}.kt-accordion-id382_e0af6a-57 > .kt-accordion-inner-wrap > .wp-block-kadence-pane > .kt-accordion-header-wrap > .kt-blocks-accordion-header{border-top:0px solid #f2f2f2;border-right:0px solid #f2f2f2;border-bottom:0px solid #f2f2f2;border-left:0px solid #f2f2f2;border-top-left-radius:0px;border-top-right-radius:0px;border-bottom-right-radius:0px;border-bottom-left-radius:0px;background:#f2f2f2;font-size:var(--global-kb-font-size-md, 1.25rem);line-height:1.5em;font-weight:400;color:var(--global-palette3, #1A202C);padding-top:20px;padding-right:20px;padding-bottom:20px;padding-left:20px;}.kt-accordion-id382_e0af6a-57:not( .kt-accodion-icon-style-basiccircle ):not( .kt-accodion-icon-style-xclosecircle ):not( .kt-accodion-icon-style-arrowcircle )  > .kt-accordion-inner-wrap > .wp-block-kadence-pane > .kt-accordion-header-wrap .kt-blocks-accordion-icon-trigger:after, .kt-accordion-id382_e0af6a-57:not( .kt-accodion-icon-style-basiccircle ):not( .kt-accodion-icon-style-xclosecircle ):not( .kt-accodion-icon-style-arrowcircle )  > .kt-accordion-inner-wrap > .wp-block-kadence-pane > .kt-accordion-header-wrap .kt-blocks-accordion-icon-trigger:before{background:var(--global-palette2, #2B6CB0);}.kt-accordion-id382_e0af6a-57:not( .kt-accodion-icon-style-basic ):not( .kt-accodion-icon-style-xclose ):not( .kt-accodion-icon-style-arrow ) .kt-blocks-accordion-icon-trigger{background:var(--global-palette2, #2B6CB0);}.kt-accordion-id382_e0af6a-57:not( .kt-accodion-icon-style-basic ):not( .kt-accodion-icon-style-xclose ):not( .kt-accodion-icon-style-arrow ) .kt-blocks-accordion-icon-trigger:after, .kt-accordion-id382_e0af6a-57:not( .kt-accodion-icon-style-basic ):not( .kt-accodion-icon-style-xclose ):not( .kt-accodion-icon-style-arrow ) .kt-blocks-accordion-icon-trigger:before{background:#f2f2f2;}.kt-accordion-id382_e0af6a-57 > .kt-accordion-inner-wrap > .wp-block-kadence-pane > .kt-accordion-header-wrap > .kt-blocks-accordion-header:hover, \n\t\t\t\tbody:not(.hide-focus-outline) .kt-accordion-id382_e0af6a-57 .kt-blocks-accordion-header:focus-visible{color:var(--global-palette3, #1A202C);background:#eeeeee;border-top-color:#eeeeee;border-top-style:solid;border-right-color:#eeeeee;border-right-style:solid;border-bottom-color:#eeeeee;border-bottom-style:solid;border-left-color:#eeeeee;border-left-style:solid;}.kt-accordion-id382_e0af6a-57:not( .kt-accodion-icon-style-basiccircle ):not( .kt-accodion-icon-style-xclosecircle ):not( .kt-accodion-icon-style-arrowcircle ) .kt-accordion-header-wrap .kt-blocks-accordion-header:hover .kt-blocks-accordion-icon-trigger:after, .kt-accordion-id382_e0af6a-57:not( .kt-accodion-icon-style-basiccircle ):not( .kt-accodion-icon-style-xclosecircle ):not( .kt-accodion-icon-style-arrowcircle ) .kt-accordion-header-wrap .kt-blocks-accordion-header:hover .kt-blocks-accordion-icon-trigger:before, body:not(.hide-focus-outline) .kt-accordion-id382_e0af6a-57:not( .kt-accodion-icon-style-basiccircle ):not( .kt-accodion-icon-style-xclosecircle ):not( .kt-accodion-icon-style-arrowcircle ) .kt-blocks-accordion--visible .kt-blocks-accordion-icon-trigger:after, body:not(.hide-focus-outline) .kt-accordion-id382_e0af6a-57:not( .kt-accodion-icon-style-basiccircle ):not( .kt-accodion-icon-style-xclosecircle ):not( .kt-accodion-icon-style-arrowcircle ) .kt-blocks-accordion-header:focus-visible .kt-blocks-accordion-icon-trigger:before{background:var(--global-palette3, #1A202C);}.kt-accordion-id382_e0af6a-57:not( .kt-accodion-icon-style-basic ):not( .kt-accodion-icon-style-xclose ):not( .kt-accodion-icon-style-arrow ) .kt-accordion-header-wrap .kt-blocks-accordion-header:hover .kt-blocks-accordion-icon-trigger, body:not(.hide-focus-outline) .kt-accordion-id382_e0af6a-57:not( .kt-accodion-icon-style-basic ):not( .kt-accodion-icon-style-xclose ):not( .kt-accodion-icon-style-arrow ) .kt-accordion-header-wrap .kt-blocks-accordion-header:focus-visible .kt-blocks-accordion-icon-trigger{background:var(--global-palette3, #1A202C);}.kt-accordion-id382_e0af6a-57:not( .kt-accodion-icon-style-basic ):not( .kt-accodion-icon-style-xclose ):not( .kt-accodion-icon-style-arrow ) .kt-accordion-header-wrap .kt-blocks-accordion-header:hover .kt-blocks-accordion-icon-trigger:after, .kt-accordion-id382_e0af6a-57:not( .kt-accodion-icon-style-basic ):not( .kt-accodion-icon-style-xclose ):not( .kt-accodion-icon-style-arrow ) .kt-accordion-header-wrap .kt-blocks-accordion-header:hover .kt-blocks-accordion-icon-trigger:before, body:not(.hide-focus-outline) .kt-accordion-id382_e0af6a-57:not( .kt-accodion-icon-style-basic ):not( .kt-accodion-icon-style-xclose ):not( .kt-accodion-icon-style-arrow ) .kt-accordion-header-wrap .kt-blocks-accordion-header:focus-visible .kt-blocks-accordion-icon-trigger:after, body:not(.hide-focus-outline) .kt-accordion-id382_e0af6a-57:not( .kt-accodion-icon-style-basic ):not( .kt-accodion-icon-style-xclose ):not( .kt-accodion-icon-style-arrow ) .kt-accordion-header-wrap .kt-blocks-accordion-header:focus-visible .kt-blocks-accordion-icon-trigger:before{background:#eeeeee;}.kt-accordion-id382_e0af6a-57 .kt-accordion-header-wrap .kt-blocks-accordion-header:focus-visible,\n\t\t\t\t.kt-accordion-id382_e0af6a-57 > .kt-accordion-inner-wrap > .wp-block-kadence-pane > .kt-accordion-header-wrap > .kt-blocks-accordion-header.kt-accordion-panel-active{color:#ffffff;background:var(--global-palette2, #2B6CB0);border-top-color:#444444;border-top-style:solid;border-right-color:#444444;border-right-style:solid;border-bottom-color:#444444;border-bottom-style:solid;border-left-color:#444444;border-left-style:solid;}.kt-accordion-id382_e0af6a-57:not( .kt-accodion-icon-style-basiccircle ):not( .kt-accodion-icon-style-xclosecircle ):not( .kt-accodion-icon-style-arrowcircle )  > .kt-accordion-inner-wrap > .wp-block-kadence-pane > .kt-accordion-header-wrap > .kt-blocks-accordion-header.kt-accordion-panel-active .kt-blocks-accordion-icon-trigger:after, .kt-accordion-id382_e0af6a-57:not( .kt-accodion-icon-style-basiccircle ):not( .kt-accodion-icon-style-xclosecircle ):not( .kt-accodion-icon-style-arrowcircle )  > .kt-accordion-inner-wrap > .wp-block-kadence-pane > .kt-accordion-header-wrap > .kt-blocks-accordion-header.kt-accordion-panel-active .kt-blocks-accordion-icon-trigger:before{background:#ffffff;}.kt-accordion-id382_e0af6a-57:not( .kt-accodion-icon-style-basic ):not( .kt-accodion-icon-style-xclose ):not( .kt-accodion-icon-style-arrow ) .kt-blocks-accordion-header.kt-accordion-panel-active .kt-blocks-accordion-icon-trigger{background:#ffffff;}.kt-accordion-id382_e0af6a-57:not( .kt-accodion-icon-style-basic ):not( .kt-accodion-icon-style-xclose ):not( .kt-accodion-icon-style-arrow ) .kt-blocks-accordion-header.kt-accordion-panel-active .kt-blocks-accordion-icon-trigger:after, .kt-accordion-id382_e0af6a-57:not( .kt-accodion-icon-style-basic ):not( .kt-accodion-icon-style-xclose ):not( .kt-accodion-icon-style-arrow ) .kt-blocks-accordion-header.kt-accordion-panel-active .kt-blocks-accordion-icon-trigger:before{background:var(--global-palette2, #2B6CB0);}@media all and (max-width: 1024px){.kt-accordion-id382_e0af6a-57 .kt-accordion-panel-inner{border-top:0px solid transparent;border-right:0px solid transparent;border-bottom:0px solid transparent;border-left:0px solid transparent;}}@media all and (max-width: 1024px){.kt-accordion-id382_e0af6a-57 > .kt-accordion-inner-wrap > .wp-block-kadence-pane > .kt-accordion-header-wrap > .kt-blocks-accordion-header{border-top:0px solid #f2f2f2;border-right:0px solid #f2f2f2;border-bottom:0px solid #f2f2f2;border-left:0px solid #f2f2f2;}}@media all and (max-width: 1024px){.kt-accordion-id382_e0af6a-57 > .kt-accordion-inner-wrap > .wp-block-kadence-pane > .kt-accordion-header-wrap > .kt-blocks-accordion-header:hover, \n\t\t\t\tbody:not(.hide-focus-outline) .kt-accordion-id382_e0af6a-57 .kt-blocks-accordion-header:focus-visible{border-top-color:#eeeeee;border-top-style:solid;border-right-color:#eeeeee;border-right-style:solid;border-bottom-color:#eeeeee;border-bottom-style:solid;border-left-color:#eeeeee;border-left-style:solid;}}@media all and (max-width: 1024px){.kt-accordion-id382_e0af6a-57 .kt-accordion-header-wrap .kt-blocks-accordion-header:focus-visible,\n\t\t\t\t.kt-accordion-id382_e0af6a-57 > .kt-accordion-inner-wrap > .wp-block-kadence-pane > .kt-accordion-header-wrap > .kt-blocks-accordion-header.kt-accordion-panel-active{border-top-color:#444444;border-top-style:solid;border-right-color:#444444;border-right-style:solid;border-bottom-color:#444444;border-bottom-style:solid;border-left-color:#444444;border-left-style:solid;}}@media all and (max-width: 767px){.kt-accordion-id382_e0af6a-57 .kt-accordion-inner-wrap{display:block;}.kt-accordion-id382_e0af6a-57 .kt-accordion-inner-wrap .kt-accordion-pane:not(:first-child){margin-top:10px;}.kt-accordion-id382_e0af6a-57 .kt-accordion-panel-inner{border-top:0px solid transparent;border-right:0px solid transparent;border-bottom:0px solid transparent;border-left:0px solid transparent;}.kt-accordion-id382_e0af6a-57 > .kt-accordion-inner-wrap > .wp-block-kadence-pane > .kt-accordion-header-wrap > .kt-blocks-accordion-header{border-top:0px solid #f2f2f2;border-right:0px solid #f2f2f2;border-bottom:0px solid #f2f2f2;border-left:0px solid #f2f2f2;}.kt-accordion-id382_e0af6a-57 > .kt-accordion-inner-wrap > .wp-block-kadence-pane > .kt-accordion-header-wrap > .kt-blocks-accordion-header:hover, \n\t\t\t\tbody:not(.hide-focus-outline) .kt-accordion-id382_e0af6a-57 .kt-blocks-accordion-header:focus-visible{border-top-color:#eeeeee;border-top-style:solid;border-right-color:#eeeeee;border-right-style:solid;border-bottom-color:#eeeeee;border-bottom-style:solid;border-left-color:#eeeeee;border-left-style:solid;}.kt-accordion-id382_e0af6a-57 .kt-accordion-header-wrap .kt-blocks-accordion-header:focus-visible,\n\t\t\t\t.kt-accordion-id382_e0af6a-57 > .kt-accordion-inner-wrap > .wp-block-kadence-pane > .kt-accordion-header-wrap > .kt-blocks-accordion-header.kt-accordion-panel-active{border-top-color:#444444;border-top-style:solid;border-right-color:#444444;border-right-style:solid;border-bottom-color:#444444;border-bottom-style:solid;border-left-color:#444444;border-left-style:solid;}}<\/style>\n<div class=\"wp-block-kadence-accordion alignnone\"><div class=\"kt-accordion-wrap kt-accordion-id382_e0af6a-57 kt-accordion-has-6-panes kt-active-pane-0 kt-accordion-block kt-pane-header-alignment-left kt-accodion-icon-style-basic kt-accodion-icon-side-left\" style=\"max-width:none\"><div class=\"kt-accordion-inner-wrap\" data-allow-multiple-open=\"false\" data-start-open=\"none\">\n<div class=\"wp-block-kadence-pane kt-accordion-pane kt-accordion-pane-1 kt-pane382_db74c8-23\"><div class=\"kt-accordion-header-wrap\"><button class=\"kt-blocks-accordion-header kt-acccordion-button-label-show\" type=\"button\"><span class=\"kt-blocks-accordion-title-wrap\"><span class=\"kt-blocks-accordion-title\"><strong>Publications<\/strong><\/span><\/span><span class=\"kt-blocks-accordion-icon-trigger\"><\/span><\/button><\/div><div class=\"kt-accordion-panel kt-accordion-panel-hidden\"><div class=\"kt-accordion-panel-inner\">\n<ul class=\"wp-block-list\">\n<li><strong>Kuusela, Assi-Jutta; Kuusalu, Salla-Riikka; Krizs\u00e1n, Attila, Maijala, Minna &amp; Peura, Telma (21.10.2025)<\/strong>. <a href=\"https:\/\/sites.utu.fi\/soihtu\/hukkajoen-raakkujen-yliajoa-koskevat-mediadiskurssit\/\" data-type=\"link\" data-id=\"https:\/\/sites.utu.fi\/soihtu\/hukkajoen-raakkujen-yliajoa-koskevat-mediadiskurssit\/\"><strong>Hukkajoen raakkujen yliajoa koskevat mediadiskurssit.<\/strong><\/a> A popular science publication in the University of Turku&#8217;s Faculty of Humanities online publication Soihtu (in Finnish).<\/li>\n\n\n\n<li><strong>Peura, Telma; Kuusalu, Salla-Riikka; Maijala, Minna &amp; Kuusela, Assi-Jutta (4.6.2025).&nbsp;<a href=\"https:\/\/koneensaatio.fi\/tarinat-ja-julkaisut\/metsasanoista-metsatekoihin\/\" rel=\"noopener\">Mets\u00e4sanoista mets\u00e4tekoihin -hankkeessa tutkitaan mets\u00e4diskursseja.<\/a><\/strong>&nbsp;A Kaivolla blog post on Kone Foundation&#8217;s website (in Finnish). <\/li>\n\n\n\n<li><strong>Peura, Telma; Krizs\u00e1n, Attila; Kuusalu, Salla-Riikka &amp; Laippala, Veronika (2025). <a href=\"https:\/\/dspace.ut.ee\/server\/api\/core\/bitstreams\/53c5f908-9c2b-46bf-8aca-3670347dd502\/content\" data-type=\"link\" data-id=\"https:\/\/dspace.ut.ee\/server\/api\/core\/bitstreams\/53c5f908-9c2b-46bf-8aca-3670347dd502\/content\" rel=\"noopener\">Perspectives on Forests and Forestry in Finnish Online Discussions &#8211; A Topic Modeling Approach to Suomi24.<\/a> <\/strong><em>Proceedings of the 1st Workshop on Ecology, Environment, and Natural Language Processing<\/em>.<\/li>\n\n\n\n<li><strong>Kuusela, Assi-Jutta; Kuusalu, Salla-Riikka; Peura, Telma; Krizs\u00e1n, Attila &amp; Maijala, Minna (12.12.2024). <\/strong><a href=\"https:\/\/sites.utu.fi\/hiiskuttua\/seedling-metsasanoista-metsatekoihin\/\"><strong>SeedLING &#8211; Mets\u00e4sanoista mets\u00e4tekoihin. <\/strong><\/a>Project presentation in the University of Turku&#8217;s Faculty of Humanities online publication Hiiskuttua (in Finnish).<\/li>\n<\/ul>\n<\/div><\/div><\/div>\n\n\n\n<div class=\"wp-block-kadence-pane kt-accordion-pane kt-accordion-pane-3 kt-pane382_898991-f3\"><div class=\"kt-accordion-header-wrap\"><button class=\"kt-blocks-accordion-header kt-acccordion-button-label-show\" type=\"button\"><span class=\"kt-blocks-accordion-title-wrap\"><span class=\"kt-blocks-accordion-title\"><strong>Conference presentations<\/strong><\/span><\/span><span class=\"kt-blocks-accordion-icon-trigger\"><\/span><\/button><\/div><div class=\"kt-accordion-panel kt-accordion-panel-hidden\"><div class=\"kt-accordion-panel-inner\">\n<ul class=\"wp-block-list\">\n<li><strong>Attila Krizs\u00e1n:<\/strong> <strong><a href=\"https:\/\/sites.utu.fi\/seedling\/wp-content\/uploads\/sites\/1371\/2025\/11\/Delivered_8_11_SeedLING_MS_AFinLA2025.pdf\" data-type=\"link\" data-id=\"https:\/\/sites.utu.fi\/seedling\/wp-content\/uploads\/sites\/1371\/2025\/11\/Delivered_8_11_SeedLING_MS_AFinLA2025.pdf\">Commercial Forest Finland \/ Talousmetsien Suomi: Promoting industrial forestry at the cost of nonhumans in the Forest Finland campaign. <\/a><\/strong><em>AFinLA Autumn Symposium 6.-8.11.2025<\/em><\/li>\n\n\n\n<li><strong>Attila Krizs\u00e1n: <a href=\"https:\/\/sites.utu.fi\/seedling\/wp-content\/uploads\/sites\/1371\/2025\/11\/Delivered_Short_V5_9_7_SeedLING_MS_ISFC.pdf\" data-type=\"link\" data-id=\"https:\/\/sites.utu.fi\/seedling\/wp-content\/uploads\/sites\/1371\/2025\/11\/Delivered_Short_V5_9_7_SeedLING_MS_ISFC.pdf\">Commercial Forest Finland: Promoting Industrial Forestry via Nonhumans in the Forest Finland Campaign. <\/a><\/strong><em>International Systemic Functional Congress and Institute (ISFC50) 5.-11.7.2025<\/em><\/li>\n\n\n\n<li><strong>Assi-Jutta Kuusela, Attila Krizs\u00e1n, Salla-Riikka Kuusalu, Minna Maijala &amp; Telma Peura: <a href=\"https:\/\/sites.utu.fi\/seedling\/wp-content\/uploads\/sites\/1371\/2025\/05\/SeedLING-raakut-Kuusela_13052025.pdf\" data-type=\"link\" data-id=\"https:\/\/sites.utu.fi\/seedling\/wp-content\/uploads\/sites\/1371\/2025\/05\/SeedLING-raakut-Kuusela_13052025.pdf\">Raakkujen yliajoon liittyv\u00e4 otsikointi mediassa &#8211; Ekolingvistinen n\u00e4k\u00f6kulma. <\/a><\/strong><em>Finnish Conference of Linguistics 12.-14.5.2025<\/em><\/li>\n\n\n\n<li><strong>Attila Krizs\u00e1n, Telma Peura, Assi-Jutta Kuusela, Salla-Riikka Kuusalu &amp; Minna Maijala: <a href=\"https:\/\/sites.utu.fi\/seedling\/wp-content\/uploads\/sites\/1371\/2025\/05\/Delivered_13_5_SeedLING_MS_Kielitieteenpaivat.pdf\" data-type=\"link\" data-id=\"https:\/\/sites.utu.fi\/seedling\/wp-content\/uploads\/sites\/1371\/2025\/05\/Delivered_13_5_SeedLING_MS_Kielitieteenpaivat.pdf\">Talousmetsien Suomi \/ Commercial Forest Finland &#8211; Anthropocentrism and Economic Interest in the Metsien Suomi \/ Forest Finland Campaign.<\/a><\/strong> <em>Finnish Conference of Linguistics 12.-14.5.2025<\/em><\/li>\n\n\n\n<li><strong>Telma Peura, Attila Krizs\u00e1n, Salla-Riikka Kuusalu &amp; Veronika Laippala: <a href=\"https:\/\/sites.utu.fi\/seedling\/wp-content\/uploads\/sites\/1371\/2025\/05\/Delivered_13_5_SeedLING_Suomi24_Kielitieteenpaivat.pdf\" data-type=\"link\" data-id=\"https:\/\/sites.utu.fi\/seedling\/wp-content\/uploads\/sites\/1371\/2025\/05\/Delivered_13_5_SeedLING_Suomi24_Kielitieteenpaivat.pdf\">Perspectives on Forests and Forestry in Finnish Online Discussions &#8211; A Topic Modeling Approach to Suomi24.<\/a><\/strong> <em>Finnish Conference of Linguistics 12.-14.5.2025<\/em><\/li>\n\n\n\n<li><strong>Attila Krizs\u00e1n &amp; Telma Peura:<\/strong> <a href=\"https:\/\/sites.utu.fi\/seedling\/wp-content\/uploads\/sites\/1371\/2024\/11\/Delivered_AK_Afinla_.pdf\" data-type=\"link\" data-id=\"https:\/\/sites.utu.fi\/seedling\/wp-content\/uploads\/sites\/1371\/2024\/11\/Delivered_AK_Afinla_.pdf\"><strong>Commercial Forest Finland: Ecolinguistic studies of the Metsien Suomi \/ Forest Finland campaign. <\/strong><\/a><br><em>AFinLA Autumn Symposium 8.11.2024<\/em><\/li>\n\n\n\n<li><strong>Salla-Riikka Kuusalu: <\/strong><a href=\"https:\/\/youtu.be\/FUppXQmJORA\" rel=\"noopener\"><strong>Explaining and renewing the ongoing forest discussions in Finland via ecolinguistic methods.<\/strong> <\/a> <br><em>AILA2024 World Conference 11.-16.8.2024<\/em><\/li>\n\n\n\n<li><strong>Attila Krizs\u00e1n: <a href=\"https:\/\/sites.utu.fi\/seedling\/wp-content\/uploads\/sites\/1371\/2024\/09\/SeedLING_AHA_ENG_4_4_2024.pdf\">From Forest Words into Forest Action. <\/a><\/strong><br><em>AHA RANTAUTUU Spring Seminar 5.4.2024<\/em><\/li>\n<\/ul>\n<\/div><\/div><\/div>\n<\/div><\/div><\/div>\n<\/div><\/div>\n\n<\/div><\/div>","protected":false},"excerpt":{"rendered":"","protected":false},"author":4690,"featured_media":0,"parent":0,"menu_order":0,"comment_status":"closed","ping_status":"closed","template":"","meta":{"_acf_changed":false,"_kad_blocks_custom_css":"","_kad_blocks_head_custom_js":"","_kad_blocks_body_custom_js":"","_kad_blocks_footer_custom_js":"","_kad_post_transparent":"","_kad_post_title":"hide","_kad_post_layout":"","_kad_post_sidebar_id":"","_kad_post_content_style":"","_kad_post_vertical_padding":"","_kad_post_feature":"","_kad_post_feature_position":"","_kad_post_header":false,"_kad_post_footer":false,"_kad_post_classname":"","footnotes":""},"class_list":["post-382","page","type-page","status-publish","hentry"],"acf":[],"lang":"en","translations":{"en":382,"fi":63},"taxonomy_info":[],"featured_image_src_large":false,"author_info":{"display_name":"asjkuuutufi","author_link":"https:\/\/sites.utu.fi\/seedling\/author\/asjkuuutufi\/"},"comment_info":0,"pll_sync_post":[],"_links":{"self":[{"href":"https:\/\/sites.utu.fi\/seedling\/wp-json\/wp\/v2\/pages\/382","targetHints":{"allow":["GET"]}}],"collection":[{"href":"https:\/\/sites.utu.fi\/seedling\/wp-json\/wp\/v2\/pages"}],"about":[{"href":"https:\/\/sites.utu.fi\/seedling\/wp-json\/wp\/v2\/types\/page"}],"author":[{"embeddable":true,"href":"https:\/\/sites.utu.fi\/seedling\/wp-json\/wp\/v2\/users\/4690"}],"replies":[{"embeddable":true,"href":"https:\/\/sites.utu.fi\/seedling\/wp-json\/wp\/v2\/comments?post=382"}],"version-history":[{"count":19,"href":"https:\/\/sites.utu.fi\/seedling\/wp-json\/wp\/v2\/pages\/382\/revisions"}],"predecessor-version":[{"id":621,"href":"https:\/\/sites.utu.fi\/seedling\/wp-json\/wp\/v2\/pages\/382\/revisions\/621"}],"wp:attachment":[{"href":"https:\/\/sites.utu.fi\/seedling\/wp-json\/wp\/v2\/media?parent=382"}],"curies":[{"name":"wp","href":"https:\/\/api.w.org\/{rel}","templated":true}]}}