{"id":66,"date":"2024-08-20T08:44:09","date_gmt":"2024-08-20T05:44:09","guid":{"rendered":"https:\/\/sites.utu.fi\/seedling\/?page_id=66"},"modified":"2025-08-06T09:25:08","modified_gmt":"2025-08-06T06:25:08","slug":"ajankohtaista","status":"publish","type":"page","link":"https:\/\/sites.utu.fi\/seedling\/ajankohtaista\/","title":{"rendered":"Ajankohtaista"},"content":{"rendered":"<style>.kb-row-layout-id66_8041ae-18 > .kt-row-column-wrap{align-content:start;}:where(.kb-row-layout-id66_8041ae-18 > .kt-row-column-wrap) > .wp-block-kadence-column{justify-content:start;}.kb-row-layout-id66_8041ae-18 > .kt-row-column-wrap{column-gap:var(--global-kb-gap-md, 2rem);row-gap:var(--global-kb-gap-md, 2rem);padding-top:var(--global-kb-spacing-xxs, 0.5rem);padding-bottom:var(--global-kb-spacing-sm, 1.5rem);grid-template-columns:minmax(0, 1fr);}.kb-row-layout-id66_8041ae-18 > .kt-row-layout-overlay{opacity:0.30;}@media all and (max-width: 1024px){.kb-row-layout-id66_8041ae-18 > .kt-row-column-wrap{grid-template-columns:minmax(0, 1fr);}}@media all and (max-width: 767px){.kb-row-layout-id66_8041ae-18 > .kt-row-column-wrap{grid-template-columns:minmax(0, 1fr);}}<\/style><div class=\"kb-row-layout-wrap kb-row-layout-id66_8041ae-18 alignnone wp-block-kadence-rowlayout\"><div class=\"kt-row-column-wrap kt-has-1-columns kt-row-layout-equal kt-tab-layout-inherit kt-mobile-layout-row kt-row-valign-top\">\n<style>.kadence-column66_4e4e90-5b > .kt-inside-inner-col,.kadence-column66_4e4e90-5b > .kt-inside-inner-col:before{border-top-left-radius:0px;border-top-right-radius:0px;border-bottom-right-radius:0px;border-bottom-left-radius:0px;}.kadence-column66_4e4e90-5b > .kt-inside-inner-col{column-gap:var(--global-kb-gap-sm, 1rem);}.kadence-column66_4e4e90-5b > .kt-inside-inner-col{flex-direction:column;}.kadence-column66_4e4e90-5b > .kt-inside-inner-col > .aligncenter{width:100%;}.kadence-column66_4e4e90-5b > .kt-inside-inner-col:before{opacity:0.3;}.kadence-column66_4e4e90-5b{position:relative;}@media all and (max-width: 1024px){.kadence-column66_4e4e90-5b > .kt-inside-inner-col{flex-direction:column;justify-content:center;}}@media all and (max-width: 767px){.kadence-column66_4e4e90-5b > .kt-inside-inner-col{flex-direction:column;justify-content:center;}}<\/style>\n<div class=\"wp-block-kadence-column kadence-column66_4e4e90-5b\"><div class=\"kt-inside-inner-col\"><style>.kt-post-loop66_eec4fd-f4 .kadence-post-image{padding-top:0px;padding-right:0px;padding-bottom:0px;padding-left:0px;}.kt-post-loop66_eec4fd-f4 .kt-post-grid-wrap{gap:0px 0px;}.kt-post-loop66_eec4fd-f4 .kt-blocks-post-grid-item{border-top-left-radius:0px;border-top-right-radius:0px;border-bottom-right-radius:0px;border-bottom-left-radius:0px;overflow:hidden;}.kt-post-loop66_eec4fd-f4 .kt-blocks-post-grid-item .kt-blocks-post-grid-item-inner{padding-top:15px;padding-right:22px;padding-bottom:25px;padding-left:0px;}.kt-post-loop66_eec4fd-f4 .kt-blocks-post-grid-item header{padding-top:0px;padding-right:0px;padding-bottom:10px;padding-left:0px;margin-top:0px;margin-right:0px;margin-bottom:0px;margin-left:0px;}.kt-post-loop66_eec4fd-f4 .kt-blocks-post-grid-item .entry-title{padding-top:10px;padding-right:0px;padding-bottom:5px;padding-left:0px;margin-top:0px;margin-right:0px;margin-bottom:0px;margin-left:0px;font-size:var(--global-kb-font-size-md, 1.25rem);line-height:30px;}.kt-post-loop66_eec4fd-f4 .kt-blocks-post-grid-item .kt-blocks-post-top-meta{color:#777777;}.kt-post-loop66_eec4fd-f4 .kt-blocks-post-grid-item .kt-blocks-post-top-meta a{color:#777777;}.kt-post-loop66_eec4fd-f4 .kt-blocks-post-grid-item .kt-blocks-post-top-meta a:hover{color:#444444;}.kt-post-loop66_eec4fd-f4 .entry-content{padding-top:0px;padding-right:0px;padding-bottom:0px;padding-left:0px;margin-top:0px;margin-right:0px;margin-bottom:0px;margin-left:0px;}.kt-post-loop66_eec4fd-f4 .kt-blocks-post-footer{color:#777777;border-top-width:0px;border-right-width:0px;border-bottom-width:0px;border-left-width:0px;padding-top:0px;padding-right:0px;padding-bottom:0px;padding-left:0px;margin-top:0px;margin-right:0px;margin-bottom:0px;margin-left:0px;font-size:12px;line-height:20px;}.kt-post-loop66_eec4fd-f4 .entry-content:after{height:0px;}.kt-post-loop66_eec4fd-f4 .kt-blocks-post-footer a{color:#777777;}.kt-post-loop66_eec4fd-f4 .kt-blocks-post-footer a:hover{color:#444444;}.kt-post-loop66_eec4fd-f4 .kb-filter-item{border-top-width:0px;border-right-width:0px;border-bottom-width:2px;border-left-width:0px;padding-top:5px;padding-right:8px;padding-bottom:5px;padding-left:8px;margin-top:0px;margin-right:10px;margin-bottom:0px;margin-left:0px;}<\/style><div class=\"wp-block-kadence-postgrid kt-blocks-post-loop-block alignnone kt-post-loop66_eec4fd-f4 kt-post-grid-layout-grid \"><div class=\"kt-post-grid-layout-grid-wrap kt-post-grid-wrap\" data-columns-xxl=\"2\" data-columns-xl=\"2\" data-columns-md=\"2\" data-columns-sm=\"2\" data-columns-xs=\"1\" data-columns-ss=\"1\"data-item-selector=\".kt-post-masonry-item\" aria-label=\"Post Carousel\"><article class=\"kt-blocks-post-grid-item post-602 post type-post status-publish format-standard hentry category-artikkeli category-blogi tag-metsadiskurssi tag-raakut tag-soihtu\"><div class=\"kt-blocks-post-grid-item-inner-wrap kt-feat-image-align-none kt-feat-image-mobile-align-top\"><div class=\"kt-blocks-post-grid-item-inner\"><header><div class=\"kt-blocks-above-categories\"><a href=\"https:\/\/sites.utu.fi\/seedling\/category\/artikkeli\/\" class=\"category-link-artikkeli\" rel=\"tag\">Artikkeli<\/a> &#124; <a href=\"https:\/\/sites.utu.fi\/seedling\/category\/blogi\/\" class=\"category-link-blogi\" rel=\"tag\">Blogi<\/a><\/div><h2 class=\"entry-title\"><a href=\"https:\/\/sites.utu.fi\/seedling\/hukkajoen-raakkujen-yliajoa-koskevat-mediadiskurssit\/\">Hukkajoen raakkujen yliajoa koskevat mediadiskurssit<\/a><\/h2><div class=\"kt-blocks-post-top-meta\"><div class=\"kt-blocks-date\"><time datetime=\"2025-10-22T10:04:55+03:00\" class=\"kt-blocks-post-date\">22.10.2025<\/time><\/div><\/div><\/header><div class=\"entry-content\">Turun yliopiston kieli- ja k\u00e4\u00e4nn\u00f6stieteiden laitoksen Koneen s\u00e4\u00e4ti\u00f6n rahoittamassa hankkeessa SeedLING \u2013 Mets\u00e4sanoista mets\u00e4tekoihin on juuri&#8230;<\/div><footer class=\"kt-blocks-post-footer\"><div class=\"kt-blocks-post-footer-left\"><div class=\"kt-blocks-tags kt-blocks-post-footer-section\"><span class=\"kt-blocks-tags-icon\"><svg version=\"1.1\" xmlns=\"http:\/\/www.w3.org\/2000\/svg\" class=\"kt-blocks-tag-svg\" width=\"36\" height=\"32\" fill=\"currentColor\" viewBox=\"0 0 36 32\"><title>Avainsanat<\/title><path d=\"M34.939 19.939l-8.879-8.879c-0.583-0.583-1.736-1.061-2.561-1.061h-18c-0.825 0-1.5 0.675-1.5 1.5v19c0 0.825 0.675 1.5 1.5 1.5h18c0.825 0 1.977-0.477 2.561-1.061l8.879-8.879c0.583-0.583 0.583-1.538-0-2.121zM25 24c-1.657 0-3-1.343-3-3s1.343-3 3-3 3 1.343 3 3-1.343 3-3 3z\"><\/path><path d=\"M2 8h21l-0.939-0.939c-0.583-0.583-1.736-1.061-2.561-1.061h-18c-0.825 0-1.5 0.675-1.5 1.5v19c0 0.825 0.675 1.5 1.5 1.5h0.5v-20z\"><\/path><\/svg><\/span><a href=\"https:\/\/sites.utu.fi\/seedling\/tag\/metsadiskurssi\/\" rel=\"tag\">mets\u00e4diskurssi<\/a>, <a href=\"https:\/\/sites.utu.fi\/seedling\/tag\/raakut\/\" rel=\"tag\">raakut<\/a>, <a href=\"https:\/\/sites.utu.fi\/seedling\/tag\/soihtu\/\" rel=\"tag\">Soihtu<\/a><\/div><\/div><div class=\"kt-blocks-post-footer-right\"><\/div><\/footer><\/div><\/div><\/article><article class=\"kt-blocks-post-grid-item post-551 post type-post status-publish format-standard hentry category-blogi category-julkaisut tag-kaivolla-blogi tag-metsadiskurssi\"><div class=\"kt-blocks-post-grid-item-inner-wrap kt-feat-image-align-none kt-feat-image-mobile-align-top\"><div class=\"kt-blocks-post-grid-item-inner\"><header><div class=\"kt-blocks-above-categories\"><a href=\"https:\/\/sites.utu.fi\/seedling\/category\/blogi\/\" class=\"category-link-blogi\" rel=\"tag\">Blogi<\/a> &#124; <a href=\"https:\/\/sites.utu.fi\/seedling\/category\/julkaisut\/\" class=\"category-link-julkaisut\" rel=\"tag\">Julkaisut<\/a><\/div><h2 class=\"entry-title\"><a href=\"https:\/\/sites.utu.fi\/seedling\/metsasanoista-metsatekoihin-hankkeessa-tutkitaan-metsadiskursseja\/\">Mets\u00e4sanoista mets\u00e4tekoihin -hankkeessa tutkitaan mets\u00e4diskursseja<\/a><\/h2><div class=\"kt-blocks-post-top-meta\"><div class=\"kt-blocks-date\"><time datetime=\"2025-06-18T09:27:17+03:00\" class=\"kt-blocks-post-date\">18.6.2025<\/time><\/div><\/div><\/header><div class=\"entry-content\">Sanonnan mukaan on helpommin sanottu kuin tehty, mutta sanonta j\u00e4tt\u00e4\u00e4 huomiotta sen, miten sanotaan. SeedLING-tutkimushanke keskittyy&#8230;<\/div><footer class=\"kt-blocks-post-footer\"><div class=\"kt-blocks-post-footer-left\"><div class=\"kt-blocks-tags kt-blocks-post-footer-section\"><span class=\"kt-blocks-tags-icon\"><svg version=\"1.1\" xmlns=\"http:\/\/www.w3.org\/2000\/svg\" class=\"kt-blocks-tag-svg\" width=\"36\" height=\"32\" fill=\"currentColor\" viewBox=\"0 0 36 32\"><title>Avainsanat<\/title><path d=\"M34.939 19.939l-8.879-8.879c-0.583-0.583-1.736-1.061-2.561-1.061h-18c-0.825 0-1.5 0.675-1.5 1.5v19c0 0.825 0.675 1.5 1.5 1.5h18c0.825 0 1.977-0.477 2.561-1.061l8.879-8.879c0.583-0.583 0.583-1.538-0-2.121zM25 24c-1.657 0-3-1.343-3-3s1.343-3 3-3 3 1.343 3 3-1.343 3-3 3z\"><\/path><path d=\"M2 8h21l-0.939-0.939c-0.583-0.583-1.736-1.061-2.561-1.061h-18c-0.825 0-1.5 0.675-1.5 1.5v19c0 0.825 0.675 1.5 1.5 1.5h0.5v-20z\"><\/path><\/svg><\/span><a href=\"https:\/\/sites.utu.fi\/seedling\/tag\/kaivolla-blogi\/\" rel=\"tag\">Kaivolla-blogi<\/a>, <a href=\"https:\/\/sites.utu.fi\/seedling\/tag\/metsadiskurssi\/\" rel=\"tag\">mets\u00e4diskurssi<\/a><\/div><\/div><div class=\"kt-blocks-post-footer-right\"><\/div><\/footer><\/div><\/div><\/article><\/div><\/div><!-- .wp-block-kadence-postgrid --><\/div><\/div>\n\n<\/div><\/div>","protected":false},"excerpt":{"rendered":"","protected":false},"author":4690,"featured_media":0,"parent":0,"menu_order":0,"comment_status":"closed","ping_status":"closed","template":"","meta":{"_acf_changed":false,"_kad_blocks_custom_css":"","_kad_blocks_head_custom_js":"","_kad_blocks_body_custom_js":"","_kad_blocks_footer_custom_js":"","_kad_post_transparent":"","_kad_post_title":"hide","_kad_post_layout":"","_kad_post_sidebar_id":"","_kad_post_content_style":"","_kad_post_vertical_padding":"","_kad_post_feature":"","_kad_post_feature_position":"","_kad_post_header":false,"_kad_post_footer":false,"_kad_post_classname":"","footnotes":""},"class_list":["post-66","page","type-page","status-publish","hentry"],"acf":[],"lang":"fi","translations":{"fi":66,"en":412},"taxonomy_info":[],"featured_image_src_large":false,"author_info":{"display_name":"asjkuuutufi","author_link":"https:\/\/sites.utu.fi\/seedling\/author\/asjkuuutufi\/"},"comment_info":0,"pll_sync_post":[],"_links":{"self":[{"href":"https:\/\/sites.utu.fi\/seedling\/wp-json\/wp\/v2\/pages\/66","targetHints":{"allow":["GET"]}}],"collection":[{"href":"https:\/\/sites.utu.fi\/seedling\/wp-json\/wp\/v2\/pages"}],"about":[{"href":"https:\/\/sites.utu.fi\/seedling\/wp-json\/wp\/v2\/types\/page"}],"author":[{"embeddable":true,"href":"https:\/\/sites.utu.fi\/seedling\/wp-json\/wp\/v2\/users\/4690"}],"replies":[{"embeddable":true,"href":"https:\/\/sites.utu.fi\/seedling\/wp-json\/wp\/v2\/comments?post=66"}],"version-history":[{"count":17,"href":"https:\/\/sites.utu.fi\/seedling\/wp-json\/wp\/v2\/pages\/66\/revisions"}],"predecessor-version":[{"id":578,"href":"https:\/\/sites.utu.fi\/seedling\/wp-json\/wp\/v2\/pages\/66\/revisions\/578"}],"wp:attachment":[{"href":"https:\/\/sites.utu.fi\/seedling\/wp-json\/wp\/v2\/media?parent=66"}],"curies":[{"name":"wp","href":"https:\/\/api.w.org\/{rel}","templated":true}]}}