{"id":112,"date":"2024-01-22T13:35:21","date_gmt":"2024-01-22T13:35:21","guid":{"rendered":"https:\/\/sites.test.utu.fi\/seurantatutkimus\/?page_id=112"},"modified":"2025-11-27T10:32:05","modified_gmt":"2025-11-27T08:32:05","slug":"kyselyiden-tietosuojailmoitukset","status":"publish","type":"page","link":"https:\/\/sites.utu.fi\/seurantatutkimus\/tutkimuksesta\/kyselyiden-tietosuojailmoitukset\/","title":{"rendered":"Tietosuoja"},"content":{"rendered":"\n<p><strong>Tietosuojailmoitus<\/strong><\/p>\n\n\n\n<p>>> <a href=\"https:\/\/seafile.utu.fi\/f\/989cdf21f3a34763a8d6\/\" target=\"_blank\" rel=\"noreferrer noopener\">Seurantatutkimuksen tietosuojailmoitus<\/a><\/p>\n\n\n\n<p><strong>Tutkimussuunnitelma rekisteriyhdist\u00e4misest\u00e4<\/strong><\/p>\n\n\n\n<p>>> <a href=\"https:\/\/seafile.utu.fi\/f\/7a36c30b964a4b52b0bf\/\" target=\"_blank\" rel=\"noreferrer noopener\">Tutkimussuunnitelmaan<\/a><\/p>\n\n\n\n<p><strong>Informointi rekisteriyhdist\u00e4misest\u00e4<\/strong><\/p>\n\n\n\n<p>>> <a href=\"https:\/\/seafile.utu.fi\/f\/743240e7f73e4acc8a0d\/\" target=\"_blank\" rel=\"noreferrer noopener\">Rekisteritietojen k\u00e4ytt\u00f6<\/a><\/p>\n","protected":false},"excerpt":{"rendered":"<p>Tietosuojailmoitus >> Seurantatutkimuksen tietosuojailmoitus Tutkimussuunnitelma rekisteriyhdist\u00e4misest\u00e4 >> Tutkimussuunnitelmaan Informointi rekisteriyhdist\u00e4misest\u00e4 >> Rekisteritietojen k\u00e4ytt\u00f6<\/p>\n","protected":false},"author":3,"featured_media":0,"parent":43,"menu_order":0,"comment_status":"closed","ping_status":"closed","template":"","meta":{"_acf_changed":false,"_kad_blocks_custom_css":"","_kad_blocks_head_custom_js":"","_kad_blocks_body_custom_js":"","_kad_blocks_footer_custom_js":"","_kad_post_transparent":"","_kad_post_title":"","_kad_post_layout":"","_kad_post_sidebar_id":"","_kad_post_content_style":"","_kad_post_vertical_padding":"","_kad_post_feature":"","_kad_post_feature_position":"","_kad_post_header":false,"_kad_post_footer":false,"_kad_post_classname":"","footnotes":""},"class_list":["post-112","page","type-page","status-publish","hentry"],"acf":[],"lang":"fi","translations":{"fi":112},"taxonomy_info":[],"featured_image_src_large":false,"author_info":{"display_name":"utuwebmaster","author_link":"https:\/\/sites.utu.fi\/seurantatutkimus\/author\/utuwebmaster\/"},"comment_info":0,"pll_sync_post":[],"_links":{"self":[{"href":"https:\/\/sites.utu.fi\/seurantatutkimus\/wp-json\/wp\/v2\/pages\/112","targetHints":{"allow":["GET"]}}],"collection":[{"href":"https:\/\/sites.utu.fi\/seurantatutkimus\/wp-json\/wp\/v2\/pages"}],"about":[{"href":"https:\/\/sites.utu.fi\/seurantatutkimus\/wp-json\/wp\/v2\/types\/page"}],"author":[{"embeddable":true,"href":"https:\/\/sites.utu.fi\/seurantatutkimus\/wp-json\/wp\/v2\/users\/3"}],"replies":[{"embeddable":true,"href":"https:\/\/sites.utu.fi\/seurantatutkimus\/wp-json\/wp\/v2\/comments?post=112"}],"version-history":[{"count":7,"href":"https:\/\/sites.utu.fi\/seurantatutkimus\/wp-json\/wp\/v2\/pages\/112\/revisions"}],"predecessor-version":[{"id":446,"href":"https:\/\/sites.utu.fi\/seurantatutkimus\/wp-json\/wp\/v2\/pages\/112\/revisions\/446"}],"up":[{"embeddable":true,"href":"https:\/\/sites.utu.fi\/seurantatutkimus\/wp-json\/wp\/v2\/pages\/43"}],"wp:attachment":[{"href":"https:\/\/sites.utu.fi\/seurantatutkimus\/wp-json\/wp\/v2\/media?parent=112"}],"curies":[{"name":"wp","href":"https:\/\/api.w.org\/{rel}","templated":true}]}}