{"id":152,"date":"2024-01-22T10:48:35","date_gmt":"2024-01-22T10:48:35","guid":{"rendered":"https:\/\/sites.test.utu.fi\/seurantatutkimus\/?page_id=13"},"modified":"2024-10-24T07:45:52","modified_gmt":"2024-10-24T04:45:52","slug":"etusivu-2","status":"publish","type":"page","link":"https:\/\/sites.utu.fi\/seurantatutkimus\/","title":{"rendered":"Etusivu"},"content":{"rendered":"<style>.kb-row-layout-wrap.wp-block-kadence-rowlayout.kb-row-layout-id152_fa4bb9-01{margin-bottom:var(--global-kb-spacing-lg, 3rem);}.kb-row-layout-id152_fa4bb9-01 > .kt-row-column-wrap{align-content:center;}:where(.kb-row-layout-id152_fa4bb9-01 > .kt-row-column-wrap) > .wp-block-kadence-column{justify-content:center;}.kb-row-layout-id152_fa4bb9-01 > .kt-row-column-wrap{column-gap:var(--global-kb-gap-md, 2rem);row-gap:var(--global-kb-gap-md, 2rem);max-width:var( --global-content-width, 1440px );padding-left:var(--global-content-edge-padding);padding-right:var(--global-content-edge-padding);padding-top:var(--global-kb-spacing-lg, 3rem);padding-bottom:var(--global-kb-spacing-lg, 3rem);min-height:500px;grid-template-columns:minmax(0, 1fr);}.kb-row-layout-id152_fa4bb9-01{background-image:url('https:\/\/sites.utu.fi\/seurantatutkimus\/wp-content\/uploads\/sites\/1330\/2024\/02\/RJT-1941736-scaled-e1709131138554.jpg');background-size:cover;background-position:45% 60%;background-attachment:scroll;background-repeat:no-repeat;}.kb-row-layout-id152_fa4bb9-01 > .kt-row-layout-overlay{opacity:0.17;background-color:var(--global-palette3, #1A202C);}.kb-row-layout-id152_fa4bb9-01 ,.kb-row-layout-id152_fa4bb9-01 h1,.kb-row-layout-id152_fa4bb9-01 h2,.kb-row-layout-id152_fa4bb9-01 h3,.kb-row-layout-id152_fa4bb9-01 h4,.kb-row-layout-id152_fa4bb9-01 h5,.kb-row-layout-id152_fa4bb9-01 h6{color:var(--global-palette9, #ffffff);}.kb-row-layout-id152_fa4bb9-01 .kt-row-layout-top-sep{height:100px;}.kb-row-layout-id152_fa4bb9-01 .kt-row-layout-top-sep svg{width:100%;}.kb-row-layout-id152_fa4bb9-01 .kt-row-layout-top-sep svg{fill:#ffffff!important;}@media all and (max-width: 1024px){.kb-row-layout-id152_fa4bb9-01 > .kt-row-column-wrap{grid-template-columns:minmax(0, 1fr);}}@media all and (max-width: 767px){.kb-row-layout-id152_fa4bb9-01 > .kt-row-column-wrap{grid-template-columns:minmax(0, 1fr);}}<\/style><div class=\"kb-row-layout-wrap kb-row-layout-id152_fa4bb9-01 alignnone kt-row-has-bg wp-block-kadence-rowlayout\"><div class=\"kt-row-layout-overlay kt-row-overlay-normal\"><\/div><div class=\"kt-row-column-wrap kt-has-1-columns kt-row-layout-equal kt-tab-layout-inherit kt-mobile-layout-row kt-row-valign-middle kb-theme-content-width\">\n<style>.kadence-column152_eb94a1-3f > .kt-inside-inner-col{display:flex;}.kadence-column152_eb94a1-3f > .kt-inside-inner-col,.kadence-column152_eb94a1-3f > .kt-inside-inner-col:before{border-top-left-radius:0px;border-top-right-radius:0px;border-bottom-right-radius:0px;border-bottom-left-radius:0px;}.kadence-column152_eb94a1-3f > .kt-inside-inner-col{column-gap:var(--global-kb-gap-sm, 1rem);}.kadence-column152_eb94a1-3f > .kt-inside-inner-col{flex-direction:column;justify-content:center;}.kadence-column152_eb94a1-3f > .kt-inside-inner-col > .aligncenter{width:100%;}.kt-row-column-wrap > .kadence-column152_eb94a1-3f{align-self:center;}.kt-inner-column-height-full:not(.kt-has-1-columns) > .wp-block-kadence-column.kadence-column152_eb94a1-3f{align-self:auto;}.kt-inner-column-height-full:not(.kt-has-1-columns) > .wp-block-kadence-column.kadence-column152_eb94a1-3f > .kt-inside-inner-col{flex-direction:column;justify-content:center;}.kadence-column152_eb94a1-3f > .kt-inside-inner-col:before{opacity:0.3;}.kadence-column152_eb94a1-3f{position:relative;}@media all and (max-width: 1024px){.kt-row-column-wrap > .kadence-column152_eb94a1-3f{align-self:center;}}@media all and (max-width: 1024px){.kt-inner-column-height-full:not(.kt-has-1-columns) > .wp-block-kadence-column.kadence-column152_eb94a1-3f{align-self:auto;}}@media all and (max-width: 1024px){.kt-inner-column-height-full:not(.kt-has-1-columns) > .wp-block-kadence-column.kadence-column152_eb94a1-3f > .kt-inside-inner-col{flex-direction:column;justify-content:center;}}@media all and (max-width: 1024px){.kadence-column152_eb94a1-3f > .kt-inside-inner-col{flex-direction:column;justify-content:center;}}@media all and (max-width: 767px){.kt-row-column-wrap > .kadence-column152_eb94a1-3f{align-self:center;}.kt-inner-column-height-full:not(.kt-has-1-columns) > .wp-block-kadence-column.kadence-column152_eb94a1-3f{align-self:auto;}.kt-inner-column-height-full:not(.kt-has-1-columns) > .wp-block-kadence-column.kadence-column152_eb94a1-3f > .kt-inside-inner-col{flex-direction:column;justify-content:center;}.kadence-column152_eb94a1-3f > .kt-inside-inner-col{flex-direction:column;justify-content:center;}}<\/style>\n<div class=\"wp-block-kadence-column kadence-column152_eb94a1-3f\"><div class=\"kt-inside-inner-col\">\n<h1 class=\"wp-block-heading has-larger-font-size\">INVEST &#8211; Pitkitt\u00e4istutkimus hyvinvoinnista<\/h1>\n\n\n\n<p class=\"is-style-lead\" style=\"font-size:20px\"><strong>Tutkimme Suomessa asuvien hyvinvointia ja mielipiteit\u00e4 yhteiskunnan toiminnasta<\/strong>. <\/p>\n\n\n\n<div class=\"wp-block-buttons is-layout-flex wp-block-buttons-is-layout-flex\">\n<div class=\"wp-block-button has-custom-width wp-block-button__width-25\"><a class=\"wp-block-button__link wp-element-button\" href=\"https:\/\/sites.utu.fi\/seurantatutkimus\/tutkimuksesta\/\" style=\"padding-top:0;padding-right:0;padding-bottom:0;padding-left:0\">Lue lis\u00e4\u00e4 tutkimuksesta<\/a><\/div>\n<\/div>\n<\/div><\/div>\n\n<\/div><\/div>\n\n<style>.kb-row-layout-id152_4700c6-0f > .kt-row-column-wrap{align-content:start;}:where(.kb-row-layout-id152_4700c6-0f > .kt-row-column-wrap) > .wp-block-kadence-column{justify-content:start;}.kb-row-layout-id152_4700c6-0f > .kt-row-column-wrap{column-gap:var(--global-kb-gap-md, 2rem);row-gap:var(--global-kb-gap-md, 2rem);max-width:860px;margin-left:auto;margin-right:auto;padding-top:var(--global-kb-spacing-sm, 1.5rem);padding-bottom:var(--global-kb-spacing-sm, 1.5rem);grid-template-columns:minmax(0, 1fr);}.kb-row-layout-id152_4700c6-0f > .kt-row-layout-overlay{opacity:0.30;}@media all and (max-width: 1024px){.kb-row-layout-id152_4700c6-0f > .kt-row-column-wrap{grid-template-columns:minmax(0, 1fr);}}@media all and (max-width: 767px){.kb-row-layout-id152_4700c6-0f > .kt-row-column-wrap{grid-template-columns:minmax(0, 1fr);}}<\/style><div class=\"kb-row-layout-wrap kb-row-layout-id152_4700c6-0f alignnone wp-block-kadence-rowlayout\"><div class=\"kt-row-column-wrap kt-has-1-columns kt-row-layout-equal kt-tab-layout-inherit kt-mobile-layout-row kt-row-valign-top\">\n<style>.kadence-column152_c7c40b-92 > .kt-inside-inner-col,.kadence-column152_c7c40b-92 > .kt-inside-inner-col:before{border-top-left-radius:0px;border-top-right-radius:0px;border-bottom-right-radius:0px;border-bottom-left-radius:0px;}.kadence-column152_c7c40b-92 > .kt-inside-inner-col{column-gap:var(--global-kb-gap-sm, 1rem);}.kadence-column152_c7c40b-92 > .kt-inside-inner-col{flex-direction:column;}.kadence-column152_c7c40b-92 > .kt-inside-inner-col > .aligncenter{width:100%;}.kadence-column152_c7c40b-92 > .kt-inside-inner-col:before{opacity:0.3;}.kadence-column152_c7c40b-92{position:relative;}@media all and (max-width: 1024px){.kadence-column152_c7c40b-92 > .kt-inside-inner-col{flex-direction:column;justify-content:center;}}@media all and (max-width: 767px){.kadence-column152_c7c40b-92 > .kt-inside-inner-col{flex-direction:column;justify-content:center;}}<\/style>\n<div class=\"wp-block-kadence-column kadence-column152_c7c40b-92\"><div class=\"kt-inside-inner-col\">\n<blockquote class=\"wp-block-quote is-style-default has-larger-font-size is-layout-flow wp-block-quote-is-layout-flow\">\n<p>Miten valtion tulisi tukea kansalaisiaan? Mink\u00e4laisten tekij\u00f6iden pit\u00e4isi vaikuttaa siihen, miten ihmiset el\u00e4m\u00e4ss\u00e4\u00e4n p\u00e4rj\u00e4\u00e4v\u00e4t?<\/p>\n<\/blockquote>\n\n\n\n<p class=\"is-style-lead\">Ik\u00e4\u00e4ntyminen, nopea kaupungistuminen, digitalisaatio, ty\u00f6voimapula ja monet muut meneill\u00e4\u00e4n olevat muutokset ovat haastaneet suomalaisen hyvinvointivaltion. Uudistaaksemme yhteiskuntaa toimivalla tavalla ja parantaaksemme laaja-alaisesti hyvinvointia tarvitsemme tietoa Suomessa asuvien n\u00e4kemyksist\u00e4 ja kokemuksista.<\/p>\n\n\n\n<p>Tutkimme vastaajien asenteita ja mielipiteit\u00e4, sosiaalista liikkuuvuutta, terveydentilaa, yhteiskunnallista kiinnittymist\u00e4, asumista ja sosiaalisia suhteita. Tutkimuksen ensimm\u00e4isess\u00e4 vaiheessa haluamme erityisesti tiet\u00e4\u00e4, mitk\u00e4 asiat vaikuttavat el\u00e4m\u00e4ss\u00e4 etenemiseen sek\u00e4 miten toimiviksi ja tarpeelliseksi erilaiset julkiset palvelut ja etuudet koetaan.&nbsp;Tutkimus toteutetaan uudelleen vuosittain sek\u00e4 samoille ett\u00e4 uusille vastaajille. T\u00e4ydenn\u00e4mme kyselytietoja my\u00f6s kattavilla rekisteritiedoilla.<\/p>\n\n\n\n<p>Tutkimuksen odotetaan edist\u00e4v\u00e4n ymm\u00e4rryst\u00e4 siit\u00e4, miten valtion tulisi tukea kansalaisiaan ja mink\u00e4laisten tekij\u00f6iden pit\u00e4isi vaikuttaa siihen, miten yksil\u00f6t el\u00e4m\u00e4ss\u00e4\u00e4n p\u00e4rj\u00e4\u00e4v\u00e4t. Se tarjoaa uusia n\u00e4k\u00f6kulmia eriarvoisuuden, sosiaalisen liikkuvuuden ja yhteiskunnallisten asenteiden v\u00e4lisiin suhteisiin.\u00a0Tutkimustulokset auttavat kehitt\u00e4m\u00e4\u00e4n politiikkatoimia ja interventio-ohjelmia, joiden avulla pyrimme parantamaan Suomessa asuvien hyvinvointia l\u00e4pi el\u00e4m\u00e4nkaaren.<\/p>\n\n\n\n<h2 class=\"wp-block-heading\">Tutkimustuloksia<\/h2>\n\n\n\n<p>>> <a href=\"https:\/\/sites.utu.fi\/seurantatutkimus\/2024\/10\/24\/naiset-kokevat-miehia-useammin-yksinaisyytta-ero-painottuu-opiskelijoihin\/?preview=true\">Naiset kokevat miehi\u00e4 useammin yksin\u00e4isyytt\u00e4 \u2013 ero painottuu opiskelijoihin<\/a><\/p>\n\n\n\n<h2 class=\"wp-block-heading\">Mist\u00e4 tutkimuksessa on kyse?<\/h2>\n\n\n\n<figure class=\"wp-block-embed is-type-video is-provider-youtube wp-block-embed-youtube wp-embed-aspect-16-9 wp-has-aspect-ratio\"><div class=\"wp-block-embed__wrapper\">\n<iframe loading=\"lazy\" title=\"Seurantatutkimus\" width=\"720\" height=\"405\" src=\"https:\/\/www.youtube.com\/embed\/n2b-3aetzKY?feature=oembed\" frameborder=\"0\" allow=\"accelerometer; autoplay; clipboard-write; encrypted-media; gyroscope; picture-in-picture; web-share\" referrerpolicy=\"strict-origin-when-cross-origin\" allowfullscreen><\/iframe>\n<\/div><\/figure>\n<\/div><\/div>\n\n<\/div><\/div>","protected":false},"excerpt":{"rendered":"<p>INVEST &#8211; Pitkitt\u00e4istutkimus hyvinvoinnista Tutkimme Suomessa asuvien hyvinvointia ja mielipiteit\u00e4 yhteiskunnan toiminnasta. Miten valtion tulisi tukea kansalaisiaan? Mink\u00e4laisten tekij\u00f6iden pit\u00e4isi vaikuttaa siihen, miten ihmiset el\u00e4m\u00e4ss\u00e4\u00e4n p\u00e4rj\u00e4\u00e4v\u00e4t? Ik\u00e4\u00e4ntyminen, nopea kaupungistuminen, digitalisaatio, ty\u00f6voimapula ja monet muut meneill\u00e4\u00e4n olevat muutokset ovat haastaneet suomalaisen hyvinvointivaltion. Uudistaaksemme yhteiskuntaa toimivalla tavalla ja parantaaksemme laaja-alaisesti hyvinvointia tarvitsemme tietoa Suomessa asuvien n\u00e4kemyksist\u00e4 ja&#8230;<\/p>\n","protected":false},"author":3,"featured_media":0,"parent":0,"menu_order":0,"comment_status":"closed","ping_status":"closed","template":"","meta":{"_acf_changed":false,"_kad_blocks_custom_css":"","_kad_blocks_head_custom_js":"","_kad_blocks_body_custom_js":"","_kad_blocks_footer_custom_js":"","_kad_post_transparent":"","_kad_post_title":"hide","_kad_post_layout":"normal","_kad_post_sidebar_id":"","_kad_post_content_style":"","_kad_post_vertical_padding":"","_kad_post_feature":"","_kad_post_feature_position":"","_kad_post_header":false,"_kad_post_footer":false,"_kad_post_classname":"","footnotes":""},"class_list":["post-152","page","type-page","status-publish","hentry"],"acf":[],"lang":"fi","translations":{"fi":152,"en":347,"sv":379},"taxonomy_info":[],"featured_image_src_large":false,"author_info":{"display_name":"utuwebmaster","author_link":"https:\/\/sites.utu.fi\/seurantatutkimus\/author\/utuwebmaster\/"},"comment_info":0,"pll_sync_post":[],"_links":{"self":[{"href":"https:\/\/sites.utu.fi\/seurantatutkimus\/wp-json\/wp\/v2\/pages\/152","targetHints":{"allow":["GET"]}}],"collection":[{"href":"https:\/\/sites.utu.fi\/seurantatutkimus\/wp-json\/wp\/v2\/pages"}],"about":[{"href":"https:\/\/sites.utu.fi\/seurantatutkimus\/wp-json\/wp\/v2\/types\/page"}],"author":[{"embeddable":true,"href":"https:\/\/sites.utu.fi\/seurantatutkimus\/wp-json\/wp\/v2\/users\/3"}],"replies":[{"embeddable":true,"href":"https:\/\/sites.utu.fi\/seurantatutkimus\/wp-json\/wp\/v2\/comments?post=152"}],"version-history":[{"count":16,"href":"https:\/\/sites.utu.fi\/seurantatutkimus\/wp-json\/wp\/v2\/pages\/152\/revisions"}],"predecessor-version":[{"id":436,"href":"https:\/\/sites.utu.fi\/seurantatutkimus\/wp-json\/wp\/v2\/pages\/152\/revisions\/436"}],"wp:attachment":[{"href":"https:\/\/sites.utu.fi\/seurantatutkimus\/wp-json\/wp\/v2\/media?parent=152"}],"curies":[{"name":"wp","href":"https:\/\/api.w.org\/{rel}","templated":true}]}}