{"id":401,"date":"2024-04-24T09:53:29","date_gmt":"2024-04-24T06:53:29","guid":{"rendered":"https:\/\/sites.utu.fi\/seurantatutkimus\/?page_id=401"},"modified":"2024-04-24T10:06:31","modified_gmt":"2024-04-24T07:06:31","slug":"om-oss","status":"publish","type":"page","link":"https:\/\/sites.utu.fi\/seurantatutkimus\/sv\/om-oss\/","title":{"rendered":"Om oss"},"content":{"rendered":"\n<p>Du kan kontakta oss via e-post<a href=\"mailto: invest-seurantatutkimus@utu.fi\"> invest-seurantatutkimus@utu.fi<\/a> eller via telefon +358 50 336 8152.<\/p>\n\n\n<div id=\"staff-block_ee231742bf38ca2d0bd15dd1bb2d2f54\" class=\"kmg staff columns-3\">\r\n    \r\n    <div  class=\"item\">\r\n                        <div class=\"image-wrapper circle\">\r\n                <img loading=\"lazy\" decoding=\"async\" width=\"300\" height=\"300\" src=\"https:\/\/sites.utu.fi\/seurantatutkimus\/wp-content\/uploads\/sites\/1330\/2024\/01\/Jani-Erola-5-scaled-e1709223680997-300x300.jpg\" class=\"attachment-medium size-medium wp-post-image\" alt=\"Jani Erola kasvokuva.\" srcset=\"https:\/\/sites.utu.fi\/seurantatutkimus\/wp-content\/uploads\/sites\/1330\/2024\/01\/Jani-Erola-5-scaled-e1709223680997-300x300.jpg 300w, https:\/\/sites.utu.fi\/seurantatutkimus\/wp-content\/uploads\/sites\/1330\/2024\/01\/Jani-Erola-5-scaled-e1709223680997-150x150.jpg 150w, https:\/\/sites.utu.fi\/seurantatutkimus\/wp-content\/uploads\/sites\/1330\/2024\/01\/Jani-Erola-5-scaled-e1709223680997-768x768.jpg 768w, https:\/\/sites.utu.fi\/seurantatutkimus\/wp-content\/uploads\/sites\/1330\/2024\/01\/Jani-Erola-5-scaled-e1709223680997-168x168.jpg 168w, https:\/\/sites.utu.fi\/seurantatutkimus\/wp-content\/uploads\/sites\/1330\/2024\/01\/Jani-Erola-5-scaled-e1709223680997-190x190.jpg 190w, https:\/\/sites.utu.fi\/seurantatutkimus\/wp-content\/uploads\/sites\/1330\/2024\/01\/Jani-Erola-5-scaled-e1709223680997.jpg 931w\" sizes=\"auto, (max-width: 300px) 100vw, 300px\" \/>            <\/div>\r\n                <div class=\"details\">\r\n        <span class=\"title\">\r\n            <a href=\"https:\/\/www.utu.fi\/en\/people\/jani-erola\">Jani Erola<\/a>        <\/span>\r\n        <span class=\"staff-info-position\">professor, direkt\u00f6r f\u00f6r forskning<\/span>        <\/div>\r\n\t<\/div>\r\n    \r\n    <div  class=\"item\">\r\n                        <div class=\"image-wrapper circle\">\r\n                <img loading=\"lazy\" decoding=\"async\" width=\"300\" height=\"300\" src=\"https:\/\/sites.utu.fi\/seurantatutkimus\/wp-content\/uploads\/sites\/1330\/2024\/01\/Mikko-Niemela-1-scaled-e1709223860175-300x300.jpg\" class=\"attachment-medium size-medium wp-post-image\" alt=\"Mikko Niemel\u00e4n kasvokuva.\" srcset=\"https:\/\/sites.utu.fi\/seurantatutkimus\/wp-content\/uploads\/sites\/1330\/2024\/01\/Mikko-Niemela-1-scaled-e1709223860175-300x300.jpg 300w, https:\/\/sites.utu.fi\/seurantatutkimus\/wp-content\/uploads\/sites\/1330\/2024\/01\/Mikko-Niemela-1-scaled-e1709223860175-1024x1024.jpg 1024w, https:\/\/sites.utu.fi\/seurantatutkimus\/wp-content\/uploads\/sites\/1330\/2024\/01\/Mikko-Niemela-1-scaled-e1709223860175-150x150.jpg 150w, https:\/\/sites.utu.fi\/seurantatutkimus\/wp-content\/uploads\/sites\/1330\/2024\/01\/Mikko-Niemela-1-scaled-e1709223860175-768x768.jpg 768w, https:\/\/sites.utu.fi\/seurantatutkimus\/wp-content\/uploads\/sites\/1330\/2024\/01\/Mikko-Niemela-1-scaled-e1709223860175-168x168.jpg 168w, https:\/\/sites.utu.fi\/seurantatutkimus\/wp-content\/uploads\/sites\/1330\/2024\/01\/Mikko-Niemela-1-scaled-e1709223860175-190x190.jpg 190w, https:\/\/sites.utu.fi\/seurantatutkimus\/wp-content\/uploads\/sites\/1330\/2024\/01\/Mikko-Niemela-1-scaled-e1709223860175.jpg 1346w\" sizes=\"auto, (max-width: 300px) 100vw, 300px\" \/>            <\/div>\r\n                <div class=\"details\">\r\n        <span class=\"title\">\r\n            <a href=\"https:\/\/www.utu.fi\/en\/people\/mikko-niemela\">Mikko Niemel\u00e4<\/a>        <\/span>\r\n        <span class=\"staff-info-position\">professor, bitr\u00e4dande direkt\u00f6r f\u00f6r forskning<\/span>        <\/div>\r\n\t<\/div>\r\n<\/div>\r\n\r\n\r\n\n\n<div id=\"staff-block_957e4dca1bcf3b4903be0cf883a36410\" class=\"kmg staff columns-3\">\r\n    \r\n    <div  class=\"item\">\r\n                        <div class=\"image-wrapper circle\">\r\n                <img loading=\"lazy\" decoding=\"async\" width=\"300\" height=\"300\" src=\"https:\/\/sites.utu.fi\/seurantatutkimus\/wp-content\/uploads\/sites\/1330\/2024\/01\/Aki-Koivula-3-scaled-e1708683221945-300x300.jpg\" class=\"attachment-medium size-medium wp-post-image\" alt=\"Aki Koivulan kasvokuva.\" srcset=\"https:\/\/sites.utu.fi\/seurantatutkimus\/wp-content\/uploads\/sites\/1330\/2024\/01\/Aki-Koivula-3-scaled-e1708683221945-300x300.jpg 300w, https:\/\/sites.utu.fi\/seurantatutkimus\/wp-content\/uploads\/sites\/1330\/2024\/01\/Aki-Koivula-3-scaled-e1708683221945-1024x1024.jpg 1024w, https:\/\/sites.utu.fi\/seurantatutkimus\/wp-content\/uploads\/sites\/1330\/2024\/01\/Aki-Koivula-3-scaled-e1708683221945-150x150.jpg 150w, https:\/\/sites.utu.fi\/seurantatutkimus\/wp-content\/uploads\/sites\/1330\/2024\/01\/Aki-Koivula-3-scaled-e1708683221945-768x768.jpg 768w, https:\/\/sites.utu.fi\/seurantatutkimus\/wp-content\/uploads\/sites\/1330\/2024\/01\/Aki-Koivula-3-scaled-e1708683221945-168x168.jpg 168w, https:\/\/sites.utu.fi\/seurantatutkimus\/wp-content\/uploads\/sites\/1330\/2024\/01\/Aki-Koivula-3-scaled-e1708683221945-190x190.jpg 190w, https:\/\/sites.utu.fi\/seurantatutkimus\/wp-content\/uploads\/sites\/1330\/2024\/01\/Aki-Koivula-3-scaled-e1708683221945.jpg 1464w\" sizes=\"auto, (max-width: 300px) 100vw, 300px\" \/>            <\/div>\r\n                <div class=\"details\">\r\n        <span class=\"title\">\r\n            <a href=\"https:\/\/www.utu.fi\/en\/people\/aki-koivula\">Aki Koivula<\/a>        <\/span>\r\n        <span class=\"staff-info-position\">ledare f\u00f6r forskargruppen, senior forskare<\/span>        <\/div>\r\n\t<\/div>\r\n    \r\n    <div  class=\"item\">\r\n                        <div class=\"image-wrapper circle\">\r\n                <img loading=\"lazy\" decoding=\"async\" width=\"300\" height=\"300\" src=\"https:\/\/sites.utu.fi\/seurantatutkimus\/wp-content\/uploads\/sites\/1330\/2024\/01\/Laura-Heiskala-2-scaled-e1709223599228-300x300.jpg\" class=\"attachment-medium size-medium wp-post-image\" alt=\"Laura Heiskalan kasvokuva.\" srcset=\"https:\/\/sites.utu.fi\/seurantatutkimus\/wp-content\/uploads\/sites\/1330\/2024\/01\/Laura-Heiskala-2-scaled-e1709223599228-300x300.jpg 300w, https:\/\/sites.utu.fi\/seurantatutkimus\/wp-content\/uploads\/sites\/1330\/2024\/01\/Laura-Heiskala-2-scaled-e1709223599228-150x150.jpg 150w, https:\/\/sites.utu.fi\/seurantatutkimus\/wp-content\/uploads\/sites\/1330\/2024\/01\/Laura-Heiskala-2-scaled-e1709223599228-768x768.jpg 768w, https:\/\/sites.utu.fi\/seurantatutkimus\/wp-content\/uploads\/sites\/1330\/2024\/01\/Laura-Heiskala-2-scaled-e1709223599228-168x168.jpg 168w, https:\/\/sites.utu.fi\/seurantatutkimus\/wp-content\/uploads\/sites\/1330\/2024\/01\/Laura-Heiskala-2-scaled-e1709223599228-190x190.jpg 190w, https:\/\/sites.utu.fi\/seurantatutkimus\/wp-content\/uploads\/sites\/1330\/2024\/01\/Laura-Heiskala-2-scaled-e1709223599228.jpg 1024w\" sizes=\"auto, (max-width: 300px) 100vw, 300px\" \/>            <\/div>\r\n                <div class=\"details\">\r\n        <span class=\"title\">\r\n            <a href=\"https:\/\/www.utu.fi\/en\/people\/laura-heiskala\">Laura Heiskala<\/a>        <\/span>\r\n        <span class=\"staff-info-position\">senior forskare<\/span>        <\/div>\r\n\t<\/div>\r\n    \r\n    <div  class=\"item\">\r\n                        <div class=\"image-wrapper circle\">\r\n                <img loading=\"lazy\" decoding=\"async\" width=\"300\" height=\"300\" src=\"https:\/\/sites.utu.fi\/seurantatutkimus\/wp-content\/uploads\/sites\/1330\/2024\/01\/Anna-Hagglund-8-scaled-e1709223496890-300x300.jpg\" class=\"attachment-medium size-medium wp-post-image\" alt=\"Anna H\u00e4gglundin kasvokuva.\" srcset=\"https:\/\/sites.utu.fi\/seurantatutkimus\/wp-content\/uploads\/sites\/1330\/2024\/01\/Anna-Hagglund-8-scaled-e1709223496890-300x300.jpg 300w, https:\/\/sites.utu.fi\/seurantatutkimus\/wp-content\/uploads\/sites\/1330\/2024\/01\/Anna-Hagglund-8-scaled-e1709223496890-150x150.jpg 150w, https:\/\/sites.utu.fi\/seurantatutkimus\/wp-content\/uploads\/sites\/1330\/2024\/01\/Anna-Hagglund-8-scaled-e1709223496890-768x768.jpg 768w, https:\/\/sites.utu.fi\/seurantatutkimus\/wp-content\/uploads\/sites\/1330\/2024\/01\/Anna-Hagglund-8-scaled-e1709223496890-168x168.jpg 168w, https:\/\/sites.utu.fi\/seurantatutkimus\/wp-content\/uploads\/sites\/1330\/2024\/01\/Anna-Hagglund-8-scaled-e1709223496890-190x190.jpg 190w, https:\/\/sites.utu.fi\/seurantatutkimus\/wp-content\/uploads\/sites\/1330\/2024\/01\/Anna-Hagglund-8-scaled-e1709223496890.jpg 914w\" sizes=\"auto, (max-width: 300px) 100vw, 300px\" \/>            <\/div>\r\n                <div class=\"details\">\r\n        <span class=\"title\">\r\n            <a href=\"https:\/\/www.utu.fi\/en\/people\/anna-hagglund\">Anna H\u00e4gglund<\/a>        <\/span>\r\n        <span class=\"staff-info-position\">postdoc-forskare<\/span>        <\/div>\r\n\t<\/div>\r\n    \r\n    <div  class=\"item\">\r\n                        <div class=\"image-wrapper circle\">\r\n                <img loading=\"lazy\" decoding=\"async\" width=\"300\" height=\"300\" src=\"https:\/\/sites.utu.fi\/seurantatutkimus\/wp-content\/uploads\/sites\/1330\/2024\/01\/aleksi-karhula-nelio-scaled-e1709130895100-300x300.jpg\" class=\"attachment-medium size-medium wp-post-image\" alt=\"Aleksi Karhulan kasvokuva.\" srcset=\"https:\/\/sites.utu.fi\/seurantatutkimus\/wp-content\/uploads\/sites\/1330\/2024\/01\/aleksi-karhula-nelio-scaled-e1709130895100-300x300.jpg 300w, https:\/\/sites.utu.fi\/seurantatutkimus\/wp-content\/uploads\/sites\/1330\/2024\/01\/aleksi-karhula-nelio-scaled-e1709130895100-1024x1024.jpg 1024w, https:\/\/sites.utu.fi\/seurantatutkimus\/wp-content\/uploads\/sites\/1330\/2024\/01\/aleksi-karhula-nelio-scaled-e1709130895100-150x150.jpg 150w, https:\/\/sites.utu.fi\/seurantatutkimus\/wp-content\/uploads\/sites\/1330\/2024\/01\/aleksi-karhula-nelio-scaled-e1709130895100-768x768.jpg 768w, https:\/\/sites.utu.fi\/seurantatutkimus\/wp-content\/uploads\/sites\/1330\/2024\/01\/aleksi-karhula-nelio-scaled-e1709130895100-1536x1536.jpg 1536w, https:\/\/sites.utu.fi\/seurantatutkimus\/wp-content\/uploads\/sites\/1330\/2024\/01\/aleksi-karhula-nelio-scaled-e1709130895100-168x168.jpg 168w, https:\/\/sites.utu.fi\/seurantatutkimus\/wp-content\/uploads\/sites\/1330\/2024\/01\/aleksi-karhula-nelio-scaled-e1709130895100-190x190.jpg 190w, https:\/\/sites.utu.fi\/seurantatutkimus\/wp-content\/uploads\/sites\/1330\/2024\/01\/aleksi-karhula-nelio-scaled-e1709130895100.jpg 1614w\" sizes=\"auto, (max-width: 300px) 100vw, 300px\" \/>            <\/div>\r\n                <div class=\"details\">\r\n        <span class=\"title\">\r\n            <a href=\"https:\/\/www.utu.fi\/en\/people\/aleksi-karhula\">Aleksi Karhula<\/a>        <\/span>\r\n        <span class=\"staff-info-position\">senior forskare<\/span>        <\/div>\r\n\t<\/div>\r\n    \r\n    <div  class=\"item\">\r\n                        <div class=\"image-wrapper circle\">\r\n                <img loading=\"lazy\" decoding=\"async\" width=\"300\" height=\"300\" src=\"https:\/\/sites.utu.fi\/seurantatutkimus\/wp-content\/uploads\/sites\/1330\/2024\/01\/Markus-Laaninen-8-scaled-e1709223397564-300x300.jpg\" class=\"attachment-medium size-medium wp-post-image\" alt=\"Markus Laanisen kasvokuva.\" srcset=\"https:\/\/sites.utu.fi\/seurantatutkimus\/wp-content\/uploads\/sites\/1330\/2024\/01\/Markus-Laaninen-8-scaled-e1709223397564-300x300.jpg 300w, https:\/\/sites.utu.fi\/seurantatutkimus\/wp-content\/uploads\/sites\/1330\/2024\/01\/Markus-Laaninen-8-scaled-e1709223397564-150x150.jpg 150w, https:\/\/sites.utu.fi\/seurantatutkimus\/wp-content\/uploads\/sites\/1330\/2024\/01\/Markus-Laaninen-8-scaled-e1709223397564-168x168.jpg 168w, https:\/\/sites.utu.fi\/seurantatutkimus\/wp-content\/uploads\/sites\/1330\/2024\/01\/Markus-Laaninen-8-scaled-e1709223397564-190x190.jpg 190w, https:\/\/sites.utu.fi\/seurantatutkimus\/wp-content\/uploads\/sites\/1330\/2024\/01\/Markus-Laaninen-8-scaled-e1709223397564.jpg 426w\" sizes=\"auto, (max-width: 300px) 100vw, 300px\" \/>            <\/div>\r\n                <div class=\"details\">\r\n        <span class=\"title\">\r\n            <a href=\"https:\/\/www.utu.fi\/en\/people\/markus-laaninen\">Markus Laaninen<\/a>        <\/span>\r\n        <span class=\"staff-info-position\">doktorand<\/span>        <\/div>\r\n\t<\/div>\r\n    \r\n    <div  class=\"item\">\r\n                        <div class=\"image-wrapper circle\">\r\n                <img loading=\"lazy\" decoding=\"async\" width=\"300\" height=\"300\" src=\"https:\/\/sites.utu.fi\/seurantatutkimus\/wp-content\/uploads\/sites\/1330\/2024\/01\/2F3A7703-e1709130747787-300x300.jpg\" class=\"attachment-medium size-medium wp-post-image\" alt=\"Outi Sarpilan kasvokuva\" srcset=\"https:\/\/sites.utu.fi\/seurantatutkimus\/wp-content\/uploads\/sites\/1330\/2024\/01\/2F3A7703-e1709130747787-300x300.jpg 300w, https:\/\/sites.utu.fi\/seurantatutkimus\/wp-content\/uploads\/sites\/1330\/2024\/01\/2F3A7703-e1709130747787-150x150.jpg 150w, https:\/\/sites.utu.fi\/seurantatutkimus\/wp-content\/uploads\/sites\/1330\/2024\/01\/2F3A7703-e1709130747787-768x768.jpg 768w, https:\/\/sites.utu.fi\/seurantatutkimus\/wp-content\/uploads\/sites\/1330\/2024\/01\/2F3A7703-e1709130747787-168x168.jpg 168w, https:\/\/sites.utu.fi\/seurantatutkimus\/wp-content\/uploads\/sites\/1330\/2024\/01\/2F3A7703-e1709130747787-190x190.jpg 190w, https:\/\/sites.utu.fi\/seurantatutkimus\/wp-content\/uploads\/sites\/1330\/2024\/01\/2F3A7703-e1709130747787.jpg 848w\" sizes=\"auto, (max-width: 300px) 100vw, 300px\" \/>            <\/div>\r\n                <div class=\"details\">\r\n        <span class=\"title\">\r\n            <a href=\"https:\/\/www.utu.fi\/en\/people\/outi-sarpila\">Outi Sarpila<\/a>        <\/span>\r\n        <span class=\"staff-info-position\">professor<\/span>        <\/div>\r\n\t<\/div>\r\n<\/div>\r\n\r\n\r\n\n\n\n<p><\/p>\n\n\n\n<p>Forskningen kommer att utf\u00f6ras vid INVEST, ett gemensamt forskningscentrum och flaggskepp f\u00f6r \u00c5bo universitet och Institutet f\u00f6r h\u00e4lsa och v\u00e4lf\u00e4rd om oj\u00e4mlikhet, interventioner och det nya v\u00e4lf\u00e4rdssamh\u00e4llet. V\u00e5rt m\u00e5l \u00e4r att skapa en mer j\u00e4mlik, proaktiv och ekonomiskt och socialt h\u00e5llbar v\u00e4lf\u00e4rdsstatsmodell f\u00f6r Finland.<\/p>\n\n\n\n<p>Forskningen finansieras av Finlands Akademi.<\/p>\n\n\n\n<figure class=\"wp-block-image size-large\"><img loading=\"lazy\" decoding=\"async\" width=\"1024\" height=\"224\" src=\"https:\/\/sites.utu.fi\/seurantatutkimus\/wp-content\/uploads\/sites\/1330\/2024\/04\/AKA_SE_vaaka_sininen_RGB-pieni-1024x224.png\" alt=\"Logo av Finlands Akademi\" class=\"wp-image-412\" srcset=\"https:\/\/sites.utu.fi\/seurantatutkimus\/wp-content\/uploads\/sites\/1330\/2024\/04\/AKA_SE_vaaka_sininen_RGB-pieni-1024x224.png 1024w, https:\/\/sites.utu.fi\/seurantatutkimus\/wp-content\/uploads\/sites\/1330\/2024\/04\/AKA_SE_vaaka_sininen_RGB-pieni-300x66.png 300w, https:\/\/sites.utu.fi\/seurantatutkimus\/wp-content\/uploads\/sites\/1330\/2024\/04\/AKA_SE_vaaka_sininen_RGB-pieni-768x168.png 768w, https:\/\/sites.utu.fi\/seurantatutkimus\/wp-content\/uploads\/sites\/1330\/2024\/04\/AKA_SE_vaaka_sininen_RGB-pieni-1536x336.png 1536w, https:\/\/sites.utu.fi\/seurantatutkimus\/wp-content\/uploads\/sites\/1330\/2024\/04\/AKA_SE_vaaka_sininen_RGB-pieni-2048x448.png 2048w, https:\/\/sites.utu.fi\/seurantatutkimus\/wp-content\/uploads\/sites\/1330\/2024\/04\/AKA_SE_vaaka_sininen_RGB-pieni-168x37.png 168w, https:\/\/sites.utu.fi\/seurantatutkimus\/wp-content\/uploads\/sites\/1330\/2024\/04\/AKA_SE_vaaka_sininen_RGB-pieni-190x42.png 190w\" sizes=\"auto, (max-width: 1024px) 100vw, 1024px\" \/><\/figure>\n","protected":false},"excerpt":{"rendered":"<p>Du kan kontakta oss via e-post invest-seurantatutkimus@utu.fi eller via telefon +358 50 336 8152. Forskningen kommer att utf\u00f6ras vid INVEST, ett gemensamt forskningscentrum och flaggskepp f\u00f6r \u00c5bo universitet och Institutet f\u00f6r h\u00e4lsa och v\u00e4lf\u00e4rd om oj\u00e4mlikhet, interventioner och det nya v\u00e4lf\u00e4rdssamh\u00e4llet. V\u00e5rt m\u00e5l \u00e4r att skapa en mer j\u00e4mlik, proaktiv och ekonomiskt och socialt h\u00e5llbar&#8230;<\/p>\n","protected":false},"author":104,"featured_media":0,"parent":0,"menu_order":0,"comment_status":"closed","ping_status":"closed","template":"","meta":{"_acf_changed":false,"_kad_blocks_custom_css":"","_kad_blocks_head_custom_js":"","_kad_blocks_body_custom_js":"","_kad_blocks_footer_custom_js":"","_kad_post_transparent":"","_kad_post_title":"","_kad_post_layout":"","_kad_post_sidebar_id":"","_kad_post_content_style":"","_kad_post_vertical_padding":"","_kad_post_feature":"","_kad_post_feature_position":"","_kad_post_header":false,"_kad_post_footer":false,"_kad_post_classname":"","footnotes":""},"class_list":["post-401","page","type-page","status-publish","hentry"],"acf":[],"lang":"sv","translations":{"sv":401,"fi":54,"en":374},"taxonomy_info":[],"featured_image_src_large":false,"author_info":{"display_name":"erhyyti","author_link":"https:\/\/sites.utu.fi\/seurantatutkimus\/author\/erhyyti\/"},"comment_info":0,"pll_sync_post":[],"_links":{"self":[{"href":"https:\/\/sites.utu.fi\/seurantatutkimus\/wp-json\/wp\/v2\/pages\/401","targetHints":{"allow":["GET"]}}],"collection":[{"href":"https:\/\/sites.utu.fi\/seurantatutkimus\/wp-json\/wp\/v2\/pages"}],"about":[{"href":"https:\/\/sites.utu.fi\/seurantatutkimus\/wp-json\/wp\/v2\/types\/page"}],"author":[{"embeddable":true,"href":"https:\/\/sites.utu.fi\/seurantatutkimus\/wp-json\/wp\/v2\/users\/104"}],"replies":[{"embeddable":true,"href":"https:\/\/sites.utu.fi\/seurantatutkimus\/wp-json\/wp\/v2\/comments?post=401"}],"version-history":[{"count":6,"href":"https:\/\/sites.utu.fi\/seurantatutkimus\/wp-json\/wp\/v2\/pages\/401\/revisions"}],"predecessor-version":[{"id":413,"href":"https:\/\/sites.utu.fi\/seurantatutkimus\/wp-json\/wp\/v2\/pages\/401\/revisions\/413"}],"wp:attachment":[{"href":"https:\/\/sites.utu.fi\/seurantatutkimus\/wp-json\/wp\/v2\/media?parent=401"}],"curies":[{"name":"wp","href":"https:\/\/api.w.org\/{rel}","templated":true}]}}