{"id":46,"date":"2024-01-22T12:24:38","date_gmt":"2024-01-22T12:24:38","guid":{"rendered":"https:\/\/sites.test.utu.fi\/seurantatutkimus\/?page_id=46"},"modified":"2025-11-27T11:31:46","modified_gmt":"2025-11-27T09:31:46","slug":"tutkimusaineisto","status":"publish","type":"page","link":"https:\/\/sites.utu.fi\/seurantatutkimus\/tutkimusaineisto\/","title":{"rendered":"Tutkimusaineisto"},"content":{"rendered":"<style>.kb-image46_d3460f-c8 .kb-image-has-overlay:after{opacity:0.3;}<\/style>\n<figure class=\"wp-block-kadence-image kb-image46_d3460f-c8 size-large\"><img loading=\"lazy\" decoding=\"async\" width=\"1024\" height=\"678\" src=\"https:\/\/sites.utu.fi\/seurantatutkimus\/wp-content\/uploads\/sites\/1330\/2024\/04\/pedestrians-400811_1280-1024x678.jpg\" alt=\"ihmisi\u00e4 k\u00e4velem\u00e4ss\u00e4 suojatiell\u00e4.\" class=\"kb-img wp-image-318\" srcset=\"https:\/\/sites.utu.fi\/seurantatutkimus\/wp-content\/uploads\/sites\/1330\/2024\/04\/pedestrians-400811_1280-1024x678.jpg 1024w, https:\/\/sites.utu.fi\/seurantatutkimus\/wp-content\/uploads\/sites\/1330\/2024\/04\/pedestrians-400811_1280-300x199.jpg 300w, https:\/\/sites.utu.fi\/seurantatutkimus\/wp-content\/uploads\/sites\/1330\/2024\/04\/pedestrians-400811_1280-768x509.jpg 768w, https:\/\/sites.utu.fi\/seurantatutkimus\/wp-content\/uploads\/sites\/1330\/2024\/04\/pedestrians-400811_1280-168x111.jpg 168w, https:\/\/sites.utu.fi\/seurantatutkimus\/wp-content\/uploads\/sites\/1330\/2024\/04\/pedestrians-400811_1280-190x126.jpg 190w, https:\/\/sites.utu.fi\/seurantatutkimus\/wp-content\/uploads\/sites\/1330\/2024\/04\/pedestrians-400811_1280.jpg 1280w\" sizes=\"auto, (max-width: 1024px) 100vw, 1024px\" \/><\/figure>\n\n\n\n<p class=\"is-style-lead\">Avaamme tutkimusaineiston tutkimus- ja opetusk\u00e4ytt\u00f6\u00f6n. Ensimm\u00e4inen kyselyaineisto valmistuu kes\u00e4ll\u00e4 2024, jonka j\u00e4lkeen se l\u00e4hetet\u00e4\u00e4n arkistoitavaksi Tietoarkistoon. <br><br>Kyselyaineiston voi yhdist\u00e4\u00e4 my\u00f6hemmin my\u00f6s rekisteriaineistoon. Jos olet kiinnostunut tutkimusyhteisty\u00f6st\u00e4, niin voit olla suoraan meihin yhteydess\u00e4, yhteystietomme l\u00f6ytyv\u00e4t <a href=\"https:\/\/sites.utu.fi\/seurantatutkimus\/meista\/\" data-type=\"page\" data-id=\"54\">Meist\u00e4<\/a>-sivulta.<\/p>\n\n\n\n<h2 class=\"wp-block-heading\">Raportit<\/h2>\n\n\n\n<p>Tutkimusseloste ensimm\u00e4isest\u00e4 kyselytutkimuksesta:<\/p>\n\n\n\n<p>Suomeksi: <a href=\"https:\/\/osf.io\/preprints\/socarxiv\/su8na_v1\" target=\"_blank\" rel=\"noreferrer noopener\">INVEST Pitkitt\u00e4istutkimus hyvinvoinnista 2024 -kyselyn tutkimusseloste<\/a><br>Englanniksi: <a href=\"https:\/\/osf.io\/preprints\/socarxiv\/3cxr5_v1\" target=\"_blank\" rel=\"noreferrer noopener\">Research Report on the first round of INVEST longitudinal study on wellbeing<\/a><\/p>\n\n\n\n<p><\/p>\n","protected":false},"excerpt":{"rendered":"<p>Avaamme tutkimusaineiston tutkimus- ja opetusk\u00e4ytt\u00f6\u00f6n. Ensimm\u00e4inen kyselyaineisto valmistuu kes\u00e4ll\u00e4 2024, jonka j\u00e4lkeen se l\u00e4hetet\u00e4\u00e4n arkistoitavaksi Tietoarkistoon. Kyselyaineiston voi yhdist\u00e4\u00e4 my\u00f6hemmin my\u00f6s rekisteriaineistoon. Jos olet kiinnostunut tutkimusyhteisty\u00f6st\u00e4, niin voit olla suoraan meihin yhteydess\u00e4, yhteystietomme l\u00f6ytyv\u00e4t Meist\u00e4-sivulta. Raportit Tutkimusseloste ensimm\u00e4isest\u00e4 kyselytutkimuksesta: Suomeksi: INVEST Pitkitt\u00e4istutkimus hyvinvoinnista 2024 -kyselyn tutkimusselosteEnglanniksi: Research Report on the first round of INVEST longitudinal&#8230;<\/p>\n","protected":false},"author":3,"featured_media":0,"parent":0,"menu_order":0,"comment_status":"closed","ping_status":"closed","template":"","meta":{"_acf_changed":false,"_kad_blocks_custom_css":"","_kad_blocks_head_custom_js":"","_kad_blocks_body_custom_js":"","_kad_blocks_footer_custom_js":"","_kad_post_transparent":"","_kad_post_title":"","_kad_post_layout":"","_kad_post_sidebar_id":"","_kad_post_content_style":"","_kad_post_vertical_padding":"","_kad_post_feature":"","_kad_post_feature_position":"","_kad_post_header":false,"_kad_post_footer":false,"_kad_post_classname":"","footnotes":""},"class_list":["post-46","page","type-page","status-publish","hentry"],"acf":[],"lang":"fi","translations":{"fi":46},"taxonomy_info":[],"featured_image_src_large":false,"author_info":{"display_name":"utuwebmaster","author_link":"https:\/\/sites.utu.fi\/seurantatutkimus\/author\/utuwebmaster\/"},"comment_info":0,"pll_sync_post":[],"_links":{"self":[{"href":"https:\/\/sites.utu.fi\/seurantatutkimus\/wp-json\/wp\/v2\/pages\/46","targetHints":{"allow":["GET"]}}],"collection":[{"href":"https:\/\/sites.utu.fi\/seurantatutkimus\/wp-json\/wp\/v2\/pages"}],"about":[{"href":"https:\/\/sites.utu.fi\/seurantatutkimus\/wp-json\/wp\/v2\/types\/page"}],"author":[{"embeddable":true,"href":"https:\/\/sites.utu.fi\/seurantatutkimus\/wp-json\/wp\/v2\/users\/3"}],"replies":[{"embeddable":true,"href":"https:\/\/sites.utu.fi\/seurantatutkimus\/wp-json\/wp\/v2\/comments?post=46"}],"version-history":[{"count":6,"href":"https:\/\/sites.utu.fi\/seurantatutkimus\/wp-json\/wp\/v2\/pages\/46\/revisions"}],"predecessor-version":[{"id":451,"href":"https:\/\/sites.utu.fi\/seurantatutkimus\/wp-json\/wp\/v2\/pages\/46\/revisions\/451"}],"wp:attachment":[{"href":"https:\/\/sites.utu.fi\/seurantatutkimus\/wp-json\/wp\/v2\/media?parent=46"}],"curies":[{"name":"wp","href":"https:\/\/api.w.org\/{rel}","templated":true}]}}