{"id":50,"date":"2024-01-22T12:24:52","date_gmt":"2024-01-22T12:24:52","guid":{"rendered":"https:\/\/sites.test.utu.fi\/seurantatutkimus\/?page_id=50"},"modified":"2024-04-24T13:24:49","modified_gmt":"2024-04-24T10:24:49","slug":"kyselyn-vastaajille","status":"publish","type":"page","link":"https:\/\/sites.utu.fi\/seurantatutkimus\/kyselyn-vastaajille\/","title":{"rendered":"Kyselyn vastaajille"},"content":{"rendered":"\n<figure class=\"wp-block-image size-large\"><img loading=\"lazy\" decoding=\"async\" width=\"1024\" height=\"576\" src=\"https:\/\/sites.utu.fi\/seurantatutkimus\/wp-content\/uploads\/sites\/1330\/2024\/04\/mikko-niemela-nettisivusuhteessa-1024x576.png\" alt=\"\" class=\"wp-image-272\" style=\"aspect-ratio:16\/9;object-fit:cover\" srcset=\"https:\/\/sites.utu.fi\/seurantatutkimus\/wp-content\/uploads\/sites\/1330\/2024\/04\/mikko-niemela-nettisivusuhteessa-1024x576.png 1024w, https:\/\/sites.utu.fi\/seurantatutkimus\/wp-content\/uploads\/sites\/1330\/2024\/04\/mikko-niemela-nettisivusuhteessa-300x169.png 300w, https:\/\/sites.utu.fi\/seurantatutkimus\/wp-content\/uploads\/sites\/1330\/2024\/04\/mikko-niemela-nettisivusuhteessa-768x432.png 768w, https:\/\/sites.utu.fi\/seurantatutkimus\/wp-content\/uploads\/sites\/1330\/2024\/04\/mikko-niemela-nettisivusuhteessa-1536x864.png 1536w, https:\/\/sites.utu.fi\/seurantatutkimus\/wp-content\/uploads\/sites\/1330\/2024\/04\/mikko-niemela-nettisivusuhteessa-168x95.png 168w, https:\/\/sites.utu.fi\/seurantatutkimus\/wp-content\/uploads\/sites\/1330\/2024\/04\/mikko-niemela-nettisivusuhteessa-190x107.png 190w, https:\/\/sites.utu.fi\/seurantatutkimus\/wp-content\/uploads\/sites\/1330\/2024\/04\/mikko-niemela-nettisivusuhteessa.png 2000w\" sizes=\"auto, (max-width: 1024px) 100vw, 1024px\" \/><\/figure>\n\n\n<style>.wp-block-kadence-column.kb-section-dir-horizontal > .kt-inside-inner-col > .kt-info-box50_e45957-e5 .kt-blocks-info-box-link-wrap{max-width:unset;}.kt-info-box50_e45957-e5 .kt-blocks-info-box-link-wrap{background:var(--global-palette8, #F7FAFC);padding-top:var(--global-kb-spacing-xs, 1rem);padding-right:var(--global-kb-spacing-xs, 1rem);padding-bottom:var(--global-kb-spacing-xs, 1rem);padding-left:var(--global-kb-spacing-xs, 1rem);}.kt-info-box50_e45957-e5 .kadence-info-box-icon-container .kt-info-svg-icon, .kt-info-box50_e45957-e5 .kt-info-svg-icon-flip, .kt-info-box50_e45957-e5 .kt-blocks-info-box-number{font-size:90px;}.kt-info-box50_e45957-e5 .kt-blocks-info-box-media{color:var(--global-palette1, #3182CE);border-top-width:0px;border-right-width:0px;border-bottom-width:0px;border-left-width:0px;padding-top:10px;padding-right:10px;padding-bottom:10px;padding-left:10px;}.kt-info-box50_e45957-e5 .kt-blocks-info-box-media-container{margin-top:0px;margin-right:15px;margin-bottom:0px;margin-left:15px;}.kt-info-box50_e45957-e5 .kt-blocks-info-box-learnmore{background:transparent;border-width:0px 0px 0px 0px;padding-top:4px;padding-right:8px;padding-bottom:4px;padding-left:8px;margin-top:10px;margin-right:0px;margin-bottom:10px;margin-left:0px;}<\/style>\n<div class=\"wp-block-kadence-infobox kt-info-box50_e45957-e5\"><a class=\"kt-blocks-info-box-link-wrap info-box-link kt-blocks-info-box-media-align-top kt-info-halign-center\" href=\"mailto:seurantatutkimus@utu.fi\"><div class=\"kt-blocks-info-box-media-container\"><div class=\"kt-blocks-info-box-media kt-info-media-animate-none\"><div class=\"kadence-info-box-icon-container kt-info-icon-animate-none\"><div class=\"kadence-info-box-icon-inner-container\"><span class=\"kb-svg-icon-wrap kb-svg-icon-fe_alertCircle kt-info-svg-icon\"><svg viewBox=\"0 0 24 24\"  fill=\"none\" stroke=\"currentColor\" stroke-width=\"2\" stroke-linecap=\"round\" stroke-linejoin=\"round\" xmlns=\"http:\/\/www.w3.org\/2000\/svg\"  aria-hidden=\"true\"><circle cx=\"12\" cy=\"12\" r=\"10\"\/><line x1=\"12\" y1=\"8\" x2=\"12\" y2=\"12\"\/><line x1=\"12\" y1=\"16\" x2=\"12\" y2=\"16\"\/><\/svg><\/span><\/div><\/div><\/div><\/div><div class=\"kt-infobox-textcontent\"><h2 class=\"kt-blocks-info-box-title\">P\u00e4ivit\u00e4 yhteystietosi<\/h2><p class=\"kt-blocks-info-box-text\">Voit p\u00e4ivitt\u00e4\u00e4 muuttuneet yhteystietosi l\u00e4hett\u00e4m\u00e4ll\u00e4 s\u00e4hk\u00f6postia osoitteeseen <br\/>invest-seurantatutkimus@utu.fi <\/p><\/div><\/a><\/div>\n\n\n<style>.kt-accordion-id50_7d18a5-11 .kt-accordion-inner-wrap{column-gap:var(--global-kb-gap-md, 2rem);row-gap:10px;}.kt-accordion-id50_7d18a5-11 .kt-accordion-panel-inner{border-top:0px solid transparent;border-right:0px solid transparent;border-bottom:0px solid transparent;border-left:0px solid transparent;padding-top:var(--global-kb-spacing-sm, 1.5rem);padding-right:var(--global-kb-spacing-sm, 1.5rem);padding-bottom:var(--global-kb-spacing-sm, 1.5rem);padding-left:var(--global-kb-spacing-sm, 1.5rem);}.kt-accordion-id50_7d18a5-11 > .kt-accordion-inner-wrap > .wp-block-kadence-pane > .kt-accordion-header-wrap > .kt-blocks-accordion-header{border-top:0px solid #f2f2f2;border-right:0px solid #f2f2f2;border-bottom:0px solid #f2f2f2;border-left:0px solid #f2f2f2;border-top-left-radius:0px;border-top-right-radius:0px;border-bottom-right-radius:0px;border-bottom-left-radius:0px;background:#f2f2f2;font-size:var(--global-kb-font-size-md, 1.25rem);line-height:1.5em;font-weight:500;color:var(--global-palette3, #1A202C);padding-top:20px;padding-right:20px;padding-bottom:20px;padding-left:20px;}.kt-accordion-id50_7d18a5-11:not( .kt-accodion-icon-style-basiccircle ):not( .kt-accodion-icon-style-xclosecircle ):not( .kt-accodion-icon-style-arrowcircle )  > .kt-accordion-inner-wrap > .wp-block-kadence-pane > .kt-accordion-header-wrap .kt-blocks-accordion-icon-trigger:after, .kt-accordion-id50_7d18a5-11:not( .kt-accodion-icon-style-basiccircle ):not( .kt-accodion-icon-style-xclosecircle ):not( .kt-accodion-icon-style-arrowcircle )  > .kt-accordion-inner-wrap > .wp-block-kadence-pane > .kt-accordion-header-wrap .kt-blocks-accordion-icon-trigger:before{background:var(--global-palette1, #3182CE);}.kt-accordion-id50_7d18a5-11:not( .kt-accodion-icon-style-basic ):not( .kt-accodion-icon-style-xclose ):not( .kt-accodion-icon-style-arrow ) .kt-blocks-accordion-icon-trigger{background:var(--global-palette1, #3182CE);}.kt-accordion-id50_7d18a5-11:not( .kt-accodion-icon-style-basic ):not( .kt-accodion-icon-style-xclose ):not( .kt-accodion-icon-style-arrow ) .kt-blocks-accordion-icon-trigger:after, .kt-accordion-id50_7d18a5-11:not( .kt-accodion-icon-style-basic ):not( .kt-accodion-icon-style-xclose ):not( .kt-accodion-icon-style-arrow ) .kt-blocks-accordion-icon-trigger:before{background:#f2f2f2;}.kt-accordion-id50_7d18a5-11 > .kt-accordion-inner-wrap > .wp-block-kadence-pane > .kt-accordion-header-wrap > .kt-blocks-accordion-header:hover, \n\t\t\t\tbody:not(.hide-focus-outline) .kt-accordion-id50_7d18a5-11 .kt-blocks-accordion-header:focus-visible{color:var(--global-palette3, #1A202C);background:#eeeeee;border-top-color:#eeeeee;border-top-style:solid;border-right-color:#eeeeee;border-right-style:solid;border-bottom-color:#eeeeee;border-bottom-style:solid;border-left-color:#eeeeee;border-left-style:solid;}.kt-accordion-id50_7d18a5-11:not( .kt-accodion-icon-style-basiccircle ):not( .kt-accodion-icon-style-xclosecircle ):not( .kt-accodion-icon-style-arrowcircle ) .kt-accordion-header-wrap .kt-blocks-accordion-header:hover .kt-blocks-accordion-icon-trigger:after, .kt-accordion-id50_7d18a5-11:not( .kt-accodion-icon-style-basiccircle ):not( .kt-accodion-icon-style-xclosecircle ):not( .kt-accodion-icon-style-arrowcircle ) .kt-accordion-header-wrap .kt-blocks-accordion-header:hover .kt-blocks-accordion-icon-trigger:before, body:not(.hide-focus-outline) .kt-accordion-id50_7d18a5-11:not( .kt-accodion-icon-style-basiccircle ):not( .kt-accodion-icon-style-xclosecircle ):not( .kt-accodion-icon-style-arrowcircle ) .kt-blocks-accordion--visible .kt-blocks-accordion-icon-trigger:after, body:not(.hide-focus-outline) .kt-accordion-id50_7d18a5-11:not( .kt-accodion-icon-style-basiccircle ):not( .kt-accodion-icon-style-xclosecircle ):not( .kt-accodion-icon-style-arrowcircle ) .kt-blocks-accordion-header:focus-visible .kt-blocks-accordion-icon-trigger:before{background:var(--global-palette3, #1A202C);}.kt-accordion-id50_7d18a5-11:not( .kt-accodion-icon-style-basic ):not( .kt-accodion-icon-style-xclose ):not( .kt-accodion-icon-style-arrow ) .kt-accordion-header-wrap .kt-blocks-accordion-header:hover .kt-blocks-accordion-icon-trigger, body:not(.hide-focus-outline) .kt-accordion-id50_7d18a5-11:not( .kt-accodion-icon-style-basic ):not( .kt-accodion-icon-style-xclose ):not( .kt-accodion-icon-style-arrow ) .kt-accordion-header-wrap .kt-blocks-accordion-header:focus-visible .kt-blocks-accordion-icon-trigger{background:var(--global-palette3, #1A202C);}.kt-accordion-id50_7d18a5-11:not( .kt-accodion-icon-style-basic ):not( .kt-accodion-icon-style-xclose ):not( .kt-accodion-icon-style-arrow ) .kt-accordion-header-wrap .kt-blocks-accordion-header:hover .kt-blocks-accordion-icon-trigger:after, .kt-accordion-id50_7d18a5-11:not( .kt-accodion-icon-style-basic ):not( .kt-accodion-icon-style-xclose ):not( .kt-accodion-icon-style-arrow ) .kt-accordion-header-wrap .kt-blocks-accordion-header:hover .kt-blocks-accordion-icon-trigger:before, body:not(.hide-focus-outline) .kt-accordion-id50_7d18a5-11:not( .kt-accodion-icon-style-basic ):not( .kt-accodion-icon-style-xclose ):not( .kt-accodion-icon-style-arrow ) .kt-accordion-header-wrap .kt-blocks-accordion-header:focus-visible .kt-blocks-accordion-icon-trigger:after, body:not(.hide-focus-outline) .kt-accordion-id50_7d18a5-11:not( .kt-accodion-icon-style-basic ):not( .kt-accodion-icon-style-xclose ):not( .kt-accodion-icon-style-arrow ) .kt-accordion-header-wrap .kt-blocks-accordion-header:focus-visible .kt-blocks-accordion-icon-trigger:before{background:#eeeeee;}.kt-accordion-id50_7d18a5-11 .kt-accordion-header-wrap .kt-blocks-accordion-header:focus-visible,\n\t\t\t\t.kt-accordion-id50_7d18a5-11 > .kt-accordion-inner-wrap > .wp-block-kadence-pane > .kt-accordion-header-wrap > .kt-blocks-accordion-header.kt-accordion-panel-active{color:var(--global-palette3, #1A202C);background:var(--global-palette1, #3182CE);border-top-color:#444444;border-top-style:solid;border-right-color:#444444;border-right-style:solid;border-bottom-color:#444444;border-bottom-style:solid;border-left-color:#444444;border-left-style:solid;}.kt-accordion-id50_7d18a5-11:not( .kt-accodion-icon-style-basiccircle ):not( .kt-accodion-icon-style-xclosecircle ):not( .kt-accodion-icon-style-arrowcircle )  > .kt-accordion-inner-wrap > .wp-block-kadence-pane > .kt-accordion-header-wrap > .kt-blocks-accordion-header.kt-accordion-panel-active .kt-blocks-accordion-icon-trigger:after, .kt-accordion-id50_7d18a5-11:not( .kt-accodion-icon-style-basiccircle ):not( .kt-accodion-icon-style-xclosecircle ):not( .kt-accodion-icon-style-arrowcircle )  > .kt-accordion-inner-wrap > .wp-block-kadence-pane > .kt-accordion-header-wrap > .kt-blocks-accordion-header.kt-accordion-panel-active .kt-blocks-accordion-icon-trigger:before{background:var(--global-palette3, #1A202C);}.kt-accordion-id50_7d18a5-11:not( .kt-accodion-icon-style-basic ):not( .kt-accodion-icon-style-xclose ):not( .kt-accodion-icon-style-arrow ) .kt-blocks-accordion-header.kt-accordion-panel-active .kt-blocks-accordion-icon-trigger{background:var(--global-palette3, #1A202C);}.kt-accordion-id50_7d18a5-11:not( .kt-accodion-icon-style-basic ):not( .kt-accodion-icon-style-xclose ):not( .kt-accodion-icon-style-arrow ) .kt-blocks-accordion-header.kt-accordion-panel-active .kt-blocks-accordion-icon-trigger:after, .kt-accordion-id50_7d18a5-11:not( .kt-accodion-icon-style-basic ):not( .kt-accodion-icon-style-xclose ):not( .kt-accodion-icon-style-arrow ) .kt-blocks-accordion-header.kt-accordion-panel-active .kt-blocks-accordion-icon-trigger:before{background:var(--global-palette1, #3182CE);}@media all and (max-width: 1024px){.kt-accordion-id50_7d18a5-11 .kt-accordion-panel-inner{border-top:0px solid transparent;border-right:0px solid transparent;border-bottom:0px solid transparent;border-left:0px solid transparent;}}@media all and (max-width: 1024px){.kt-accordion-id50_7d18a5-11 > .kt-accordion-inner-wrap > .wp-block-kadence-pane > .kt-accordion-header-wrap > .kt-blocks-accordion-header{border-top:0px solid #f2f2f2;border-right:0px solid #f2f2f2;border-bottom:0px solid #f2f2f2;border-left:0px solid #f2f2f2;}}@media all and (max-width: 1024px){.kt-accordion-id50_7d18a5-11 > .kt-accordion-inner-wrap > .wp-block-kadence-pane > .kt-accordion-header-wrap > .kt-blocks-accordion-header:hover, \n\t\t\t\tbody:not(.hide-focus-outline) .kt-accordion-id50_7d18a5-11 .kt-blocks-accordion-header:focus-visible{border-top-color:#eeeeee;border-top-style:solid;border-right-color:#eeeeee;border-right-style:solid;border-bottom-color:#eeeeee;border-bottom-style:solid;border-left-color:#eeeeee;border-left-style:solid;}}@media all and (max-width: 1024px){.kt-accordion-id50_7d18a5-11 .kt-accordion-header-wrap .kt-blocks-accordion-header:focus-visible,\n\t\t\t\t.kt-accordion-id50_7d18a5-11 > .kt-accordion-inner-wrap > .wp-block-kadence-pane > .kt-accordion-header-wrap > .kt-blocks-accordion-header.kt-accordion-panel-active{border-top-color:#444444;border-top-style:solid;border-right-color:#444444;border-right-style:solid;border-bottom-color:#444444;border-bottom-style:solid;border-left-color:#444444;border-left-style:solid;}}@media all and (max-width: 767px){.kt-accordion-id50_7d18a5-11 .kt-accordion-inner-wrap{display:block;}.kt-accordion-id50_7d18a5-11 .kt-accordion-inner-wrap .kt-accordion-pane:not(:first-child){margin-top:10px;}.kt-accordion-id50_7d18a5-11 .kt-accordion-panel-inner{border-top:0px solid transparent;border-right:0px solid transparent;border-bottom:0px solid transparent;border-left:0px solid transparent;}.kt-accordion-id50_7d18a5-11 > .kt-accordion-inner-wrap > .wp-block-kadence-pane > .kt-accordion-header-wrap > .kt-blocks-accordion-header{border-top:0px solid #f2f2f2;border-right:0px solid #f2f2f2;border-bottom:0px solid #f2f2f2;border-left:0px solid #f2f2f2;}.kt-accordion-id50_7d18a5-11 > .kt-accordion-inner-wrap > .wp-block-kadence-pane > .kt-accordion-header-wrap > .kt-blocks-accordion-header:hover, \n\t\t\t\tbody:not(.hide-focus-outline) .kt-accordion-id50_7d18a5-11 .kt-blocks-accordion-header:focus-visible{border-top-color:#eeeeee;border-top-style:solid;border-right-color:#eeeeee;border-right-style:solid;border-bottom-color:#eeeeee;border-bottom-style:solid;border-left-color:#eeeeee;border-left-style:solid;}.kt-accordion-id50_7d18a5-11 .kt-accordion-header-wrap .kt-blocks-accordion-header:focus-visible,\n\t\t\t\t.kt-accordion-id50_7d18a5-11 > .kt-accordion-inner-wrap > .wp-block-kadence-pane > .kt-accordion-header-wrap > .kt-blocks-accordion-header.kt-accordion-panel-active{border-top-color:#444444;border-top-style:solid;border-right-color:#444444;border-right-style:solid;border-bottom-color:#444444;border-bottom-style:solid;border-left-color:#444444;border-left-style:solid;}}<\/style>\n<div class=\"wp-block-kadence-accordion alignnone\"><div class=\"kt-accordion-wrap kt-accordion-id50_7d18a5-11 kt-accordion-has-11-panes kt-active-pane-0 kt-accordion-block kt-pane-header-alignment-left kt-accodion-icon-style-xclose kt-accodion-icon-side-left\" style=\"max-width:none\"><div class=\"kt-accordion-inner-wrap\" data-allow-multiple-open=\"false\" data-start-open=\"none\">\n<div class=\"wp-block-kadence-pane kt-accordion-pane kt-accordion-pane-1 kt-pane50_8c0cfb-c5\"><div class=\"kt-accordion-header-wrap\"><button class=\"kt-blocks-accordion-header kt-acccordion-button-label-show\"><span class=\"kt-blocks-accordion-title-wrap\"><span class=\"kt-blocks-accordion-title\">Mist\u00e4 l\u00f6yd\u00e4n kyselyn?<\/span><\/span><span class=\"kt-blocks-accordion-icon-trigger\"><\/span><\/button><\/div><div class=\"kt-accordion-panel kt-accordion-panel-hidden\"><div class=\"kt-accordion-panel-inner\">\n<p>P\u00e4\u00e4set vastaamaan kyselyyn <strong>www.ty.fi\/hyvinvointi<\/strong> kyselyn ollessa avoinna.<br><br>Jos et halua vastata kyselyyn verkossa, voit tilata meilt\u00e4 paperisen lomakkeen  l\u00e4hett\u00e4m\u00e4ll\u00e4 s\u00e4hk\u00f6postia osoitteeseen <a href=\"mailto:invest-seurantatutkimus@utu.fi\" target=\"_blank\" rel=\"noreferrer noopener\">invest-seurantatutkimus@utu.fi<\/a>, soittamalla arkisin klo 10-14 v\u00e4lill\u00e4 puhelinnumeroon +358503368152 tai l\u00e4hett\u00e4m\u00e4ll\u00e4 tekstiviestin numeroon +358503368152. Mainitse viestiss\u00e4 oma nimesi ja osoitteesi tai vaihtoehtoisesti vastaustunnus, jonka l\u00f6yd\u00e4t kutsukirjeest\u00e4.<\/p>\n<\/div><\/div><\/div>\n\n\n\n<div class=\"wp-block-kadence-pane kt-accordion-pane kt-accordion-pane-2 kt-pane50_083f2c-9c\"><div class=\"kt-accordion-header-wrap\"><button class=\"kt-blocks-accordion-header kt-acccordion-button-label-show\"><span class=\"kt-blocks-accordion-title-wrap\"><span class=\"kt-blocks-accordion-title\">Mist\u00e4 l\u00f6yd\u00e4n vastaustunnukseni?<\/span><\/span><span class=\"kt-blocks-accordion-icon-trigger\"><\/span><\/button><\/div><div class=\"kt-accordion-panel kt-accordion-panel-hidden\"><div class=\"kt-accordion-panel-inner\">\n<p>Viisinumeroinen vastaustunnus l\u00f6ytyy kutsukirjeen ensimm\u00e4iselt\u00e4 sivulta.<\/p>\n<\/div><\/div><\/div>\n\n\n\n<div class=\"wp-block-kadence-pane kt-accordion-pane kt-accordion-pane-3 kt-pane50_079ec2-12\"><div class=\"kt-accordion-header-wrap\"><button class=\"kt-blocks-accordion-header kt-acccordion-button-label-show\"><span class=\"kt-blocks-accordion-title-wrap\"><span class=\"kt-blocks-accordion-title\">Pit\u00e4\u00e4k\u00f6 minun valmistautua kyselyyn ennen vastaamista?<\/span><\/span><span class=\"kt-blocks-accordion-icon-trigger\"><\/span><\/button><\/div><div class=\"kt-accordion-panel kt-accordion-panel-hidden\"><div class=\"kt-accordion-panel-inner\">\n<p>Sinun ei tarvitse valmistautua kyselyyn ennen vastaamista. Saat yksityiskohtaiset ohjeet kysymyksiin vastaamiseen kyselyn edetess\u00e4.<\/p>\n<\/div><\/div><\/div>\n\n\n\n<div class=\"wp-block-kadence-pane kt-accordion-pane kt-accordion-pane-4 kt-pane50_87eb36-33\"><div class=\"kt-accordion-header-wrap\"><button class=\"kt-blocks-accordion-header kt-acccordion-button-label-show\"><span class=\"kt-blocks-accordion-title-wrap\"><span class=\"kt-blocks-accordion-title\">Kuinka kauan vastaaminen kest\u00e4\u00e4?<\/span><\/span><span class=\"kt-blocks-accordion-icon-trigger\"><\/span><\/button><\/div><div class=\"kt-accordion-panel kt-accordion-panel-hidden\"><div class=\"kt-accordion-panel-inner\">\n<p>Vastaaminen kest\u00e4\u00e4 noin 20\u201325 minuuttia.<\/p>\n<\/div><\/div><\/div>\n\n\n\n<div class=\"wp-block-kadence-pane kt-accordion-pane kt-accordion-pane-6 kt-pane50_93eac9-e7\"><div class=\"kt-accordion-header-wrap\"><button class=\"kt-blocks-accordion-header kt-acccordion-button-label-show\"><span class=\"kt-blocks-accordion-title-wrap\"><span class=\"kt-blocks-accordion-title\">Voinko tallentaa vastaukseni kesken kyselyn ja palata sen pariin my\u00f6hemmin?<\/span><\/span><span class=\"kt-blocks-accordion-icon-trigger\"><\/span><\/button><\/div><div class=\"kt-accordion-panel kt-accordion-panel-hidden\"><div class=\"kt-accordion-panel-inner\">\n<p>Voit. T\u00e4m\u00e4 kuitenkin edellytt\u00e4\u00e4 s\u00e4hk\u00f6postiosoitetta, johon sinulle l\u00e4hetet\u00e4\u00e4n linkki kyselyn jatkamista varten.<\/p>\n<\/div><\/div><\/div>\n\n\n\n<div class=\"wp-block-kadence-pane kt-accordion-pane kt-accordion-pane-7 kt-pane50_14a2f3-9f\"><div class=\"kt-accordion-header-wrap\"><button class=\"kt-blocks-accordion-header kt-acccordion-button-label-show\"><span class=\"kt-blocks-accordion-title-wrap\"><span class=\"kt-blocks-accordion-title\">Voinko vastata muutoin kuin netiss\u00e4?<\/span><\/span><span class=\"kt-blocks-accordion-icon-trigger\"><\/span><\/button><\/div><div class=\"kt-accordion-panel kt-accordion-panel-hidden\"><div class=\"kt-accordion-panel-inner\">\n<p>Kyll\u00e4. Jos et halua vastata kyselyyn verkossa, voit tilata meilt\u00e4 paperisen lomakkeen l\u00e4hett\u00e4m\u00e4ll\u00e4 s\u00e4hk\u00f6postia osoitteeseen <a href=\"mailto:invest-seurantatutkimus@utu.fi\" target=\"_blank\" rel=\"noreferrer noopener\">invest-seurantatutkimus@utu.fi<\/a>, soittamalla arkisin klo 10-14 v\u00e4lill\u00e4 puhelinnumeroon +358503368152 tai l\u00e4hett\u00e4m\u00e4ll\u00e4 tekstiviestin numeroon +358503368152. Mainitse viestiss\u00e4 oma nimesi ja osoitteesi tai vaihtoehtoisesti vastaustunnus, jonka l\u00f6yd\u00e4t kutsukirjeest\u00e4.<\/p>\n<\/div><\/div><\/div>\n\n\n\n<div class=\"wp-block-kadence-pane kt-accordion-pane kt-accordion-pane-8 kt-pane50_78f3df-f2\"><div class=\"kt-accordion-header-wrap\"><button class=\"kt-blocks-accordion-header kt-acccordion-button-label-show\"><span class=\"kt-blocks-accordion-title-wrap\"><span class=\"kt-blocks-accordion-title\">Kuinka pitk\u00e4n ajan tietojenkeruusta on kyse? Jos vastaan nyt kyselyyn, sitoudunko pysym\u00e4\u00e4n mukana pitk\u00e4\u00e4n?<\/span><\/span><span class=\"kt-blocks-accordion-icon-trigger\"><\/span><\/button><\/div><div class=\"kt-accordion-panel kt-accordion-panel-hidden\"><div class=\"kt-accordion-panel-inner\">\n<p>Kysely toteutetaan vuosittain useamman vuoden ajan. Seurantaan osallistuminen on t\u00e4ysin vapaaehtoista. T\u00e4ydenn\u00e4mme seurantaa vuosittain my\u00f6s uusilla vastaajilla. Toivomme kuitenkin, ett\u00e4 mahdollisimman moni vastaajista pysyisi mukana pitk\u00e4\u00e4n. N\u00e4in voimme tutkia muutoksia vastaajien hyvinvoinnissa sek\u00e4 esimerkiksi politiikkatoimien vaikuttavuutta.<\/p>\n<\/div><\/div><\/div>\n\n\n\n<div class=\"wp-block-kadence-pane kt-accordion-pane kt-accordion-pane-9 kt-pane50_6aa545-d8\"><div class=\"kt-accordion-header-wrap\"><button class=\"kt-blocks-accordion-header kt-acccordion-button-label-show\"><span class=\"kt-blocks-accordion-title-wrap\"><span class=\"kt-blocks-accordion-title\">Kuinka usein kyselyj\u00e4 tulee vastattavaksi?<\/span><\/span><span class=\"kt-blocks-accordion-icon-trigger\"><\/span><\/button><\/div><div class=\"kt-accordion-panel kt-accordion-panel-hidden\"><div class=\"kt-accordion-panel-inner\">\n<p>Kysely toteutetaan vuosittain.<\/p>\n<\/div><\/div><\/div>\n\n\n\n<div class=\"wp-block-kadence-pane kt-accordion-pane kt-accordion-pane-10 kt-pane50_2ac821-14\"><div class=\"kt-accordion-header-wrap\"><button class=\"kt-blocks-accordion-header kt-acccordion-button-label-show\"><span class=\"kt-blocks-accordion-title-wrap\"><span class=\"kt-blocks-accordion-title\">Yst\u00e4v\u00e4ni ei ole saanut kysely\u00e4, voisiko h\u00e4n vastata siihen?<\/span><\/span><span class=\"kt-blocks-accordion-icon-trigger\"><\/span><\/button><\/div><div class=\"kt-accordion-panel kt-accordion-panel-hidden\"><div class=\"kt-accordion-panel-inner\">\n<p>Kutsut tutkimukseen osallistumiseen on l\u00e4hetetty satunnaisesti valikoiduille henkil\u00f6ille. Kyselytulosten yleist\u00e4minen koko Suomen v\u00e4est\u00f6\u00f6n perustuu satunnaisuuteen, joten emme voi hy\u00f6dynt\u00e4\u00e4 yst\u00e4v\u00e4si vastauksia tutkimuksen tuloksissa.<\/p>\n<\/div><\/div><\/div>\n\n\n\n<div class=\"wp-block-kadence-pane kt-accordion-pane kt-accordion-pane-11 kt-pane50_6d0fc2-16\"><div class=\"kt-accordion-header-wrap\"><button class=\"kt-blocks-accordion-header kt-acccordion-button-label-show\"><span class=\"kt-blocks-accordion-title-wrap\"><span class=\"kt-blocks-accordion-title\">Ketk\u00e4 kaikki n\u00e4kev\u00e4t vastaukseni tai sen, kuka vastaaja on?<\/span><\/span><span class=\"kt-blocks-accordion-icon-trigger\"><\/span><\/button><\/div><div class=\"kt-accordion-panel kt-accordion-panel-hidden\"><div class=\"kt-accordion-panel-inner\">\n<p>Emme ker\u00e4\u00e4 sinusta henkil\u00f6kohtaisesti tunnistettavia tietoja. Vastauksiasi analysoidaan osana kymmeni\u00e4tuhansia muita vastauksia eik\u00e4 tuloksia voi yhdist\u00e4\u00e4 suoraan sinuun. Kyselyn vastaukset julkaistaan anonymisoituna tieteelliseen tutkimukseen k\u00e4ytett\u00e4v\u00e4ksi, eik\u00e4 vastauksista voi tunnistaa yksitt\u00e4isi\u00e4 henkil\u00f6it\u00e4.<\/p>\n<\/div><\/div><\/div>\n<\/div><\/div><\/div>\n\n\n\n<p class=\"has-medium-font-size\"><br>&gt;&gt;<a href=\"https:\/\/sites.utu.fi\/seurantatutkimus\/tutkimuksesta\/kyselyiden-tietosuojailmoitukset\/\"> Kyselyiden tietosuojailmoitukset<\/a><\/p>\n\n\n\n<h2 class=\"wp-block-heading has-text-align-center\">Kiitos kun osallistut!<\/h2>\n","protected":false},"excerpt":{"rendered":"<p>&gt;&gt; Kyselyiden tietosuojailmoitukset Kiitos kun osallistut!<\/p>\n","protected":false},"author":3,"featured_media":0,"parent":0,"menu_order":0,"comment_status":"closed","ping_status":"closed","template":"","meta":{"_acf_changed":false,"_kad_blocks_custom_css":"","_kad_blocks_head_custom_js":"","_kad_blocks_body_custom_js":"","_kad_blocks_footer_custom_js":"","_kad_post_transparent":"","_kad_post_title":"","_kad_post_layout":"","_kad_post_sidebar_id":"","_kad_post_content_style":"","_kad_post_vertical_padding":"","_kad_post_feature":"","_kad_post_feature_position":"","_kad_post_header":false,"_kad_post_footer":false,"_kad_post_classname":"","footnotes":""},"class_list":["post-50","page","type-page","status-publish","hentry"],"acf":[],"lang":"fi","translations":{"fi":50},"taxonomy_info":[],"featured_image_src_large":false,"author_info":{"display_name":"utuwebmaster","author_link":"https:\/\/sites.utu.fi\/seurantatutkimus\/author\/utuwebmaster\/"},"comment_info":0,"pll_sync_post":[],"_links":{"self":[{"href":"https:\/\/sites.utu.fi\/seurantatutkimus\/wp-json\/wp\/v2\/pages\/50","targetHints":{"allow":["GET"]}}],"collection":[{"href":"https:\/\/sites.utu.fi\/seurantatutkimus\/wp-json\/wp\/v2\/pages"}],"about":[{"href":"https:\/\/sites.utu.fi\/seurantatutkimus\/wp-json\/wp\/v2\/types\/page"}],"author":[{"embeddable":true,"href":"https:\/\/sites.utu.fi\/seurantatutkimus\/wp-json\/wp\/v2\/users\/3"}],"replies":[{"embeddable":true,"href":"https:\/\/sites.utu.fi\/seurantatutkimus\/wp-json\/wp\/v2\/comments?post=50"}],"version-history":[{"count":18,"href":"https:\/\/sites.utu.fi\/seurantatutkimus\/wp-json\/wp\/v2\/pages\/50\/revisions"}],"predecessor-version":[{"id":414,"href":"https:\/\/sites.utu.fi\/seurantatutkimus\/wp-json\/wp\/v2\/pages\/50\/revisions\/414"}],"wp:attachment":[{"href":"https:\/\/sites.utu.fi\/seurantatutkimus\/wp-json\/wp\/v2\/media?parent=50"}],"curies":[{"name":"wp","href":"https:\/\/api.w.org\/{rel}","templated":true}]}}