{"id":11078,"date":"2025-09-03T11:05:17","date_gmt":"2025-09-03T08:05:17","guid":{"rendered":"https:\/\/sites.utu.fi\/hiiskuttua-staging\/?page_id=61"},"modified":"2025-10-10T12:08:55","modified_gmt":"2025-10-10T09:08:55","slug":"ohjeita-kirjoittajille","status":"publish","type":"page","link":"https:\/\/sites.utu.fi\/soihtu\/ohjeita-kirjoittajille\/","title":{"rendered":"Ohjeita kirjoittajille"},"content":{"rendered":"<style>.kt-tabs-id11078_7ad073-08 > .kt-tabs-content-wrap > .wp-block-kadence-tab{border-top:2px solid var(--global-palette6, #718096);border-right:0px solid var(--global-palette7, #eeeeee);border-bottom:0px solid var(--global-palette7, #eeeeee);border-left:0px solid var(--global-palette7, #eeeeee);border-top-left-radius:0px;border-top-right-radius:0px;border-bottom-right-radius:0px;border-bottom-left-radius:0px;padding-top:var(--global-kb-spacing-sm, 1.5rem);padding-right:var(--global-kb-spacing-sm, 1.5rem);padding-bottom:var(--global-kb-spacing-sm, 1.5rem);padding-left:var(--global-kb-spacing-sm, 1.5rem);}.wp-block-kadence-tabs .kt-tabs-id11078_7ad073-08 > .kt-tabs-title-list li{margin-top:0px;margin-right:8px;margin-bottom:0px;margin-left:0px;}.wp-block-kadence-tabs .kt-tabs-id11078_7ad073-08 > .kt-tabs-title-list li:last-child{margin-right:0px;}.wp-block-kadence-tabs .kt-tabs-id11078_7ad073-08 > .kt-tabs-title-list li .kt-tab-title, .wp-block-kadence-tabs .kt-tabs-id11078_7ad073-08 > .kt-tabs-content-wrap > .kt-tabs-accordion-title .kt-tab-title{line-height:1.4em;font-weight:regular;font-style:normal;border-top-width:0px;border-right-width:0px;border-bottom-width:5px;border-left-width:0px;border-top-left-radius:0px;border-top-right-radius:0px;border-bottom-right-radius:0px;border-bottom-left-radius:0px;padding-top:8px;padding-right:20px;padding-bottom:8px;padding-left:20px;border-color:var(--global-palette9, #ffffff);color:var(--global-palette3, #1A202C);background:var(--global-palette2, #2B6CB0);}.wp-block-kadence-tabs .kt-tabs-id11078_7ad073-08 > .kt-tabs-content-wrap > .kt-tabs-accordion-title .kt-tab-title{margin-top:0px;margin-right:8px;margin-bottom:0px;margin-left:0px;}.wp-block-kadence-tabs .kt-tabs-id11078_7ad073-08 > .kt-tabs-title-list li .kt-tab-title:hover, .wp-block-kadence-tabs .kt-tabs-id11078_7ad073-08 > .kt-tabs-content-wrap > .kt-tabs-accordion-title .kt-tab-title:hover{color:var(--global-palette9, #ffffff);background:var(--global-palette1, #3182CE);}.wp-block-kadence-tabs .kt-tabs-id11078_7ad073-08 > .kt-tabs-title-list li.kt-tab-title-active .kt-tab-title, .wp-block-kadence-tabs .kt-tabs-id11078_7ad073-08 > .kt-tabs-content-wrap > .kt-tabs-accordion-title.kt-tab-title-active .kt-tab-title{border-color:var(--global-palette1, #3182CE);color:var(--global-palette3, #1A202C);background:var(--global-palette2, #2B6CB0);}.wp-block-kadence-tabs .kt-tabs-id11078_7ad073-08 > .kt-tabs-title-list li svg{font-size:14px;}@media all and (max-width: 1024px){.kt-tabs-id11078_7ad073-08 > .kt-tabs-content-wrap > .wp-block-kadence-tab{border-top:2px solid var(--global-palette6, #718096);border-right:0px solid var(--global-palette7, #eeeeee);border-bottom:0px solid var(--global-palette7, #eeeeee);border-left:0px solid var(--global-palette7, #eeeeee);}}@media all and (max-width: 767px){.kt-tabs-id11078_7ad073-08 > .kt-tabs-content-wrap > .wp-block-kadence-tab{border-top:2px solid var(--global-palette6, #718096);border-right:0px solid var(--global-palette7, #eeeeee);border-bottom:0px solid var(--global-palette7, #eeeeee);border-left:0px solid var(--global-palette7, #eeeeee);}}<\/style>\n<div class=\"wp-block-kadence-tabs alignnone\"><div class=\"kt-tabs-wrap kt-tabs-id11078_7ad073-08 kt-tabs-has-3-tabs kt-active-tab-1 kt-tabs-layout-tabs kt-tabs-tablet-layout-inherit kt-tabs-mobile-layout-inherit kt-tab-alignment-left \"><ul class=\"kt-tabs-title-list\"><li id=\"tab-ohjeitakirjoittajille\" class=\"kt-title-item kt-title-item-1 kt-tabs-svg-show-always kt-tabs-icon-side-right kt-tab-title-active\"><a href=\"#tab-ohjeitakirjoittajille\" data-tab=\"1\" class=\"kt-tab-title kt-tab-title-1 \"><span class=\"kt-title-text\">Ohjeita kirjoittajille<\/span><span class=\"kb-svg-icon-wrap kb-svg-icon-fe_arrowRight\"><svg viewBox=\"0 0 24 24\"  fill=\"none\" stroke=\"currentColor\" stroke-width=\"2\" stroke-linecap=\"round\" stroke-linejoin=\"round\" xmlns=\"http:\/\/www.w3.org\/2000\/svg\"  aria-hidden=\"true\"><line x1=\"5\" y1=\"12\" x2=\"19\" y2=\"12\"\/><polyline points=\"12 5 19 12 12 19\"\/><\/svg><\/span><\/a><\/li><li id=\"tab-instruktionerfrskribenten\" class=\"kt-title-item kt-title-item-2 kt-tabs-svg-show-always kt-tabs-icon-side-right kt-tab-title-inactive\"><a href=\"#tab-instruktionerfrskribenten\" data-tab=\"2\" class=\"kt-tab-title kt-tab-title-2 \"><span class=\"kt-title-text\">Instruktioner f\u00f6r skribenten\u00a0<\/span><span class=\"kb-svg-icon-wrap kb-svg-icon-fe_arrowRight\"><svg viewBox=\"0 0 24 24\"  fill=\"none\" stroke=\"currentColor\" stroke-width=\"2\" stroke-linecap=\"round\" stroke-linejoin=\"round\" xmlns=\"http:\/\/www.w3.org\/2000\/svg\"  aria-hidden=\"true\"><line x1=\"5\" y1=\"12\" x2=\"19\" y2=\"12\"\/><polyline points=\"12 5 19 12 12 19\"\/><\/svg><\/span><\/a><\/li><li id=\"tab-theauthorskit\" class=\"kt-title-item kt-title-item-3 kt-tabs-svg-show-always kt-tabs-icon-side-right kt-tab-title-inactive\"><a href=\"#tab-theauthorskit\" data-tab=\"3\" class=\"kt-tab-title kt-tab-title-3 \"><span class=\"kt-title-text\">The Author\u2019s Kit\u00a0<\/span><span class=\"kb-svg-icon-wrap kb-svg-icon-fe_arrowRight\"><svg viewBox=\"0 0 24 24\"  fill=\"none\" stroke=\"currentColor\" stroke-width=\"2\" stroke-linecap=\"round\" stroke-linejoin=\"round\" xmlns=\"http:\/\/www.w3.org\/2000\/svg\"  aria-hidden=\"true\"><line x1=\"5\" y1=\"12\" x2=\"19\" y2=\"12\"\/><polyline points=\"12 5 19 12 12 19\"\/><\/svg><\/span><\/a><\/li><\/ul><div class=\"kt-tabs-content-wrap\">\n<div class=\"wp-block-kadence-tab kt-tab-inner-content kt-inner-tab-1 kt-inner-tab11078_5ba86b-4b\"><div class=\"kt-tab-inner-content-inner\">\n<h2 class=\"wp-block-heading\">Ohjeita kirjoittajille<\/h2>\n\n\n\n<h3 class=\"wp-block-heading\">Julkaisun teht\u00e4v\u00e4 ja sis\u00e4lt\u00f6<\/h3>\n\n\n\n<p>Humanistisen tiedekunnan verkkojulkaisu\u00a0Soihtu kertoo monipuolisesti tiedekunnan toiminnasta yliopiston sis\u00e4ll\u00e4 ja sen ulkopuolelle. Hiiskutussa julkaistaan tiedekunnassa teht\u00e4v\u00e4\u00e4 tutkimusta, hankkeita, tapahtumia, opetusta, opiskelua, ihmisi\u00e4 ynn\u00e4 erilaisia ajankohtaisia tapahtumia koskevia juttuja tekstein\u00e4, videoina ja podcasteina. Teemanumeroiden lis\u00e4ksi julkaistaan sis\u00e4lt\u00f6j\u00e4 l\u00e4pi vuoden. Otamme vastaan sis\u00e4lt\u00f6j\u00e4 suomeksi, ruotsiksi ja englanniksi.\u00a0<\/p>\n\n\n\n<p>Julkaisu kuuluu luokkaan D1 UTUCRIS-j\u00e4rjestelm\u00e4ss\u00e4.<\/p>\n\n\n\n<h3 class=\"wp-block-heading\">Kirjoitus- ja toimintaohjeet<\/h3>\n\n\n\n<ol class=\"wp-block-list\">\n<li>L\u00e4het\u00e4 teksti s\u00e4hk\u00f6postissa Word- tai rtf-tiedostona ilman mit\u00e4\u00e4n erityisi\u00e4 muotoiluja osoitteeseen:&nbsp;<a href=\"mailto:heidi.salmi@utu.fi\">heidi.salmi@utu.fi<\/a> <\/li>\n\n\n\n<li>Tekstin pituus voi olla&nbsp;3000\u20137000 merkki\u00e4 v\u00e4lily\u00f6nteineen. Lyhyemm\u00e4n katsaustyyppisen tekstin voi pit\u00e4\u00e4 tiiviin\u00e4, mutta pohdiskelevalle esseelle sopii pidempikin merkkim\u00e4\u00e4r\u00e4.&nbsp;<\/li>\n\n\n\n<li>Julkaisu on suunnattu laajalle yleis\u00f6lle, joten kielen tulee olla hyv\u00e4\u00e4 yleiskielt\u00e4. V\u00e4lt\u00e4 vaikeaa ammattikielt\u00e4 ja monimutkaisia rakenteita.<\/li>\n\n\n\n<li>Liit\u00e4 tekstin alkuun korkeintaan kolmen virkkeen mittainen ingressi.&nbsp;<\/li>\n\n\n\n<li>Otsikoihin kannattaa panostaa \u2013 houkuttelevan iskev\u00e4 (lyhyt ja napakka) p\u00e4\u00e4otsikko ja informatiiviset teksti\u00e4 j\u00e4sent\u00e4v\u00e4t v\u00e4liotsikot her\u00e4tt\u00e4v\u00e4t lukijan kiinnostuksen.&nbsp;<\/li>\n\n\n\n<li>Tekstiin ei tarvitse merkit\u00e4 l\u00e4hde-\/kirjallisuusviitteit\u00e4. Niiden sijaan voit tarvittaessa liitt\u00e4\u00e4 tekstiin muutamia linkkej\u00e4 lis\u00e4aineiston pariin.&nbsp;<\/li>\n\n\n\n<li>Laadi tekstin loppuun lyhyt, yhden virkkeen mittainen kirjoittajaesittely (<em>Kirjoittaja on<\/em>\u2026).&nbsp;<\/li>\n\n\n\n<li>Perinteisten artikkelien ohella voimme julkaista my\u00f6s kuvaesseit\u00e4, tiederunoja tai audiovisuaalisia julkaisuja.<\/li>\n\n\n\n<li>Muista iloita tiedeviestinn\u00e4st\u00e4!&nbsp;<\/li>\n<\/ol>\n\n\n\n<h4 class=\"wp-block-heading\">Kuvat:<\/h4>\n\n\n\n<ol class=\"wp-block-list\">\n<li>Hyv\u00e4 m\u00e4\u00e4r\u00e4 kuvia on 1-3 kappaletta, mutta aiheesta riippuen voi olla enemm\u00e4nkin.<\/li>\n\n\n\n<li>Varmista, ett\u00e4 sinulla on oikeus kuvien k\u00e4ytt\u00f6\u00f6n. Ohjeita esim:&nbsp;<a href=\"https:\/\/kuvasto.fi\/kuvaoikeuksien-abc\/\" target=\"_blank\" rel=\"noreferrer noopener\">Tekij\u00e4noikeus \u2013 Kuvasto<\/a>.<\/li>\n\n\n\n<li>Jos kuvissa on henkil\u00f6it\u00e4, toivomme kuvia, joissa henkil\u00f6 tai toiminta n\u00e4kyy selke\u00e4sti. Yleiskuvat opetussaleista tai seminaareista eiv\u00e4t v\u00e4ltt\u00e4m\u00e4tt\u00e4 ole tarkoituksenmukaisia.<\/li>\n\n\n\n<li>Toimita kuvat erillisin\u00e4 JPEG-tiedostoina, ei tekstidokumenttiin liitettyn\u00e4. Jos kuvilla on m\u00e4\u00e4r\u00e4tty paikka tekstiss\u00e4, merkitse se sulkeisiin.<\/li>\n\n\n\n<li>P\u00e4\u00e4kuva: Jutun alkuun kannattaa mietti\u00e4 p\u00e4\u00e4kuva, joka n\u00e4kyy Hiiskutun etusivulla. T\u00e4m\u00e4n tulee olla vaakakuva. Koska kuva n\u00e4kyy aloituksessa pienen\u00e4, pienet yksityiskohdat eiv\u00e4t erotu. P\u00e4\u00e4kuvaan ei voi liitt\u00e4\u00e4 kuvateksti\u00e4. Kuvan tekij\u00e4tieto voidaan lis\u00e4t\u00e4 artikkelin loppuun. P\u00e4\u00e4kuva voi olla my\u00f6s kuvituskuvatyyppinen.<\/li>\n\n\n\n<li>Muut kuvat: Liit\u00e4 kuviin napakka kuvateksti ja kuvan tekij\u00e4tieto.<\/li>\n\n\n\n<li>Jotta kuvasis\u00e4lt\u00f6 on saavutettavissa, on tarpeen sis\u00e4llytt\u00e4\u00e4 siihen vaihtoehtoinen teksti. N\u00e4in esimerkiksi ruudunlukuohjelmaa k\u00e4ytt\u00e4v\u00e4t saavat yleisk\u00e4sityksen my\u00f6s kuvasis\u00e4ll\u00f6st\u00e4. Tekstin ei tarvitse olla pitk\u00e4, perusasiat riitt\u00e4v\u00e4t. Ohjeita:&nbsp;<a href=\"https:\/\/www.saavutettavasti.fi\/kuva-ja-aani\/kuvat\/#extra-content-tekstia-sisaltava-tilannekuva\" target=\"_blank\" rel=\"noreferrer noopener\">Kuvien vaihtoehtoiset tekstit \u2013 Saavutettavasti.fi<\/a>.<\/li>\n\n\n\n<li>Kuvien koko: P\u00e4\u00e4kuvaksi vaakakuva, v\u00e4hint\u00e4\u00e4n 450\u00d7300 pikseli\u00e4. Tekstin lomaan menee sek\u00e4 vaaka- ett\u00e4 pystykuvia, leveys max 1000 pikseli\u00e4.<\/li>\n\n\n\n<li>Jos olet ep\u00e4varma kuvista, pohditaan yhdess\u00e4!<\/li>\n<\/ol>\n\n\n\n<p>Lis\u00e4tietoja lehdest\u00e4 saat p\u00e4\u00e4toimittajalta: Heidi Salmi (heidi.salmi@utu.fi).<\/p>\n<\/div><\/div>\n\n\n\n<div class=\"wp-block-kadence-tab kt-tab-inner-content kt-inner-tab-2 kt-inner-tab11078_6a0c14-f1\"><div class=\"kt-tab-inner-content-inner\">\n<h2 class=\"wp-block-heading\">Instruktioner f\u00f6r skribenten&nbsp;<\/h2>\n\n\n\n<h3 class=\"wp-block-heading\">Publikationens roll och syfte&nbsp;<\/h3>\n\n\n\n<p>Den humanistiska fakultetens n\u00e4tpublikation Soihtu rapporterar \u00f6vergripande om fakultetens verksamhet inom och utanf\u00f6r universitetet. Den publicerar artiklar om forskning, projekt, evenemang, undervisning, studier, personer och diverse aktuella h\u00e4ndelser i form av texter, videor och podds\u00e4ndningar. Ut\u00f6ver temanumren publiceras inneh\u00e5ll under hela \u00e5ret. Vi tar emot inneh\u00e5ll p\u00e5 finska, svenska och engelska.<\/p>\n\n\n\n<p>Publikationen tillh\u00f6r kategorin D1 i UTUCRIS-systemet.<\/p>\n\n\n\n<h3 class=\"wp-block-heading\">Instruktioner f\u00f6r skrivande och skapande av inneh\u00e5ll&nbsp;<\/h3>\n\n\n\n<ol class=\"wp-block-list\">\n<li>Skicka texten i Word- eller rtf-format utan n\u00e5gra s\u00e4rskilda formateringar till adressen: <a href=\"mailto:heidi.salmi@utu.fi\">heidi.salmi@utu.fi<\/a> .&nbsp;<\/li>\n\n\n\n<li>Texten kan vara mellan&nbsp;3000 och&nbsp;7000 tecken l\u00e5ng, inklusive mellanslag. En kortare text av \u00f6versiktstyp kan h\u00e5llas kort, men en l\u00e4ngre l\u00e4ngd \u00e4r l\u00e4mplig f\u00f6r en reflekterande uppsats.&nbsp;<\/li>\n\n\n\n<li>Publikationen riktar sig till en bred publik, s\u00e5 spr\u00e5ket b\u00f6r vara ett bra allm\u00e4nspr\u00e5k. Undvik sv\u00e5r fackjargong och komplicerade strukturer.&nbsp;<\/li>\n\n\n\n<li>Inkludera en introduktion p\u00e5 h\u00f6gst tre meningar i b\u00f6rjan av texten.&nbsp;<\/li>\n\n\n\n<li>Rubriker \u00e4r viktiga \u2013 en attraktiv, f\u00e4ngslande (kort och koncis) huvudrubrik och informativa underrubriker som strukturerar texten f\u00e5ngar l\u00e4sarens uppm\u00e4rksamhet.&nbsp;<\/li>\n\n\n\n<li>Det finns inget behov av att inkludera referenser till k\u00e4llan\/litteraturen. Du kan ist\u00e4llet inkludera n\u00e5gra l\u00e4nkar till ytterligare material d\u00e4r det \u00e4r l\u00e4mpligt.&nbsp;<\/li>\n\n\n\n<li>I slutet av texten finns en kort presentation av f\u00f6rfattaren med en mening (F\u00f6rfattaren \u00e4r\u2026).<\/li>\n\n\n\n<li>F\u00f6rutom traditionella artiklar kan vi \u00e4ven publicera fotoess\u00e4er, vetenskapsdikter eller audiovisuella artiklar.<\/li>\n\n\n\n<li>Kom ih\u00e5g att njuta av vetenskapskommunikation!&nbsp;<\/li>\n<\/ol>\n\n\n\n<h4 class=\"wp-block-heading\">Bilder:<\/h4>\n\n\n\n<ol class=\"wp-block-list\">\n<li>Ett bra antal bilder \u00e4r 1-3, men beroende p\u00e5 \u00e4mnet kan du ha fler.<\/li>\n\n\n\n<li>Se till att du har r\u00e4tt att anv\u00e4nda bilderna. Till exempel:&nbsp;<a href=\"https:\/\/kuvasto.fi\/kuvaoikeuksien-abc\/\" target=\"_blank\" rel=\"noreferrer noopener\">Tekij\u00e4noikeus \u2013 Kuvasto<\/a>.<\/li>\n\n\n\n<li>Om bilderna inneh\u00e5ller personer f\u00f6redrar vi bilder som tydligt visar personen eller aktiviteten. Allm\u00e4nna bilder av klassrum eller seminarier \u00e4r inte n\u00f6dv\u00e4ndigtvis l\u00e4mpliga.<\/li>\n\n\n\n<li>Skicka bilderna som separata JPEG filer, inte bifogade till ett textdokument. Om bilderna har en specifik plats i texten, ange detta inom parentes.<\/li>\n\n\n\n<li>Huvudbild: I b\u00f6rjan av ber\u00e4ttelsen ska du v\u00e4lja huvudbilden som kommer att visas p\u00e5 Hiiskuttuas f\u00f6rstasida. Detta b\u00f6r vara en horisontell bild. Eftersom bilden kommer att visas liten, kommer fina detaljer inte att sticka ut. Huvudbilden kan inte \u00e5tf\u00f6ljas av en bildtext. Bildens skapare kan l\u00e4ggas till i slutet av artikeln. Huvudbilden kan ocks\u00e5 vara en \u201dillustrativ\u201d typ av bild.<\/li>\n\n\n\n<li>Andra bilder: inkludera en kortfattad bildtext och bildskaparen.<\/li>\n\n\n\n<li>F\u00f6r att g\u00f6ra inneh\u00e5llet i bilden tillg\u00e4ngligt \u00e4r det n\u00f6dv\u00e4ndigt att inkludera alternativ text. P\u00e5 s\u00e5 s\u00e4tt kan t.ex. anv\u00e4ndare av sk\u00e4rml\u00e4sare ocks\u00e5 f\u00e5 en \u00f6verblick \u00f6ver bildernas inneh\u00e5ll. Texten beh\u00f6ver inte vara l\u00e5ng, det r\u00e4cker med det viktigaste. Riktlinjer:&nbsp;<a href=\"https:\/\/www.saavutettavasti.fi\/kuva-ja-aani\/kuvat\/#extra-content-tekstia-sisaltava-tilannekuva\" target=\"_blank\" rel=\"noreferrer noopener\">Kuvien vaihtoehtoiset tekstit \u2013 Saavutettavasti.fi<\/a>.<\/li>\n\n\n\n<li>Bildstorlek: huvudbilder alltid horisontella, minst 450\u00d7300 pixlar. B\u00e5de horisontella och vertikala bilder, max. 1000 pixlar breda, kan anv\u00e4ndas f\u00f6r texten.<\/li>\n\n\n\n<li>Om du \u00e4r os\u00e4ker p\u00e5 bilderna, l\u00e5t oss t\u00e4nka tillsammans!<\/li>\n<\/ol>\n\n\n\n<p>F\u00f6r mer information, v\u00e4nligen kontakta endera chefredakt\u00f6r Heidi Salmi (heidi.salmi@utu.fi).<\/p>\n<\/div><\/div>\n\n\n\n<div class=\"wp-block-kadence-tab kt-tab-inner-content kt-inner-tab-3 kt-inner-tab11078_b01184-b3\"><div class=\"kt-tab-inner-content-inner\">\n<h2 class=\"wp-block-heading\"><strong>The Author\u2019s Kit&nbsp;<\/strong>&nbsp;<\/h2>\n\n\n\n<h3 class=\"wp-block-heading\">Role and aims of the publication&nbsp;<\/h3>\n\n\n\n<p>The online publication of the Faculty of Humanities, Soihtu, reports comprehensively of the faculty\u2019s activities inside and outside the university. It publishes articles on research, projects, events, teaching, studies, persons and various current events in the form of texts, videos and podcasts. In addition to the thematic issues, content is published throughout the year. We accept content in Finnish, Swedish and English.<\/p>\n\n\n\n<p>The publication belongs to category D1 in the UTUCRIS system.<\/p>\n\n\n\n<h2 class=\"wp-block-heading\">Instructions for content writing and creations&nbsp;<\/h2>\n\n\n\n<ol class=\"wp-block-list\">\n<li>Send the text in Word or rtf format without any special formatting in your message to:&nbsp; <a href=\"mailto:heidi.salmi@utu.fi\">heidi.salmi@utu.fi<\/a> .&nbsp;<\/li>\n\n\n\n<li>The text can be between&nbsp;3000 and&nbsp;7000 characters long, including spaces. A shorter, overview-type text can be kept short, but a longer length is suitable for a reflective essay.&nbsp;<\/li>\n\n\n\n<li>The publication is aimed at a wide audience, so the language should be good general language. Avoid difficult jargon and complex structures.&nbsp;<\/li>\n\n\n\n<li>Include an introduction of no more than three sentences at the beginning of the text.&nbsp;<\/li>\n\n\n\n<li>Headlines are important \u2013 an attractive, catchy (short and concise) main title and informative subheadings that structure the text will attract the reader\u2019s attention.&nbsp;<\/li>\n\n\n\n<li>There is no need to include references to the source\/literature. Instead, you can include a few links to additional material where appropriate.&nbsp;<\/li>\n\n\n\n<li>At the end of the text, write a short, one-sentence introduction to the author (The author is\u2026).&nbsp;<\/li>\n\n\n\n<li>In addition to traditional articles, we can also publish photo essays, science poems or audiovisual articles.<\/li>\n\n\n\n<li>Remember to enjoy science communication!<\/li>\n<\/ol>\n\n\n\n<h4 class=\"wp-block-heading\">Images:<\/h4>\n\n\n\n<ol class=\"wp-block-list\">\n<li>A good number of images is 1-3, but depending on the topic, you can have more..<\/li>\n\n\n\n<li>Make sure you have the right to use the images. For example:&nbsp;&nbsp;<a href=\"https:\/\/kuvasto.fi\/kuvaoikeuksien-abc\/\" target=\"_blank\" rel=\"noreferrer noopener\">Tekij\u00e4noikeus \u2013 Kuvasto<\/a>.<\/li>\n\n\n\n<li>If the images include people, we prefer images that clearly show the person or activity. General images of classrooms or seminars may not necessarily be suitable.<\/li>\n\n\n\n<li>Please submit images as separate jpeg files, not attached to a text document. If the images have a specific place in the text, please indicate this in parentheses.<\/li>\n\n\n\n<li>Lead image: Please select a lead image for the beginning of the story. It will be displayed on the front page of Hiiskuttua. This should be a horizontal image. As the image will appear small, fine details will not stand out. The lead image cannot be accompanied by a caption. The creator of the image can be added at the end of the article. The lead image can also be an \u201dillustrative\u201d type of image.<\/li>\n\n\n\n<li>Other images: include a concise caption and the creator of the image.<\/li>\n\n\n\n<li>To make the content of the image accessible it is necessary to include alternative text. In this way, for example, screen reader users can also get an overview of the image content. The text does not need to be long, the basics are sufficient. Guidelines:&nbsp;<a href=\"https:\/\/www.saavutettavasti.fi\/kuva-ja-aani\/kuvat\/#extra-content-tekstia-sisaltava-tilannekuva\" target=\"_blank\" rel=\"noreferrer noopener\">Kuvien vaihtoehtoiset tekstit \u2013 Saavutettavasti.fi<\/a>.<\/li>\n\n\n\n<li>Image size: lead images are always horizontal, at least 450\u00d7300 pixels. Both horizontal and vertical images, max. 1000 pixels wide, can be used within the text.<\/li>\n\n\n\n<li>If you are unsure about images, let\u2019s think together!<\/li>\n<\/ol>\n\n\n\n<p>For more information, please contact editor-in-chief Heidi Salmi (heidi.salmi@utu.fi).<\/p>\n<\/div><\/div>\n<\/div><\/div><\/div>\n","protected":false},"excerpt":{"rendered":"","protected":false},"author":3,"featured_media":0,"parent":0,"menu_order":0,"comment_status":"closed","ping_status":"closed","template":"","meta":{"_acf_changed":false,"_kad_blocks_custom_css":"","_kad_blocks_head_custom_js":"","_kad_blocks_body_custom_js":"","_kad_blocks_footer_custom_js":"","_kad_post_transparent":"","_kad_post_title":"","_kad_post_layout":"","_kad_post_sidebar_id":"","_kad_post_content_style":"","_kad_post_vertical_padding":"","_kad_post_feature":"","_kad_post_feature_position":"","_kad_post_header":false,"_kad_post_footer":false,"_kad_post_classname":"","footnotes":""},"class_list":["post-11078","page","type-page","status-publish","hentry"],"acf":[],"lang":"fi","translations":{"fi":11078},"taxonomy_info":[],"featured_image_src_large":false,"author_info":{"display_name":"utuwebmaster","author_link":"https:\/\/sites.utu.fi\/soihtu\/author\/utuwebmaster\/"},"comment_info":0,"pll_sync_post":[],"_links":{"self":[{"href":"https:\/\/sites.utu.fi\/soihtu\/wp-json\/wp\/v2\/pages\/11078","targetHints":{"allow":["GET"]}}],"collection":[{"href":"https:\/\/sites.utu.fi\/soihtu\/wp-json\/wp\/v2\/pages"}],"about":[{"href":"https:\/\/sites.utu.fi\/soihtu\/wp-json\/wp\/v2\/types\/page"}],"author":[{"embeddable":true,"href":"https:\/\/sites.utu.fi\/soihtu\/wp-json\/wp\/v2\/users\/3"}],"replies":[{"embeddable":true,"href":"https:\/\/sites.utu.fi\/soihtu\/wp-json\/wp\/v2\/comments?post=11078"}],"version-history":[{"count":7,"href":"https:\/\/sites.utu.fi\/soihtu\/wp-json\/wp\/v2\/pages\/11078\/revisions"}],"predecessor-version":[{"id":11277,"href":"https:\/\/sites.utu.fi\/soihtu\/wp-json\/wp\/v2\/pages\/11078\/revisions\/11277"}],"wp:attachment":[{"href":"https:\/\/sites.utu.fi\/soihtu\/wp-json\/wp\/v2\/media?parent=11078"}],"curies":[{"name":"wp","href":"https:\/\/api.w.org\/{rel}","templated":true}]}}